{"id":39488,"date":"2021-11-11T11:07:00","date_gmt":"2021-11-11T16:07:00","guid":{"rendered":"https:\/\/acrartex-intl.dev.enterwell.space\/aislink-mob-programmering\/"},"modified":"2025-04-04T08:06:23","modified_gmt":"2025-04-04T13:06:23","slug":"aislink-mob-programmering","status":"publish","type":"page","link":"https:\/\/acrartex-intl.dev.enterwell.space\/da\/aislink-mob-programmering\/","title":{"rendered":"AISLink MOB programmering"},"content":{"rendered":"\n<p>Denne side giver tilg\u00e6ngelige downloads.<\/p>\n\n<p><\/p>\n\n<p>Brug download-linket nedenfor for at installere programmet p\u00e5 din Windows-computer, eller brug alternativt linket Start nedenfor for at k\u00f8re programmet som en webside p\u00e5 dine computere, tablets eller telefoner.<\/p>\n\n<p>BEM\u00c6RK: Hvis du har problemer med at programmere din AISLink MOB , se venligst fejlfindingsvejledningen, som kan tilg\u00e5s fra programmets \u00e5bningsside, ved at trykke p\u00e5 F1-tasten i det downloadbare softwareprogram eller ved at klikke p\u00e5 &#8220;Hj\u00e6lp mig&#8221; i det webbaserede softwareprogram. Den mest almindelige \u00e5rsag til, at AISLink MOB ikke kan programmere, er sk\u00e6rmens lysstyrke. S\u00f8rg for, at sk\u00e6rmen er indstillet til maksimal lysstyrke ved at bruge tasterne p\u00e5 din b\u00e6rbare computers tastatur eller din sk\u00e6rm.  <\/p>\n\n<p>Den downloadbare eller webbaserede softwareversion, der er tilg\u00e6ngelig nedenfor, er specifik for de tilladte DSC-funktioner i det land, hvorfra du f\u00e5r adgang til denne webside.<\/p>\n\n<p><\/p>\n\n<h3 class=\"wp-block-heading\" id=\"h-downloadable-pc-software\">DOWNLOADBAR PC-SOFTWARE<a href=\"http:\/\/acrartex-intl.dev.enterwell.space\/zone1-pc-software.zip\"><\/a><\/h3>\n\n<div class=\"wp-block-buttons is-layout-flex wp-block-buttons-is-layout-flex\">\n<div class=\"wp-block-button\"><a class=\"wp-block-button__link has-black-color has-text-color has-background\" href=\"https:\/\/www.dropbox.com\/s\/fo2qcyw0rx2l7ss\/zone1-pc-software.zip?dl=1\" style=\"background-color:#defa00\">Download programmeringssoftware (Zone 1)<\/a><\/div>\n<\/div>\n\n<h3 class=\"wp-block-heading\">LANCER WEBPROGRAMMERINGSSOFTWARE<\/h3>\n\n<div class=\"wp-block-buttons is-layout-flex wp-block-buttons-is-layout-flex\">\n<div class=\"wp-block-button\"><a class=\"wp-block-button__link has-black-color has-text-color has-background\" href=\"https:\/\/old.acrartex.com\/support\/configure-aislink-mob\/program\" style=\"background-color:#defa00\">Start webprogrammeringssoftware (zone 1)<\/a><\/div>\n<\/div>\n\n<p><a href=\"http:\/\/acrartex-intl.dev.enterwell.space\/support\/configure-aislink-mob\/program\"><\/a><\/p>\n","protected":false},"excerpt":{"rendered":"<p>Denne side giver tilg\u00e6ngelige downloads. Brug download-linket nedenfor for at installere programmet p\u00e5 din Windows-computer, eller brug alternativt linket Start nedenfor for at k\u00f8re programmet som en webside p\u00e5 dine computere, tablets eller telefoner. BEM\u00c6RK: Hvis du har problemer med at programmere din AISLink MOB , se venligst fejlfindingsvejledningen, som kan tilg\u00e5s fra programmets \u00e5bningsside, [&hellip;]<\/p>\n","protected":false},"author":22,"featured_media":0,"parent":0,"menu_order":0,"comment_status":"closed","ping_status":"closed","template":"","meta":{"_acf_changed":false,"om_disable_all_campaigns":false,"footnotes":""},"class_list":["post-39488","page","type-page","status-publish","hentry"],"acf":[],"_links":{"self":[{"href":"https:\/\/acrartex-intl.dev.enterwell.space\/da\/wp-json\/wp\/v2\/pages\/39488","targetHints":{"allow":["GET"]}}],"collection":[{"href":"https:\/\/acrartex-intl.dev.enterwell.space\/da\/wp-json\/wp\/v2\/pages"}],"about":[{"href":"https:\/\/acrartex-intl.dev.enterwell.space\/da\/wp-json\/wp\/v2\/types\/page"}],"author":[{"embeddable":true,"href":"https:\/\/acrartex-intl.dev.enterwell.space\/da\/wp-json\/wp\/v2\/users\/22"}],"replies":[{"embeddable":true,"href":"https:\/\/acrartex-intl.dev.enterwell.space\/da\/wp-json\/wp\/v2\/comments?post=39488"}],"version-history":[{"count":1,"href":"https:\/\/acrartex-intl.dev.enterwell.space\/da\/wp-json\/wp\/v2\/pages\/39488\/revisions"}],"predecessor-version":[{"id":39489,"href":"https:\/\/acrartex-intl.dev.enterwell.space\/da\/wp-json\/wp\/v2\/pages\/39488\/revisions\/39489"}],"wp:attachment":[{"href":"https:\/\/acrartex-intl.dev.enterwell.space\/da\/wp-json\/wp\/v2\/media?parent=39488"}],"curies":[{"name":"wp","href":"https:\/\/api.w.org\/{rel}","templated":true}]}}