{"id":37607,"date":"2021-03-16T08:13:54","date_gmt":"2021-03-16T13:13:54","guid":{"rendered":"https:\/\/acrartex-intl.dev.enterwell.space\/products\/fjernbetjening-standard-8304\/"},"modified":"2021-03-16T08:13:54","modified_gmt":"2021-03-16T13:13:54","slug":"fjernbetjening-standard-8304","status":"publish","type":"product","link":"https:\/\/acrartex-intl.dev.enterwell.space\/da\/products\/fjernbetjening-standard-8304\/","title":{"rendered":"Fjernbetjening, Standard 8304"},"content":{"rendered":"","protected":false},"excerpt":{"rendered":"<p>Denne fjernafbryder er designet til at reducere installationsomkostningerne og rumme 2-leder installationer brugt p\u00e5 de for\u00e6ldede 121,5 MHz ELT&#8217;er. Selvom 3-positionskontakten altid er indstillet til standard ARMED-tilstand, kan du \u00e6ndre indstillingerne for enten at teste din ELT eller aktivere den fra cockpittet. <\/p>\n","protected":false},"featured_media":12227,"template":"","meta":{"_acf_changed":false,"om_disable_all_campaigns":false},"product_brand":[],"product_cat":[2353],"product_tag":[3030,3023,2857,2787,3034,3032,2947,3028],"class_list":{"0":"post-37607","1":"product","2":"type-product","3":"status-publish","4":"has-post-thumbnail","6":"product_cat-uncategorized","7":"product_tag-8304-da","8":"product_tag-elt-1000-fjernbetjening","9":"product_tag-elt-fjernbetjeninger","10":"product_tag-fjern","11":"product_tag-p-n-8304-da","12":"product_tag-pn-345-6196-da","13":"product_tag-skifter","14":"product_tag-varenummer-8304","16":"first","17":"instock","18":"taxable","19":"shipping-taxable","20":"purchasable","21":"product-type-simple"},"acf":[],"_links":{"self":[{"href":"https:\/\/acrartex-intl.dev.enterwell.space\/da\/wp-json\/wp\/v2\/product\/37607","targetHints":{"allow":["GET"]}}],"collection":[{"href":"https:\/\/acrartex-intl.dev.enterwell.space\/da\/wp-json\/wp\/v2\/product"}],"about":[{"href":"https:\/\/acrartex-intl.dev.enterwell.space\/da\/wp-json\/wp\/v2\/types\/product"}],"wp:featuredmedia":[{"embeddable":true,"href":"https:\/\/acrartex-intl.dev.enterwell.space\/da\/wp-json\/wp\/v2\/media\/12227"}],"wp:attachment":[{"href":"https:\/\/acrartex-intl.dev.enterwell.space\/da\/wp-json\/wp\/v2\/media?parent=37607"}],"wp:term":[{"taxonomy":"product_brand","embeddable":true,"href":"https:\/\/acrartex-intl.dev.enterwell.space\/da\/wp-json\/wp\/v2\/product_brand?post=37607"},{"taxonomy":"product_cat","embeddable":true,"href":"https:\/\/acrartex-intl.dev.enterwell.space\/da\/wp-json\/wp\/v2\/product_cat?post=37607"},{"taxonomy":"product_tag","embeddable":true,"href":"https:\/\/acrartex-intl.dev.enterwell.space\/da\/wp-json\/wp\/v2\/product_tag?post=37607"}],"curies":[{"name":"wp","href":"https:\/\/api.w.org\/{rel}","templated":true}]}}