{"id":37646,"date":"2021-03-16T08:13:07","date_gmt":"2021-03-16T13:13:07","guid":{"rendered":"https:\/\/acrartex-intl.dev.enterwell.space\/products\/sea-shelter-3-cat-i-epirb-beslag\/"},"modified":"2021-03-16T08:13:07","modified_gmt":"2021-03-16T13:13:07","slug":"sea-shelter-3-cat-i-epirb-beslag","status":"publish","type":"product","link":"https:\/\/acrartex-intl.dev.enterwell.space\/da\/products\/sea-shelter-3-cat-i-epirb-beslag\/","title":{"rendered":"Sea Shelter \u2122 3 Cat I EPIRB beslag"},"content":{"rendered":"<ul>\n<li>Innovativ hydrostatisk udl\u00f8sermekanisme med hurtig udskiftning<\/li>\n<li>Envejsmontering eliminerer muligheden for at installere EPIRB bagl\u00e6ns<\/li>\n<li>Integreret deaktiveringsmagnet forhindrer EPIRB i at transmittere, indtil den uds\u00e6ttes<\/li>\n<li>Udsender EPIRB , n\u00e5r det er neds\u00e6nket i vand i en dybde mellem 4,9 &#8211; 13,1 fod (1,5 &#8211; 4 m)<\/li>\n<\/ul>\n","protected":false},"excerpt":{"rendered":"<p>Barske forhold har ikke en chance mod Sea Shelter \u2122 3 Cat I. Dette EPIRB beslag er helt lukket, hvilket giver beskyttelse under selv dine vildeste eventyr. Hvis dit fart\u00f8j begynder at tage p\u00e5 vand, vil Sea Shelter automatisk implementere din EPIRB og sende et signal til et verdensomsp\u00e6ndende netv\u00e6rk af s\u00f8ge- og redningssatellitter. <\/p>\n<p>&nbsp;<\/p>\n<p>Dette EPIRB beslag fungerer med f\u00f8lgende produkter:<\/p>\n<ul>\n<li>GlobalFix \u2122 iPRO (RLB-36)<\/li>\n<li>GlobalFix \u2122 PRO (RLB-37)<\/li>\n<li>SATELLITE 3 406\u2122 (RLB-38)<\/li>\n<\/ul>\n<p>&nbsp;<\/p>\n<p>&nbsp;<\/p>\n<p>&nbsp;<\/p>\n","protected":false},"featured_media":12208,"template":"","meta":{"_acf_changed":false,"om_disable_all_campaigns":false},"product_brand":[],"product_cat":[3414,3419,3274,3415,3417],"product_tag":[3918,3921,3959,3955,3965,3927,3944,3968,3971,3914,3974,3981,3985,3977,3931,3935,3924],"class_list":{"0":"post-37646","1":"product","2":"type-product","3":"status-publish","4":"has-post-thumbnail","6":"product_cat-indre","7":"product_cat-kommerciel","8":"product_cat-marine-da","9":"product_cat-naer-kyst","10":"product_cat-off-shore-da","11":"product_tag-406-mhz-beslag","12":"product_tag-acr-beslag","13":"product_tag-acr-kat-1-da","14":"product_tag-acr-kat-i-da","15":"product_tag-automatisk-udgivelse-af-epirb","16":"product_tag-cospas-sarsat-da","17":"product_tag-epirb-kat-1-da","18":"product_tag-hydrostatisk-frigivelse-epirb","19":"product_tag-hydrostatisk-udloserbeslag","20":"product_tag-kat-i","21":"product_tag-kategori-1-beslag","22":"product_tag-kategori-1-epirb-da","23":"product_tag-kategori-1-epirbs-da","24":"product_tag-kategori-i-beslag","25":"product_tag-sejlads-sikkerhed","26":"product_tag-sejlads-sikkerhed-da","27":"product_tag-tor-epirb","28":"pa_boat-size-0-20-da","29":"pa_boat-size-21-40-da","30":"pa_boat-size-40-80-da","31":"pa_boat-size-80-da","32":"pa_boat-type-charter-yacht-da","33":"pa_boat-type-fragtskib","34":"pa_boat-type-kommercielt-fiskeri","35":"pa_boat-type-motorbad","36":"pa_boat-type-sejlbad","37":"pa_boat-type-slaebebad","38":"pa_boat-type-sportcraft-da","39":"pa_boat-type-yacht-da","40":"pa_product-rescue-bacons-vhf-sart-da","41":"pa_product-rescue-beacons-da","42":"pa_product-sikkerheds-tilbehor","44":"first","45":"instock","46":"taxable","47":"shipping-taxable","48":"purchasable","49":"product-type-simple"},"acf":[],"_links":{"self":[{"href":"https:\/\/acrartex-intl.dev.enterwell.space\/da\/wp-json\/wp\/v2\/product\/37646","targetHints":{"allow":["GET"]}}],"collection":[{"href":"https:\/\/acrartex-intl.dev.enterwell.space\/da\/wp-json\/wp\/v2\/product"}],"about":[{"href":"https:\/\/acrartex-intl.dev.enterwell.space\/da\/wp-json\/wp\/v2\/types\/product"}],"wp:featuredmedia":[{"embeddable":true,"href":"https:\/\/acrartex-intl.dev.enterwell.space\/da\/wp-json\/wp\/v2\/media\/12208"}],"wp:attachment":[{"href":"https:\/\/acrartex-intl.dev.enterwell.space\/da\/wp-json\/wp\/v2\/media?parent=37646"}],"wp:term":[{"taxonomy":"product_brand","embeddable":true,"href":"https:\/\/acrartex-intl.dev.enterwell.space\/da\/wp-json\/wp\/v2\/product_brand?post=37646"},{"taxonomy":"product_cat","embeddable":true,"href":"https:\/\/acrartex-intl.dev.enterwell.space\/da\/wp-json\/wp\/v2\/product_cat?post=37646"},{"taxonomy":"product_tag","embeddable":true,"href":"https:\/\/acrartex-intl.dev.enterwell.space\/da\/wp-json\/wp\/v2\/product_tag?post=37646"}],"curies":[{"name":"wp","href":"https:\/\/api.w.org\/{rel}","templated":true}]}}