{"id":37709,"date":"2021-03-16T08:16:33","date_gmt":"2021-03-16T13:16:33","guid":{"rendered":"https:\/\/acrartex-intl.dev.enterwell.space\/products\/c-light\/"},"modified":"2021-03-16T08:16:33","modified_gmt":"2021-03-16T13:16:33","slug":"c-light","status":"publish","type":"product","link":"https:\/\/acrartex-intl.dev.enterwell.space\/da\/products\/c-light\/","title":{"rendered":"C-Light \u2122"},"content":{"rendered":"<p>Det slanke, lette og alsidige design passer nemt i en lomme eller h\u00e6nger diskret, n\u00e5r det er fastgjort til en redningsvest eller rygs\u00e6k. De fleksible surringsl\u00f8kker p\u00e5 siden af \u200b\u200bproduktet giver mulighed for flere monteringsmuligheder, inklusive b\u00e5nd p\u00e5 din rygs\u00e6k eller stropper p\u00e5 din redningsvest. Velcro <sup>\u00ae-<\/sup> remmen kan fastg\u00f8res omkring surringsl\u00f8kkerne og skaber utallige yderligere monteringsmuligheder. Lyset kommer ogs\u00e5 med en clips designet til bekvemt at glide over din oppustelige redningsvests orale oppustningsr\u00f8r til opbevaring af dit lys inde i din redningsvest.   <\/p>\n<p>F\u00e5s ogs\u00e5 i en vandaktiveret model<\/p>\n<p><strong>Funktioner:<\/strong><\/p>\n<ul>\n<li>Til lokaliseringshj\u00e6lp i n\u00f8dsituationer med svagt lys<\/li>\n<li>Overordentlig lysst\u00e6rk 20 Lumen hvid LED<\/li>\n<li>Omfattende kontinuerlig levetid p\u00e5 mere end 30 timer<\/li>\n<li>Vandt\u00e6t \u2013 Testet i 24 timer ved 1 m (3,3 ft.)<\/li>\n<li>Nem twist til\/fra aktivering<\/li>\n<li>Slagfast kabinet<\/li>\n<li>Bruger to &#8220;AA&#8221; 1,5V batterier (medf\u00f8lger ikke)<\/li>\n<li>USCG\/SOLAS godkendt<\/li>\n<li>Ideel til redningsveste, camping, cykling, bil osv.<\/li>\n<li>Inkluderet velcro\u00ae-strop (med kartet version) brugt i forbindelse med integrerede surringsl\u00f8kker for monteringsfleksibilitet<\/li>\n<li>Inkluderet PFD-clips (med kartet version) for nem fastg\u00f8relse til oral oppustningsslange<\/li>\n<\/ul>\n","protected":false},"excerpt":{"rendered":"<p>LED C-Light er et manuelt aktiveret, konstant t\u00e6ndt personligt n\u00f8dlys med dramatisk forbedret levetid. Dette vandt\u00e6tte lys er lille, men alligevel robust og har en 20 lumen LED, der typisk fungerer i 30 timer uafbrudt. C-Light er godkendt af USCG\/SOLAS, og aktiveres manuelt med en let twist on\/off aktivering, hvilket g\u00f8r det til et ideelt lys for alle udend\u00f8rs entusiaster.  <\/p>\n<p>&nbsp;<\/p>\n<p style=\"margin-left: 0in; margin-right: 0in;\"><span style=\"font-size: 11pt;\"><span style=\"font-family: Calibri,sans-serif;\"><a style=\"color: blue; text-decoration: underline;\" href=\"https:\/\/www.dropbox.com\/s\/8343nj28z0d7bxa\/Prop%2065%20-%20BPA.pdf?dl=0\"><span style=\"color: #000000;\">ADVARSEL: PROP 65<\/span><\/a><\/span><\/span><\/p>\n<p style=\"margin-left: 0in; margin-right: 0in;\">\n<p style=\"margin-left: 0in; margin-right: 0in;\"><span style=\"color: #e74c3c;\">KODE: <strong>SHIPFREE20<\/strong> Gratis landfragt p\u00e5 ordrer over U$30. Udelukker HI og AK <\/span><\/p>\n<p style=\"margin-left: 0in; margin-right: 0in;\">\n","protected":false},"featured_media":12274,"template":"","meta":{"_acf_changed":false,"om_disable_all_campaigns":false},"product_brand":[],"product_cat":[3424,3414,3419,3274,3415,3417,3428,3426,3275,3421],"product_tag":[4992,4998,5002,4994,4988,5006,4996,5000,5004],"class_list":{"0":"post-37709","1":"product","2":"type-product","3":"status-publish","4":"has-post-thumbnail","6":"product_cat-action-sport-offroad-da","7":"product_cat-indre","8":"product_cat-kommerciel","9":"product_cat-marine-da","10":"product_cat-naer-kyst","11":"product_cat-off-shore-da","12":"product_cat-paddlesport-fiskeri","13":"product_cat-rejseudstyr","14":"product_cat-udendors","15":"product_cat-vandring-klatring-lejr","16":"product_tag-acr-c-lys","17":"product_tag-acr-led-c-lys","18":"product_tag-acr-led-lys","19":"product_tag-c-lys-da","20":"product_tag-c-lys","21":"product_tag-lys","22":"product_tag-nod-led-lys","23":"product_tag-nodlys","24":"product_tag-pfd-lys","25":"pa_activity-camping-da","26":"pa_activity-cykel","27":"pa_activity-fiskeri","28":"pa_activity-klatring","29":"pa_activity-langrend","30":"pa_activity-off-road-4x4-da","31":"pa_activity-paddlesport","32":"pa_activity-ski-snowboarding-da","33":"pa_activity-snescooter","34":"pa_activity-vandring","35":"pa_boat-size-0-20-da","36":"pa_boat-size-21-40-da","37":"pa_boat-size-40-80-da","38":"pa_boat-size-80-da","39":"pa_boat-type-charter-yacht-da","40":"pa_boat-type-fragtskib","41":"pa_boat-type-kommercielt-fiskeri","42":"pa_boat-type-motorbad","43":"pa_boat-type-sejlbad","44":"pa_boat-type-slaebebad","45":"pa_boat-type-sportcraft-da","46":"pa_boat-type-yacht-da","47":"pa_product-redningslys","48":"pa_product-signalprodukter","49":"pa_product-sikkerheds-tilbehor","50":"pa_terrain-bakke-og-bjerg","51":"pa_terrain-floder-vadomrader-soer","52":"pa_terrain-skov-jungle","53":"pa_terrain-tundra-da","55":"first","56":"instock","57":"taxable","58":"shipping-taxable","59":"purchasable","60":"product-type-simple"},"acf":[],"_links":{"self":[{"href":"https:\/\/acrartex-intl.dev.enterwell.space\/da\/wp-json\/wp\/v2\/product\/37709","targetHints":{"allow":["GET"]}}],"collection":[{"href":"https:\/\/acrartex-intl.dev.enterwell.space\/da\/wp-json\/wp\/v2\/product"}],"about":[{"href":"https:\/\/acrartex-intl.dev.enterwell.space\/da\/wp-json\/wp\/v2\/types\/product"}],"wp:featuredmedia":[{"embeddable":true,"href":"https:\/\/acrartex-intl.dev.enterwell.space\/da\/wp-json\/wp\/v2\/media\/12274"}],"wp:attachment":[{"href":"https:\/\/acrartex-intl.dev.enterwell.space\/da\/wp-json\/wp\/v2\/media?parent=37709"}],"wp:term":[{"taxonomy":"product_brand","embeddable":true,"href":"https:\/\/acrartex-intl.dev.enterwell.space\/da\/wp-json\/wp\/v2\/product_brand?post=37709"},{"taxonomy":"product_cat","embeddable":true,"href":"https:\/\/acrartex-intl.dev.enterwell.space\/da\/wp-json\/wp\/v2\/product_cat?post=37709"},{"taxonomy":"product_tag","embeddable":true,"href":"https:\/\/acrartex-intl.dev.enterwell.space\/da\/wp-json\/wp\/v2\/product_tag?post=37709"}],"curies":[{"name":"wp","href":"https:\/\/api.w.org\/{rel}","templated":true}]}}