{"id":37774,"date":"2021-03-16T08:16:59","date_gmt":"2021-03-16T13:16:59","guid":{"rendered":"https:\/\/acrartex-intl.dev.enterwell.space\/products\/c-strobe\/"},"modified":"2021-03-16T08:16:59","modified_gmt":"2021-03-16T13:16:59","slug":"c-strobe","status":"publish","type":"product","link":"https:\/\/acrartex-intl.dev.enterwell.space\/da\/products\/c-strobe\/","title":{"rendered":"C-Strobe\u2122"},"content":{"rendered":"<p>Det slanke, lette og alsidige design passer nemt i en lomme eller h\u00e6nger diskret, n\u00e5r det er fastgjort til en redningsvest eller rygs\u00e6k. De fleksible surringsl\u00f8kker p\u00e5 siden af \u200b\u200bproduktet giver mulighed for flere monteringsmuligheder, inklusive b\u00e5nd p\u00e5 din rygs\u00e6k eller stropper p\u00e5 din redningsvest. Velcro <sup>\u00ae-<\/sup> remmen kan fastg\u00f8res omkring surringsl\u00f8kkerne og skaber utallige yderligere monteringsmuligheder. Lyset kommer ogs\u00e5 med en clips designet til bekvemt at glide over din oppustelige redningsvests orale oppustningsr\u00f8r til opbevaring af dit lys inde i din redningsvest.<\/p>\n<p>&nbsp;<\/p>\n<p>F\u00e5s ogs\u00e5 i en vandaktiveret model<\/p>\n<p>&nbsp;<\/p>\n<p><strong>Funktioner:<\/strong><\/p>\n<ul>\n<li>Til lokaliseringshj\u00e6lp i n\u00f8dsituationer med svagt lys<\/li>\n<li>Overordentlig lysst\u00e6rk 45 Lumen hvid LED<\/li>\n<li>Den omfattende kontinuerlige levetid p\u00e5 mere end 120 timer<\/li>\n<li>Vandt\u00e6t \u2013 Testet i 24 timer ved 1 m (3,3 ft.)<\/li>\n<li>Nem twist til\/fra aktivering<\/li>\n<li>Slagfast kuffert<\/li>\n<li>Bruger to &#8220;AA&#8221; 1,5V batterier (medf\u00f8lger ikke)<\/li>\n<li>USCG\/SOLAS godkendt<\/li>\n<li>Ideel til redningsveste, camping, cykling, bil osv.<\/li>\n<li>Inkluderet velcro\u00ae-strop (med kartet version) brugt i forbindelse med integrerede surringsl\u00f8kker for monteringsfleksibilitet<\/li>\n<li>Inkluderet PFD-clips (med kartet version) for nem fastg\u00f8relse til det orale oppustningsr\u00f8r<\/li>\n<\/ul>\n","protected":false},"excerpt":{"rendered":"<p>LED C-Strobe er et manuelt aktiveret personligt n\u00f8dblitzlys med en dramatisk forbedret levetid. Dette vandt\u00e6tte lys er lille, men alligevel robust og har en 45 lumen LED, der typisk fungerer i 120 timer uafbrudt. C-Strobe er USCG\/SOLAS-godkendt og aktiveres manuelt med en let t\u00e6nd\/sluk-aktivering, hvilket g\u00f8r den til et ideelt lys for alle udend\u00f8rs entusiaster.  <\/p>\n<p>&nbsp;<\/p>\n<p><a href=\"https:\/\/www.dropbox.com\/s\/8343nj28z0d7bxa\/Prop%2065%20-%20BPA.pdf?dl=0\">ADVARSEL: PROP 65<\/a><\/p>\n<p>&nbsp;<\/p>\n<p><span style=\"color:#e74c3c\">KODE: <strong>SHIPFREE20<\/strong> Gratis landfragt p\u00e5 ordrer over U$30. Udelukker HI og AK <\/span><\/p>\n<p>&nbsp;<\/p>\n","protected":false},"featured_media":12282,"template":"","meta":{"_acf_changed":false,"om_disable_all_campaigns":false},"product_brand":[],"product_cat":[3424,3414,3419,3274,3415,3417,3428,3426,3275,3421],"product_tag":[5750,5745,5734,5741,5744,5731,5004,5758,5738,5728,5736],"class_list":{"0":"post-37774","1":"product","2":"type-product","3":"status-publish","4":"has-post-thumbnail","6":"product_cat-action-sport-offroad-da","7":"product_cat-indre","8":"product_cat-kommerciel","9":"product_cat-marine-da","10":"product_cat-naer-kyst","11":"product_cat-off-shore-da","12":"product_cat-paddlesport-fiskeri","13":"product_cat-rejseudstyr","14":"product_cat-udendors","15":"product_cat-vandring-klatring-lejr","16":"product_tag-acr-c-strobe-da","17":"product_tag-acr-strobe-da","18":"product_tag-cstrobe-h2o-de","19":"product_tag-marine-strobe-lys-da","20":"product_tag-nodblitzlys","21":"product_tag-nodstrobe-da","22":"product_tag-pfd-lys","23":"product_tag-redningslys-da","24":"product_tag-sikkerheds-stroboskoplys","25":"product_tag-strobelys-da","26":"product_tag-stroboskop-sikkerhedslys","27":"pa_activity-camping-da","28":"pa_activity-cykel","29":"pa_activity-fiskeri","30":"pa_activity-klatring","31":"pa_activity-langrend","32":"pa_activity-off-road-4x4-da","33":"pa_activity-paddlesport","34":"pa_activity-ski-snowboarding-da","35":"pa_activity-snescooter","36":"pa_activity-vandring","37":"pa_boat-size-0-20-da","38":"pa_boat-size-21-40-da","39":"pa_boat-size-40-80-da","40":"pa_boat-size-80-da","41":"pa_boat-type-charter-yacht-da","42":"pa_boat-type-fragtskib","43":"pa_boat-type-kommercielt-fiskeri","44":"pa_boat-type-motorbad","45":"pa_boat-type-sejlbad","46":"pa_boat-type-slaebebad","47":"pa_boat-type-sportcraft-da","48":"pa_boat-type-yacht-da","49":"pa_product-redningslys","50":"pa_product-signalprodukter","51":"pa_product-sikkerheds-tilbehor","52":"pa_terrain-bakke-og-bjerg","53":"pa_terrain-floder-vadomrader-soer","54":"pa_terrain-skov-jungle","55":"pa_terrain-tundra-da","57":"first","58":"instock","59":"taxable","60":"shipping-taxable","61":"purchasable","62":"product-type-simple"},"acf":[],"_links":{"self":[{"href":"https:\/\/acrartex-intl.dev.enterwell.space\/da\/wp-json\/wp\/v2\/product\/37774","targetHints":{"allow":["GET"]}}],"collection":[{"href":"https:\/\/acrartex-intl.dev.enterwell.space\/da\/wp-json\/wp\/v2\/product"}],"about":[{"href":"https:\/\/acrartex-intl.dev.enterwell.space\/da\/wp-json\/wp\/v2\/types\/product"}],"wp:featuredmedia":[{"embeddable":true,"href":"https:\/\/acrartex-intl.dev.enterwell.space\/da\/wp-json\/wp\/v2\/media\/12282"}],"wp:attachment":[{"href":"https:\/\/acrartex-intl.dev.enterwell.space\/da\/wp-json\/wp\/v2\/media?parent=37774"}],"wp:term":[{"taxonomy":"product_brand","embeddable":true,"href":"https:\/\/acrartex-intl.dev.enterwell.space\/da\/wp-json\/wp\/v2\/product_brand?post=37774"},{"taxonomy":"product_cat","embeddable":true,"href":"https:\/\/acrartex-intl.dev.enterwell.space\/da\/wp-json\/wp\/v2\/product_cat?post=37774"},{"taxonomy":"product_tag","embeddable":true,"href":"https:\/\/acrartex-intl.dev.enterwell.space\/da\/wp-json\/wp\/v2\/product_tag?post=37774"}],"curies":[{"name":"wp","href":"https:\/\/api.w.org\/{rel}","templated":true}]}}