{"id":37777,"date":"2021-03-16T08:17:13","date_gmt":"2021-03-16T13:17:13","guid":{"rendered":"https:\/\/acrartex-intl.dev.enterwell.space\/products\/c-strobe-h20\/"},"modified":"2021-03-16T08:17:13","modified_gmt":"2021-03-16T13:17:13","slug":"c-strobe-h20","status":"publish","type":"product","link":"https:\/\/acrartex-intl.dev.enterwell.space\/da\/products\/c-strobe-h20\/","title":{"rendered":"C-Strobe\u2122 H20"},"content":{"rendered":"<p>Med 3 driftstilstande (strobe, steady-on, SOS) kan C-Strobe H2O prale af en 45 lumen LED, der typisk fungerer i 120 timer kontinuerligt i strobe-tilstand.&nbsp;  C-Strobe H2O-modellen omfatter to aktiveringsmetoder; lyset kan nemt aktiveres med et enkelt tryk p\u00e5 t\u00e6nd\/sluk-knappen, eller n\u00e5r det er i armeret position, kan det aktiveres automatisk, n\u00e5r det er neds\u00e6nket i vand, hvilket g\u00f8r dette til et ideelt lys for alle udend\u00f8rs entusiaster.<\/p>\n<p>&nbsp;<\/p>\n<p>Det slanke, lette og alsidige design passer nemt i en lomme eller h\u00e6nger diskret, n\u00e5r det er fastgjort til en redningsvest eller rygs\u00e6k. De fleksible surringsl\u00f8kker p\u00e5 siden af \u200b\u200bproduktet giver mulighed for flere monteringsmuligheder, inklusive b\u00e5nd p\u00e5 din rygs\u00e6k eller stropper p\u00e5 din redningsvest. Velcro <sup>\u00ae-<\/sup> remmen kan fastg\u00f8res omkring surringsl\u00f8kkerne og skaber utallige yderligere monteringsmuligheder. Lyset kommer ogs\u00e5 med en clips designet til bekvemt at glide over din oppustelige redningsvests orale oppustningsr\u00f8r til opbevaring af dit lys inde i din redningsvest.<\/p>\n<p>&nbsp;<\/p>\n<p>F\u00e5s ogs\u00e5 i en manuel aktiveringsmodel<\/p>\n<p>&nbsp;<\/p>\n<p><strong>Funktioner:<\/strong><\/p>\n<ul>\n<li>Til lokaliseringshj\u00e6lp i n\u00f8dsituationer med svagt lys<\/li>\n<li>3 tilstande \u2013 Strobe, Steady-On og SOS<\/li>\n<li>Overordentlig lysst\u00e6rk 45 Lumen hvid LED<\/li>\n<li>Omfattende kontinuerlig driftslevetid p\u00e5 mere end 120 timer (strobe-tilstand)<\/li>\n<li>Vandt\u00e6t \u2013 Testet i 24 timer ved 1 m (3,3 ft.)<\/li>\n<\/ul>\n<ul>\n<li>Vandaktiveringssensorer \u2013 Automatisk aktivering ved kontakt med vand<\/li>\n<\/ul>\n<ul>\n<li>Slagfast kabinet<\/li>\n<li>Bruger to &#8220;AA&#8221; 1,5V batterier (medf\u00f8lger ikke)<\/li>\n<li>USCG\/SOLAS godkendt<\/li>\n<li>Ideel til redningsveste, camping, cykling, bil osv.<\/li>\n<li>Inkluderet velcro\u00ae-strop (med kartet version) brugt i forbindelse med integrerede surringsl\u00f8kker for monteringsfleksibilitet<\/li>\n<li>Inkluderet PFD-clips (med kartet version) for nem fastg\u00f8relse til oral oppustningsslange<\/li>\n<\/ul>\n","protected":false},"excerpt":{"rendered":"<p>Det slanke, lette og alsidige design af C-Strobe\u2122 H2O kan nemt passe i en lomme eller h\u00e6nge diskret, n\u00e5r den er fastgjort til en redningsvest eller rygs\u00e6k. De fleksible surringsl\u00f8kker p\u00e5 siden af \u200b\u200bproduktet giver mulighed for flere monteringsmuligheder, herunder b\u00e5ndet p\u00e5 din rygs\u00e6k eller stropperne p\u00e5 din redningsvest. C-Strobe H2O kommer ogs\u00e5 med en clips designet til bekvemt at glide hen over din oppustelige redningsvests orale oppustningsr\u00f8r, s\u00e5 du kan opbevare lyset inde i din redningsvest. Med 3 driftstilstande (strobe, steady-on, SOS) har C-Strobe H2O en 45 lumen LED, der typisk fungerer i 120 timer uafbrudt, n\u00e5r den er i strobe-tilstand. Lyset kan nemt aktiveres med et simpelt tryk p\u00e5 t\u00e6nd\/sluk-knappen eller i tilkoblet position. Den kan ogs\u00e5 aktiveres automatisk, n\u00e5r den er neds\u00e6nket i vand, hvilket g\u00f8r denne strobe til et ideelt lys for alle udend\u00f8rs entusiaster. Derudover er C-Strobe USCG\/SOLAS godkendt og har et slagfast kabinet, hvilket g\u00f8r det til et p\u00e5lideligt multifunktionslys, n\u00e5r der er behov for effektiv n\u00f8dbelysning.      <\/p>\n<p>&nbsp;<\/p>\n<p><a href=\"https:\/\/www.dropbox.com\/s\/8343nj28z0d7bxa\/Prop%2065%20-%20BPA.pdf?dl=0\">ADVARSEL: PROP 65<\/a><\/p>\n<p>&nbsp;<\/p>\n<p><span style=\"color:#e74c3c\">KODE: <strong>SHIPFREE20<\/strong> Gratis landfragt p\u00e5 ordrer over U$30. Udelukker HI og AK <\/span><\/p>\n<p>&nbsp;<\/p>\n<p>&nbsp;<\/p>\n","protected":false},"featured_media":12284,"template":"","meta":{"_acf_changed":false,"om_disable_all_campaigns":false},"product_brand":[],"product_cat":[3424,3414,3419,3274,3415,3417,3428,3426,3275,3421],"product_tag":[5768,5764,5760,5766,5770,5744,5731,5738,5728,5736],"class_list":{"0":"post-37777","1":"product","2":"type-product","3":"status-publish","4":"has-post-thumbnail","6":"product_cat-action-sport-offroad-da","7":"product_cat-indre","8":"product_cat-kommerciel","9":"product_cat-marine-da","10":"product_cat-naer-kyst","11":"product_cat-off-shore-da","12":"product_cat-paddlesport-fiskeri","13":"product_cat-rejseudstyr","14":"product_cat-udendors","15":"product_cat-vandring-klatring-lejr","16":"product_tag-acr-auto-strobe-lys-da","17":"product_tag-c-strobe-vand-da","18":"product_tag-c-strobe-vand","19":"product_tag-cstrobe-h2o-da","20":"product_tag-havvandsaktiveret-strobelys","21":"product_tag-nodblitzlys","22":"product_tag-nodstrobe-da","23":"product_tag-sikkerheds-stroboskoplys","24":"product_tag-strobelys-da","25":"product_tag-stroboskop-sikkerhedslys","26":"pa_activity-klatring","27":"pa_activity-vandring","28":"pa_boat-size-0-20-da","29":"pa_boat-size-21-40-da","30":"pa_boat-size-40-80-da","31":"pa_boat-size-80-da","32":"pa_boat-type-charter-yacht-da","33":"pa_boat-type-fragtskib","34":"pa_boat-type-kommercielt-fiskeri","35":"pa_boat-type-motorbad","36":"pa_boat-type-sejlbad","37":"pa_boat-type-slaebebad","38":"pa_boat-type-sportcraft-da","39":"pa_boat-type-yacht-da","40":"pa_product-redningslys","41":"pa_product-signalprodukter","42":"pa_product-sikkerheds-tilbehor","44":"first","45":"instock","46":"taxable","47":"shipping-taxable","48":"purchasable","49":"product-type-simple"},"acf":[],"_links":{"self":[{"href":"https:\/\/acrartex-intl.dev.enterwell.space\/da\/wp-json\/wp\/v2\/product\/37777","targetHints":{"allow":["GET"]}}],"collection":[{"href":"https:\/\/acrartex-intl.dev.enterwell.space\/da\/wp-json\/wp\/v2\/product"}],"about":[{"href":"https:\/\/acrartex-intl.dev.enterwell.space\/da\/wp-json\/wp\/v2\/types\/product"}],"wp:featuredmedia":[{"embeddable":true,"href":"https:\/\/acrartex-intl.dev.enterwell.space\/da\/wp-json\/wp\/v2\/media\/12284"}],"wp:attachment":[{"href":"https:\/\/acrartex-intl.dev.enterwell.space\/da\/wp-json\/wp\/v2\/media?parent=37777"}],"wp:term":[{"taxonomy":"product_brand","embeddable":true,"href":"https:\/\/acrartex-intl.dev.enterwell.space\/da\/wp-json\/wp\/v2\/product_brand?post=37777"},{"taxonomy":"product_cat","embeddable":true,"href":"https:\/\/acrartex-intl.dev.enterwell.space\/da\/wp-json\/wp\/v2\/product_cat?post=37777"},{"taxonomy":"product_tag","embeddable":true,"href":"https:\/\/acrartex-intl.dev.enterwell.space\/da\/wp-json\/wp\/v2\/product_tag?post=37777"}],"curies":[{"name":"wp","href":"https:\/\/api.w.org\/{rel}","templated":true}]}}