{"id":37911,"date":"2021-03-16T08:15:01","date_gmt":"2021-03-16T13:15:01","guid":{"rendered":"https:\/\/acrartex-intl.dev.enterwell.space\/products\/rcl-300a-soegelys\/"},"modified":"2021-03-16T08:15:01","modified_gmt":"2021-03-16T13:15:01","slug":"rcl-300a-soegelys","status":"publish","type":"product","link":"https:\/\/acrartex-intl.dev.enterwell.space\/da\/products\/rcl-300a-soegelys\/","title":{"rendered":"RCL -300A s\u00f8gelys"},"content":{"rendered":"<p>Den er t\u00e6tnet og f\u00e6rdig til at modst\u00e5 havmilj\u00f8et, og alle funktioner kan betjenes ved hj\u00e6lp af den medf\u00f8lgende Point Pad\u2122 og Master Controller (op til tre fjernbetjeninger kan installeres).<\/p>\n<ul>\n<li>Intern elevationsmekanisme giver pitch-kontrol af spotlysstr\u00e5len; beskytter h\u00e6vemekanismen mod vejret<\/li>\n<li>Inkluderer fingerspidsfjernbetjening Point Pad\u2122; op til tre eksterne Point Pad\u2122-enheder kan installeres p\u00e5 systemet; Muligheder for overflade-\/s\u00e6nkemontering inkluderet<\/li>\n<li>Robust tredobbelt grundet og forseglet aluminiumshus af marinekvalitet<\/li>\n<li>XRCiZ\u2122-funktionen roterer og flytter lysenheden hver 30. dag fra aktivering for at holde alle lejeflader fri for korrosion og alle elektriske kontakter funktionelle<\/li>\n<li>Saltvandsbestandig konstruktion med nylon- og phenolskiver, aluminerede rustfri st\u00e5lskruer med isolerende sm\u00f8remiddel<\/li>\n<li>Ledningsnet medf\u00f8lger<\/li>\n<li>* Twin 35W, Metal Halide HID-lamper giver over 500k CD hver og 1 million effektive CD, n\u00e5r de kombineres.<\/li>\n<\/ul>\n<p>Tags: s\u00f8gelygter, s\u00f8gelys, RCL s\u00f8gelys, RCL 300, b\u00e5ds\u00f8gelys, s\u00f8s\u00f8ge, s\u00f8s\u00f8ge, acr s\u00f8gelys, 1933, P\/N 1933<\/p>\n","protected":false},"excerpt":{"rendered":"<p>Twin, 35-watt, Metal Halide HID-lamper skaber en smalstr\u00e5lende s\u00f8gelys, der er perfekt til store sportsyachts og mega-yachts, s\u00e5vel som store sportsfisk og kommercielle fart\u00f8jer. RCL -300A s\u00f8gelyset er lavet til at forbedre sikkerheden til s\u00f8s under natdrift. Det er ogs\u00e5 nemt at bruge med et joystick i kommerciel kvalitet, der har en IP 69K-klassificering og belysning.  <\/p>\n","protected":false},"featured_media":12246,"template":"","meta":{"_acf_changed":false,"om_disable_all_campaigns":false},"product_brand":[],"product_cat":[3274],"product_tag":[5946,6339,5934,5937,5942,5931,6368,6327,6335,6329,6328,6336,6365],"class_list":{"0":"post-37911","1":"product","2":"type-product","3":"status-publish","4":"has-post-thumbnail","6":"product_cat-marine-da","7":"product_tag-acr-sogelys","8":"product_tag-acr-sogelys-da","9":"product_tag-bad-sogelys","10":"product_tag-marine-sogelys","11":"product_tag-marine-sogelys-da","12":"product_tag-rcl-da","13":"product_tag-rcl-300a-da","14":"product_tag-sogelys","15":"product_tag-sogelys-da","16":"product_tag-sogelys-firma","17":"product_tag-sogelys-til-salg","18":"product_tag-xenon-sogelys","19":"product_tag-xenon-sogelys-da","20":"pa_product-sog-lys","22":"first","23":"instock","24":"taxable","25":"shipping-taxable","26":"purchasable","27":"product-type-simple"},"acf":[],"_links":{"self":[{"href":"https:\/\/acrartex-intl.dev.enterwell.space\/da\/wp-json\/wp\/v2\/product\/37911","targetHints":{"allow":["GET"]}}],"collection":[{"href":"https:\/\/acrartex-intl.dev.enterwell.space\/da\/wp-json\/wp\/v2\/product"}],"about":[{"href":"https:\/\/acrartex-intl.dev.enterwell.space\/da\/wp-json\/wp\/v2\/types\/product"}],"wp:featuredmedia":[{"embeddable":true,"href":"https:\/\/acrartex-intl.dev.enterwell.space\/da\/wp-json\/wp\/v2\/media\/12246"}],"wp:attachment":[{"href":"https:\/\/acrartex-intl.dev.enterwell.space\/da\/wp-json\/wp\/v2\/media?parent=37911"}],"wp:term":[{"taxonomy":"product_brand","embeddable":true,"href":"https:\/\/acrartex-intl.dev.enterwell.space\/da\/wp-json\/wp\/v2\/product_brand?post=37911"},{"taxonomy":"product_cat","embeddable":true,"href":"https:\/\/acrartex-intl.dev.enterwell.space\/da\/wp-json\/wp\/v2\/product_cat?post=37911"},{"taxonomy":"product_tag","embeddable":true,"href":"https:\/\/acrartex-intl.dev.enterwell.space\/da\/wp-json\/wp\/v2\/product_tag?post=37911"}],"curies":[{"name":"wp","href":"https:\/\/api.w.org\/{rel}","templated":true}]}}