{"id":37938,"date":"2021-03-16T08:14:44","date_gmt":"2021-03-16T13:14:44","guid":{"rendered":"https:\/\/acrartex-intl.dev.enterwell.space\/products\/hemilight-3\/"},"modified":"2021-03-16T08:14:44","modified_gmt":"2021-03-16T13:14:44","slug":"hemilight-3","status":"publish","type":"product","link":"https:\/\/acrartex-intl.dev.enterwell.space\/da\/products\/hemilight-3\/","title":{"rendered":"HemiLight \u21223"},"content":{"rendered":"<p>HemiLight \u2122\u025c er mindre end andre godkendte lygter og har afrundede kanter for at bevare integriteten af \u200b\u200boppustelige redningsveste. Fastg\u00f8relsesl\u00f8kker kan rumme op til 5 cm (2 tommer) brede b\u00e5nd, og det robuste marinedesign sikrer mange \u00e5rs brugbar service. <\/p>\n<p>Det h\u00f8jintensive blinkende LED-lys aktiveres automatisk i 20+ timer, n\u00e5r det kommer i kontakt med salt- eller ferskvand, og kan deaktiveres blot ved at trykke p\u00e5 den r\u00f8de knap. Installationen er hurtig og nem ( HemiLight \u2122 3 kan eftermonteres p\u00e5 n\u00e6sten enhver stil redningsvest p\u00e5 f\u00e5 sekunder). <\/p>\n<p>Tilg\u00e6ngelig i to konfigurationer: HemiLight \u21223 tilbyder en grundl\u00e6ggende strobe-tilstand, som kan aktiveres enten manuelt eller automatisk.<\/p>\n","protected":false},"excerpt":{"rendered":"<p>ACR Auto HemiLight \u21223 blinkende overlevelseslys fastg\u00f8res til n\u00e6sten enhver stil redningsvest med en hurtig og nem installation. Mindre end andre godkendte lygter har HemiLight \u2122\u025c afrundede kanter for at bevare integriteten af \u200b\u200boppustelige redningsveste og opfylder USCG-, MED- og SOLAS-kravene. Det h\u00f8jintensive blinkende LED-lys aktiveres automatisk i 20+ timer, n\u00e5r det kommer i kontakt med salt- eller ferskvand, og kan deaktiveres blot ved at trykke p\u00e5 den r\u00f8de knap. Fastg\u00f8relsesl\u00f8kker kan rumme op til 5 cm (2 tommer) brede gjorde, og det marine robuste design sikrer mange \u00e5rs brugbar service.   <\/p>\n<p>&nbsp;<\/p>\n<p><span style=\"font-size: 11.0pt;\"><a style=\"color: blue; text-decoration: underline;\" href=\"https:\/\/www.dropbox.com\/s\/0ezw0kexbm120vv\/Prop%2065%20-%20Lead%20and%20Lead%20Compounds.pdf?dl=0\">ADVARSEL: PROP 65<\/a><\/span><\/p>\n<p>&nbsp;<\/p>\n<p><span style=\"color: #e74c3c;\">KODE: <strong>SHIPFREE20<\/strong> Gratis landfragt p\u00e5 ordrer over U$30. Udelukker HI og AK <\/span><\/p>\n<p>&nbsp;<\/p>\n","protected":false},"featured_media":12237,"template":"","meta":{"_acf_changed":false,"om_disable_all_campaigns":false},"product_brand":[],"product_cat":[3424,3414,3419,3274,3415,3417,3428,3426,3275,3421],"product_tag":[6453,6451,6445,6443,6447,6449,5728],"class_list":{"0":"post-37938","1":"product","2":"type-product","3":"status-publish","4":"has-post-thumbnail","6":"product_cat-action-sport-offroad-da","7":"product_cat-indre","8":"product_cat-kommerciel","9":"product_cat-marine-da","10":"product_cat-naer-kyst","11":"product_cat-off-shore-da","12":"product_cat-paddlesport-fiskeri","13":"product_cat-rejseudstyr","14":"product_cat-udendors","15":"product_cat-vandring-klatring-lejr","16":"product_tag-halvlys","17":"product_tag-hemi-da","18":"product_tag-led-lys-til-redningsveste","19":"product_tag-overlevende-lys-da","20":"product_tag-redningsvest-lys-da","21":"product_tag-som","22":"product_tag-strobelys-da","23":"pa_product-redningslys","24":"pa_product-sikkerheds-tilbehor","26":"first","27":"instock","28":"taxable","29":"shipping-taxable","30":"purchasable","31":"product-type-simple"},"acf":[],"_links":{"self":[{"href":"https:\/\/acrartex-intl.dev.enterwell.space\/da\/wp-json\/wp\/v2\/product\/37938","targetHints":{"allow":["GET"]}}],"collection":[{"href":"https:\/\/acrartex-intl.dev.enterwell.space\/da\/wp-json\/wp\/v2\/product"}],"about":[{"href":"https:\/\/acrartex-intl.dev.enterwell.space\/da\/wp-json\/wp\/v2\/types\/product"}],"wp:featuredmedia":[{"embeddable":true,"href":"https:\/\/acrartex-intl.dev.enterwell.space\/da\/wp-json\/wp\/v2\/media\/12237"}],"wp:attachment":[{"href":"https:\/\/acrartex-intl.dev.enterwell.space\/da\/wp-json\/wp\/v2\/media?parent=37938"}],"wp:term":[{"taxonomy":"product_brand","embeddable":true,"href":"https:\/\/acrartex-intl.dev.enterwell.space\/da\/wp-json\/wp\/v2\/product_brand?post=37938"},{"taxonomy":"product_cat","embeddable":true,"href":"https:\/\/acrartex-intl.dev.enterwell.space\/da\/wp-json\/wp\/v2\/product_cat?post=37938"},{"taxonomy":"product_tag","embeddable":true,"href":"https:\/\/acrartex-intl.dev.enterwell.space\/da\/wp-json\/wp\/v2\/product_tag?post=37938"}],"curies":[{"name":"wp","href":"https:\/\/api.w.org\/{rel}","templated":true}]}}