{"id":37947,"date":"2021-03-16T08:14:31","date_gmt":"2021-03-16T13:14:31","guid":{"rendered":"https:\/\/acrartex-intl.dev.enterwell.space\/products\/fjernbetjening-standard-455-6196\/"},"modified":"2021-03-16T08:14:31","modified_gmt":"2021-03-16T13:14:31","slug":"fjernbetjening-standard-455-6196","status":"publish","type":"product","link":"https:\/\/acrartex-intl.dev.enterwell.space\/da\/products\/fjernbetjening-standard-455-6196\/","title":{"rendered":"Fjernbetjening, standard 455-6196"},"content":{"rendered":"","protected":false},"excerpt":{"rendered":"<p>Denne fjernbetjening er standard for alle TSO C91a og TSO C126 ELT pakkelister, undtagen ME406 ACE- og B406-seriens ELT&#8217;er. Hvis en OEM-kunde kr\u00e6ver en specifik fjernafbrydermodel, eller hvis ELT er specifikt leveret til milit\u00e6re applikationer, s\u00e5 vil denne fjernafbryder heller ikke v\u00e6re standard. <\/p>\n<p>&nbsp;<\/p>\n","protected":false},"featured_media":12236,"template":"","meta":{"_acf_changed":false,"om_disable_all_campaigns":false},"product_brand":[],"product_cat":[2353],"product_tag":[6492,2788,6490,6488],"class_list":{"0":"post-37947","1":"product","2":"type-product","3":"status-publish","4":"has-post-thumbnail","6":"product_cat-uncategorized","7":"product_tag-455-6196-da","8":"product_tag-fjernbetjening","9":"product_tag-standard-da","10":"product_tag-standard-455-6196-da","12":"first","13":"instock","14":"taxable","15":"shipping-taxable","16":"purchasable","17":"product-type-simple"},"acf":[],"_links":{"self":[{"href":"https:\/\/acrartex-intl.dev.enterwell.space\/da\/wp-json\/wp\/v2\/product\/37947","targetHints":{"allow":["GET"]}}],"collection":[{"href":"https:\/\/acrartex-intl.dev.enterwell.space\/da\/wp-json\/wp\/v2\/product"}],"about":[{"href":"https:\/\/acrartex-intl.dev.enterwell.space\/da\/wp-json\/wp\/v2\/types\/product"}],"wp:featuredmedia":[{"embeddable":true,"href":"https:\/\/acrartex-intl.dev.enterwell.space\/da\/wp-json\/wp\/v2\/media\/12236"}],"wp:attachment":[{"href":"https:\/\/acrartex-intl.dev.enterwell.space\/da\/wp-json\/wp\/v2\/media?parent=37947"}],"wp:term":[{"taxonomy":"product_brand","embeddable":true,"href":"https:\/\/acrartex-intl.dev.enterwell.space\/da\/wp-json\/wp\/v2\/product_brand?post=37947"},{"taxonomy":"product_cat","embeddable":true,"href":"https:\/\/acrartex-intl.dev.enterwell.space\/da\/wp-json\/wp\/v2\/product_cat?post=37947"},{"taxonomy":"product_tag","embeddable":true,"href":"https:\/\/acrartex-intl.dev.enterwell.space\/da\/wp-json\/wp\/v2\/product_tag?post=37947"}],"curies":[{"name":"wp","href":"https:\/\/api.w.org\/{rel}","templated":true}]}}