{"id":39982,"date":"2021-11-12T16:18:34","date_gmt":"2021-11-12T21:18:34","guid":{"rendered":"https:\/\/acrartex-intl.dev.enterwell.space\/products\/bivy-stick-solpanel-overlevelsessaet\/"},"modified":"2025-08-08T14:38:23","modified_gmt":"2025-08-08T19:38:23","slug":"bivy-stick-solpanel-overlevelsessaet","status":"publish","type":"product","link":"https:\/\/acrartex-intl.dev.enterwell.space\/da\/products\/bivy-stick-solpanel-overlevelsessaet\/","title":{"rendered":"Bivy stick  solpanel overlevelsess\u00e6t"},"content":{"rendered":"<p>Aktiv\u00e9r simpelthen Bivy Stick SOS via knappen p\u00e5 enheden eller gennem appen p\u00e5 din telefon. Bivy Stick-abonnementet inkluderer 24\/7 overv\u00e5gning af Global Rescue. Aktivering af SOS giver dig mulighed for at kommunikere med Global Rescue via tekst, eller hvis du ikke kan kommunikere via tekst, vil Efters\u00f8gning  Redning blive guidet til din GPS-position.  <\/p>\n<p>N\u00e5r Efters\u00f8gning og Redning ankommer til stedet, vil det klare LED C-Strobe H2O-stroboskoplys tiltr\u00e6kke redningsfolkenes opm\u00e6rksomhed om natten, eller brug signalspejlet i dagstimerne for at f\u00e5 deres opm\u00e6rksomhed. Opbevar alt dit n\u00f8dudstyr i RapidDitch Dry Bag for at holde dit overlevelsess\u00e6t praktisk samlet. <\/p>\n<p>Bivy 15W Solpanel vil holde din telefon og Bivy Stick opladet under hele dit eventyr. Solpanelet konverterer effektivt op til 20% af solenergi til str\u00f8m, og dets ultratynde og foldbare design g\u00f8r det nemt at b\u00e6re. <\/p>\n<p>&nbsp;<\/p>\n<p>Dette s\u00e6t indeholder f\u00f8lgende essentielle overlevelsesprodukter:<\/p>\n<ul>\n<li>Bivy 2-vejs satellitkommunikator med 24\/7 SOS drevet af Global Rescue (Abonnement p\u00e5kr\u00e6vet)<\/li>\n<li>Bivy 15W Solpanel<\/li>\n<li>C-Strobe H2O redningslys<\/li>\n<li>Signalspejl<\/li>\n<li>Res-q\u2122 fl\u00f8jte<\/li>\n<li>RapidDitch t\u00f8rpose<\/li>\n<\/ul>\n<p><strong>Solpanel: <\/strong><\/p>\n<p>INTELLIGENT OPLADNINGSTEKNOLOGI: USB-porten genkender automatisk dine enheder for at levere den optimale opladningsstr\u00f8m og hastighed for at minimere opladningstiden.<\/p>\n<p>H\u00d8J KONVERTERINGSRATE: det ETFE-belagte panel absorberer sollys effektivt og konverterer op til 20% af solenergi til str\u00f8m; oplader problemfrit iOS, Android, Bivy Stick, batteripakker, GoPro og anden elektronik.<\/p>\n<p>B\u00c6RBAR  LETV\u00c6GT: ultratyndt og foldbart design g\u00f8r det nemt at b\u00e6re;<\/p>\n<p>SNAVS-  ST\u00c6NKT\u00c6T: IPX4 vandt\u00e6thedsklassificering, som er modstandsdygtig over for vandspr\u00f8jt og st\u00f8v, uanset retning; hvilket g\u00f8r den perfekt til udend\u00f8rs brug.<\/p>\n<p>Effekt: 15WBovy<\/p>\n<dl>\n<dt>Output: 5V\/3A<\/dt>\n<\/dl>\n<dl>\n<dt>Certifikat: CE FCC ROHS<\/dt>\n<\/dl>\n<dl>\n<dt>V\u00e6gt: 450g<\/dt>\n<dt><\/dt>\n<dt>St\u00f8rrelse: (foldet) 25,4 cm x 16,5 cm x 1,9 cm<\/dt>\n<dt> (Udfoldet) 25,4 cm x 49,5 cm<\/dt>\n<\/dl>\n","protected":false},"excerpt":{"rendered":"<p>Med global satellitd\u00e6kning via Iridium-satellitnetv\u00e6rket kan du kommunikere gennem Bivy Stick, hvor som helst du har udsyn til himlen. Selvom Bivy Stick er praktisk kompakt, tilbyder den stadig et omfattende s\u00e6t funktioner, herunder tovejs tekstbeskeder, SOS, positionsdeling, et-tryks check-in og detaljerede vejrrapporter sendt direkte til din mobiltelefon via satellit. Nu tilg\u00e6ngelig med det helt nye Bivy Stick  Solpanel Overlevelsess\u00e6t.  <\/p>\n<p><a href=\"http:\/\/acrartex-intl.dev.enterwell.space\/survival-products-end-of-year\/\"><img loading=\"lazy\" decoding=\"async\" class=\"alignnone size-medium wp-image-25976\" src=\"http:\/\/acrartex-intl.dev.enterwell.space\/wp-content\/uploads\/2021\/03\/End-of-Year-EVENT-Button-W-BG-300x38.gif\" alt=\"\" width=\"300\" height=\"38\"><\/a><\/p>\n<p><a href=\"https:\/\/www.dropbox.com\/s\/fk04stqsp2hgk5f\/Prop%2065%20-%20DEHP.pdf?dl=0\" data-cke-saved-href=\"https:\/\/www.dropbox.com\/s\/fk04stqsp2hgk5f\/Prop%2065%20-%20DEHP.pdf?dl=0\">ADVARSEL: PROP 65<\/a><\/p>\n","protected":false},"featured_media":26003,"template":"","meta":{"_acf_changed":false,"om_disable_all_campaigns":false},"product_brand":[],"product_cat":[3409,3274,3275],"product_tag":[6957,7006,6991,6961,6937,6965,7018,6995,7001,7010,6942,6946,7013,6989,6974,6969,3280,6950,6981,6976,7019,6934,6984,6953],"class_list":{"0":"post-39982","1":"product","2":"type-product","3":"status-publish","4":"has-post-thumbnail","6":"product_cat-luftfart-da","7":"product_cat-marine-da","8":"product_cat-udendors","9":"product_tag-2-vejs-kommunikation","10":"product_tag-2364-da","11":"product_tag-4601-da","12":"product_tag-acr-bivy-da","13":"product_tag-bivy-da","14":"product_tag-bivy-app-da","15":"product_tag-bivy-og-solpanel-saet","16":"product_tag-bivy-overlevelse","17":"product_tag-bivy-overlevelsessaet","18":"product_tag-bivy-solpanel","19":"product_tag-bivy-stick-da","20":"product_tag-bivy-stick-bla","21":"product_tag-bivy-stick-solpanel-overlevelsessaet","22":"product_tag-bivy-vs-plb-da","23":"product_tag-bluetooth-da","24":"product_tag-global-rescue-da","25":"product_tag-gps-da","26":"product_tag-iridium-da","27":"product_tag-mindste-satellitkommunikator","28":"product_tag-mini-da","29":"product_tag-mini-gps-da","30":"product_tag-overlevelsessaet","31":"product_tag-satellit-gps-sporing","32":"product_tag-sporing","34":"first","35":"outofstock","36":"taxable","37":"shipping-taxable","38":"purchasable","39":"product-type-simple"},"acf":[],"_links":{"self":[{"href":"https:\/\/acrartex-intl.dev.enterwell.space\/da\/wp-json\/wp\/v2\/product\/39982","targetHints":{"allow":["GET"]}}],"collection":[{"href":"https:\/\/acrartex-intl.dev.enterwell.space\/da\/wp-json\/wp\/v2\/product"}],"about":[{"href":"https:\/\/acrartex-intl.dev.enterwell.space\/da\/wp-json\/wp\/v2\/types\/product"}],"wp:featuredmedia":[{"embeddable":true,"href":"https:\/\/acrartex-intl.dev.enterwell.space\/da\/wp-json\/wp\/v2\/media\/26003"}],"wp:attachment":[{"href":"https:\/\/acrartex-intl.dev.enterwell.space\/da\/wp-json\/wp\/v2\/media?parent=39982"}],"wp:term":[{"taxonomy":"product_brand","embeddable":true,"href":"https:\/\/acrartex-intl.dev.enterwell.space\/da\/wp-json\/wp\/v2\/product_brand?post=39982"},{"taxonomy":"product_cat","embeddable":true,"href":"https:\/\/acrartex-intl.dev.enterwell.space\/da\/wp-json\/wp\/v2\/product_cat?post=39982"},{"taxonomy":"product_tag","embeddable":true,"href":"https:\/\/acrartex-intl.dev.enterwell.space\/da\/wp-json\/wp\/v2\/product_tag?post=39982"}],"curies":[{"name":"wp","href":"https:\/\/api.w.org\/{rel}","templated":true}]}}