{"id":40101,"date":"2021-06-21T15:30:55","date_gmt":"2021-06-21T20:30:55","guid":{"rendered":"https:\/\/acrartex-intl.dev.enterwell.space\/products\/bivy-stick\/"},"modified":"2021-06-21T15:30:55","modified_gmt":"2021-06-21T20:30:55","slug":"bivy-stick","status":"publish","type":"product","link":"https:\/\/acrartex-intl.dev.enterwell.space\/da\/products\/bivy-stick\/","title":{"rendered":"Bivy stick"},"content":{"rendered":"<p>Brug Bivy Stick til at forvandle din mobiltelefon til en satellitkommunikationsenhed. Med global satellitd\u00e6kning via Iridium-satellitnetv\u00e6rket kan du kommunikere gennem Bivy Stick, hvor som helst du har udsyn til himlen. Selvom Bivy Stick er praktisk kompakt, tilbyder den stadig et omfattende s\u00e6t funktioner, herunder tovejs tekstbeskeder, SOS, deling af placering, tjek ind med \u00e9t tryk og detaljerede vejrudsigter sendt direkte til din mobiltelefon via satellit. Derudover tilbyder Bivy Stick en funktion, som mange andre satellitkommunikatorer ikke har: et dedikeret telefonnummer og e-mail. Denne vigtige funktion tillader uopfordrede indg\u00e5ende beskeder, hvilket betyder, at de personer, der er vigtigst for dig, kan kontakte dig n\u00e5r som helst, uden at du beh\u00f8ver at tage kontakt f\u00f8rst.    <\/p>\n<p>V\u00e6rdien af Bivy Stick forst\u00e6rkes yderligere via vigtige tilbeh\u00f8r s\u00e5som det store udvalg af tilg\u00e6ngelige monteringsmuligheder. De mange tilg\u00e6ngelige beslag g\u00f8r det muligt for brugerne at fastg\u00f8re Bivy Stick til ethvert k\u00f8ret\u00f8j, rygs\u00e6k eller struktur og g\u00f8r den til en ideel enhed for eventyrere, der bev\u00e6ger sig fra \u00e9n aktivitet til en anden. Det tilg\u00e6ngelige b\u00e6rbare og lette solpanel giver ogs\u00e5 st\u00f8rre fleksibilitet i brugen. Med intelligent opladningsteknologi giver solpanelet brugerne mulighed for effektivt at udnytte solenergi og bekvemt forl\u00e6nge batterilevetiden p\u00e5 Bivy Stick, n\u00e5r de er off-grid.   <\/p>\n<p><b>Bivy app&#8217;ens rolle<\/b><\/p>\n<p>Bivy-appen har mere end 50.000 eventyr klar til at blive udforsket. Uanset hvad du kan lide at lave udend\u00f8rs, kan du finde et sted at g\u00f8re det med Bivy-appen. Med tyve forskellige eventyrtyper lige ved h\u00e5nden er Bivy-appen et alsidigt v\u00e6rkt\u00f8j, der kan im\u00f8dekomme alle dine eventyrbehov. Bivy-appen giver dig ogs\u00e5 mulighed for at holde styr p\u00e5 alle dine eventyr. Spor dit tempo, distance, h\u00f8jde og mere. Plus f\u00e5 adgang til detaljerede offline kort overalt i verden. Vid altid, hvor du er, selv uden mobilforbindelse.      <\/p>\n<p>Som f\u00f8rende inden for livredningsprodukter til b\u00e5de professionel og rekreativ brug, bringer ACR&#8217;s Bivy Stick sikkerheden og sindsroen ved overkommelig og p\u00e5lidelig satellitkommunikation til alle.<\/p>\n<p><b>Funktioner og fordele:<\/b><\/p>\n<ul>\n<li>Ingen aktiveringsgebyrer og ingen \u00e5rlig kontrakt p\u00e5kr\u00e6vet (<a href=\"https:\/\/www.bivy.com\/data-plans\" data-cke-saved-href=\"https:\/\/www.bivy.com\/data-plans\">m\u00e5nedligt abonnement p\u00e5kr\u00e6vet<\/a>)<\/li>\n<li>Global satellitd\u00e6kning (Iridium)<\/li>\n<li><span style=\"font-family: Tahoma, sans-serif;\">Send og modtag beskeder via satellit<\/span><\/li>\n<li>Vejrudsigter via satellit<\/li>\n<li><span lang=\"ES\">SOS-overv\u00e5gning via satellit (<a href=\"https:\/\/partner.globalrescue.com\/bivy\/\">Global Rescue<\/a>)<\/span><\/li>\n<li>Positionssporing og -deling via satellit<\/li>\n<li>Kortvisning og navigation<\/li>\n<li>Offline kort<\/li>\n<li>Tjek ind med \u00e9t tryk (tilg\u00e6ngelig direkte fra enheden og via appen)<\/li>\n<li>Tusindvis af kortlagte klatre-, vandre-, cykel-, paddle-, skiruter<\/li>\n<li>Send\/modtag beskeder og udveksl positioner med andre Bivy Stick-brugere<\/li>\n<li>Uopfordrede indg\u00e5ende beskeder<\/li>\n<li>Dedikeret telefonnummer og e-mail<\/li>\n<li>Personlig profil med spor og statistikker<\/li>\n<li>Hundredvis af monteringsmuligheder er tilg\u00e6ngelige<\/li>\n<li>Lille og let<\/li>\n<\/ul>\n","protected":false},"excerpt":{"rendered":"<p>Best\u00e5ende af Bivy Stick og Bivy App, kombinerer Bivy-platformen funktionsrig hardware og software for at skabe den perfekte blanding af sikkerhed og bekvemmelighed. Ideel til eventyr og off-grid-aktiviteter i alle former og st\u00f8rrelser. Brug Bivy-platformen til at planl\u00e6gge din oplevelse, holde dig p\u00e5 sporet under hele oplevelsen og forblive i kontakt med alle, der betyder noget, samtidig med at du ved, at hj\u00e6lp altid er tilg\u00e6ngelig med et enkelt tryk p\u00e5 en knap. <\/p>\n<p><a href=\"http:\/\/acrartex-intl.dev.enterwell.space\/survival-products-end-of-year\/\"><img loading=\"lazy\" decoding=\"async\" class=\"alignnone size-medium wp-image-25976\" src=\"http:\/\/acrartex-intl.dev.enterwell.space\/wp-content\/uploads\/2021\/03\/End-of-Year-EVENT-Button-W-BG-300x38.gif\" alt=\"\" width=\"300\" height=\"38\"><\/a><\/p>\n<p><a href=\"https:\/\/www.dropbox.com\/s\/0ezw0kexbm120vv\/Prop%2065%20-%20Lead%20and%20Lead%20Compounds.pdf?dl=0\">ADVARSEL: PROP 65<\/a><\/p>\n<p>&nbsp;<\/p>\n","protected":false},"featured_media":22590,"template":"","meta":{"_acf_changed":false,"om_disable_all_campaigns":false},"product_brand":[],"product_cat":[3274,3275],"product_tag":[6957,6991,6961,6937,6965,6942,6946,6989,6974,6969,6950,6981,6976,6984,6953,7301,7303],"class_list":{"0":"post-40101","1":"product","2":"type-product","3":"status-publish","4":"has-post-thumbnail","6":"product_cat-marine-da","7":"product_cat-udendors","8":"product_tag-2-vejs-kommunikation","9":"product_tag-4601-da","10":"product_tag-acr-bivy-da","11":"product_tag-bivy-da","12":"product_tag-bivy-app-da","13":"product_tag-bivy-stick-da","14":"product_tag-bivy-stick-bla","15":"product_tag-bivy-vs-plb-da","16":"product_tag-bluetooth-da","17":"product_tag-global-rescue-da","18":"product_tag-iridium-da","19":"product_tag-mindste-satellitkommunikator","20":"product_tag-mini-da","21":"product_tag-satellit-gps-sporing","22":"product_tag-sporing","23":"product_tag-spot-da","24":"product_tag-spot-x-da","26":"first","27":"instock","28":"taxable","29":"shipping-taxable","30":"purchasable","31":"product-type-simple"},"acf":[],"_links":{"self":[{"href":"https:\/\/acrartex-intl.dev.enterwell.space\/da\/wp-json\/wp\/v2\/product\/40101","targetHints":{"allow":["GET"]}}],"collection":[{"href":"https:\/\/acrartex-intl.dev.enterwell.space\/da\/wp-json\/wp\/v2\/product"}],"about":[{"href":"https:\/\/acrartex-intl.dev.enterwell.space\/da\/wp-json\/wp\/v2\/types\/product"}],"wp:featuredmedia":[{"embeddable":true,"href":"https:\/\/acrartex-intl.dev.enterwell.space\/da\/wp-json\/wp\/v2\/media\/22590"}],"wp:attachment":[{"href":"https:\/\/acrartex-intl.dev.enterwell.space\/da\/wp-json\/wp\/v2\/media?parent=40101"}],"wp:term":[{"taxonomy":"product_brand","embeddable":true,"href":"https:\/\/acrartex-intl.dev.enterwell.space\/da\/wp-json\/wp\/v2\/product_brand?post=40101"},{"taxonomy":"product_cat","embeddable":true,"href":"https:\/\/acrartex-intl.dev.enterwell.space\/da\/wp-json\/wp\/v2\/product_cat?post=40101"},{"taxonomy":"product_tag","embeddable":true,"href":"https:\/\/acrartex-intl.dev.enterwell.space\/da\/wp-json\/wp\/v2\/product_tag?post=40101"}],"curies":[{"name":"wp","href":"https:\/\/api.w.org\/{rel}","templated":true}]}}