{"id":40110,"date":"2023-06-12T06:55:38","date_gmt":"2023-06-12T11:55:38","guid":{"rendered":"https:\/\/acrartex-intl.dev.enterwell.space\/products\/bivy-stick-abonnementsbaseret\/"},"modified":"2023-06-12T06:55:38","modified_gmt":"2023-06-12T11:55:38","slug":"bivy-stick-abonnementsbaseret","status":"publish","type":"product","link":"https:\/\/acrartex-intl.dev.enterwell.space\/da\/products\/bivy-stick-abonnementsbaseret\/","title":{"rendered":"Bivy stick (abonnementsbaseret)"},"content":{"rendered":"<p>Brug Bivy Stick til at forvandle din mobiltelefon til en satellitkommunikationsenhed. Med global satellitd\u00e6kning via Iridium-satellitnetv\u00e6rket kan du kommunikere gennem Bivy Stick, hvor som helst du har udsigt til himlen. Selvom den er praktisk kompakt, tilbyder Bivy Stick stadig et omfattende s\u00e6t funktioner, herunder tovejstekstbeskeder, SOS, positionsdeling, ettrykstjek-ind og detaljerede vejrudsigter sendt direkte til din mobiltelefon via satellit. Derudover tilbyder Bivy Stick en funktion, som mange andre satellitkommunikatorer ikke har: et dedikeret telefonnummer og email. Denne vigtige funktion tillader uopfordrede indg\u00e5ende beskeder, hvilket betyder, at dem, der er vigtigst for dig, kan n\u00e5 dig n\u00e5r som helst, uden at du beh\u00f8ver at initiere kontakten.    <\/p>\n<p>V\u00e6rdien af Bivy Stick forbedres yderligere via vigtige tilbeh\u00f8r s\u00e5som det store udvalg af tilg\u00e6ngelige monteringsmuligheder. De mange tilg\u00e6ngelige beslag g\u00f8r det muligt for brugerne at fastg\u00f8re Bivy Stick til ethvert k\u00f8ret\u00f8j, rygs\u00e6k eller struktur og g\u00f8r den til en ideel enhed for eventyrere, der skifter fra en aktivitet til en anden. Det tilg\u00e6ngelige b\u00e6rbare og lette solpanel giver ogs\u00e5 st\u00f8rre fleksibilitet i brug. Med intelligent opladningsteknologi giver solpanelet brugerne mulighed for effektivt at udnytte solenergi og bekvemt forl\u00e6nge batterilevetiden p\u00e5 Bivy Stick, mens de er off-grid.   <\/p>\n<p><b>Bivy app&#8217;ens rolle<\/b><\/p>\n<p>Bivy app&#8217;en har mere end 50.000 eventyr klar til at blive udforsket. Uanset hvad du kan lide at lave udend\u00f8rs, kan du finde et sted at g\u00f8re det med Bivy app&#8217;en. Med tyve forskellige eventyrtyper lige ved fingerspidserne er Bivy App et alsidigt v\u00e6rkt\u00f8j, der kan opfylde alle dine eventyr-behov. Bivy App&#8217;en giver dig ogs\u00e5 mulighed for at holde styr p\u00e5 alle dine eventyr. Spor dit tempo, distance, h\u00f8jde og meget mere. Plus f\u00e5 adgang til detaljerede offline kort overalt i verden. Vid altid, hvor du er, selv uden mobiltjeneste.      <\/p>\n<p>Som f\u00f8rende inden for livredningsprodukter til b\u00e5de professionel og rekreativ brug, bringer ACR&#8217;s Bivy Stick sikkerheden og sindsroen fra overkommelig og p\u00e5lidelig satellitkommunikation til alle.<\/p>\n<p><b>Funktioner og fordele:<\/b><\/p>\n<ul>\n<li>Ingen aktiveringsgebyrer (<a href=\"https:\/\/www.bivy.com\/data-plans\" data-cke-saved-href=\"https:\/\/www.bivy.com\/data-plans\">m\u00e5nedligt abonnement p\u00e5kr\u00e6vet<\/a>), 4 p\u00e5 hinanden f\u00f8lgende m\u00e5neder med Plus eller Unlimited abonnementer kr\u00e6ves ved aktivering<\/li>\n<li>Global satellitd\u00e6kning (Iridium)<\/li>\n<li>Send og modtag beskeder via satellit<\/li>\n<li>Vejrudsigter via satellit<\/li>\n<li><span lang=\"ES\">SOS-overv\u00e5gning via satellit (<a href=\"https:\/\/partner.globalrescue.com\/bivy\/\">Global Rescue<\/a>)<\/span><\/li>\n<li>Positionssporing og -deling via satellit<\/li>\n<li>Kortvisning og navigation<\/li>\n<li>Offline kort<\/li>\n<li>Ettrykstjek-ind (tilg\u00e6ngelig direkte fra enheden og via app&#8217;en)<\/li>\n<li>Tusindvis af kortlagte klatre-, vandre-, cykel-, paddle-, og skiruter<\/li>\n<li>Send\/modtag beskeder og udveksl positioner med andre Bivy Stick-brugere<\/li>\n<li>Uopfordrede indg\u00e5ende beskeder<\/li>\n<li>Dedikeret telefonnummer og email<\/li>\n<li>Personlig profil med spor og statistikker<\/li>\n<li>Hundredvis af beslag er tilg\u00e6ngelige<\/li>\n<li>Lille og let<\/li>\n<\/ul>\n","protected":false},"excerpt":{"rendered":"<p>Best\u00e5ende af Bivy Stick og Bivy App, kombinerer Bivy-platformen funktionsrig hardware og software for at skabe den perfekte blanding af sikkerhed og bekvemmelighed. Ideel til eventyr og off-grid-aktiviteter i alle former og st\u00f8rrelser. Brug Bivy-platformen til at planl\u00e6gge din oplevelse, holde dig p\u00e5 sporet i hele oplevelsens varighed og forbliv i kontakt med alle, der betyder noget for dig, samtidig med at du ved, at hj\u00e6lp altid er tilg\u00e6ngelig med et enkelt tryk p\u00e5 en knap. <\/p>\n<p>K\u00f8b simpelthen Bivy Stick, og v\u00e6lg derefter et Plus eller Unlimited dataabonnement i tre p\u00e5 hinanden f\u00f8lgende m\u00e5neder.<\/p>\n<p>Oplev alle fordelene ved 2-vejs satellitkommunikation til en helt ny lav pris og uden aktiveringsgebyrer.<\/p>\n<p>Fremstillet i USA!!<\/p>\n<p>&nbsp;<\/p>\n<p><a href=\"https:\/\/www.dropbox.com\/s\/0ezw0kexbm120vv\/Prop%2065%20-%20Lead%20and%20Lead%20Compounds.pdf?dl=0\">ADVARSEL: PROP 65<\/a><\/p>\n","protected":false},"featured_media":22602,"template":"","meta":{"_acf_changed":false,"om_disable_all_campaigns":false},"product_brand":[],"product_cat":[3274,3275],"product_tag":[],"class_list":{"0":"post-40110","1":"product","2":"type-product","3":"status-publish","4":"has-post-thumbnail","6":"product_cat-marine-da","7":"product_cat-udendors","8":"pa_activity-camping-da","9":"pa_activity-cykel","10":"pa_activity-klatring","12":"first","13":"instock","14":"taxable","15":"shipping-taxable","16":"purchasable","17":"product-type-subscription"},"acf":[],"_links":{"self":[{"href":"https:\/\/acrartex-intl.dev.enterwell.space\/da\/wp-json\/wp\/v2\/product\/40110","targetHints":{"allow":["GET"]}}],"collection":[{"href":"https:\/\/acrartex-intl.dev.enterwell.space\/da\/wp-json\/wp\/v2\/product"}],"about":[{"href":"https:\/\/acrartex-intl.dev.enterwell.space\/da\/wp-json\/wp\/v2\/types\/product"}],"wp:featuredmedia":[{"embeddable":true,"href":"https:\/\/acrartex-intl.dev.enterwell.space\/da\/wp-json\/wp\/v2\/media\/22602"}],"wp:attachment":[{"href":"https:\/\/acrartex-intl.dev.enterwell.space\/da\/wp-json\/wp\/v2\/media?parent=40110"}],"wp:term":[{"taxonomy":"product_brand","embeddable":true,"href":"https:\/\/acrartex-intl.dev.enterwell.space\/da\/wp-json\/wp\/v2\/product_brand?post=40110"},{"taxonomy":"product_cat","embeddable":true,"href":"https:\/\/acrartex-intl.dev.enterwell.space\/da\/wp-json\/wp\/v2\/product_cat?post=40110"},{"taxonomy":"product_tag","embeddable":true,"href":"https:\/\/acrartex-intl.dev.enterwell.space\/da\/wp-json\/wp\/v2\/product_tag?post=40110"}],"curies":[{"name":"wp","href":"https:\/\/api.w.org\/{rel}","templated":true}]}}