{"id":39485,"date":"2021-11-11T11:07:00","date_gmt":"2021-11-11T16:07:00","guid":{"rendered":"https:\/\/acrartex-intl.dev.enterwell.space\/programmierung-des-aislink-mob\/"},"modified":"2025-04-04T08:06:23","modified_gmt":"2025-04-04T13:06:23","slug":"programmierung-des-aislink-mob","status":"publish","type":"page","link":"https:\/\/acrartex-intl.dev.enterwell.space\/de\/programmierung-des-aislink-mob\/","title":{"rendered":"Programmierung des AISLink MOB"},"content":{"rendered":"\n<p>Diese Seite bietet verf\u00fcgbare Downloads an.<\/p>\n\n<p><\/p>\n\n<p>Verwenden Sie den unten stehenden Download-Link, um das Programm auf Ihrem Windows-Computer zu installieren, oder alternativ den Launch-Link, um die Anwendung als Webseite auf Ihren Computern, Tablets oder Telefonen auszuf\u00fchren.<\/p>\n\n<p>HINWEIS: Sollten Sie Schwierigkeiten bei der Programmierung Ihres AISLink MOB haben, konsultieren Sie bitte den Leitfaden zur Fehlerbehebung, der auf der Startseite des Programms zug\u00e4nglich ist. Dr\u00fccken Sie hierf\u00fcr die F1-Taste in der herunterladbaren Softwareversion oder klicken Sie auf &#8216;Hilfe&#8217; in der webbasierten Softwareversion. Der h\u00e4ufigste Grund f\u00fcr ein Fehlschlagen der Programmierung des AISLink MOB ist die Bildschirmhelligkeit. Bitte stellen Sie sicher, dass die Bildschirmhelligkeit auf das Maximum eingestellt ist, indem Sie die entsprechenden Tasten auf Ihrer Laptop-Tastatur oder Ihrem Bildschirm verwenden.  <\/p>\n\n<p>Die unten verf\u00fcgbare herunterladbare oder webbasierte Softwareversion ist spezifisch f\u00fcr die zul\u00e4ssigen DSC-Funktionen in dem Land, von dem aus Sie auf diese Webseite zugreifen.<\/p>\n\n<p><\/p>\n\n<h3 class=\"wp-block-heading\" id=\"h-downloadable-pc-software\">HERUNTERLADBARE PC-SOFTWARE<a href=\"http:\/\/acrartex-intl.dev.enterwell.space\/zone1-pc-software.zip\"><\/a><\/h3>\n\n<div class=\"wp-block-buttons is-layout-flex wp-block-buttons-is-layout-flex\">\n<div class=\"wp-block-button\"><a class=\"wp-block-button__link has-black-color has-text-color has-background\" href=\"https:\/\/www.dropbox.com\/s\/fo2qcyw0rx2l7ss\/zone1-pc-software.zip?dl=1\" style=\"background-color:#defa00\">Programmiersoftware herunterladen (Zone 1)<\/a><\/div>\n<\/div>\n\n<h3 class=\"wp-block-heading\">WEB-PROGRAMMIERSOFTWARE STARTEN<\/h3>\n\n<div class=\"wp-block-buttons is-layout-flex wp-block-buttons-is-layout-flex\">\n<div class=\"wp-block-button\"><a class=\"wp-block-button__link has-black-color has-text-color has-background\" href=\"https:\/\/old.acrartex.com\/support\/configure-aislink-mob\/program\" style=\"background-color:#defa00\">Web-Programmiersoftware starten (Zone 1)<\/a><\/div>\n<\/div>\n\n<p><a href=\"http:\/\/acrartex-intl.dev.enterwell.space\/support\/configure-aislink-mob\/program\"><\/a><\/p>\n","protected":false},"excerpt":{"rendered":"<p>Diese Seite bietet verf\u00fcgbare Downloads an. Verwenden Sie den unten stehenden Download-Link, um das Programm auf Ihrem Windows-Computer zu installieren, oder alternativ den Launch-Link, um die Anwendung als Webseite auf Ihren Computern, Tablets oder Telefonen auszuf\u00fchren. HINWEIS: Sollten Sie Schwierigkeiten bei der Programmierung Ihres AISLink MOB haben, konsultieren Sie bitte den Leitfaden zur Fehlerbehebung, der [&hellip;]<\/p>\n","protected":false},"author":22,"featured_media":0,"parent":0,"menu_order":0,"comment_status":"closed","ping_status":"closed","template":"","meta":{"_acf_changed":false,"om_disable_all_campaigns":false,"footnotes":""},"class_list":["post-39485","page","type-page","status-publish","hentry"],"acf":[],"_links":{"self":[{"href":"https:\/\/acrartex-intl.dev.enterwell.space\/de\/wp-json\/wp\/v2\/pages\/39485","targetHints":{"allow":["GET"]}}],"collection":[{"href":"https:\/\/acrartex-intl.dev.enterwell.space\/de\/wp-json\/wp\/v2\/pages"}],"about":[{"href":"https:\/\/acrartex-intl.dev.enterwell.space\/de\/wp-json\/wp\/v2\/types\/page"}],"author":[{"embeddable":true,"href":"https:\/\/acrartex-intl.dev.enterwell.space\/de\/wp-json\/wp\/v2\/users\/22"}],"replies":[{"embeddable":true,"href":"https:\/\/acrartex-intl.dev.enterwell.space\/de\/wp-json\/wp\/v2\/comments?post=39485"}],"version-history":[{"count":1,"href":"https:\/\/acrartex-intl.dev.enterwell.space\/de\/wp-json\/wp\/v2\/pages\/39485\/revisions"}],"predecessor-version":[{"id":39487,"href":"https:\/\/acrartex-intl.dev.enterwell.space\/de\/wp-json\/wp\/v2\/pages\/39485\/revisions\/39487"}],"wp:attachment":[{"href":"https:\/\/acrartex-intl.dev.enterwell.space\/de\/wp-json\/wp\/v2\/media?parent=39485"}],"curies":[{"name":"wp","href":"https:\/\/api.w.org\/{rel}","templated":true}]}}