{"id":39644,"date":"2021-02-26T10:02:44","date_gmt":"2021-02-26T15:02:44","guid":{"rendered":"https:\/\/acrartex-intl.dev.enterwell.space\/allgemeine-geschaeftsbedingungen-datenschutzerklaerung\/"},"modified":"2025-04-04T08:23:55","modified_gmt":"2025-04-04T13:23:55","slug":"allgemeine-geschaeftsbedingungen-datenschutzerklaerung","status":"publish","type":"page","link":"https:\/\/acrartex-intl.dev.enterwell.space\/de\/allgemeine-geschaeftsbedingungen-datenschutzerklaerung\/","title":{"rendered":"Allgemeine Gesch\u00e4ftsbedingungen &amp; Datenschutzerkl\u00e4rung"},"content":{"rendered":"\n<h2 class=\"wp-block-heading\">ALLGEMEINE GESCH\u00c4FTSBEDINGUNGEN &#8211; RECHTLICHER HINWEIS<\/h2>\n\n<p>ACR \/ Artex (ACR Electronics, Inc.) hat alle angemessenen Vorkehrungen getroffen, um sicherzustellen, dass die Informationen auf dieser Website zum Zeitpunkt ihrer urspr\u00fcnglichen Aufnahme korrekt waren. Es wird jedoch keine ausdr\u00fcckliche oder stillschweigende Garantie, Bedingung oder Zusicherung gegeben, dass die Informationen frei von Fehlern, Ungenauigkeiten oder Auslassungen sind. Dar\u00fcber hinaus k\u00f6nnen die Informationen ohne vorherige Ank\u00fcndigung \u00c4nderungen oder Aktualisierungen unterliegen und d\u00fcrfen nicht als Begr\u00fcndung einer vertraglichen oder sonstigen Verpflichtung angesehen werden, die f\u00fcr ACR Electronics, Inc. oder eines ihrer Tochter- oder verbundenen Unternehmen bindend ist.  <\/p>\n\n<p>Diese Website kann zu Ihrer Bequemlichkeit und Information Links zu Websites Dritter bereitstellen. Wenn Sie diese Links aufrufen, verlassen Sie die ACR \/ Artex-Website. Weder ACR Electronics, Inc. noch ihre Tochter- oder verbundenen Unternehmen kontrollieren diese Websites und bef\u00fcrworten weder direkt noch indirekt Informationen oder machen Zusicherungen \u00fcber Websites Dritter oder deren Eigent\u00fcmer. ACR Electronics, Inc. ist nicht verantwortlich f\u00fcr die Richtigkeit oder Zuverl\u00e4ssigkeit von Meinungen, Ratschl\u00e4gen oder Aussagen, die von einer anderen Partei als ACR Electronics, Inc. \u00fcber die Website gemacht werden, oder f\u00fcr Inhalte, die auf verlinkten Websites bereitgestellt werden, oder f\u00fcr die F\u00e4higkeiten oder Zuverl\u00e4ssigkeit von Produkten oder Dienstleistungen, die von einer verlinkten Website bezogen werden.  <\/p>\n\n<p>Keine Information auf dieser Website stellt eine Aufforderung zum Handel oder anderweitigen Investition in Aktien von ACR Electronics, Inc. dar. Im Falle von Diskrepanzen zwischen einer Version der Jahres- oder Halbjahresergebnisse, die auf dieser Website erscheinen, und der in gedruckter Form an die Aktion\u00e4re versandten Version, ist die gedruckte Version als die korrekte Version anzusehen.<\/p>\n\n<p>Alle Kommentare, Rezensionen, Geschichten, Medien oder Materialien, die \u00fcber diese Website an ACR Electronics, Inc. oder eines ihrer Tochter- oder verbundenen Unternehmen gesendet werden, einschlie\u00dflich Vorschl\u00e4gen und Antworten auf Fragen, gelten als nicht vertraulich. ACR hat alle Rechte an solchen Kommentaren und Materialien und kann diese nach eigenem Ermessen verwenden. <\/p>\n\n<h2 class=\"wp-block-heading\">ALLGEMEINE GESCH\u00c4FTSBEDINGUNGEN &#8211; URHEBERRECHT<\/h2>\n\n<p>Die auf der ACR \/ Artex-Website angezeigten Urheberrechte, Marken, Logos und Dienstleistungsmarken (&#8220;Marken&#8221;) sind Eigentum von ACR Electronics, Inc. und anderen Parteien. Benutzern ist es untersagt, die Marken f\u00fcr andere als die Zwecke dieser Website ohne die schriftliche Genehmigung von ACR Electronics, Inc. oder dem Dritten, dem die Marken geh\u00f6ren k\u00f6nnen, zu verwenden. Alle Informationen und Inhalte, die auf oder \u00fcber die Website von ACR Electronics, Inc. verf\u00fcgbar sind (&#8220;Inhalte&#8221;), sind urheberrechtlich gesch\u00fctzt. Benutzern ist es untersagt, Inhalte, die auf oder \u00fcber die Website von ACR Electronics, Inc. verf\u00fcgbar sind, f\u00fcr kommerzielle oder \u00f6ffentliche Zwecke zu modifizieren, zu kopieren, zu verteilen, zu \u00fcbertragen, anzuzeigen, zu ver\u00f6ffentlichen, zu verkaufen, zu lizenzieren, abgeleitete Werke zu erstellen oder zu verwenden.   <\/p>\n\n<h2 class=\"wp-block-heading\">ALLGEMEINE GESCH\u00c4FTSBEDINGUNGEN &#8211; HAFTUNGSAUSSCHLUSS<\/h2>\n\n<p>Obwohl bei der Erstellung dieser Website alle angemessene Sorgfalt angewandt wurde, wird unter keinen Umst\u00e4nden eine Haftung von ACR Electronics, Inc. oder ihren Tochter- oder verbundenen Unternehmen f\u00fcr Verluste \u00fcbernommen, die als Folge des Vertrauens auf eine Aussage, einen Fehler oder eine Auslassung hierin entstehen, einschlie\u00dflich, aber nicht beschr\u00e4nkt auf direkte, indirekte oder Folgesch\u00e4den, die aus Ihrer Nutzung der ACR-Website oder einer Website, mit der diese Website verlinkt ist, entstehen.<\/p>\n\n<p>Alle Inhalte auf der Website von ACR Electronics, Inc. werden Ihnen &#8220;wie besehen&#8221; ohne jegliche ausdr\u00fcckliche oder stillschweigende Garantie zur Verf\u00fcgung gestellt, einschlie\u00dflich, aber nicht beschr\u00e4nkt auf die stillschweigenden Garantien der Marktg\u00e4ngigkeit und Eignung f\u00fcr einen bestimmten Zweck, des Eigentums, der Nichtverletzung von Rechten Dritter, der Sicherheit oder Genauigkeit.<\/p>\n\n<p>Die Aussagen auf dieser Website spiegeln unser Verst\u00e4ndnis der aktuellen und vorgeschlagenen Gesetzgebung wider, die sich ohne vorherige Ank\u00fcndigung \u00e4ndern kann.<\/p>\n\n<p>Der Inhalt dieser Website sollte nicht als spezifische Beratung in Bezug auf die angesprochenen Angelegenheiten betrachtet werden.<\/p>\n\n<p>Nichts in diesen Allgemeinen Gesch\u00e4ftsbedingungen beschr\u00e4nkt unsere Haftung f\u00fcr Tod oder Personensch\u00e4den, die aus unserer Fahrl\u00e4ssigkeit resultieren.<\/p>\n\n<p>Diese Allgemeinen Gesch\u00e4ftsbedingungen und alle Streitigkeiten unterliegen dem Recht der Vereinigten Staaten von Amerika und der ausschlie\u00dflichen Zust\u00e4ndigkeit der Gerichte der Vereinigten Staaten von Amerika.<\/p>\n\n<h2 class=\"wp-block-heading\">DATENSCHUTZERKL\u00c4RUNG &#8211; DATENSCHUTZERKL\u00c4RUNG &#8211; ACR \/ ARTEX PRODUKTE<\/h2>\n\n<p>ACR Electronics, Inc. (&#8220;ACR&#8221;), handelnd als ACR \/ Artex, verpflichtet sich zum Schutz Ihrer Privatsph\u00e4re und zur Entwicklung von Technologien, die Ihnen das leistungsf\u00e4higste und sicherste Online-Erlebnis bieten. Diese Datenschutzerkl\u00e4rung gilt f\u00fcr die Website, die Sie derzeit betrachten (&#8220;die Website&#8221;), und regelt die Datenerfassung und -nutzung. Durch den Zugriff auf, das Durchsuchen und\/oder die Nutzung der Website stimmen Sie den in dieser Erkl\u00e4rung beschriebenen Datenpraktiken zu und erkl\u00e4ren sich damit einverstanden, alle geltenden Gesetze und Vorschriften einzuhalten.  <\/p>\n\n<h2 class=\"wp-block-heading\">DATENSCHUTZERKL\u00c4RUNG &#8211; VERWENDUNG IHRER PERS\u00d6NLICHEN INFORMATIONEN<\/h2>\n\n<p>ACR Electronics, Inc. erhebt und verwendet Ihre personenbezogenen Daten, um die Website zu betreiben und die von Ihnen angeforderten Dienstleistungen zu erbringen. ACR Electronics, Inc. nutzt Ihre personenbezogenen Daten auch, um Sie \u00fcber weitere Produkte oder Dienstleistungen zu informieren, die von ACR Electronics, Inc. und\/oder seinen verbundenen Unternehmen angeboten werden. ACR Electronics, Inc. kann Sie zudem mittels Umfragen kontaktieren, um Ihre Meinung zu aktuellen Dienstleistungen oder potenziellen neuen Dienstleistungen, die angeboten werden k\u00f6nnten, zu erforschen.  <\/p>\n\n<p>Die von Ihnen offengelegten Informationen k\u00f6nnen ohne Ihre Zustimmung auch an Unternehmen und Einzelpersonen weitergegeben werden, die im Auftrag von ACR Electronics, Inc. Dienstleistungen erbringen, wie beispielsweise Kundendienstmitarbeiter, Marketing- und Kreditkartenabwicklungsunternehmen. Schlie\u00dflich k\u00f6nnen die von ACR Electronics, Inc. erhobenen personenbezogenen Daten im Falle einer Eigentums\u00fcbertragung, einer \u00dcbertragung von Verm\u00f6genswerten oder eines Konkurses von ACR Electronics, Inc. ohne Ihre Zustimmung an Dritte weitergegeben werden. <\/p>\n\n<p>ACR Electronics, Inc. verkauft, vermietet oder verpachtet seine Kundenlisten nicht an Dritte. ACR Electronics, Inc. kann Sie von Zeit zu Zeit im Namen externer Gesch\u00e4ftspartner bez\u00fcglich eines bestimmten Angebots kontaktieren, das f\u00fcr Sie von Interesse sein k\u00f6nnte. In solchen F\u00e4llen werden Ihre einzigartigen personenbezogenen Daten (E-Mail, Name, Adresse, Telefonnummer) nicht an den Dritten \u00fcbertragen. Dar\u00fcber hinaus kann ACR Electronics, Inc. Daten mit vertrauensw\u00fcrdigen Partnern teilen, um uns bei der Durchf\u00fchrung statistischer Analysen zu unterst\u00fctzen, Ihnen E-Mails oder Postsendungen zukommen zu lassen oder Lieferungen zu arrangieren.   <\/p>\n\n<p>ACR Electronics, Inc. verwendet oder offenbart keine sensiblen personenbezogenen Daten wie Rasse, Religion oder politische Zugeh\u00f6rigkeiten ohne Ihre ausdr\u00fcckliche Zustimmung.<\/p>\n\n<p>ACR Electronics, Inc. wird Ihre personenbezogenen Daten ohne vorherige Ank\u00fcndigung offenlegen, wenn dies gesetzlich vorgeschrieben ist oder wenn ACR Electronics, Inc. in gutem Glauben davon ausgeht, dass eine solche Ma\u00dfnahme erforderlich ist, um: (a) den Vorschriften des Gesetzes zu entsprechen oder einem ACR Electronics, Inc. oder der Website zugestellten Gerichtsbeschluss nachzukommen; (b) die Rechte oder das Eigentum von ACR Electronics, Inc. zu sch\u00fctzen und zu verteidigen; und (c) unter dringlichen Umst\u00e4nden die pers\u00f6nliche Sicherheit der Nutzer von ACR Electronics, Inc. oder der \u00d6ffentlichkeit zu sch\u00fctzen.     <\/p>\n\n<h2 class=\"wp-block-heading\">DATENSCHUTZERKL\u00c4RUNG &#8211; VERWENDUNG VON COOKIES<\/h2>\n\n<p>Die Website verwendet &#8220;Cookies&#8221;, um Ihnen die Personalisierung Ihres Online-Erlebnisses zu erm\u00f6glichen. Ein Cookie ist eine Textdatei, die von einem Webserver auf Ihrer Festplatte platziert wird. Cookies k\u00f6nnen nicht verwendet werden, um Programme auszuf\u00fchren oder Viren auf Ihren Computer zu \u00fcbertragen. Cookies werden Ihnen eindeutig zugeordnet und k\u00f6nnen nur von einem Webserver in der Domain gelesen werden, die Ihnen das Cookie ausgestellt hat.   <\/p>\n\n<p>Einer der Hauptzwecke von Cookies ist es, eine Komfortfunktion zu bieten, die Ihnen Zeit spart. Der Zweck eines Cookies besteht darin, dem Webserver mitzuteilen, dass Sie zu einer bestimmten Seite zur\u00fcckgekehrt sind. Dies vereinfacht den Prozess der Aufzeichnung Ihrer pers\u00f6nlichen Informationen, wie Rechnungsadressen, Lieferadressen und so weiter. Wenn Sie zur selben Website zur\u00fcckkehren, k\u00f6nnen die zuvor von Ihnen bereitgestellten Informationen abgerufen werden, sodass Sie die von Ihnen angepassten Funktionen von ACR Electronics, Inc. leicht nutzen k\u00f6nnen.   <\/p>\n\n<p>Sie haben die M\u00f6glichkeit, Cookies zu akzeptieren oder abzulehnen. Die meisten Webbrowser akzeptieren Cookies automatisch, aber Sie k\u00f6nnen Ihre Browsereinstellungen in der Regel so \u00e4ndern, dass Cookies abgelehnt werden, wenn Sie dies bevorzugen. Wenn Sie sich daf\u00fcr entscheiden, Cookies abzulehnen, k\u00f6nnen Sie m\u00f6glicherweise die interaktiven Funktionen der Website nicht vollst\u00e4ndig nutzen.  <\/p>\n\n<h2 class=\"wp-block-heading\">DATENSCHUTZERKL\u00c4RUNG &#8211; HAFTUNGSAUSSCHLUSS<\/h2>\n\n<p>ACR Electronics, Inc. kann nicht garantieren, dass all Ihre privaten Kommunikationen und anderen pers\u00f6nlichen Informationen niemals in einer Weise offengelegt werden, die in dieser Erkl\u00e4rung nicht anderweitig beschrieben ist. Als Nutzer dieser Website verstehen und akzeptieren Sie, dass Sie die volle Verantwortung und das volle Risiko f\u00fcr Ihre Nutzung der Website, des Internets im Allgemeinen und der Dokumente, die Sie ver\u00f6ffentlichen oder auf die Sie zugreifen, sowie f\u00fcr Ihr Verhalten auf und au\u00dferhalb der Website \u00fcbernehmen. F\u00fcr weitere Informationen konsultieren Sie bitte die Allgemeinen Nutzungsbedingungen von ACR Electronics, Inc., die hiermit durch Verweis einbezogen werden.   <\/p>\n\n<h2 class=\"wp-block-heading\">DATENSCHUTZERKL\u00c4RUNG &#8211; \u00c4NDERUNGEN DIESER ERKL\u00c4RUNG<\/h2>\n\n<p>ACR Electronics, Inc. kann nach eigenem Ermessen \u00c4nderungen an dieser Erkl\u00e4rung vornehmen. Wenn ACR Electronics, Inc. \u00c4nderungen an der Erkl\u00e4rung vornimmt, wird ACR Electronics, Inc. Sie dar\u00fcber informieren, indem die \u00fcberarbeitete Erkl\u00e4rung auf der Website ver\u00f6ffentlicht wird. ACR Electronics, Inc. ermutigt Sie, diese Erkl\u00e4rung regelm\u00e4\u00dfig zu \u00fcberpr\u00fcfen, um dar\u00fcber informiert zu sein, wie ACR Electronics, Inc. Ihre Informationen sch\u00fctzt.  <\/p>\n\n<h2 class=\"wp-block-heading\">DATENSCHUTZERKL\u00c4RUNG &#8211; KONTAKTINFORMATIONEN<\/h2>\n\n<p>ACR Electronics, Inc. begr\u00fc\u00dft Ihre Kommentare zu dieser Erkl\u00e4rung. Wenn Sie der Meinung sind, dass wir uns nicht an diese Erkl\u00e4rung gehalten haben, senden Sie uns bitte eine E-Mail \u00fcber das Kontaktformular auf der Website. <\/p>\n\n<p>\u00a9 Copyright 2020 ACR Electronics, Inc.<br\/>Alle Rechte weltweit vorbehalten.<\/p>\n\n<h2 class=\"wp-block-heading\">DATENSCHUTZERKL\u00c4RUNG &#8211; ERHEBUNG IHRER PERSONENBEZOGENEN DATEN<\/h2>\n\n<p>ACR Electronics, Inc. erhebt personenbezogene Daten, wie Ihre E-Mail-Adresse, Name, Privat- oder Gesch\u00e4ftsadresse oder Telefonnummer. ACR Electronics, Inc. sammelt zudem anonyme demografische Informationen, die nicht individuell zuordenbar sind, wie Postleitzahl, Alter, Geschlecht, Pr\u00e4ferenzen, Interessen und Favoriten. <\/p>\n\n<p>Es werden auch Informationen \u00fcber Ihre Computer-Hardware und -Software automatisch von ACR Electronics, Inc. erfasst. Diese Informationen k\u00f6nnen Folgendes umfassen: Ihre IP-Adresse, Browsertyp, Domainnamen, Zugriffszeiten und verweisende Website-Adressen. Diese Informationen werden von ACR Electronics, Inc. im Allgemeinen f\u00fcr den Betrieb der angebotenen Dienste, zur Aufrechterhaltung der Qualit\u00e4t dieser Dienste und zur Erstellung allgemeiner Statistiken bez\u00fcglich der Nutzung der Website verwendet.  <\/p>\n\n<p>Bitte beachten Sie, dass, sollten Sie personenbezogene Informationen oder pers\u00f6nlich sensible Daten \u00fcber \u00f6ffentliche Nachrichtenboards, die auf der Website verf\u00fcgbar sind, preisgeben, diese Informationen m\u00f6glicherweise von anderen gesammelt und verwendet werden k\u00f6nnen.<\/p>\n\n<p>ACR Electronics, Inc. empfiehlt Ihnen, die Datenschutzerkl\u00e4rungen der Websites zu \u00fcberpr\u00fcfen, zu denen Sie von der Website aus verlinken m\u00f6chten, damit Sie verstehen k\u00f6nnen, wie diese Websites Ihre Informationen sammeln, verwenden und teilen. Cobham Beacon Solutions ist nicht verantwortlich f\u00fcr die Datenschutzerkl\u00e4rungen oder andere Inhalte auf solchen Websites. <\/p>\n\n<p>Wir verwenden SessionCam auf unserer Website, um das Verhalten unserer Website-Besucher besser zu verstehen. SessionCam wird Informationen wie Details zu Mausbewegungen, Seitenscrolling und Klickaktivit\u00e4ten einzelner Besucher erfassen. SessionCam kann auch Daten aufzeichnen, die in unsere Website-Formulare eingegeben werden. Wir verwenden die von SessionCam gesammelten Daten, um zu identifizieren, wo Besucher die gr\u00f6\u00dften Schwierigkeiten haben, damit wir diese Bereiche unserer Website verbessern k\u00f6nnen.   <\/p>\n","protected":false},"excerpt":{"rendered":"<p>ALLGEMEINE GESCH\u00c4FTSBEDINGUNGEN &#8211; RECHTLICHER HINWEIS ACR \/ Artex (ACR Electronics, Inc.) hat alle angemessenen Vorkehrungen getroffen, um sicherzustellen, dass die Informationen auf dieser Website zum Zeitpunkt ihrer urspr\u00fcnglichen Aufnahme korrekt waren. Es wird jedoch keine ausdr\u00fcckliche oder stillschweigende Garantie, Bedingung oder Zusicherung gegeben, dass die Informationen frei von Fehlern, Ungenauigkeiten oder Auslassungen sind. Dar\u00fcber hinaus [&hellip;]<\/p>\n","protected":false},"author":2,"featured_media":0,"parent":0,"menu_order":0,"comment_status":"closed","ping_status":"closed","template":"","meta":{"_acf_changed":false,"om_disable_all_campaigns":false,"footnotes":""},"class_list":["post-39644","page","type-page","status-publish","hentry"],"acf":[],"_links":{"self":[{"href":"https:\/\/acrartex-intl.dev.enterwell.space\/de\/wp-json\/wp\/v2\/pages\/39644","targetHints":{"allow":["GET"]}}],"collection":[{"href":"https:\/\/acrartex-intl.dev.enterwell.space\/de\/wp-json\/wp\/v2\/pages"}],"about":[{"href":"https:\/\/acrartex-intl.dev.enterwell.space\/de\/wp-json\/wp\/v2\/types\/page"}],"author":[{"embeddable":true,"href":"https:\/\/acrartex-intl.dev.enterwell.space\/de\/wp-json\/wp\/v2\/users\/2"}],"replies":[{"embeddable":true,"href":"https:\/\/acrartex-intl.dev.enterwell.space\/de\/wp-json\/wp\/v2\/comments?post=39644"}],"version-history":[{"count":1,"href":"https:\/\/acrartex-intl.dev.enterwell.space\/de\/wp-json\/wp\/v2\/pages\/39644\/revisions"}],"predecessor-version":[{"id":39646,"href":"https:\/\/acrartex-intl.dev.enterwell.space\/de\/wp-json\/wp\/v2\/pages\/39644\/revisions\/39646"}],"wp:attachment":[{"href":"https:\/\/acrartex-intl.dev.enterwell.space\/de\/wp-json\/wp\/v2\/media?parent=39644"}],"curies":[{"name":"wp","href":"https:\/\/api.w.org\/{rel}","templated":true}]}}