{"id":37622,"date":"2021-03-16T08:13:31","date_gmt":"2021-03-16T13:13:31","guid":{"rendered":"https:\/\/acrartex-intl.dev.enterwell.space\/products\/resqlink\/"},"modified":"2021-03-16T08:13:31","modified_gmt":"2021-03-16T13:13:31","slug":"resqlink","status":"publish","type":"product","link":"https:\/\/acrartex-intl.dev.enterwell.space\/de\/products\/resqlink\/","title":{"rendered":"ResQLink \u2122+"},"content":{"rendered":"<p><em><strong>Die Herstellung dieses Produkts wurde eingestellt.  <\/strong><\/em><\/p>\n<p>Mit einem Gewicht von 140 g und einer H\u00f6he von nur 11,4 cm ist der ResQLink + ein kleiner und schwimmf\u00e4higer Personal Locator Beacon . Klein genug, um in der Tasche getragen, an einem Rucksack befestigt oder in einer aufblasbaren Schwimmweste verstaut zu werden. <\/p>\n<p>Mit drei integrierten Signaltechnologien \u2013 GPS Ortung, einem leistungsstarken 406-MHz-Signal und 121,5-MHz-Zielsuchfunktion \u2013 \u00fcbermittelt der ResQLink +\u2122 Ihre Position schnell und pr\u00e4zise an ein weltweites Netzwerk von Such- und Rettungssatelliten. Ein eingebautes Blitzlicht sorgt f\u00fcr Sichtbarkeit bei Nachtrettungen. <\/p>\n<p>PLBs haben sich in einigen der entlegensten Gebiete der Welt und unter widrigsten Bedingungen bew\u00e4hrt. Fragen Sie einfach die rund 400 Piloten, Bootsfahrer und Abenteurer, die w\u00e4hrend eines strengen Testprogramms in Alaska von einem PLB gerettet wurden. Ma\u00dfgeblich auf Grundlage der Testergebnisse genehmigte die Bundesregierung 2003 den Einsatz von PLBs in den Vereinigten Staaten.  <\/p>\n<p>Selbst unter extremen Bedingungen und in extremen Situationen l\u00e4sst sich der ResQLink + problemlos aktivieren. Einfach die Antenne ausfahren und die Einschalttaste dr\u00fccken. Dank seines leistungsstarken 66-Kanal- GPS f\u00fchrt der ResQLink +\u2122 Rettungskr\u00e4fte bis auf 100 Meter genau an Ihre Position heran. In den kontinentalen USA werden Such- und Rettungskr\u00e4fte mit einem GPS -f\u00e4higen PLB wie dem ResQLink + in der Regel innerhalb von f\u00fcnf Minuten \u00fcber Ihre Position informiert.   <\/p>\n<p>Mit zwei integrierten Tests k\u00f6nnen Sie routinem\u00e4\u00dfig \u00fcberpr\u00fcfen, ob ResQLink + funktioniert und einsatzbereit ist. Mit einem Knopfdruck k\u00f6nnen Sie die interne Elektronik und GPS Funktionalit\u00e4t einfach testen.<\/p>\n<ul>\n<li>Schwimmf\u00e4hig<\/li>\n<li>Keine Abonnementgeb\u00fchren<\/li>\n<li>Superhelles LED-Blitzlicht<\/li>\n<li>Integriertes 66-Kanal- GPS<\/li>\n<li>Selbsttest- und GPS Testfunktionen<\/li>\n<li>Typische Leistung 30 Stunden<\/li>\n<li>Nicht-Gefahrgutbatterie<\/li>\n<li>Hergestellt in den USA<\/li>\n<li>Wenn Sie es benutzen, ersetzen wir es <a href=\"http:\/\/www.survivorclub.com\/\">kostenlos<\/a> . Senden Sie uns einfach Ihre Geschichte \u00fcber unseren Survivor Club Link, schicken Sie uns Ihren gebrauchten Beacon zur\u00fcck, damit wir ihn an unserer Wall of Fame anbringen k\u00f6nnen, und wir senden Ihnen einen brandneuen Beacon von gleichem oder h\u00f6herem Wert. <\/li>\n<\/ul>\n<p>Tags: Personal Locator Beacon , PLB , PLBs, 406 MHz, SurvivorClub, Schwimmer, Schwimmf\u00e4hig, Blitzlicht, Notsignal, Kein Abonnement, Pers\u00f6nliches EPIRB , GPS Ortungsger\u00e4t<\/p>\n","protected":false},"excerpt":{"rendered":"<p>Dieses Produkt wurde durch ResQLink View ersetzt.  <a href=\"http:\/\/acrartex-intl.dev.enterwell.space\/products\/resqlink-view\">Mehr erfahren<\/a><\/p>\n<p>Klein, aber robust. Der ResQLink \u2122+ Personal Locator Beacon ( PLB ) ist ein schwimmf\u00e4higer, GPS -gest\u00fctzter Rettungssender, der sich f\u00fcr Outdoor-Abenteuer jeder Gr\u00f6\u00dfenordnung eignet (von Wandern und Radfahren bis hin zu Jagen und Angeln). Sollten Sie in eine unerwartete \u00dcberlebenssituation geraten, \u00fcbermittelt der ResQLink + PLB Ihren Standort an ein Netzwerk von Such- und Rettungssatelliten. So k\u00f6nnen Sie die Rettungskr\u00e4fte vor Ort leichter und sicher nach Hause bringen.  <\/p>\n<p><strong>Seien Sie auf das Unvorhersehbare vorbereitet!<\/strong><\/p>\n<p>&nbsp;<\/p>\n<ul>\n<li>Schwimmf\u00e4hig<\/li>\n<li>LED-Blitzlicht<\/li>\n<li>Selbsttest<\/li>\n<li>66-Kanal GPS<\/li>\n<li>Einfache Notfallaktivierung<\/li>\n<li>Antennenclip<\/li>\n<\/ul>\n<p style=\"margin-left: 0in; margin-right: 0in;\"><span style=\"font-size: 11pt;\"><span style=\"font-family: Calibri,sans-serif;\"><a style=\"color: blue; text-decoration: underline;\" href=\"https:\/\/www.dropbox.com\/s\/ezakylsa2478sav\/Prop%2065%20-%20DINP%20and%20BPA.pdf?dl=0\"><span style=\"color: #000000;\">WARNUNG: PROP 65<\/span><\/a><\/span><\/span><\/p>\n<p style=\"margin-left: 0in; margin-right: 0in;\">\n","protected":false},"featured_media":12214,"template":"","meta":{"_acf_changed":false,"om_disable_all_campaigns":false},"product_brand":[],"product_cat":[3306,3313,3321,3236,3298,3296,3301,3294,3316,3234,3295,3311,3314,3309,3318,3299,3303],"product_tag":[3247,3331,3362,3386,3372,3389,3374,3348,3383,3353,3381,3397,3334,3351,3239,3237,3402,3400,3323,3344,3346,3339,3340,3394,3378],"class_list":{"0":"post-37622","1":"product","2":"type-product","3":"status-publish","4":"has-post-thumbnail","6":"product_cat-action-sport-offroad-de","7":"product_cat-allgemeine-luftfahrt","8":"product_cat-boden-spezialeinheiten","9":"product_cat-im-freien","10":"product_cat-in-kustennahe","11":"product_cat-inland-de","12":"product_cat-kommerziell","13":"product_cat-luftfahrt","14":"product_cat-luftpatrouille","15":"product_cat-marine-de","16":"product_cat-militar-de","17":"product_cat-paddelsport-angeln","18":"product_cat-polizei-gemeinde","19":"product_cat-reiseausrustung","20":"product_cat-seestreitkrafte","21":"product_cat-vor-der-kuste","22":"product_cat-wandern-klettern-campen","23":"product_tag-406-de","24":"product_tag-406-mhz-de","25":"product_tag-66-kanal","26":"product_tag-angeln","27":"product_tag-einfache-aktivierung","28":"product_tag-ersthelfer","29":"product_tag-gelbes-leuchtfeuer","30":"product_tag-gps-ortungsgerat","31":"product_tag-jagd","32":"product_tag-kleines-leuchtfeuer","33":"product_tag-klettern","34":"product_tag-lebensrettende-ausrustung","35":"product_tag-leuchtfeuer","36":"product_tag-personliches-epirb","37":"product_tag-personliches-ortungssignal","38":"product_tag-plb-de","39":"product_tag-plb-375-de","40":"product_tag-plb375-de","41":"product_tag-resqlink-de","42":"product_tag-resqlink-plus-de","43":"product_tag-schwimmer","44":"product_tag-schwimmfahig","45":"product_tag-schwimmfahiges-plb","46":"product_tag-uberlebenssignal","47":"product_tag-wanderleuchtfeuer","48":"pa_product-vermachtnis","50":"first","51":"outofstock","52":"taxable","53":"shipping-taxable","54":"product-type-simple"},"acf":[],"_links":{"self":[{"href":"https:\/\/acrartex-intl.dev.enterwell.space\/de\/wp-json\/wp\/v2\/product\/37622","targetHints":{"allow":["GET"]}}],"collection":[{"href":"https:\/\/acrartex-intl.dev.enterwell.space\/de\/wp-json\/wp\/v2\/product"}],"about":[{"href":"https:\/\/acrartex-intl.dev.enterwell.space\/de\/wp-json\/wp\/v2\/types\/product"}],"wp:featuredmedia":[{"embeddable":true,"href":"https:\/\/acrartex-intl.dev.enterwell.space\/de\/wp-json\/wp\/v2\/media\/12214"}],"wp:attachment":[{"href":"https:\/\/acrartex-intl.dev.enterwell.space\/de\/wp-json\/wp\/v2\/media?parent=37622"}],"wp:term":[{"taxonomy":"product_brand","embeddable":true,"href":"https:\/\/acrartex-intl.dev.enterwell.space\/de\/wp-json\/wp\/v2\/product_brand?post=37622"},{"taxonomy":"product_cat","embeddable":true,"href":"https:\/\/acrartex-intl.dev.enterwell.space\/de\/wp-json\/wp\/v2\/product_cat?post=37622"},{"taxonomy":"product_tag","embeddable":true,"href":"https:\/\/acrartex-intl.dev.enterwell.space\/de\/wp-json\/wp\/v2\/product_tag?post=37622"}],"curies":[{"name":"wp","href":"https:\/\/api.w.org\/{rel}","templated":true}]}}