{"id":37720,"date":"2021-03-16T08:16:22","date_gmt":"2021-03-16T13:16:22","guid":{"rendered":"https:\/\/acrartex-intl.dev.enterwell.space\/products\/ms-2000m2-wasserkaefer\/"},"modified":"2021-03-16T08:16:22","modified_gmt":"2021-03-16T13:16:22","slug":"ms-2000m2-wasserkaefer","status":"publish","type":"product","link":"https:\/\/acrartex-intl.dev.enterwell.space\/de\/products\/ms-2000m2-wasserkaefer\/","title":{"rendered":"MS-2000(M2) Wasserk\u00e4fer"},"content":{"rendered":"<p>Wie unsere hoch angesehenen, zuverl\u00e4ssigen SDU-5E und MS-2000(M) ist der MS-2000(M2) darauf ausgelegt, milit\u00e4rische Spezifikationen, einschlie\u00dflich MIL-L-38217D und CID AA-59176, zu erf\u00fcllen oder zu \u00fcbertreffen, und er verf\u00fcgt \u00fcber viele verbesserte lebensrettende Funktionen, um die Einsatzf\u00e4higkeit f\u00fcr mehrere Missionen zu gew\u00e4hrleisten.<\/p>\n<ul>\n<li>Die neue Vibrationsfunktion macht Sie bei Verwendung des IR-Schutzes verdeckt auf Aktivierungen und Modus\u00e4nderungen aufmerksam.<\/li>\n<li>Wasseraktivierungssensoren aktivieren das Licht automatisch, wenn sie scharfgeschaltet sind<\/li>\n<li>4 Aktivierungsmodi zur Auswahl: Scharf, Stroboskop, SOS oder Dauerlicht<\/li>\n<li>Erf\u00fcllt die aktuellsten Anforderungen des Milit\u00e4rs und ist f\u00fcr nahezu jede Anwendung geeignet<\/li>\n<li>Neuer geflochtener Stahlhalter h\u00e4lt die Batterieabdeckung fest<\/li>\n<li>Silikon-Schutzbeschichtungen auf elektronischen Bauteilen sch\u00fctzen vor Feuchtigkeit<\/li>\n<li>Der gerichtete Blaufilter alarmiert befreundete Kr\u00e4fte und unterscheidet Blitzlicht von Bodenfeuer<\/li>\n<li>Bis zu 56 Stunden Betrieb mit 2 Standard-Alkalibatterien des Typs AA (verwenden Sie Lithiumbatterien in extrem kalten Umgebungen oder bei l\u00e4ngerer Lagerung)<\/li>\n<li>Angebrachter Infrarotfilter (IR) f\u00fcr die Betrachtung mit Nachtsichtger\u00e4ten (NVG) mit Filzfutter, um sichtbaren Lichtaustritt zu verhindern<\/li>\n<li>Modernste LED-Technologie<\/li>\n<li>Erh\u00f6hte Polarit\u00e4tsanzeigen erm\u00f6glichen die korrekte Platzierung der Batterie<\/li>\n<\/ul>\n","protected":false},"excerpt":{"rendered":"<p>Wenn es um die Rettung von Menschenleben geht, ist alles andere als das Beste keine Option. Seit der Einf\u00fchrung der MS-2000 ist sie die wichtigste C-SAR-Leuchte (Combat Search and Rescue) von Elitetruppen weltweit. Diese Blitzmarkierungsleuchte ist mit modernster LED-Technologie ausgestattet und erf\u00fcllt die aktuellsten milit\u00e4rischen Anforderungen. Die Vibrationsfunktion informiert Sie \u00fcber Aktivierungs- und Moduswechsel bei Verwendung des IR-Schutzes, und die Wassersensoren schalten die Leuchte automatisch bei Kontakt mit S\u00fc\u00df- oder Salzwasser ein. Mit vier Aktivierungsmodi zur Auswahl: Scharf, Blitz, SOS oder Dauerlicht \u2013 so sind Sie in nahezu jeder Situation einsatzbereit.    <\/p>\n","protected":false},"featured_media":12272,"template":"","meta":{"_acf_changed":false,"om_disable_all_campaigns":false},"product_brand":[],"product_cat":[3295],"product_tag":[5128,5129,5119,4956,5123,5118,5126,5121],"class_list":{"0":"post-37720","1":"product","2":"type-product","3":"status-publish","4":"has-post-thumbnail","6":"product_cat-militar-de","7":"product_tag-3991-de","8":"product_tag-3991-2-de","9":"product_tag-blitz","10":"product_tag-licht","11":"product_tag-marktlicht","12":"product_tag-ms2000-de","13":"product_tag-wasserwanze","14":"product_tag-waterbug-strobe-markierungslicht","16":"first","17":"instock","18":"taxable","19":"shipping-taxable","20":"product-type-simple"},"acf":[],"_links":{"self":[{"href":"https:\/\/acrartex-intl.dev.enterwell.space\/de\/wp-json\/wp\/v2\/product\/37720","targetHints":{"allow":["GET"]}}],"collection":[{"href":"https:\/\/acrartex-intl.dev.enterwell.space\/de\/wp-json\/wp\/v2\/product"}],"about":[{"href":"https:\/\/acrartex-intl.dev.enterwell.space\/de\/wp-json\/wp\/v2\/types\/product"}],"wp:featuredmedia":[{"embeddable":true,"href":"https:\/\/acrartex-intl.dev.enterwell.space\/de\/wp-json\/wp\/v2\/media\/12272"}],"wp:attachment":[{"href":"https:\/\/acrartex-intl.dev.enterwell.space\/de\/wp-json\/wp\/v2\/media?parent=37720"}],"wp:term":[{"taxonomy":"product_brand","embeddable":true,"href":"https:\/\/acrartex-intl.dev.enterwell.space\/de\/wp-json\/wp\/v2\/product_brand?post=37720"},{"taxonomy":"product_cat","embeddable":true,"href":"https:\/\/acrartex-intl.dev.enterwell.space\/de\/wp-json\/wp\/v2\/product_cat?post=37720"},{"taxonomy":"product_tag","embeddable":true,"href":"https:\/\/acrartex-intl.dev.enterwell.space\/de\/wp-json\/wp\/v2\/product_tag?post=37720"}],"curies":[{"name":"wp","href":"https:\/\/api.w.org\/{rel}","templated":true}]}}