{"id":37769,"date":"2021-03-16T08:16:59","date_gmt":"2021-03-16T13:16:59","guid":{"rendered":"https:\/\/acrartex-intl.dev.enterwell.space\/products\/c-strobe\/"},"modified":"2021-03-16T08:16:59","modified_gmt":"2021-03-16T13:16:59","slug":"c-strobe","status":"publish","type":"product","link":"https:\/\/acrartex-intl.dev.enterwell.space\/de\/products\/c-strobe\/","title":{"rendered":"C-Strobe\u2122"},"content":{"rendered":"<p>Das schlanke, leichte und vielseitige Design passt problemlos in die Tasche oder h\u00e4ngt diskret an einer Schwimmweste oder einem Rucksack. Die flexiblen Befestigungsschlaufen an der Seite erm\u00f6glichen vielf\u00e4ltige Befestigungsm\u00f6glichkeiten, beispielsweise am Gurtband Ihres Rucksacks oder an den Gurten Ihrer Schwimmweste. Der <sup>Klettverschluss<\/sup> l\u00e4sst sich um die Befestigungsschlaufen befestigen und bietet unz\u00e4hlige zus\u00e4tzliche Befestigungsm\u00f6glichkeiten. Die Leuchte wird au\u00dferdem mit einem Clip geliefert, der sich bequem \u00fcber den Mundaufblasschlauch Ihrer aufblasbaren Schwimmweste schieben l\u00e4sst, um die Leuchte in der Weste zu verstauen.<\/p>\n<p>&nbsp;<\/p>\n<p>Auch als wasseraktiviertes Modell erh\u00e4ltlich<\/p>\n<p>&nbsp;<\/p>\n<p><strong>Merkmale:<\/strong><\/p>\n<ul>\n<li>Zur Ortungshilfe bei Notf\u00e4llen mit schlechten Lichtverh\u00e4ltnissen<\/li>\n<li>Au\u00dfergew\u00f6hnlich helle 45 Lumen wei\u00dfe LED<\/li>\n<li>Die lange Dauerbetriebsdauer von \u00fcber 120 Stunden<\/li>\n<li>Wasserdicht \u2013 24 Stunden lang bei 1 m (3,3 Fu\u00df) getestet<\/li>\n<li>Einfache Ein-\/Aus-Aktivierung durch Drehen<\/li>\n<li>Sto\u00dffestes Geh\u00e4use<\/li>\n<li>Ben\u00f6tigt zwei 1,5-V-AA-Batterien (nicht im Lieferumfang enthalten)<\/li>\n<li>USCG\/SOLAS-Zulassung<\/li>\n<li>Ideal f\u00fcr Schwimmwesten, Camping, Radfahren, Auto usw.<\/li>\n<li>Mitgeliefertes Velcro\u00ae-Band (bei der Kartenversion) in Verbindung mit integrierten Zurrschlaufen f\u00fcr Flexibilit\u00e4t bei der Befestigung<\/li>\n<li>Mitgelieferter PFD-Clip (bei Kartenversion) zur einfachen Befestigung am oralen Aufblasschlauch<\/li>\n<\/ul>\n","protected":false},"excerpt":{"rendered":"<p>Das LED C-Strobe ist ein manuell aktiviertes pers\u00f6nliches Notblitzlicht mit deutlich verbesserter Lebensdauer. Die wasserdichte Leuchte ist winzig und dennoch robust und verf\u00fcgt \u00fcber eine 45-Lumen-LED, die typischerweise 120 Stunden im Dauerbetrieb leuchtet. Das C-Strobe ist USCG\/SOLAS-zugelassen und l\u00e4sst sich manuell durch einfaches Ein- und Ausschalten per Drehschalter aktivieren. Damit ist es die ideale Leuchte f\u00fcr alle Outdoor-Fans.  <\/p>\n<p>&nbsp;<\/p>\n<p><a href=\"https:\/\/www.dropbox.com\/s\/8343nj28z0d7bxa\/Prop%2065%20-%20BPA.pdf?dl=0\">WARNUNG: PROP 65<\/a><\/p>\n<p>&nbsp;<\/p>\n<p><span style=\"color:#e74c3c\">CODE: <strong>SHIPFREE20<\/strong> Kostenloser Versand auf dem Landweg bei Bestellungen \u00fcber 30 US-Dollar. Ausgenommen HI und AK <\/span><\/p>\n<p>&nbsp;<\/p>\n","protected":false},"featured_media":12282,"template":"","meta":{"_acf_changed":false,"om_disable_all_campaigns":false},"product_brand":[],"product_cat":[3306,3236,3298,3296,3301,3234,3311,3309,3299,3303],"product_tag":[5702,5700,5686,5679,5696,5699,5683,5705,4954,5694,5691],"class_list":{"0":"post-37769","1":"product","2":"type-product","3":"status-publish","4":"has-post-thumbnail","6":"product_cat-action-sport-offroad-de","7":"product_cat-im-freien","8":"product_cat-in-kustennahe","9":"product_cat-inland-de","10":"product_cat-kommerziell","11":"product_cat-marine-de","12":"product_cat-paddelsport-angeln","13":"product_cat-reiseausrustung","14":"product_cat-vor-der-kuste","15":"product_cat-wandern-klettern-campen","16":"product_tag-acr-c-blitz","17":"product_tag-acr-blitz","18":"product_tag-acr-blitzlicht","19":"product_tag-blitzlichter","20":"product_tag-marine-blitzlicht","21":"product_tag-notfall-blitzlicht-de","22":"product_tag-notfall-blitzlicht","23":"product_tag-rettungslichter","24":"product_tag-rettungsweste","25":"product_tag-sicherheitsblitzlichter","26":"product_tag-stroboskop-sicherheitslichter","27":"pa_activity-angeln","28":"pa_activity-camping-de","29":"pa_activity-fahrrad","30":"pa_activity-gelandewagen-4x4","31":"pa_activity-klettern","32":"pa_activity-paddelsport","33":"pa_activity-querfeldein","34":"pa_activity-schneemobil","35":"pa_activity-ski-snowboard","36":"pa_activity-wandern","37":"pa_boat-size-0-20-de","38":"pa_boat-size-21-40-de","39":"pa_boat-size-40-80-de","40":"pa_boat-size-80-de","41":"pa_boat-type-charteryacht","42":"pa_boat-type-frachtschiff","43":"pa_boat-type-kommerzielle-fischerei","44":"pa_boat-type-motorboot-de","45":"pa_boat-type-schlepper","46":"pa_boat-type-segelboot","47":"pa_boat-type-sportcraft-de","48":"pa_boat-type-yacht-de","49":"pa_product-rettungslichter","50":"pa_product-sicherheitszubehor","51":"pa_product-signalprodukte","52":"pa_terrain-flusse-feuchtgebiete-seen","53":"pa_terrain-hugel-berg","54":"pa_terrain-tundra-de","55":"pa_terrain-wald-dschungel","57":"first","58":"instock","59":"taxable","60":"shipping-taxable","61":"purchasable","62":"product-type-simple"},"acf":[],"_links":{"self":[{"href":"https:\/\/acrartex-intl.dev.enterwell.space\/de\/wp-json\/wp\/v2\/product\/37769","targetHints":{"allow":["GET"]}}],"collection":[{"href":"https:\/\/acrartex-intl.dev.enterwell.space\/de\/wp-json\/wp\/v2\/product"}],"about":[{"href":"https:\/\/acrartex-intl.dev.enterwell.space\/de\/wp-json\/wp\/v2\/types\/product"}],"wp:featuredmedia":[{"embeddable":true,"href":"https:\/\/acrartex-intl.dev.enterwell.space\/de\/wp-json\/wp\/v2\/media\/12282"}],"wp:attachment":[{"href":"https:\/\/acrartex-intl.dev.enterwell.space\/de\/wp-json\/wp\/v2\/media?parent=37769"}],"wp:term":[{"taxonomy":"product_brand","embeddable":true,"href":"https:\/\/acrartex-intl.dev.enterwell.space\/de\/wp-json\/wp\/v2\/product_brand?post=37769"},{"taxonomy":"product_cat","embeddable":true,"href":"https:\/\/acrartex-intl.dev.enterwell.space\/de\/wp-json\/wp\/v2\/product_cat?post=37769"},{"taxonomy":"product_tag","embeddable":true,"href":"https:\/\/acrartex-intl.dev.enterwell.space\/de\/wp-json\/wp\/v2\/product_tag?post=37769"}],"curies":[{"name":"wp","href":"https:\/\/api.w.org\/{rel}","templated":true}]}}