{"id":39975,"date":"2021-03-16T08:22:30","date_gmt":"2021-03-16T13:22:30","guid":{"rendered":"https:\/\/acrartex-intl.dev.enterwell.space\/products\/rescueme-epirb1\/"},"modified":"2025-08-08T14:39:41","modified_gmt":"2025-08-08T19:39:41","slug":"rescueme-epirb1","status":"publish","type":"product","link":"https:\/\/acrartex-intl.dev.enterwell.space\/de\/products\/rescueme-epirb1\/","title":{"rendered":"rescueME EPIRB1"},"content":{"rendered":"<p>Eine einfache Schutzlasche \u00fcber den Bedientasten verhindert eine unbeabsichtigte Aktivierung, erm\u00f6glicht aber bei Bedarf eine einfache Bedienung. Die rescueME EPIRB1 verf\u00fcgt au\u00dferdem \u00fcber zwei hochhelle Blitzlichter, um die Sichtbarkeit bei schlechten Lichtverh\u00e4ltnissen zu maximieren. Die einziehbare Antenne bietet maximalen Schutz und eine reduzierte Kontur f\u00fcr die Lagerung. Bei Bedarf l\u00e4sst sich die Antenne mit einem sanften Zug leicht ausfahren. F\u00fcr l\u00e4ngere Offshore- oder Hochseepassagen bietet die Ocean Signal E100G EPIRB eine au\u00dfergew\u00f6hnliche Betriebszeit von 96 Stunden mit der Option eines automatischen Ausl\u00f6segeh\u00e4uses (obligatorisch f\u00fcr Schiffe, die gem\u00e4\u00df den SOLAS-Vorschriften zugelassen sind).    <\/p>\n<ul>\n<li>30 % (Typ) kleiner<\/li>\n<li>10 Jahre Batterielebensdauer<\/li>\n<li>\u00dcber 48 Stunden Betriebszeit<\/li>\n<li>5 Jahre Garantie<\/li>\n<li>Schnelle und genaue Positionierung mit 66-Kanal GPS<\/li>\n<li>Einziehbare Antenne<\/li>\n<li>Schnellverschluss-Halterung<\/li>\n<li>Sicherungsleine<\/li>\n<\/ul>\n","protected":false},"excerpt":{"rendered":"<p>Die rescueME EPIRB1 bietet mit ihrer beeindruckenden 10-Jahres-Batterielebensdauer ein beruhigendes Gef\u00fchl. Die weltweit kompakteste EPIRB ist immer griffbereit, da ihre geringe Gr\u00f6\u00dfe es erm\u00f6glicht, sie einfach in ihrer Schnellverschluss-Halterung zu befestigen oder in einer Notfall-Ausr\u00fcstungstasche oder einem Rettungsflo\u00df zu verstauen. <\/p>\n<p>&nbsp;<\/p>\n<p><a href=\"http:\/\/acrartex-intl.dev.enterwell.space\/survival-products\/406link\"><img decoding=\"async\" style=\"width: 300px; height: 41px;\" src=\"\/\/dk2ztu5ooimmu.cloudfront.net\/ckeditor_assets\/pictures\/143\/406Link_with_desc_-_Tag.gif\" alt=\"\"><\/a><\/p>\n<p>&nbsp;<\/p>\n<p><span style=\"color: #e74c3c;\">CODE: <strong>SHIPFREE20<\/strong> Kostenloser Versand auf dem Landweg bei Bestellungen \u00fcber 30 US-Dollar. Ausgenommen HI und AK <\/span><\/p>\n<p>&nbsp;<\/p>\n<p>&nbsp;<\/p>\n<p>&nbsp;<\/p>\n<p>&nbsp;<\/p>\n","protected":false},"featured_media":12390,"template":"","meta":{"_acf_changed":false,"om_disable_all_campaigns":false},"product_brand":[],"product_cat":[3298,3301,3234,3299],"product_tag":[4150,6900,4147,6897,3334,6901,6894,6898,6899,6895,6896,6893],"class_list":{"0":"post-39975","1":"product","2":"type-product","3":"status-publish","4":"has-post-thumbnail","6":"product_cat-in-kustennahe","7":"product_cat-kommerziell","8":"product_cat-marine-de","9":"product_cat-vor-der-kuste","10":"product_tag-acr-de","11":"product_tag-acr-epirb1-de","12":"product_tag-epirb-de","13":"product_tag-epirb1-de","14":"product_tag-leuchtfeuer","15":"product_tag-notfunkbake","16":"product_tag-ocean-signal-de","17":"product_tag-ocean-signal-epirb1-de","18":"product_tag-oceansignal-epirb1-de","19":"product_tag-rescueme-de","20":"product_tag-rescueme-epirb1-de","21":"product_tag-seenotfunkbake-zur-positionsangabe","23":"first","24":"instock","25":"taxable","26":"shipping-taxable","27":"purchasable","28":"product-type-simple"},"acf":[],"_links":{"self":[{"href":"https:\/\/acrartex-intl.dev.enterwell.space\/de\/wp-json\/wp\/v2\/product\/39975","targetHints":{"allow":["GET"]}}],"collection":[{"href":"https:\/\/acrartex-intl.dev.enterwell.space\/de\/wp-json\/wp\/v2\/product"}],"about":[{"href":"https:\/\/acrartex-intl.dev.enterwell.space\/de\/wp-json\/wp\/v2\/types\/product"}],"wp:featuredmedia":[{"embeddable":true,"href":"https:\/\/acrartex-intl.dev.enterwell.space\/de\/wp-json\/wp\/v2\/media\/12390"}],"wp:attachment":[{"href":"https:\/\/acrartex-intl.dev.enterwell.space\/de\/wp-json\/wp\/v2\/media?parent=39975"}],"wp:term":[{"taxonomy":"product_brand","embeddable":true,"href":"https:\/\/acrartex-intl.dev.enterwell.space\/de\/wp-json\/wp\/v2\/product_brand?post=39975"},{"taxonomy":"product_cat","embeddable":true,"href":"https:\/\/acrartex-intl.dev.enterwell.space\/de\/wp-json\/wp\/v2\/product_cat?post=39975"},{"taxonomy":"product_tag","embeddable":true,"href":"https:\/\/acrartex-intl.dev.enterwell.space\/de\/wp-json\/wp\/v2\/product_tag?post=39975"}],"curies":[{"name":"wp","href":"https:\/\/api.w.org\/{rel}","templated":true}]}}