{"id":39984,"date":"2021-11-12T16:18:34","date_gmt":"2021-11-12T21:18:34","guid":{"rendered":"https:\/\/acrartex-intl.dev.enterwell.space\/products\/bivy-stick-solarpanel-survival-kit\/"},"modified":"2025-08-08T14:38:40","modified_gmt":"2025-08-08T19:38:40","slug":"bivy-stick-solarpanel-survival-kit","status":"publish","type":"product","link":"https:\/\/acrartex-intl.dev.enterwell.space\/de\/products\/bivy-stick-solarpanel-survival-kit\/","title":{"rendered":"Bivy Stick &amp; Solarpanel-Survival-Kit"},"content":{"rendered":"<p>Aktivieren Sie einfach den Bivy Stick SOS \u00fcber die Taste am Ger\u00e4t oder \u00fcber die App auf Ihrem Telefon. Das Bivy Stick-Abonnement beinhaltet die 24\/7-\u00dcberwachung durch Global Rescue. Durch die Aktivierung des SOS k\u00f6nnen Sie mit Global Rescue per SMS kommunizieren, oder wenn Sie nicht per SMS kommunizieren k\u00f6nnen, wird Search &amp; Rescue zu Ihrem GPS-Standort geleitet.  <\/p>\n<p>Wenn Search and Rescue am Einsatzort eintrifft, macht das helle LED C-Strobe H2O-Blitzlicht die Retter nachts auf sich aufmerksam, oder nutzen Sie tags\u00fcber den Signalspiegel, um ihre Aufmerksamkeit zu erregen. Bewahren Sie Ihre gesamte Notfallausr\u00fcstung in der RapidDitch Dry Bag auf, damit Ihr Survival-Kit bequem zusammenbleibt. <\/p>\n<p>Das Bivy 15W Solarpanel h\u00e4lt Ihr Telefon und den Bivy Stick w\u00e4hrend Ihrer Abenteuer aufgeladen. Das Solarpanel wandelt effektiv bis zu 20 % der Solarenergie in Energie um, und sein ultrad\u00fcnnes und faltbares Design erleichtert den Transport. <\/p>\n<p>&nbsp;<\/p>\n<p>Dieses Kit enth\u00e4lt die folgenden wesentlichen \u00dcberlebensprodukte:<\/p>\n<ul>\n<li>Bivy 2-Wege-Satellitenkommunikator mit 24\/7-SOS, unterst\u00fctzt von Global Rescue (Abonnement erforderlich)<\/li>\n<li>Bivy 15W Solarpanel<\/li>\n<li>C-Strobe H2O Rescue Light<\/li>\n<li>Signalspiegel<\/li>\n<li>Res-q\u2122 Pfeife<\/li>\n<li>RapidDitch Trockentasche<\/li>\n<\/ul>\n<p><strong>Solarpanel:  <\/strong><\/p>\n<p>INTELLIGENTE LADETECHNOLOGIE: Der USB-Anschluss erkennt Ihre Ger\u00e4te automatisch, um den optimalen Ladestromeingang bereitzustellen und den Ladevorgang zu beschleunigen, um die Ladezeit zu minimieren.<\/p>\n<p>HOHE KONVERSIONSRATE: Das ETFE-beschichtete Panel absorbiert Sonnenlicht effektiv und wandelt bis zu 20 % der Solarenergie in Energie um; l\u00e4dt reibungslos iOS, Android, Bivy Stick, Akkupacks, GoPro und andere elektronische Ger\u00e4te auf.<\/p>\n<p>TRAGBAR &amp; LEICHTGEWICHT: Das ultrad\u00fcnne und faltbare Design erleichtert den Transport;<\/p>\n<p>SCHMUTZ- &amp; SPRITZWASSERGESCH\u00dcTZT: Wasserdichtigkeitsgrad IPX4, der gegen Spritzwasser und Staub resistent ist, unabh\u00e4ngig von der Richtung; ideal f\u00fcr den Einsatz im Freien.<\/p>\n<p>Leistung: 15WBovy<\/p>\n<dl>\n<dt>Ausgang: 5V\/3A<\/dt>\n<\/dl>\n<dl>\n<dt>Zertifikat: CE FCC ROHS<\/dt>\n<\/dl>\n<dl>\n<dt>Gewicht: 450g<\/dt>\n<dt><\/dt>\n<dt>Gr\u00f6\u00dfe: (gefaltet) 10in x 6.5in x .75in<\/dt>\n<dt> (aufgeklappt) 10in x 19.5in<\/dt>\n<\/dl>\n","protected":false},"excerpt":{"rendered":"<p>Mit globaler Satellitenabdeckung \u00fcber das Iridium-Satellitennetzwerk k\u00f6nnen Sie \u00fcberall dort, wo Sie einen Blick auf den Himmel haben, \u00fcber den Bivy Stick kommunizieren. Der Bivy Stick ist zwar angenehm kompakt, bietet aber dennoch einen umfassenden Funktionsumfang, darunter Zwei-Wege-Textnachrichten, SOS, Standortfreigabe, One-Touch-Check-in und detaillierte Wetterberichte, die per Satellit direkt an Ihr Mobiltelefon gesendet werden. Jetzt mit dem brandneuen Bivy Stick &amp; Solar Panel Survival Kit erh\u00e4ltlich.  <\/p>\n<p><a href=\"http:\/\/acrartex-intl.dev.enterwell.space\/survival-products-end-of-year\/\"><img loading=\"lazy\" decoding=\"async\" class=\"alignnone size-medium wp-image-25976\" src=\"http:\/\/acrartex-intl.dev.enterwell.space\/wp-content\/uploads\/2021\/03\/End-of-Year-EVENT-Button-W-BG-300x38.gif\" alt=\"\" width=\"300\" height=\"38\"><\/a><\/p>\n<p><a href=\"https:\/\/www.dropbox.com\/s\/fk04stqsp2hgk5f\/Prop%2065%20-%20DEHP.pdf?dl=0\" data-cke-saved-href=\"https:\/\/www.dropbox.com\/s\/fk04stqsp2hgk5f\/Prop%2065%20-%20DEHP.pdf?dl=0\">WARNUNG: PROP 65<\/a><\/p>\n","protected":false},"featured_media":26003,"template":"","meta":{"_acf_changed":false,"om_disable_all_campaigns":false},"product_brand":[],"product_cat":[3236,3294,3234],"product_tag":[7060,7096,7088,7065,7047,7101,7050,7104,7052,7090,7093,7107,7084,7068,7072,3241,7069,7054,7078,7075,7109,7081,7057,7044],"class_list":{"0":"post-39984","1":"product","2":"type-product","3":"status-publish","4":"has-post-thumbnail","6":"product_cat-im-freien","7":"product_cat-luftfahrt","8":"product_cat-marine-de","9":"product_tag-2-wege-kommunikation","10":"product_tag-2364-de","11":"product_tag-4601-de","12":"product_tag-acr-bivy-de","13":"product_tag-bivy-de","14":"product_tag-bivy-solarpanel","15":"product_tag-bivy-stick-de","16":"product_tag-bivy-stick-solarpanel-survival-kit","17":"product_tag-bivy-stick-blau","18":"product_tag-bivy-survival-de","19":"product_tag-bivy-survival-kit-de","20":"product_tag-bivy-und-solarpanel-kit","21":"product_tag-bivy-vs-plb-de","22":"product_tag-bivy-app-de","23":"product_tag-bluetooth-de","24":"product_tag-geographisches-positionierungs-system","25":"product_tag-globale-rettung","26":"product_tag-iridium-de","27":"product_tag-kleinster-satellitenkommunikator","28":"product_tag-mini-de","29":"product_tag-mini-gps-de","30":"product_tag-satelliten-gps-tracking","31":"product_tag-sendungsverfolgung","32":"product_tag-survival-kit-de","34":"first","35":"outofstock","36":"taxable","37":"shipping-taxable","38":"purchasable","39":"product-type-simple"},"acf":[],"_links":{"self":[{"href":"https:\/\/acrartex-intl.dev.enterwell.space\/de\/wp-json\/wp\/v2\/product\/39984","targetHints":{"allow":["GET"]}}],"collection":[{"href":"https:\/\/acrartex-intl.dev.enterwell.space\/de\/wp-json\/wp\/v2\/product"}],"about":[{"href":"https:\/\/acrartex-intl.dev.enterwell.space\/de\/wp-json\/wp\/v2\/types\/product"}],"wp:featuredmedia":[{"embeddable":true,"href":"https:\/\/acrartex-intl.dev.enterwell.space\/de\/wp-json\/wp\/v2\/media\/26003"}],"wp:attachment":[{"href":"https:\/\/acrartex-intl.dev.enterwell.space\/de\/wp-json\/wp\/v2\/media?parent=39984"}],"wp:term":[{"taxonomy":"product_brand","embeddable":true,"href":"https:\/\/acrartex-intl.dev.enterwell.space\/de\/wp-json\/wp\/v2\/product_brand?post=39984"},{"taxonomy":"product_cat","embeddable":true,"href":"https:\/\/acrartex-intl.dev.enterwell.space\/de\/wp-json\/wp\/v2\/product_cat?post=39984"},{"taxonomy":"product_tag","embeddable":true,"href":"https:\/\/acrartex-intl.dev.enterwell.space\/de\/wp-json\/wp\/v2\/product_tag?post=39984"}],"curies":[{"name":"wp","href":"https:\/\/api.w.org\/{rel}","templated":true}]}}