{"id":40112,"date":"2023-06-12T06:55:38","date_gmt":"2023-06-12T11:55:38","guid":{"rendered":"https:\/\/acrartex-intl.dev.enterwell.space\/products\/acr-bivy-stick-abonnementbasiert\/"},"modified":"2023-06-12T06:55:38","modified_gmt":"2023-06-12T11:55:38","slug":"acr-bivy-stick-abonnementbasiert","status":"publish","type":"product","link":"https:\/\/acrartex-intl.dev.enterwell.space\/de\/products\/acr-bivy-stick-abonnementbasiert\/","title":{"rendered":"ACR Bivy Stick (abonnementbasiert)"},"content":{"rendered":"<p>Verwenden Sie den ACR Bivy Stick, um Ihr Mobiltelefon in ein Satellitenkommunikationsger\u00e4t zu verwandeln. Mit globaler Satellitenabdeckung \u00fcber das Iridium-Satellitennetzwerk k\u00f6nnen Sie \u00fcberall dort, wo Sie freie Sicht zum Himmel haben, \u00fcber den ACR Bivy Stick kommunizieren. Obwohl der ACR Bivy Stick bequem kompakt ist, bietet er dennoch einen umfassenden Funktionsumfang, einschlie\u00dflich Zwei-Wege-Textnachrichten, SOS, Standortfreigabe, One-Touch-Check-in und detaillierte Wetterberichte, die direkt \u00fcber Satellit an Ihr Mobiltelefon gesendet werden. Dar\u00fcber hinaus bietet der ACR Bivy Stick eine Funktion, die viele andere Satellitenkommunikatoren nicht bieten: eine dedizierte Telefonnummer und E-Mail-Adresse. Diese wichtige Funktion erm\u00f6glicht unaufgeforderte eingehende Nachrichten, was bedeutet, dass die f\u00fcr Sie wichtigsten Personen Sie jederzeit erreichen k\u00f6nnen, ohne dass Sie den Kontakt initiieren m\u00fcssen.    <\/p>\n<p>Der Wert des ACR Bivy Stick wird durch wichtiges Zubeh\u00f6r wie die gro\u00dfe Auswahl an verf\u00fcgbaren Befestigungsoptionen weiter erh\u00f6ht. Die vielen verf\u00fcgbaren Halterungen erm\u00f6glichen es Benutzern, den ACR Bivy Stick an jedem Fahrzeug, Rucksack oder jeder Struktur zu befestigen und machen ihn zu einem idealen Ger\u00e4t f\u00fcr Abenteurer, die von einer Aktivit\u00e4t zur n\u00e4chsten wechseln. Das verf\u00fcgbare tragbare und leichte Solarpanel sorgt zudem f\u00fcr eine gr\u00f6\u00dfere Flexibilit\u00e4t bei der Nutzung. Mit intelligenter Ladetechnologie erm\u00f6glicht das Solarpanel den Benutzern, die Solarenergie effizient zu nutzen und die Akkulaufzeit des ACR Bivy Stick im Off-Grid-Betrieb bequem zu verl\u00e4ngern.   <\/p>\n<p><b>Rolle der Bivy App<\/b><\/p>\n<p>Die Bivy App bietet mehr als 50.000 Abenteuer, die darauf warten, erkundet zu werden. Egal, was Sie gerne in der Natur unternehmen, mit der Bivy App finden Sie einen Ort daf\u00fcr. Mit zwanzig verschiedenen Abenteuerarten, die Ihnen zur Verf\u00fcgung stehen, ist die Bivy App ein vielseitiges Tool, das all Ihre Abenteuerbed\u00fcrfnisse erf\u00fcllen kann. Mit der Bivy App k\u00f6nnen Sie auch alle Ihre Abenteuer verfolgen. Verfolgen Sie Ihr Tempo, Ihre Kilometerleistung, Ihre H\u00f6he und mehr. Au\u00dferdem erhalten Sie Zugang zu detaillierten Offline-Karten \u00fcberall auf der Welt. Wissen Sie immer, wo Sie sind, auch ohne Mobilfunkempfang.      <\/p>\n<p>Als f\u00fchrender Anbieter von lebensrettenden Produkten f\u00fcr den professionellen und privaten Gebrauch bietet der ACR Bivy Stick von ACR die Sicherheit und den Seelenfrieden erschwinglicher und zuverl\u00e4ssiger Satellitenkommunikation f\u00fcr jedermann.<\/p>\n<p><b>Merkmale und Vorteile:<\/b><\/p>\n<ul>\n<li>Keine Aktivierungsgeb\u00fchren (<a href=\"https:\/\/www.bivy.com\/data-plans\" data-cke-saved-href=\"https:\/\/www.bivy.com\/data-plans\">monatliches Abonnement erforderlich<\/a>), 4 aufeinanderfolgende Monate Plus- oder Unlimited-Pl\u00e4ne bei Aktivierung erforderlich<\/li>\n<li>Globale Satellitenabdeckung (Iridium)<\/li>\n<li>Nachrichten \u00fcber Satellit senden und empfangen<\/li>\n<li>Wettervorhersagen \u00fcber Satellit<\/li>\n<li><span lang=\"ES\">SOS-\u00dcberwachung \u00fcber Satellit (<a href=\"https:\/\/partner.globalrescue.com\/bivy\/\">Global Rescue<\/a>)<\/span><\/li>\n<li>Standortverfolgung und -freigabe \u00fcber Satellit<\/li>\n<li>Kartenanzeige und Navigation<\/li>\n<li>Offline-Karten<\/li>\n<li>One-Touch-Check-in (direkt vom Ger\u00e4t und \u00fcber die App verf\u00fcgbar)<\/li>\n<li>Tausende von kartierten Kletter-, Wander-, Rad-, Paddel- und Skirouten<\/li>\n<li>Nachrichten senden\/empfangen und Standorte mit anderen ACR Bivy Stick-Benutzern austauschen<\/li>\n<li>Unaufgeforderte eingehende Nachrichten<\/li>\n<li>Dedizierte Telefonnummer und E-Mail<\/li>\n<li>Pers\u00f6nliches Profil mit Tracks und Statistiken<\/li>\n<li>Hunderte von Halterungen verf\u00fcgbar<\/li>\n<li>Klein und leicht<\/li>\n<\/ul>\n","protected":false},"excerpt":{"rendered":"<p>Die Bivy-Plattform, bestehend aus dem ACR Bivy Stick und der Bivy App, kombiniert funktionsreiche Hardware und Software, um die perfekte Mischung aus Sicherheit und Komfort zu schaffen. Ideal f\u00fcr Abenteuer und Off-Grid-Aktivit\u00e4ten aller Art und Gr\u00f6\u00dfe. Nutzen Sie die Bivy-Plattform, um Ihr Erlebnis zu planen, w\u00e4hrend des gesamten Erlebnisses auf Kurs zu bleiben und mit allen wichtigen Personen in Kontakt zu bleiben, w\u00e4hrend Sie wissen, dass Hilfe immer auf Knopfdruck verf\u00fcgbar ist. <\/p>\n<p>Kaufen Sie einfach den ACR Bivy Stick und w\u00e4hlen Sie dann f\u00fcr drei aufeinanderfolgende Monate einen Plus- oder Unlimited-Datentarif.<\/p>\n<p>Erleben Sie alle Vorteile der 2-Wege-Satellitenkommunikation zu einem v\u00f6llig neuen Tiefstpreis und ohne Aktivierungsgeb\u00fchren.<\/p>\n<p>Hergestellt in den USA!!<\/p>\n<p>&nbsp;<\/p>\n<p><a href=\"https:\/\/www.dropbox.com\/s\/0ezw0kexbm120vv\/Prop%2065%20-%20Lead%20and%20Lead%20Compounds.pdf?dl=0\">WARNUNG: PROP 65<\/a><\/p>\n","protected":false},"featured_media":22602,"template":"","meta":{"_acf_changed":false,"om_disable_all_campaigns":false},"product_brand":[],"product_cat":[3236,3234],"product_tag":[],"class_list":{"0":"post-40112","1":"product","2":"type-product","3":"status-publish","4":"has-post-thumbnail","6":"product_cat-im-freien","7":"product_cat-marine-de","8":"pa_activity-camping-de","9":"pa_activity-fahrrad","10":"pa_activity-klettern","12":"first","13":"instock","14":"taxable","15":"shipping-taxable","16":"purchasable","17":"product-type-subscription"},"acf":[],"_links":{"self":[{"href":"https:\/\/acrartex-intl.dev.enterwell.space\/de\/wp-json\/wp\/v2\/product\/40112","targetHints":{"allow":["GET"]}}],"collection":[{"href":"https:\/\/acrartex-intl.dev.enterwell.space\/de\/wp-json\/wp\/v2\/product"}],"about":[{"href":"https:\/\/acrartex-intl.dev.enterwell.space\/de\/wp-json\/wp\/v2\/types\/product"}],"wp:featuredmedia":[{"embeddable":true,"href":"https:\/\/acrartex-intl.dev.enterwell.space\/de\/wp-json\/wp\/v2\/media\/22602"}],"wp:attachment":[{"href":"https:\/\/acrartex-intl.dev.enterwell.space\/de\/wp-json\/wp\/v2\/media?parent=40112"}],"wp:term":[{"taxonomy":"product_brand","embeddable":true,"href":"https:\/\/acrartex-intl.dev.enterwell.space\/de\/wp-json\/wp\/v2\/product_brand?post=40112"},{"taxonomy":"product_cat","embeddable":true,"href":"https:\/\/acrartex-intl.dev.enterwell.space\/de\/wp-json\/wp\/v2\/product_cat?post=40112"},{"taxonomy":"product_tag","embeddable":true,"href":"https:\/\/acrartex-intl.dev.enterwell.space\/de\/wp-json\/wp\/v2\/product_tag?post=40112"}],"curies":[{"name":"wp","href":"https:\/\/api.w.org\/{rel}","templated":true}]}}