{"id":39480,"date":"2021-11-11T11:07:00","date_gmt":"2021-11-11T16:07:00","guid":{"rendered":"https:\/\/acrartex-intl.dev.enterwell.space\/programacion-del-aislink-mob\/"},"modified":"2025-04-04T08:06:23","modified_gmt":"2025-04-04T13:06:23","slug":"programacion-del-aislink-mob","status":"publish","type":"page","link":"https:\/\/acrartex-intl.dev.enterwell.space\/es\/programacion-del-aislink-mob\/","title":{"rendered":"Programaci\u00f3n del AISLink MOB"},"content":{"rendered":"\n<p>Esta p\u00e1gina proporciona las descargas disponibles.<\/p>\n\n<p><\/p>\n\n<p>Utilice el enlace de Descarga a continuaci\u00f3n para instalar el programa en su ordenador Windows, o alternativamente, use el enlace de Iniciar a continuaci\u00f3n para ejecutar la aplicaci\u00f3n como una p\u00e1gina web en sus ordenadores, tabletas o tel\u00e9fonos.<\/p>\n\n<p>NOTA: Si est\u00e1 experimentando dificultades en la programaci\u00f3n de su AISLink MOB, le rogamos consulte la gu\u00eda de resoluci\u00f3n de problemas, a la cual puede acceder desde la p\u00e1gina inicial del programa, pulsando la tecla F1 en el software descargable o haciendo clic en &#8216;Ayuda&#8217; en el programa basado en la web. La raz\u00f3n m\u00e1s com\u00fan por la que el AISLink MOB falla en la programaci\u00f3n es el brillo de la pantalla. Le instamos a asegurarse de que el brillo de la pantalla est\u00e9 configurado al m\u00e1ximo utilizando las teclas de su teclado port\u00e1til o su monitor de visualizaci\u00f3n.  <\/p>\n\n<p>La versi\u00f3n de software descargable o basada en web disponible a continuaci\u00f3n es espec\u00edfica para las funciones DSC permitidas en el pa\u00eds desde donde est\u00e1 accediendo a esta p\u00e1gina web.<\/p>\n\n<p><\/p>\n\n<h3 class=\"wp-block-heading\" id=\"h-downloadable-pc-software\">SOFTWARE DESCARGABLE PARA PC<a href=\"http:\/\/acrartex-intl.dev.enterwell.space\/zone1-pc-software.zip\"><\/a><\/h3>\n\n<div class=\"wp-block-buttons is-layout-flex wp-block-buttons-is-layout-flex\">\n<div class=\"wp-block-button\"><a class=\"wp-block-button__link has-black-color has-text-color has-background\" href=\"https:\/\/www.dropbox.com\/s\/fo2qcyw0rx2l7ss\/zone1-pc-software.zip?dl=1\" style=\"background-color:#defa00\">Descargar Software de Programaci\u00f3n (Zona 1)<\/a><\/div>\n<\/div>\n\n<h3 class=\"wp-block-heading\">INICIAR SOFTWARE DE PROGRAMACI\u00d3N WEB<\/h3>\n\n<div class=\"wp-block-buttons is-layout-flex wp-block-buttons-is-layout-flex\">\n<div class=\"wp-block-button\"><a class=\"wp-block-button__link has-black-color has-text-color has-background\" href=\"https:\/\/old.acrartex.com\/support\/configure-aislink-mob\/program\" style=\"background-color:#defa00\">Iniciar Software de Programaci\u00f3n Web (Zona 1)<\/a><\/div>\n<\/div>\n\n<p><a href=\"http:\/\/acrartex-intl.dev.enterwell.space\/support\/configure-aislink-mob\/program\"><\/a><\/p>\n","protected":false},"excerpt":{"rendered":"<p>Esta p\u00e1gina proporciona las descargas disponibles. Utilice el enlace de Descarga a continuaci\u00f3n para instalar el programa en su ordenador Windows, o alternativamente, use el enlace de Iniciar a continuaci\u00f3n para ejecutar la aplicaci\u00f3n como una p\u00e1gina web en sus ordenadores, tabletas o tel\u00e9fonos. NOTA: Si est\u00e1 experimentando dificultades en la programaci\u00f3n de su AISLink [&hellip;]<\/p>\n","protected":false},"author":22,"featured_media":0,"parent":0,"menu_order":0,"comment_status":"closed","ping_status":"closed","template":"","meta":{"_acf_changed":false,"om_disable_all_campaigns":false,"footnotes":""},"class_list":["post-39480","page","type-page","status-publish","hentry"],"acf":[],"_links":{"self":[{"href":"https:\/\/acrartex-intl.dev.enterwell.space\/es\/wp-json\/wp\/v2\/pages\/39480","targetHints":{"allow":["GET"]}}],"collection":[{"href":"https:\/\/acrartex-intl.dev.enterwell.space\/es\/wp-json\/wp\/v2\/pages"}],"about":[{"href":"https:\/\/acrartex-intl.dev.enterwell.space\/es\/wp-json\/wp\/v2\/types\/page"}],"author":[{"embeddable":true,"href":"https:\/\/acrartex-intl.dev.enterwell.space\/es\/wp-json\/wp\/v2\/users\/22"}],"replies":[{"embeddable":true,"href":"https:\/\/acrartex-intl.dev.enterwell.space\/es\/wp-json\/wp\/v2\/comments?post=39480"}],"version-history":[{"count":1,"href":"https:\/\/acrartex-intl.dev.enterwell.space\/es\/wp-json\/wp\/v2\/pages\/39480\/revisions"}],"predecessor-version":[{"id":39483,"href":"https:\/\/acrartex-intl.dev.enterwell.space\/es\/wp-json\/wp\/v2\/pages\/39480\/revisions\/39483"}],"wp:attachment":[{"href":"https:\/\/acrartex-intl.dev.enterwell.space\/es\/wp-json\/wp\/v2\/media?parent=39480"}],"curies":[{"name":"wp","href":"https:\/\/api.w.org\/{rel}","templated":true}]}}