{"id":39637,"date":"2021-03-12T13:11:05","date_gmt":"2021-03-12T18:11:05","guid":{"rendered":"https:\/\/acrartex-intl.dev.enterwell.space\/aviacion\/"},"modified":"2025-04-04T08:23:12","modified_gmt":"2025-04-04T13:23:12","slug":"aviacion","status":"publish","type":"page","link":"https:\/\/acrartex-intl.dev.enterwell.space\/es\/aviacion\/","title":{"rendered":"Aviaci\u00f3n"},"content":{"rendered":"\n<div class=\"wp-block-group hero-block js-hero\"><div class=\"wp-block-group__inner-container is-layout-flow wp-block-group-is-layout-flow\">\n<div class=\"wp-block-cover has-background-dim hero-block__slide js-hero-block-slide\"><img loading=\"lazy\" decoding=\"async\" width=\"1920\" height=\"1282\" class=\"wp-block-cover__image-background wp-image-170\" alt=\"\" src=\"http:\/\/acrartex-intl.dev.enterwell.space\/wp-content\/uploads\/2020\/12\/shutterstock_1447177895.jpg\" data-object-fit=\"cover\" srcset=\"https:\/\/acrartex-intl.dev.enterwell.space\/wp-content\/uploads\/2020\/12\/shutterstock_1447177895.jpg 1920w, https:\/\/acrartex-intl.dev.enterwell.space\/wp-content\/uploads\/2020\/12\/shutterstock_1447177895-600x401.jpg 600w, https:\/\/acrartex-intl.dev.enterwell.space\/wp-content\/uploads\/2020\/12\/shutterstock_1447177895-300x200.jpg 300w, https:\/\/acrartex-intl.dev.enterwell.space\/wp-content\/uploads\/2020\/12\/shutterstock_1447177895-1024x684.jpg 1024w, https:\/\/acrartex-intl.dev.enterwell.space\/wp-content\/uploads\/2020\/12\/shutterstock_1447177895-768x513.jpg 768w, https:\/\/acrartex-intl.dev.enterwell.space\/wp-content\/uploads\/2020\/12\/shutterstock_1447177895-1536x1026.jpg 1536w\" sizes=\"auto, (max-width: 1920px) 100vw, 1920px\" \/><div class=\"wp-block-cover__inner-container is-layout-flow wp-block-cover-is-layout-flow\">\n<h2 class=\"wp-block-heading\" id=\"h-explore-the-unexplored\">EXPLORE LO INEXPLORADO<\/h2>\n\n\n\n<p>SURQUE LOS CIELOS Y GARANTICE SU SEGURIDAD CON UNA BALIZA DE B\u00daSQUEDA Y RESCATE DE ACR.<\/p>\n\n\n\n<div class=\"wp-block-buttons is-layout-flex wp-block-buttons-is-layout-flex\">\n<div class=\"wp-block-button\"><a class=\"wp-block-button__link\" href=\"https:\/\/acrartex-intl.dev.enterwell.space\/es\/categoria-producto\/aviacion\/\">COMPRAR BALIZAS DE AVIACI\u00d3N<\/a><\/div>\n<\/div>\n<\/div><\/div>\n<\/div><\/div>\n\n<div class=\"wp-block-group new-product-block\"><div class=\"wp-block-group__inner-container is-layout-flow wp-block-group-is-layout-flow\">\n<div class=\"wp-block-cover new-product-block__left\"><img loading=\"lazy\" decoding=\"async\" width=\"779\" height=\"712\" class=\"wp-block-cover__image-background wp-image-175\" alt=\"\" src=\"http:\/\/acrartex-intl.dev.enterwell.space\/wp-content\/uploads\/2020\/12\/yellow-arrow.png\" data-object-fit=\"cover\" srcset=\"https:\/\/acrartex-intl.dev.enterwell.space\/wp-content\/uploads\/2020\/12\/yellow-arrow.png 779w, https:\/\/acrartex-intl.dev.enterwell.space\/wp-content\/uploads\/2020\/12\/yellow-arrow-600x548.png 600w, https:\/\/acrartex-intl.dev.enterwell.space\/wp-content\/uploads\/2020\/12\/yellow-arrow-300x274.png 300w, https:\/\/acrartex-intl.dev.enterwell.space\/wp-content\/uploads\/2020\/12\/yellow-arrow-768x702.png 768w\" sizes=\"auto, (max-width: 779px) 100vw, 779px\" \/><div class=\"wp-block-cover__inner-container is-layout-flow wp-block-cover-is-layout-flow\">\n<figure class=\"wp-block-image size-large is-style-default\"><img loading=\"lazy\" decoding=\"async\" width=\"531\" height=\"531\" src=\"http:\/\/acrartex-intl.dev.enterwell.space\/wp-content\/uploads\/2021\/05\/elt-4000-artex-front-1300-x-1300.png\" alt=\"\" class=\"wp-image-17903\" srcset=\"https:\/\/acrartex-intl.dev.enterwell.space\/wp-content\/uploads\/2021\/05\/elt-4000-artex-front-1300-x-1300.png 531w, https:\/\/acrartex-intl.dev.enterwell.space\/wp-content\/uploads\/2021\/05\/elt-4000-artex-front-1300-x-1300-300x300.png 300w, https:\/\/acrartex-intl.dev.enterwell.space\/wp-content\/uploads\/2021\/05\/elt-4000-artex-front-1300-x-1300-150x150.png 150w, https:\/\/acrartex-intl.dev.enterwell.space\/wp-content\/uploads\/2021\/05\/elt-4000-artex-front-1300-x-1300-100x100.png 100w\" sizes=\"auto, (max-width: 531px) 100vw, 531px\" \/><\/figure>\n<\/div><\/div>\n\n\n\n<div class=\"wp-block-group new-product-block__right\"><div class=\"wp-block-group__inner-container is-layout-flow wp-block-group-is-layout-flow\">\n<h3 class=\"wp-block-heading\" id=\"h-new\">NUEVO<\/h3>\n\n\n\n<h2 class=\"wp-block-heading\" id=\"h-elt-4000\">ELT 4000<\/h2>\n\n\n\n<p>El primer y \u00fanico Emergency Locator Transmitter EXENTO de condici\u00f3n especial en el mundo. El nuevo ARTEX ELT 4000 es un Emergency Locator Transmitter de grado de transporte que utiliza bater\u00edas alcalinas. Esta innovadora fuente de energ\u00eda significa que el ELT 4000 est\u00e1 completamente exento de los requisitos de condici\u00f3n especial de la FAA.  <\/p>\n\n\n\n<div class=\"wp-block-group new-product-block__right__icons\"><div class=\"wp-block-group__inner-container is-layout-flow wp-block-group-is-layout-flow\">\n<figure class=\"wp-block-image size-large is-style-default\"><img loading=\"lazy\" decoding=\"async\" width=\"59\" height=\"59\" src=\"http:\/\/acrartex-intl.dev.enterwell.space\/wp-content\/uploads\/2021\/05\/lithium-callout.png\" alt=\"\" class=\"wp-image-17910\"\/><figcaption>Exento de Litio<\/figcaption><\/figure>\n\n\n\n<figure class=\"wp-block-image size-large is-style-default\"><img loading=\"lazy\" decoding=\"async\" width=\"59\" height=\"59\" src=\"http:\/\/acrartex-intl.dev.enterwell.space\/wp-content\/uploads\/2021\/05\/faa-callout.png\" alt=\"\" class=\"wp-image-17911\"\/><figcaption>Aprobado por la FAA<\/figcaption><\/figure>\n\n\n\n<figure class=\"wp-block-image size-large is-style-default\"><img loading=\"lazy\" decoding=\"async\" width=\"59\" height=\"59\" src=\"http:\/\/acrartex-intl.dev.enterwell.space\/wp-content\/uploads\/2021\/05\/frequency-callout.png\" alt=\"\" class=\"wp-image-17912\"\/><figcaption>M\u00faltiples Frecuencias<\/figcaption><\/figure>\n\n\n\n<figure class=\"wp-block-image size-large is-style-default\"><img loading=\"lazy\" decoding=\"async\" width=\"59\" height=\"59\" src=\"http:\/\/acrartex-intl.dev.enterwell.space\/wp-content\/uploads\/2021\/05\/gps-callout.png\" alt=\"\" class=\"wp-image-17913\"\/><figcaption>Habilitado por Sat\u00e9lite<\/figcaption><\/figure>\n<\/div><\/div>\n\n\n\n<div class=\"wp-block-buttons is-layout-flex wp-block-buttons-is-layout-flex\">\n<div class=\"wp-block-button\"><a class=\"wp-block-button__link\" href=\"https:\/\/acrartex-intl.dev.enterwell.space\/products\/elt-4000-emergency-locator-transmitter\/\">COMPRAR AHORA<\/a><\/div>\n<\/div>\n<\/div><\/div>\n<\/div><\/div>\n\n<div class=\"wp-block-group categories-block\"><div class=\"wp-block-group__inner-container is-layout-flow wp-block-group-is-layout-flow\">\n<div class=\"wp-block-cover has-background-dim categories-block__left\"><img loading=\"lazy\" decoding=\"async\" width=\"1270\" height=\"460\" class=\"wp-block-cover__image-background wp-image-22264\" alt=\"\" src=\"http:\/\/acrartex-intl.dev.enterwell.space\/wp-content\/uploads\/2021\/05\/ARTEX_general-aviation-1.png\" data-object-fit=\"cover\" srcset=\"https:\/\/acrartex-intl.dev.enterwell.space\/wp-content\/uploads\/2021\/05\/ARTEX_general-aviation-1.png 1270w, https:\/\/acrartex-intl.dev.enterwell.space\/wp-content\/uploads\/2021\/05\/ARTEX_general-aviation-1-300x109.png 300w, https:\/\/acrartex-intl.dev.enterwell.space\/wp-content\/uploads\/2021\/05\/ARTEX_general-aviation-1-1024x371.png 1024w, https:\/\/acrartex-intl.dev.enterwell.space\/wp-content\/uploads\/2021\/05\/ARTEX_general-aviation-1-768x278.png 768w, https:\/\/acrartex-intl.dev.enterwell.space\/wp-content\/uploads\/2021\/05\/ARTEX_general-aviation-1-600x217.png 600w\" sizes=\"auto, (max-width: 1270px) 100vw, 1270px\" \/><div class=\"wp-block-cover__inner-container is-layout-flow wp-block-cover-is-layout-flow\">\n<div class=\"wp-block-buttons is-layout-flex wp-block-buttons-is-layout-flex\">\n<div class=\"wp-block-button\"><a class=\"wp-block-button__link\" href=\"http:\/\/acrartex-intl.dev.enterwell.space\/product-category\/aviation\/\">AVIACI\u00d3N GENERAL<\/a><\/div>\n<\/div>\n<\/div><\/div>\n\n\n\n<div class=\"wp-block-cover has-background-dim categories-block__right\"><img loading=\"lazy\" decoding=\"async\" width=\"1270\" height=\"460\" class=\"wp-block-cover__image-background wp-image-22265\" alt=\"\" src=\"http:\/\/acrartex-intl.dev.enterwell.space\/wp-content\/uploads\/2021\/05\/ARTEX_commercial-aviation-1.png\" data-object-fit=\"cover\" srcset=\"https:\/\/acrartex-intl.dev.enterwell.space\/wp-content\/uploads\/2021\/05\/ARTEX_commercial-aviation-1.png 1270w, https:\/\/acrartex-intl.dev.enterwell.space\/wp-content\/uploads\/2021\/05\/ARTEX_commercial-aviation-1-300x109.png 300w, https:\/\/acrartex-intl.dev.enterwell.space\/wp-content\/uploads\/2021\/05\/ARTEX_commercial-aviation-1-1024x371.png 1024w, https:\/\/acrartex-intl.dev.enterwell.space\/wp-content\/uploads\/2021\/05\/ARTEX_commercial-aviation-1-768x278.png 768w, https:\/\/acrartex-intl.dev.enterwell.space\/wp-content\/uploads\/2021\/05\/ARTEX_commercial-aviation-1-600x217.png 600w\" sizes=\"auto, (max-width: 1270px) 100vw, 1270px\" \/><div class=\"wp-block-cover__inner-container is-layout-flow wp-block-cover-is-layout-flow\">\n<div class=\"wp-block-buttons is-layout-flex wp-block-buttons-is-layout-flex\">\n<div class=\"wp-block-button\"><a class=\"wp-block-button__link\" href=\"http:\/\/acrartex-intl.dev.enterwell.space\/product-category\/aviation\/\">AVIACI\u00d3N COMERCIAL<\/a><\/div>\n<\/div>\n<\/div><\/div>\n<\/div><\/div>\n\n<div class=\"featured-story-block\">\n\n\t\t<div class=\"featured-story-block__upper\" style=\"background-image: url('https:\/\/acrartex-intl.dev.enterwell.space\/wp-content\/uploads\/ss-attachments\/acffe5f43d2eec16a9c24817dbd8464eMyIc.jpg')\"><\/div>\n\n\t\t<div class=\"featured-story-block__middle\">\n\t\t<div class=\"c-container\">\n\n\t\t\t<p>Survivor stories<\/p>\n\t\t\t<p>&#8211;<\/p>\n\n\t\t\t\t\t\t<p>Awatere Valley, Marlborough, New Zealand<\/p>\n\n\t\t\t\t\t\t<p>\n\t\t\t\t-41.991587&deg;S,\n\t\t\t\t173.4336118&deg;E\n\t\t\t<\/p>\n\n\t\t<\/div>\n\t<\/div>\n\n\t\t<div class=\"c-container\">\n\t\t<div class=\"featured-story-block__lower\">\n\n\t\t\t\t\t\t<div class=\"featured-story-block__lower__product\">\n\n\t\t\t\t\t\t\t\t<img decoding=\"async\" src=\"https:\/\/acrartex-intl.dev.enterwell.space\/wp-content\/uploads\/2021\/04\/c59170d8af59f6536afecb73d8a8d730-2.gif\" alt=\"ResQLink\u2122 400\">\n\n\t\t\t\t\t\t\t\t<div class=\"featured-story-block__lower__product__content\">\n\n\t\t\t\t\t\t\t\t\t\t<h3>ResQLink\u2122 400<\/h3>\n\n\t\t\t\t\t<p class=\"featured-story-block__lower__product__content__info\">\n\t\t\t\t\t\tBuoyant Personal Locator Beacon\n\t\t\t\t\t<\/p>\n\n\t\t\t\t\t\t\t\t\t\t<p class=\"featured-story-block__lower__product__content__excerpt\"><\/p>\n\n\t\t\t\t\t\t\t\t\t\t<a href=\"https:\/\/acrartex-intl.dev.enterwell.space\/es\/survivor-stories\/awatere-valley-marlborough-new-zealand\/\" class=\"c-button\">Read Full Story<\/a>\n\t\t\t\t<\/div>\n\n\t\t\t<\/div>\n\n\t\t\t\t\t\t<div class=\"featured-story-block__lower__data\">\n\n\t\t\t\t\t\t\t\t<div class=\"featured-story-block__lower__data__item\">\n\t\t\t\t\t<h4>2<\/h4>\n\t\t\t\t\t<h5>Lives saved<\/h5>\n\t\t\t\t\t<p>Awatere Valley, Marlborough, New Zealand<\/p>\n\t\t\t\t<\/div>\n\n\t\t\t\t\t\t\t\t\t\t\t\t\t<div class=\"featured-story-block__lower__data__item\">\n\t\t\t\t\t\t<img decoding=\"async\" src=\"https:\/\/acrartex-intl.dev.enterwell.space\/wp-content\/uploads\/2021\/02\/weather.png\" alt=\"Issue\">\n\t\t\t\t\t\t<h5>Issue<\/h5>\n\t\t\t\t\t\t<p>Weather<\/p>\n\t\t\t\t\t<\/div>\n\t\t\t\t\n\t\t\t<\/div>\n\n\t\t<\/div>\n\t<\/div>\n\n<\/div>\n<div class=\"latest-news-block\">\n\t<div class=\"c-container\">\n\n\t\t\t\t<h2>Latest news<\/h2>\n\n\t\t<div class=\"latest-news-block__divider\"><\/div>\n\n\t\t\t\t<div class=\"latest-news-block__posts\">\n\t\t\t\t\t<\/div>\n\n\t<\/div>\n<\/div>\n<div class=\"dealer-locator-block\">\n\n\t\t<div class=\"dealer-locator-block__left\">\n\t\t<div class=\"dealer-locator-block__left__container\">\n\n\t\t\t\t\t\t<h2>Dealer locator<\/h2>\n\n\t\t\t\t\t\t<p>\n\t\t\t\tWhere in the world are you?\n\t\t\t\t<br>\n\t\t\t\tLet us know so we can recommend local ACR dealerships.\n\t\t\t<\/p>\n\n\t\t\t\t\t\t<form action=\"\/support\/dealer-locator\" id=\"dealer-locator\" class=\"dealer-locator-block__left__container__input\">\n\t\t\t\t<input type=\"text\" id=\"pac-input\" name=\"address\" placeholder=\"Enter Location\">\n\t\t\t\t<input type=\"hidden\" name=\"lat\">\n\t\t\t\t<input type=\"hidden\" name=\"lng\">\n\t\t\t\t\t\t\t\t\t<input type=\"hidden\" name=\"dealer\" value=\"artex\">\n\t\t\t\t\t\t\t\t<div class=\"dealer-locator-block__left__container__input__compass\"><\/div>\n\t\t\t<\/form>\n\t\t\t<button type=\"submit\" class=\"c-button\" form=\"dealer-locator\">Find a dealer<\/button>\n\n\t\t\t\t\t\t<a class=\"js-dealer-locator-block-current\" href=\"#\">Use my current location<\/a>\n\n\t\t<\/div>\n\t<\/div>\n\n\t\t<div class=\"dealer-locator-block__right\"><\/div>\n\n<\/div>\n\n<div class=\"wp-block-cover has-background-dim-10 has-background-dim preplikeapro-block\"><img loading=\"lazy\" decoding=\"async\" width=\"1921\" height=\"720\" class=\"wp-block-cover__image-background wp-image-22263\" alt=\"\" src=\"http:\/\/acrartex-intl.dev.enterwell.space\/wp-content\/uploads\/2021\/05\/ARTEX_prep-like-a-pro-1.png\" data-object-fit=\"cover\" srcset=\"https:\/\/acrartex-intl.dev.enterwell.space\/wp-content\/uploads\/2021\/05\/ARTEX_prep-like-a-pro-1.png 1921w, https:\/\/acrartex-intl.dev.enterwell.space\/wp-content\/uploads\/2021\/05\/ARTEX_prep-like-a-pro-1-300x112.png 300w, https:\/\/acrartex-intl.dev.enterwell.space\/wp-content\/uploads\/2021\/05\/ARTEX_prep-like-a-pro-1-1024x384.png 1024w, https:\/\/acrartex-intl.dev.enterwell.space\/wp-content\/uploads\/2021\/05\/ARTEX_prep-like-a-pro-1-768x288.png 768w, https:\/\/acrartex-intl.dev.enterwell.space\/wp-content\/uploads\/2021\/05\/ARTEX_prep-like-a-pro-1-1536x576.png 1536w, https:\/\/acrartex-intl.dev.enterwell.space\/wp-content\/uploads\/2021\/05\/ARTEX_prep-like-a-pro-1-600x225.png 600w\" sizes=\"auto, (max-width: 1921px) 100vw, 1921px\" \/><div class=\"wp-block-cover__inner-container is-layout-flow wp-block-cover-is-layout-flow\">\n<div class=\"wp-block-image preplikeapro-block__top is-style-default\"><figure class=\"aligncenter size-large\"><img loading=\"lazy\" decoding=\"async\" width=\"58\" height=\"58\" src=\"http:\/\/acrartex-intl.dev.enterwell.space\/wp-content\/uploads\/2020\/12\/IG.png\" alt=\"\" class=\"wp-image-158\"\/><figcaption><span class=\"has-inline-color has-white-color\">#PREPLIKEAPRO<\/span><\/figcaption><\/figure><\/div>\n\n\n\n<div class=\"wp-block-group preplikeapro-block__bottom\"><div class=\"wp-block-group__inner-container is-layout-flow wp-block-group-is-layout-flow\">\n<p>Comparta sus aventuras @ACRARTEX utilizando #PrepLikeAPro #StaySafeOutThere #HowDoYouRoam<\/p>\n\n\n\n<div class=\"wp-block-buttons is-layout-flex wp-block-buttons-is-layout-flex\">\n<div class=\"wp-block-button social-yt\"><a class=\"wp-block-button__link\" href=\"https:\/\/www.youtube.com\/user\/ACR406\" target=\"_blank\" rel=\"noreferrer noopener\">YT<\/a><\/div>\n\n\n\n<div class=\"wp-block-button social-tw\"><a class=\"wp-block-button__link\" href=\"https:\/\/twitter.com\/acrartex\" target=\"_blank\" rel=\"noreferrer noopener\">TW<\/a><\/div>\n\n\n\n<div class=\"wp-block-button social-ig\"><a class=\"wp-block-button__link\" href=\"https:\/\/www.instagram.com\/acrartex\/\" target=\"_blank\" rel=\"noreferrer noopener\">IG<\/a><\/div>\n\n\n\n<div class=\"wp-block-button social-fb\"><a class=\"wp-block-button__link\" href=\"https:\/\/www.facebook.com\/ACRARTEX\" target=\"_blank\" rel=\"noreferrer noopener\">FB<\/a><\/div>\n<\/div>\n<\/div><\/div>\n<\/div><\/div>\n","protected":false},"excerpt":{"rendered":"<p>NUEVO ELT 4000 El primer y \u00fanico Emergency Locator Transmitter EXENTO de condici\u00f3n especial en el mundo. El nuevo ARTEX ELT 4000 es un Emergency Locator Transmitter de grado de transporte que utiliza bater\u00edas alcalinas. Esta innovadora fuente de energ\u00eda significa que el ELT 4000 est\u00e1 completamente exento de los requisitos de condici\u00f3n especial de [&hellip;]<\/p>\n","protected":false},"author":1,"featured_media":0,"parent":0,"menu_order":0,"comment_status":"closed","ping_status":"closed","template":"","meta":{"_acf_changed":false,"om_disable_all_campaigns":false,"footnotes":""},"class_list":["post-39637","page","type-page","status-publish","hentry"],"acf":[],"_links":{"self":[{"href":"https:\/\/acrartex-intl.dev.enterwell.space\/es\/wp-json\/wp\/v2\/pages\/39637","targetHints":{"allow":["GET"]}}],"collection":[{"href":"https:\/\/acrartex-intl.dev.enterwell.space\/es\/wp-json\/wp\/v2\/pages"}],"about":[{"href":"https:\/\/acrartex-intl.dev.enterwell.space\/es\/wp-json\/wp\/v2\/types\/page"}],"author":[{"embeddable":true,"href":"https:\/\/acrartex-intl.dev.enterwell.space\/es\/wp-json\/wp\/v2\/users\/1"}],"replies":[{"embeddable":true,"href":"https:\/\/acrartex-intl.dev.enterwell.space\/es\/wp-json\/wp\/v2\/comments?post=39637"}],"version-history":[{"count":1,"href":"https:\/\/acrartex-intl.dev.enterwell.space\/es\/wp-json\/wp\/v2\/pages\/39637\/revisions"}],"predecessor-version":[{"id":39640,"href":"https:\/\/acrartex-intl.dev.enterwell.space\/es\/wp-json\/wp\/v2\/pages\/39637\/revisions\/39640"}],"wp:attachment":[{"href":"https:\/\/acrartex-intl.dev.enterwell.space\/es\/wp-json\/wp\/v2\/media?parent=39637"}],"curies":[{"name":"wp","href":"https:\/\/api.w.org\/{rel}","templated":true}]}}