{"id":37716,"date":"2021-03-16T08:16:22","date_gmt":"2021-03-16T13:16:22","guid":{"rendered":"https:\/\/acrartex-intl.dev.enterwell.space\/products\/ms-2000m2-limpiador-de-agua\/"},"modified":"2021-03-16T08:16:22","modified_gmt":"2021-03-16T13:16:22","slug":"ms-2000m2-limpiador-de-agua","status":"publish","type":"product","link":"https:\/\/acrartex-intl.dev.enterwell.space\/es\/products\/ms-2000m2-limpiador-de-agua\/","title":{"rendered":"MS-2000(M2) Limpiador de agua"},"content":{"rendered":"<p>Al igual que nuestros confiables y muy valorados SDU-5E y MS-2000(M), el MS-2000(M2) est\u00e1 dise\u00f1ado para cumplir o superar las especificaciones militares, incluidas MIL-L-38217D y CID AA-59176, y tiene muchas funciones mejoradas para salvar vidas y cumplir con la capacidad de m\u00faltiples misiones.<\/p>\n<ul>\n<li>La nueva funci\u00f3n de vibraci\u00f3n le avisa de la activaci\u00f3n y los cambios de modo de forma encubierta cuando usa el protector IR<\/li>\n<li>Los sensores de activaci\u00f3n de agua activan autom\u00e1ticamente la luz cuando est\u00e1n armados<\/li>\n<li>4 modos de activaci\u00f3n para elegir: Armado, Estrobosc\u00f3pico, SOS o Encendido fijo<\/li>\n<li>Cumple con los requisitos m\u00e1s actualizados del \u00e1mbito militar y se adapta pr\u00e1cticamente a cualquier aplicaci\u00f3n.<\/li>\n<li>El nuevo retenedor de acero trenzado mantiene la cubierta de la bater\u00eda sujeta<\/li>\n<li>El revestimiento de silicona en los componentes electr\u00f3nicos protege contra la humedad.<\/li>\n<li>El filtro azul direccional alerta a las fuerzas amigas y distingue el flash del fuego terrestre.<\/li>\n<li>Hasta 56 horas de funcionamiento con 2 pilas alcalinas AA est\u00e1ndar (use pilas de litio para entornos de fr\u00edo extremo o almacenamiento a largo plazo)<\/li>\n<li>Filtro infrarrojo (IR) adjunto para visualizaci\u00f3n con gafas de visi\u00f3n nocturna (NVG) con revestimiento de fieltro para evitar fugas de luz evidentes<\/li>\n<li>Tecnolog\u00eda LED de \u00faltima generaci\u00f3n<\/li>\n<li>Los indicadores de polaridad elevados permiten la colocaci\u00f3n correcta de la bater\u00eda<\/li>\n<\/ul>\n","protected":false},"excerpt":{"rendered":"<p>Cuando se trata de salvar vidas, no hay nada que no sea lo mejor. Desde la introducci\u00f3n de la MS-2000 original, se ha convertido en la principal linterna de b\u00fasqueda y rescate en combate (C-SAR) que utilizan las fuerzas militares de \u00e9lite de todo el mundo. Esta luz estrobosc\u00f3pica de se\u00f1alizaci\u00f3n cuenta con la \u00faltima tecnolog\u00eda LED y cumple con los requisitos militares m\u00e1s recientes. Su funci\u00f3n de vibraci\u00f3n avisa de la activaci\u00f3n y los cambios de modo al usar el escudo IR, y sus sensores de activaci\u00f3n por agua encienden autom\u00e1ticamente la linterna al entrar en contacto con agua dulce o salada. Con 4 modos de activaci\u00f3n a elegir: Armado, Estrobosc\u00f3pico, SOS o Encendido Fijo, estar\u00e1 listo para usar su linterna en pr\u00e1cticamente cualquier situaci\u00f3n.    <\/p>\n","protected":false},"featured_media":12272,"template":"","meta":{"_acf_changed":false,"om_disable_all_campaigns":false},"product_brand":[],"product_cat":[3815],"product_tag":[5099,5102,5097,5086,5094,5089,5092,5084],"class_list":{"0":"post-37716","1":"product","2":"type-product","3":"status-publish","4":"has-post-thumbnail","6":"product_cat-militar-es","7":"product_tag-3991-es","8":"product_tag-3991-2-es","9":"product_tag-chinche-de-agua","10":"product_tag-luz","11":"product_tag-luz-del-mercado","12":"product_tag-luz-estroboscopica","13":"product_tag-luz-estroboscopica-waterbug","14":"product_tag-ms2000-es","16":"first","17":"instock","18":"taxable","19":"shipping-taxable","20":"product-type-simple"},"acf":[],"_links":{"self":[{"href":"https:\/\/acrartex-intl.dev.enterwell.space\/es\/wp-json\/wp\/v2\/product\/37716","targetHints":{"allow":["GET"]}}],"collection":[{"href":"https:\/\/acrartex-intl.dev.enterwell.space\/es\/wp-json\/wp\/v2\/product"}],"about":[{"href":"https:\/\/acrartex-intl.dev.enterwell.space\/es\/wp-json\/wp\/v2\/types\/product"}],"wp:featuredmedia":[{"embeddable":true,"href":"https:\/\/acrartex-intl.dev.enterwell.space\/es\/wp-json\/wp\/v2\/media\/12272"}],"wp:attachment":[{"href":"https:\/\/acrartex-intl.dev.enterwell.space\/es\/wp-json\/wp\/v2\/media?parent=37716"}],"wp:term":[{"taxonomy":"product_brand","embeddable":true,"href":"https:\/\/acrartex-intl.dev.enterwell.space\/es\/wp-json\/wp\/v2\/product_brand?post=37716"},{"taxonomy":"product_cat","embeddable":true,"href":"https:\/\/acrartex-intl.dev.enterwell.space\/es\/wp-json\/wp\/v2\/product_cat?post=37716"},{"taxonomy":"product_tag","embeddable":true,"href":"https:\/\/acrartex-intl.dev.enterwell.space\/es\/wp-json\/wp\/v2\/product_tag?post=37716"}],"curies":[{"name":"wp","href":"https:\/\/api.w.org\/{rel}","templated":true}]}}