{"id":37779,"date":"2021-03-16T08:16:59","date_gmt":"2021-03-16T13:16:59","guid":{"rendered":"https:\/\/acrartex-intl.dev.enterwell.space\/products\/c-strobe\/"},"modified":"2021-03-16T08:16:59","modified_gmt":"2021-03-16T13:16:59","slug":"c-strobe","status":"publish","type":"product","link":"https:\/\/acrartex-intl.dev.enterwell.space\/es\/products\/c-strobe\/","title":{"rendered":"C-Strobe\u2122"},"content":{"rendered":"<p>Su dise\u00f1o delgado, ligero y vers\u00e1til cabe f\u00e1cilmente en un bolsillo o se cuelga discretamente al sujetarlo a un chaleco salvavidas o una mochila. Las presillas de amarre flexibles en el lateral del producto permiten m\u00faltiples opciones de montaje, incluyendo la cinta de la mochila o las correas del chaleco salvavidas. La correa de <sup>Velcro\u00ae<\/sup> se fija alrededor de las presillas de amarre y ofrece innumerables posibilidades de montaje adicionales. La luz tambi\u00e9n incluye un clip dise\u00f1ado para deslizarse c\u00f3modamente sobre el tubo de inflado oral del chaleco salvavidas inflable, lo que permite guardar la luz dentro del mismo.<\/p>\n<p>&nbsp;<\/p>\n<p>Tambi\u00e9n disponible en modelo activado por agua.<\/p>\n<p>&nbsp;<\/p>\n<p><strong>Caracter\u00edsticas:<\/strong><\/p>\n<ul>\n<li>Para obtener asistencia de ubicaci\u00f3n durante emergencias con poca luz<\/li>\n<li>LED blanco de 45 l\u00famenes extremadamente brillante<\/li>\n<li>La extensa vida \u00fatil continua de m\u00e1s de 120 horas<\/li>\n<li>Resistente al agua: probado durante 24 horas a 1 m (3,3 pies)<\/li>\n<li>Activaci\u00f3n y desactivaci\u00f3n mediante giro f\u00e1cil<\/li>\n<li>Estuche resistente a impactos<\/li>\n<li>Utiliza dos pilas \u201cAA\u201d de 1,5 V (no incluidas)<\/li>\n<li>Aprobado por USCG\/SOLAS<\/li>\n<li>Ideal para chalecos salvavidas, camping, ciclismo, autom\u00f3vil, etc.<\/li>\n<li>Correa de Velcro\u00ae incluida (con versi\u00f3n en tarjeta) que se utiliza junto con bucles de amarre integrados para mayor flexibilidad de montaje.<\/li>\n<li>Clip PFD incluido (con versi\u00f3n en tarjeta) para una f\u00e1cil conexi\u00f3n al tubo de inflado oral<\/li>\n<\/ul>\n","protected":false},"excerpt":{"rendered":"<p>La LED C-Strobe es una luz estrobosc\u00f3pica personal de emergencia de activaci\u00f3n manual con una vida \u00fatil considerablemente mejorada. Esta luz impermeable es peque\u00f1a pero robusta y cuenta con un LED de 45 l\u00famenes que suele funcionar durante 120 horas continuas. La C-Strobe cuenta con la aprobaci\u00f3n de la Guardia Costera de los Estados Unidos (USCG) y SOLAS y se activa manualmente con un sencillo giro de encendido y apagado, lo que la convierte en la luz ideal para los entusiastas de las actividades al aire libre.  <\/p>\n<p>&nbsp;<\/p>\n<p><a href=\"https:\/\/www.dropbox.com\/s\/8343nj28z0d7bxa\/Prop%2065%20-%20BPA.pdf?dl=0\">ADVERTENCIA: PROP 65<\/a><\/p>\n<p>&nbsp;<\/p>\n<p><span style=\"color:#e74c3c\">C\u00d3DIGO: <strong>SHIPFREE20<\/strong> Env\u00edo terrestre gratuito en pedidos superiores a U$30. Excluye HI y AK. <\/span><\/p>\n<p>&nbsp;<\/p>\n","protected":false},"featured_media":12282,"template":"","meta":{"_acf_changed":false,"om_disable_all_campaigns":false},"product_brand":[],"product_cat":[3509,3514,3817,3820,3818,3165,3507,3164,3512,3816],"product_tag":[5788,5640,5642,5643,5095,5781,5773,5783,5641,5644,5777],"class_list":{"0":"post-37779","1":"product","2":"type-product","3":"status-publish","4":"has-post-thumbnail","6":"product_cat-cerca-de-la-costa","7":"product_cat-comercial","8":"product_cat-deporte-de-accion-todoterreno","9":"product_cat-deportes-de-remo-pesca","10":"product_cat-equipo-de-viaje","11":"product_cat-exterior","12":"product_cat-interior","13":"product_cat-marina","14":"product_cat-off-shore-es","15":"product_cat-senderismo-escalada-campamento","16":"product_tag-luces-de-rescate","17":"product_tag-luces-estroboscopicas","18":"product_tag-luces-estroboscopicas-de-seguridad","19":"product_tag-luces-estroboscopicas-de-seguridad-es","20":"product_tag-luz-de-dfp","21":"product_tag-luz-estroboscopica-acr-es","22":"product_tag-luz-estroboscopica-acr","23":"product_tag-luz-estroboscopica-acr-c","24":"product_tag-luz-estroboscopica-de-emergencia","25":"product_tag-luz-estroboscopica-de-emergencia-es","26":"product_tag-luz-estroboscopica-marina","27":"pa_activity-a-campo-traviesa","28":"pa_activity-bicicleta","29":"pa_activity-camping-es","30":"pa_activity-deportes-de-remo","31":"pa_activity-escalada","32":"pa_activity-esqui-snowboard","33":"pa_activity-motonieve","34":"pa_activity-pesca-es","35":"pa_activity-senderismo","36":"pa_activity-todoterreno-4x4","37":"pa_boat-size-0-20-es","38":"pa_boat-size-21-40-es","39":"pa_boat-size-40-80-es","40":"pa_boat-size-80-es","41":"pa_boat-type-artesania-deportiva","42":"pa_boat-type-buque-de-carga","43":"pa_boat-type-lancha-fuera-borda","44":"pa_boat-type-pesca-comercial","45":"pa_boat-type-remolcador","46":"pa_boat-type-velero","47":"pa_boat-type-yate","48":"pa_boat-type-yate-de-alquiler","49":"pa_product-accesorios-de-seguridad","50":"pa_product-luces-de-rescate","51":"pa_product-productos-de-senalizacion","52":"pa_terrain-bosque-y-jungla","53":"pa_terrain-colina-y-montana","54":"pa_terrain-rios-humedales-lagos","55":"pa_terrain-tundra-es","57":"first","58":"instock","59":"taxable","60":"shipping-taxable","61":"purchasable","62":"product-type-simple"},"acf":[],"_links":{"self":[{"href":"https:\/\/acrartex-intl.dev.enterwell.space\/es\/wp-json\/wp\/v2\/product\/37779","targetHints":{"allow":["GET"]}}],"collection":[{"href":"https:\/\/acrartex-intl.dev.enterwell.space\/es\/wp-json\/wp\/v2\/product"}],"about":[{"href":"https:\/\/acrartex-intl.dev.enterwell.space\/es\/wp-json\/wp\/v2\/types\/product"}],"wp:featuredmedia":[{"embeddable":true,"href":"https:\/\/acrartex-intl.dev.enterwell.space\/es\/wp-json\/wp\/v2\/media\/12282"}],"wp:attachment":[{"href":"https:\/\/acrartex-intl.dev.enterwell.space\/es\/wp-json\/wp\/v2\/media?parent=37779"}],"wp:term":[{"taxonomy":"product_brand","embeddable":true,"href":"https:\/\/acrartex-intl.dev.enterwell.space\/es\/wp-json\/wp\/v2\/product_brand?post=37779"},{"taxonomy":"product_cat","embeddable":true,"href":"https:\/\/acrartex-intl.dev.enterwell.space\/es\/wp-json\/wp\/v2\/product_cat?post=37779"},{"taxonomy":"product_tag","embeddable":true,"href":"https:\/\/acrartex-intl.dev.enterwell.space\/es\/wp-json\/wp\/v2\/product_tag?post=37779"}],"curies":[{"name":"wp","href":"https:\/\/api.w.org\/{rel}","templated":true}]}}