{"id":37953,"date":"2021-03-16T08:14:31","date_gmt":"2021-03-16T13:14:31","guid":{"rendered":"https:\/\/acrartex-intl.dev.enterwell.space\/products\/interruptor-remoto-estandar-455-6196\/"},"modified":"2021-03-16T08:14:31","modified_gmt":"2021-03-16T13:14:31","slug":"interruptor-remoto-estandar-455-6196","status":"publish","type":"product","link":"https:\/\/acrartex-intl.dev.enterwell.space\/es\/products\/interruptor-remoto-estandar-455-6196\/","title":{"rendered":"Interruptor remoto, est\u00e1ndar 455-6196"},"content":{"rendered":"","protected":false},"excerpt":{"rendered":"<p>Este interruptor remoto es est\u00e1ndar en todos los paquetes de ELT TSO C91a y TSO C126, excepto en los ELT de las series ME406 ACE y B406. Si un cliente OEM requiere un modelo espec\u00edfico de interruptor remoto, o si el ELT se suministra espec\u00edficamente para aplicaciones militares, este interruptor remoto tampoco ser\u00e1 est\u00e1ndar. <\/p>\n<p>&nbsp;<\/p>\n","protected":false},"featured_media":12236,"template":"","meta":{"_acf_changed":false,"om_disable_all_campaigns":false},"product_brand":[],"product_cat":[2353],"product_tag":[6509,6508,2735,6507],"class_list":{"0":"post-37953","1":"product","2":"type-product","3":"status-publish","4":"has-post-thumbnail","6":"product_cat-uncategorized","7":"product_tag-455-6196-es","8":"product_tag-estandar","9":"product_tag-interruptor-remoto","10":"product_tag-norma-455-6196-es","12":"first","13":"instock","14":"taxable","15":"shipping-taxable","16":"purchasable","17":"product-type-simple"},"acf":[],"_links":{"self":[{"href":"https:\/\/acrartex-intl.dev.enterwell.space\/es\/wp-json\/wp\/v2\/product\/37953","targetHints":{"allow":["GET"]}}],"collection":[{"href":"https:\/\/acrartex-intl.dev.enterwell.space\/es\/wp-json\/wp\/v2\/product"}],"about":[{"href":"https:\/\/acrartex-intl.dev.enterwell.space\/es\/wp-json\/wp\/v2\/types\/product"}],"wp:featuredmedia":[{"embeddable":true,"href":"https:\/\/acrartex-intl.dev.enterwell.space\/es\/wp-json\/wp\/v2\/media\/12236"}],"wp:attachment":[{"href":"https:\/\/acrartex-intl.dev.enterwell.space\/es\/wp-json\/wp\/v2\/media?parent=37953"}],"wp:term":[{"taxonomy":"product_brand","embeddable":true,"href":"https:\/\/acrartex-intl.dev.enterwell.space\/es\/wp-json\/wp\/v2\/product_brand?post=37953"},{"taxonomy":"product_cat","embeddable":true,"href":"https:\/\/acrartex-intl.dev.enterwell.space\/es\/wp-json\/wp\/v2\/product_cat?post=37953"},{"taxonomy":"product_tag","embeddable":true,"href":"https:\/\/acrartex-intl.dev.enterwell.space\/es\/wp-json\/wp\/v2\/product_tag?post=37953"}],"curies":[{"name":"wp","href":"https:\/\/api.w.org\/{rel}","templated":true}]}}