{"id":39977,"date":"2021-03-16T08:22:30","date_gmt":"2021-03-16T13:22:30","guid":{"rendered":"https:\/\/acrartex-intl.dev.enterwell.space\/products\/rescueme-epirb1\/"},"modified":"2025-08-08T14:39:09","modified_gmt":"2025-08-08T19:39:09","slug":"rescueme-epirb1","status":"publish","type":"product","link":"https:\/\/acrartex-intl.dev.enterwell.space\/es\/products\/rescueme-epirb1\/","title":{"rendered":"rescueME EPIRB1"},"content":{"rendered":"<p>Una sencilla pesta\u00f1a de protecci\u00f3n sobre las teclas de operaci\u00f3n evita la activaci\u00f3n inadvertida, pero permite una f\u00e1cil operaci\u00f3n cuando es necesario. El rescueME EPIRB1 tambi\u00e9n cuenta con dos luces estrobosc\u00f3picas de alto brillo para maximizar la visibilidad en condiciones de poca luz. La antena retr\u00e1ctil proporciona la m\u00e1xima protecci\u00f3n y un contorno reducido para el almacenamiento. Cuando es necesario, la antena se despliega f\u00e1cilmente con un suave tir\u00f3n. Para traves\u00edas oce\u00e1nicas o en alta mar m\u00e1s largas, el Ocean Signal E100G EPIRB ofrece una excepcional vida \u00fatil de 96 horas con la opci\u00f3n de una carcasa de liberaci\u00f3n autom\u00e1tica (obligatoria para embarcaciones aprobadas seg\u00fan las normas SOLAS).    <\/p>\n<ul>\n<li>30% (t\u00edp.) m\u00e1s peque\u00f1o<\/li>\n<li>Duraci\u00f3n de la bater\u00eda de 10 a\u00f1os<\/li>\n<li>M\u00e1s de 48 horas de vida \u00fatil<\/li>\n<li>Garant\u00eda de 5 a\u00f1os<\/li>\n<li>Posicionamiento r\u00e1pido y preciso con GPS de 66 canales<\/li>\n<li>Antena retr\u00e1ctil<\/li>\n<li>Soporte de liberaci\u00f3n r\u00e1pida<\/li>\n<li>Cord\u00f3n de seguridad<\/li>\n<\/ul>\n","protected":false},"excerpt":{"rendered":"<p>El rescueME EPIRB1 proporciona tranquilidad con una impresionante duraci\u00f3n de la bater\u00eda de 10 a\u00f1os. El EPIRB m\u00e1s compacto del mundo puede estar siempre a mano, ya que su peque\u00f1o tama\u00f1o permite guardarlo f\u00e1cilmente en su soporte de liberaci\u00f3n r\u00e1pida o colocarlo en una bolsa de emergencia o balsa salvavidas. <\/p>\n<p>&nbsp;<\/p>\n<p><a href=\"http:\/\/acrartex-intl.dev.enterwell.space\/survival-products\/406link\"><img decoding=\"async\" style=\"width: 300px; height: 41px;\" src=\"\/\/dk2ztu5ooimmu.cloudfront.net\/ckeditor_assets\/pictures\/143\/406Link_with_desc_-_Tag.gif\" alt=\"\"><\/a><\/p>\n<p>&nbsp;<\/p>\n<p><span style=\"color: #e74c3c;\">C\u00d3DIGO: <strong>SHIPFREE20<\/strong> Env\u00edo terrestre gratuito en pedidos superiores a U$30. Excluye HI y AK. <\/span><\/p>\n<p>&nbsp;<\/p>\n<p>&nbsp;<\/p>\n<p>&nbsp;<\/p>\n<p>&nbsp;<\/p>\n","protected":false},"featured_media":12390,"template":"","meta":{"_acf_changed":false,"om_disable_all_campaigns":false},"product_brand":[],"product_cat":[3509,3514,3164,3512],"product_tag":[6925,4158,6919,3851,6913,6921,6923,6928,4154,6911,6915,6917],"class_list":{"0":"post-39977","1":"product","2":"type-product","3":"status-publish","4":"has-post-thumbnail","6":"product_cat-cerca-de-la-costa","7":"product_cat-comercial","8":"product_cat-marina","9":"product_cat-off-shore-es","10":"product_tag-acr-epirb1-es","11":"product_tag-acre","12":"product_tag-epirb1-es","13":"product_tag-faro-es","14":"product_tag-ocean-signal-es","15":"product_tag-ocean-signal-epirb1-es","16":"product_tag-oceansignal-epirb1-es","17":"product_tag-radiobaliza-de-emergencia-es","18":"product_tag-radiobaliza-de-emergencia","19":"product_tag-radiobaliza-de-indicacion-de-posicion-de-emergencia","20":"product_tag-rescueme-es","21":"product_tag-rescueme-epirb1-es","23":"first","24":"instock","25":"taxable","26":"shipping-taxable","27":"purchasable","28":"product-type-simple"},"acf":[],"_links":{"self":[{"href":"https:\/\/acrartex-intl.dev.enterwell.space\/es\/wp-json\/wp\/v2\/product\/39977","targetHints":{"allow":["GET"]}}],"collection":[{"href":"https:\/\/acrartex-intl.dev.enterwell.space\/es\/wp-json\/wp\/v2\/product"}],"about":[{"href":"https:\/\/acrartex-intl.dev.enterwell.space\/es\/wp-json\/wp\/v2\/types\/product"}],"wp:featuredmedia":[{"embeddable":true,"href":"https:\/\/acrartex-intl.dev.enterwell.space\/es\/wp-json\/wp\/v2\/media\/12390"}],"wp:attachment":[{"href":"https:\/\/acrartex-intl.dev.enterwell.space\/es\/wp-json\/wp\/v2\/media?parent=39977"}],"wp:term":[{"taxonomy":"product_brand","embeddable":true,"href":"https:\/\/acrartex-intl.dev.enterwell.space\/es\/wp-json\/wp\/v2\/product_brand?post=39977"},{"taxonomy":"product_cat","embeddable":true,"href":"https:\/\/acrartex-intl.dev.enterwell.space\/es\/wp-json\/wp\/v2\/product_cat?post=39977"},{"taxonomy":"product_tag","embeddable":true,"href":"https:\/\/acrartex-intl.dev.enterwell.space\/es\/wp-json\/wp\/v2\/product_tag?post=39977"}],"curies":[{"name":"wp","href":"https:\/\/api.w.org\/{rel}","templated":true}]}}