{"id":39986,"date":"2021-11-12T16:18:34","date_gmt":"2021-11-12T21:18:34","guid":{"rendered":"https:\/\/acrartex-intl.dev.enterwell.space\/products\/kit-de-supervivencia-con-bivy-stick-y-panel-solar\/"},"modified":"2025-08-08T14:38:07","modified_gmt":"2025-08-08T19:38:07","slug":"kit-de-supervivencia-con-bivy-stick-y-panel-solar","status":"publish","type":"product","link":"https:\/\/acrartex-intl.dev.enterwell.space\/es\/products\/kit-de-supervivencia-con-bivy-stick-y-panel-solar\/","title":{"rendered":"Kit de supervivencia con Bivy stick y panel solar"},"content":{"rendered":"<p>Simplemente active el SOS de Bivy Stick a trav\u00e9s del bot\u00f3n en el dispositivo o mediante la aplicaci\u00f3n en su tel\u00e9fono. La suscripci\u00f3n a Bivy Stick incluye monitoreo 24\/7 por parte de Global Rescue. Al activar el SOS, podr\u00e1 comunicarse con Global Rescue por mensaje de texto, o si no puede comunicarse por mensaje de texto, B\u00fasqueda y Rescate ser\u00e1 guiado a su ubicaci\u00f3n de GPS.  <\/p>\n<p>Cuando B\u00fasqueda y Rescate llegue a la escena, la brillante luz estrobosc\u00f3pica LED C-Strobe H2O llamar\u00e1 la atenci\u00f3n de los rescatistas por la noche, o durante las horas del d\u00eda use el espejo de se\u00f1ales para llamar su atenci\u00f3n. Guarde todo su equipo de emergencia dentro de la bolsa seca RapidDitch para mantener su kit de supervivencia convenientemente junto. <\/p>\n<p>El panel solar Bivy de 15 W mantendr\u00e1 su tel\u00e9fono y Bivy Stick cargados durante sus aventuras. El panel solar convierte eficazmente hasta el 20% de la energ\u00eda solar en energ\u00eda, y su dise\u00f1o ultradelgado y plegable facilita su transporte. <\/p>\n<p>&nbsp;<\/p>\n<p>Este kit incluye los siguientes productos de supervivencia esenciales:<\/p>\n<ul>\n<li>Comunicador satelital bidireccional Bivy con SOS 24\/7 impulsado por Global Rescue (se requiere suscripci\u00f3n)<\/li>\n<li>Panel solar Bivy de 15 W<\/li>\n<li>Luz de rescate C-Strobe H2O<\/li>\n<li>Espejo de se\u00f1ales<\/li>\n<li>Silbato Res-q\u2122<\/li>\n<li>Bolsa seca RapidDitch<\/li>\n<\/ul>\n<p><strong>Panel solar:  <\/strong><\/p>\n<p>TECNOLOG\u00cdA DE CARGA INTELIGENTE: El puerto USB reconoce autom\u00e1ticamente sus dispositivos para proporcionar la entrada de corriente de carga \u00f3ptima y acelerar el proceso de carga para minimizar el tiempo de carga.<\/p>\n<p>ALTA TASA DE CONVERSI\u00d3N: el panel recubierto de ETFE absorbe la luz solar de manera efectiva y convierte hasta el 20% de la energ\u00eda solar en energ\u00eda; carga sin problemas iOS, Android, Bivy Stick, paquetes de bater\u00edas, GoPro y otros dispositivos electr\u00f3nicos.<\/p>\n<p>PORT\u00c1TIL Y LIGERO: el dise\u00f1o ultradelgado y plegable facilita su transporte;<\/p>\n<p>RESISTENTE A LA SUCIEDAD Y LAS SALPICADURAS: clasificaci\u00f3n de impermeabilidad IPX4, que es resistente a las salpicaduras de agua y al polvo, sin importar la direcci\u00f3n; lo que lo hace perfecto para uso en exteriores.<\/p>\n<p>Potencia: 15WBovy<\/p>\n<dl>\n<dt>Salida: 5V\/3A<\/dt>\n<\/dl>\n<dl>\n<dt>Certificado: CE FCC ROHS<\/dt>\n<\/dl>\n<dl>\n<dt>Peso: 450g<\/dt>\n<dt><\/dt>\n<dt>Tama\u00f1o: (plegado) 10in x 6.5in x .75in<\/dt>\n<dt> (Desplegado) 10in x 19.5in<\/dt>\n<\/dl>\n","protected":false},"excerpt":{"rendered":"<p>Con cobertura satelital global a trav\u00e9s de la red satelital Iridium, en cualquier lugar donde tenga una vista del cielo, puede comunicarse a trav\u00e9s de Bivy Stick. Si bien es convenientemente compacto, Bivy Stick a\u00fan ofrece un conjunto completo de funciones que incluyen mensajes de texto bidireccionales, SOS, uso compartido de ubicaci\u00f3n, registro con un solo toque e informes meteorol\u00f3gicos detallados enviados directamente a su tel\u00e9fono celular a trav\u00e9s de sat\u00e9lite. Ahora disponible con el nuevo kit de supervivencia Bivy Stick y panel solar.  <\/p>\n<p><a href=\"http:\/\/acrartex-intl.dev.enterwell.space\/survival-products-end-of-year\/\"><img loading=\"lazy\" decoding=\"async\" class=\"alignnone size-medium wp-image-25976\" src=\"http:\/\/acrartex-intl.dev.enterwell.space\/wp-content\/uploads\/2021\/03\/End-of-Year-EVENT-Button-W-BG-300x38.gif\" alt=\"\" width=\"300\" height=\"38\"><\/a><\/p>\n<p><a href=\"https:\/\/www.dropbox.com\/s\/fk04stqsp2hgk5f\/Prop%2065%20-%20DEHP.pdf?dl=0\" data-cke-saved-href=\"https:\/\/www.dropbox.com\/s\/fk04stqsp2hgk5f\/Prop%2065%20-%20DEHP.pdf?dl=0\">ADVERTENCIA: PROP 65<\/a><\/p>\n","protected":false},"featured_media":26003,"template":"","meta":{"_acf_changed":false,"om_disable_all_campaigns":false},"product_brand":[],"product_cat":[3814,3165,3164],"product_tag":[7099,7091,7067,7071,7048,7051,7055,7089,7076,7064,7082,3170,7059,7110,7045,7098,7105,7080,7112,7103,7074,7061,7085,7094],"class_list":{"0":"post-39986","1":"product","2":"type-product","3":"status-publish","4":"has-post-thumbnail","6":"product_cat-aviacion","7":"product_cat-exterior","8":"product_cat-marina","9":"product_tag-2364-es","10":"product_tag-4601-es","11":"product_tag-acr-bivy-es","12":"product_tag-aplicacion-bivy","13":"product_tag-bivy-es","14":"product_tag-bivy-stick-es","15":"product_tag-bivy-stick-azul","16":"product_tag-bivy-vs-plb-es","17":"product_tag-bluetooth-es","18":"product_tag-comunicacion-bidireccional","19":"product_tag-comunicador-satelital-mas-pequeno","20":"product_tag-gps-es","21":"product_tag-iridium-es","22":"product_tag-kit-de-bivy-y-panel-solar","23":"product_tag-kit-de-supervivencia","24":"product_tag-kit-de-supervivencia-bivy","25":"product_tag-kit-de-supervivencia-con-bivy-stick-y-panel-solar","26":"product_tag-mini-es","27":"product_tag-mini-gps-es","28":"product_tag-panel-solar-bivy","29":"product_tag-rescate-global","30":"product_tag-seguimiento","31":"product_tag-seguimiento-satelital-de-gps","32":"product_tag-supervivencia-bivy","34":"first","35":"outofstock","36":"taxable","37":"shipping-taxable","38":"purchasable","39":"product-type-simple"},"acf":[],"_links":{"self":[{"href":"https:\/\/acrartex-intl.dev.enterwell.space\/es\/wp-json\/wp\/v2\/product\/39986","targetHints":{"allow":["GET"]}}],"collection":[{"href":"https:\/\/acrartex-intl.dev.enterwell.space\/es\/wp-json\/wp\/v2\/product"}],"about":[{"href":"https:\/\/acrartex-intl.dev.enterwell.space\/es\/wp-json\/wp\/v2\/types\/product"}],"wp:featuredmedia":[{"embeddable":true,"href":"https:\/\/acrartex-intl.dev.enterwell.space\/es\/wp-json\/wp\/v2\/media\/26003"}],"wp:attachment":[{"href":"https:\/\/acrartex-intl.dev.enterwell.space\/es\/wp-json\/wp\/v2\/media?parent=39986"}],"wp:term":[{"taxonomy":"product_brand","embeddable":true,"href":"https:\/\/acrartex-intl.dev.enterwell.space\/es\/wp-json\/wp\/v2\/product_brand?post=39986"},{"taxonomy":"product_cat","embeddable":true,"href":"https:\/\/acrartex-intl.dev.enterwell.space\/es\/wp-json\/wp\/v2\/product_cat?post=39986"},{"taxonomy":"product_tag","embeddable":true,"href":"https:\/\/acrartex-intl.dev.enterwell.space\/es\/wp-json\/wp\/v2\/product_tag?post=39986"}],"curies":[{"name":"wp","href":"https:\/\/api.w.org\/{rel}","templated":true}]}}