{"id":39652,"date":"2021-02-26T10:02:44","date_gmt":"2021-02-26T15:02:44","guid":{"rendered":"https:\/\/acrartex-intl.dev.enterwell.space\/ehdot-ja-tietosuojakaytanto\/"},"modified":"2025-04-04T08:23:59","modified_gmt":"2025-04-04T13:23:59","slug":"ehdot-ja-tietosuojakaytanto","status":"publish","type":"page","link":"https:\/\/acrartex-intl.dev.enterwell.space\/fi\/ehdot-ja-tietosuojakaytanto\/","title":{"rendered":"Ehdot ja tietosuojak\u00e4yt\u00e4nt\u00f6"},"content":{"rendered":"\n<h2 class=\"wp-block-heading\">K\u00c4YTT\u00d6EHDOT &#8211; OIKEUDELLINEN ILMOITUS<\/h2>\n\n<p>ACR \/ Artex ( ACR Electronics , Inc.) on ryhtynyt kaikkiin kohtuullisiin huolenaiheisiin varmistaakseen, ett\u00e4 t\u00e4m\u00e4n verkkosivuston tiedot olivat oikein niiden alkuper\u00e4isen sis\u00e4llytt\u00e4misen ajankohtana. Mit\u00e4\u00e4n nimenomaista tai oletettua takuuta, ehtoa tai esityst\u00e4 ei kuitenkaan anneta tai anneta, ett\u00e4 tiedoissa ei ole virheit\u00e4, ep\u00e4tarkkuuksia tai puutteita. Lis\u00e4ksi tietoja voidaan muuttaa tai p\u00e4ivitt\u00e4\u00e4 ilman erillist\u00e4 ilmoitusta, eik\u00e4 niit\u00e4 saa pit\u00e4\u00e4 ACR Electronics , Inc.:t\u00e4 tai sen tyt\u00e4r- tai osakkuusyhti\u00f6it\u00e4 sitovien sopimusten tai muiden sitoumusten perustana.  <\/p>\n\n<p>T\u00e4m\u00e4 sivusto voi tarjota linkkej\u00e4 kolmansien osapuolien sivustoille avuksesi ja tiedoksi. Jos k\u00e4yt\u00e4t n\u00e4it\u00e4 linkkej\u00e4, poistut ACR \/Artex-sivustolta. ACR Electronics , Inc. tai sen tyt\u00e4ryhti\u00f6t tai osakkuusyhti\u00f6t hallitsevat n\u00e4it\u00e4 sivustoja eiv\u00e4tk\u00e4 tue suoraan tai ep\u00e4suorasti mit\u00e4\u00e4n tietoja tai esit\u00e4 kolmansien osapuolien sivustoja tai omistajia koskevia v\u00e4itteit\u00e4, ja ACR Electronics , Inc. ei ole vastuussa mink\u00e4\u00e4n muun osapuolen kuin ACR Electronics , Inc:n tai linkitetyn sis\u00e4ll\u00f6n tai linkitettyjen sis\u00e4ll\u00f6n tarjoamien mielipiteiden, neuvojen tai lausuntojen oikeellisuudesta tai luotettavuudesta. linkitetyst\u00e4 sivustosta hankittu tuote tai palvelu.  <\/p>\n\n<p>Mik\u00e4\u00e4n t\u00e4ll\u00e4 sivustolla oleva tieto ei ole kehotus k\u00e4yd\u00e4 kauppaa tai muuten sijoittaa ACR Electronics , Inc:n osakkeisiin. Jos t\u00e4m\u00e4n verkkosivuston vuosittaisten tai puolivuosittaisten tulosten mink\u00e4 tahansa version ja osakkeenomistajille l\u00e4hetetyn paperiversion v\u00e4lill\u00e4 on eroja, paperiversiota on pidett\u00e4v\u00e4 oikeana versiona.<\/p>\n\n<p>Kaikki kommentit, arvostelut, tarinat, mediat tai materiaalit, jotka l\u00e4hetet\u00e4\u00e4n ACR Electronics , Inc:lle tai mille tahansa sen tyt\u00e4ryhti\u00f6lle tai osakkuusyhti\u00f6lle t\u00e4m\u00e4n sivuston kautta, mukaan lukien ehdotukset ja vastaukset kysymyksiin, katsotaan ei-luottamuksellisiksi. ACR on kaikki oikeudet t\u00e4llaisiin kommentteihin ja materiaaleihin, ja se voi k\u00e4ytt\u00e4\u00e4 niit\u00e4 parhaaksi katsomallaan tavalla. <\/p>\n\n<h2 class=\"wp-block-heading\">K\u00c4YTT\u00d6EHDOT &#8211; TEKIJ\u00c4NOIKEUDET<\/h2>\n\n<p>ACR \/Artex-verkkosivustolla n\u00e4kyv\u00e4t tekij\u00e4noikeudet, tavaramerkit, logot ja palvelumerkit (&#8220;merkit&#8221;) ovat ACR Electronics , Inc:n ja muiden osapuolten omaisuutta. K\u00e4ytt\u00e4ji\u00e4 ei saa k\u00e4ytt\u00e4\u00e4 mit\u00e4\u00e4n merkkej\u00e4 mihink\u00e4\u00e4n muuhun tarkoitukseen kuin t\u00e4m\u00e4n sivuston tarkoituksiin ilman ACR Electronics , Inc:n tai sellaisen kolmannen osapuolen kirjallista lupaa, joka saattaa omistaa merkit. Kaikki ACR Electronics , Inc. -sivustolla tai sen kautta saatavilla oleva tieto ja sis\u00e4lt\u00f6 (&#8220;Sis\u00e4lt\u00f6&#8221;) on suojattu tekij\u00e4noikeudella. K\u00e4ytt\u00e4ji\u00e4 ei saa muokata, kopioida, levitt\u00e4\u00e4, l\u00e4hett\u00e4\u00e4, n\u00e4ytt\u00e4\u00e4, julkaista, myyd\u00e4, lisensoida, luoda johdannaisteoksia tai k\u00e4ytt\u00e4\u00e4 ACR Electronics , Inc. -sivustolla tai sen kautta saatavilla olevaa Sis\u00e4lt\u00f6\u00e4 kaupallisiin tai julkisiin tarkoituksiin.   <\/p>\n\n<h2 class=\"wp-block-heading\">K\u00c4YTT\u00d6EHDOT &#8211; VASTUUVAPAUSLAUSEKE<\/h2>\n\n<p>Vaikka t\u00e4m\u00e4n sivuston valmistelussa on noudatettu kaikkea kohtuullista huolellisuutta, ACR Electronics , Inc. tai sen tyt\u00e4ryhti\u00f6t tai osakkuusyhti\u00f6t eiv\u00e4t miss\u00e4\u00e4n olosuhteissa ota vastuuta mist\u00e4\u00e4n tappioista, jotka ovat aiheutuneet luottamuksensa mihin tahansa t\u00e4ss\u00e4 esitettyyn lausuntoon, virheeseen tai laiminly\u00f6ntiin, mukaan lukien rajoituksetta suorat, ep\u00e4suorat tai v\u00e4lilliset vahingot, jotka aiheutuvat kuitenkin siit\u00e4, ett\u00e4 k\u00e4yt\u00e4t t\u00e4t\u00e4 verkkosivustoa tai verkkosivustoa, johon ACR on linkitetty.<\/p>\n\n<p>Kaikki ACR Electronics , Inc. -sivuston sis\u00e4lt\u00f6 tarjotaan sinulle &#8220;sellaisenaan&#8221; ilman mink\u00e4\u00e4nlaista nimenomaista tai oletettua takuuta, mukaan lukien, mutta ei rajoittuen, oletetut takuut kaupallisuudesta ja sopivuudesta tiettyyn tarkoitukseen, nimikkeisiin, loukkaamattomuuteen, turvallisuuteen tai tarkkuuteen.<\/p>\n\n<p>T\u00e4m\u00e4n sivuston lausunnot kuvastavat ymm\u00e4rryst\u00e4mme nykyisest\u00e4 ja ehdotetusta lains\u00e4\u00e4d\u00e4nn\u00f6st\u00e4, joka voi muuttua ilman erillist\u00e4 ilmoitusta.<\/p>\n\n<p>T\u00e4m\u00e4n sivuston sis\u00e4lt\u00f6\u00e4 ei tule pit\u00e4\u00e4 erityisen\u00e4 neuvona k\u00e4siteltyihin asioihin liittyen.<\/p>\n\n<p>Mik\u00e4\u00e4n n\u00e4iss\u00e4 ehdoissa ei rajoita vastuutamme huolimattomuudestamme aiheutuneesta kuolemasta tai henkil\u00f6vahingosta.<\/p>\n\n<p>N\u00e4ihin ehtoihin ja mahdollisiin riita-asioihin sovelletaan lakia ja niiden mukaisesti, ja ne ovat Amerikan yhdysvaltojen tuomioistuinten yksinomaisen laink\u00e4ytt\u00f6vallan alaisia.<\/p>\n\n<h2 class=\"wp-block-heading\">TIETOSUOJAK\u00c4YT\u00c4NT\u00d6 &#8211; TIETOSUOJA &#8211; ACR \/ ARTEX TUOTTEET<\/h2>\n\n<p>ACR Electronics , Inc. (&#8221; ACR &#8220;), joka toimii ACR :n\u00e4 \/ Artexina, on sitoutunut suojaamaan yksityisyytt\u00e4si ja kehitt\u00e4m\u00e4\u00e4n teknologiaa, joka tarjoaa sinulle tehokkaimman ja turvallisimman verkkokokemuksen. T\u00e4m\u00e4 tietosuojalausunto koskee t\u00e4ll\u00e4 hetkell\u00e4 tarkastelemaasi verkkosivustoa (&#8220;Sivusto&#8221;) ja s\u00e4\u00e4telee tietojen ker\u00e4\u00e4mist\u00e4 ja k\u00e4ytt\u00f6\u00e4. K\u00e4ytt\u00e4m\u00e4ll\u00e4, selaamalla ja\/tai k\u00e4ytt\u00e4m\u00e4ll\u00e4 Sivustoa hyv\u00e4ksyt t\u00e4ss\u00e4 lausunnossa kuvatut tietok\u00e4yt\u00e4nn\u00f6t ja sitoudut noudattamaan kaikkia sovellettavia lakeja ja m\u00e4\u00e4r\u00e4yksi\u00e4.  <\/p>\n\n<h2 class=\"wp-block-heading\">TIETOSUOJAK\u00c4YTT\u00d6 &#8211; HENKIL\u00d6TIETOJEN K\u00c4YTT\u00d6<\/h2>\n\n<p>ACR Electronics , Inc. ker\u00e4\u00e4 ja k\u00e4ytt\u00e4\u00e4 henkil\u00f6kohtaisia \u200b\u200btietojasi Sivuston k\u00e4ytt\u00e4miseen ja pyyt\u00e4miesi palvelujen toimittamiseen. ACR Electronics , Inc. k\u00e4ytt\u00e4\u00e4 my\u00f6s henkil\u00f6kohtaisia \u200b\u200btunnistetietojasi ilmoittaakseen sinulle muista ACR Electronics , Inc:n ja\/tai sen tyt\u00e4ryhti\u00f6iden tuotteista tai palveluista. ACR Electronics , Inc. voi my\u00f6s ottaa sinuun yhteytt\u00e4 kyselyiden kautta tutkiakseen mielipiteesi nykyisist\u00e4 palveluista tai mahdollisista uusista palveluista, joita voidaan tarjota.  <\/p>\n\n<p>Antamasi tiedot voidaan my\u00f6s luovuttaa ilman lupaasi yrityksille ja henkil\u00f6ille, jotka ty\u00f6skentelev\u00e4t suorittamaan palveluja ACR Electronics , Inc:n puolesta, kuten asiakaspalveluedustajille, markkinointi- ja luottokorttien k\u00e4sittelyyrityksille. Lopuksi, ACR Electronics , Inc:n ker\u00e4\u00e4m\u00e4t henkil\u00f6tiedot voidaan luovuttaa kolmannelle osapuolelle ilman suostumustasi, jos omistusoikeus tai omaisuus siirret\u00e4\u00e4n tai ACR Electronics , Inc. menee konkurssiin. <\/p>\n\n<p>ACR Electronics , Inc. ei myy, vuokraa tai vuokraa asiakasluetteloitaan kolmansille osapuolille. ACR Electronics , Inc. voi ajoittain ottaa sinuun yhteytt\u00e4 ulkoisten liikekumppaneiden puolesta koskien sinua mahdollisesti kiinnostavaa tarjousta. N\u00e4iss\u00e4 tapauksissa yksil\u00f6ivi\u00e4 henkil\u00f6kohtaisia \u200b\u200btietojasi (s\u00e4hk\u00f6postiosoite, nimi, osoite, puhelinnumero) ei siirret\u00e4 kolmannelle osapuolelle. Lis\u00e4ksi ACR Electronics , Inc. voi jakaa tietoja luotettujen kumppaneiden kanssa auttaakseen meit\u00e4 suorittamaan tilastollisia analyyseja, l\u00e4hett\u00e4m\u00e4\u00e4n sinulle s\u00e4hk\u00f6postia tai postia tai j\u00e4rjest\u00e4m\u00e4\u00e4n toimituksia.   <\/p>\n\n<p>ACR Electronics , Inc. ei k\u00e4yt\u00e4 tai paljasta arkaluonteisia henkil\u00f6kohtaisia \u200b\u200btietoja, kuten rotua, uskontoa tai poliittisia yhteyksi\u00e4, ilman sinun nimenomaista suostumustasi.<\/p>\n\n<p>ACR Electronics , Inc. paljastaa henkil\u00f6tietosi ilman erillist\u00e4 ilmoitusta, jos laki niin vaatii tai jos vilpitt\u00f6m\u00e4ss\u00e4 mieless\u00e4 uskot, ett\u00e4 t\u00e4llainen toimenpide on tarpeen: (a) noudattaakseen lain m\u00e4\u00e4r\u00e4yksi\u00e4 tai noudattaakseen ACR Electronics , Inc.:ss\u00e4 tai Sivustossa toimitettuja oikeudellisia menettelyj\u00e4; (b) suojella ja puolustaa ACR Electronics , Inc:n oikeuksia tai omaisuutta; ja (c) toimia vaativissa olosuhteissa suojellakseen ACR Electronics , Inc:n k\u00e4ytt\u00e4jien tai yleis\u00f6n turvallisuutta.     <\/p>\n\n<h2 class=\"wp-block-heading\">TIETOSUOJAK\u00c4YTT\u00d6 &#8211; Ev\u00e4steiden K\u00c4YTT\u00d6<\/h2>\n\n<p>Sivusto k\u00e4ytt\u00e4\u00e4 &#8220;ev\u00e4steit\u00e4&#8221; auttamaan sinua mukauttamaan online-kokemustasi. Ev\u00e4ste on tekstitiedosto, jonka web-sivupalvelin asettaa kiintolevyllesi. Ev\u00e4steit\u00e4 ei voida k\u00e4ytt\u00e4\u00e4 ohjelmien suorittamiseen tai virusten toimittamiseen tietokoneellesi. Ev\u00e4steet on m\u00e4\u00e4ritetty sinulle yksil\u00f6llisesti, ja vain ev\u00e4steen sinulle l\u00e4hett\u00e4neen verkkotunnuksen verkkopalvelin voi lukea niit\u00e4.   <\/p>\n\n<p>Yksi ev\u00e4steiden p\u00e4\u00e4tarkoituksista on tarjota k\u00e4ytt\u00f6mukavuusominaisuus, joka s\u00e4\u00e4st\u00e4\u00e4 aikaasi. Ev\u00e4steen tarkoitus on kertoa verkkopalvelimelle, ett\u00e4 olet palannut tietylle sivulle. T\u00e4m\u00e4 yksinkertaistaa henkil\u00f6kohtaisten tietojesi, kuten laskutusosoitteiden, toimitusosoitteiden ja niin edelleen, tallentamista. Kun palaat samalle sivustolle, aiemmin antamasi tiedot voidaan hakea, jotta voit helposti k\u00e4ytt\u00e4\u00e4 mukautettuja ACR Electronics , Inc:n ominaisuuksia.   <\/p>\n\n<p>Sinulla on mahdollisuus hyv\u00e4ksy\u00e4 tai hyl\u00e4t\u00e4 ev\u00e4steet. Useimmat verkkoselaimet hyv\u00e4ksyv\u00e4t ev\u00e4steet automaattisesti, mutta voit yleens\u00e4 muuttaa selaimesi asetuksia kielt\u00e4m\u00e4\u00e4n ev\u00e4steet, jos haluat. Jos p\u00e4\u00e4t\u00e4t kielt\u00e4yty\u00e4 ev\u00e4steist\u00e4, et ehk\u00e4 pysty kokemaan t\u00e4ysin sivuston interaktiivisia ominaisuuksia.  <\/p>\n\n<h2 class=\"wp-block-heading\">TIETOSUOJAK\u00c4YTT\u00d6 &#8211; VASTUUVAPAUSLAUSEKE<\/h2>\n\n<p>ACR Electronics , Inc. ei voi taata, ett\u00e4 kaikkea yksityist\u00e4 viestint\u00e4\u00e4si ja muita henkil\u00f6kohtaisia \u200b\u200btietojasi ei koskaan paljasteta tavoilla, joita ei muuten kuvata t\u00e4ss\u00e4 lausunnossa. T\u00e4m\u00e4n sivuston k\u00e4ytt\u00e4j\u00e4n\u00e4 ymm\u00e4rr\u00e4t ja hyv\u00e4ksyt, ett\u00e4 otat kaiken vastuun ja riskin k\u00e4ytt\u00e4misest\u00e4si Sivustoa, Interneti\u00e4 yleens\u00e4 ja asiakirjoja, joita l\u00e4het\u00e4t tai k\u00e4yt\u00e4t, sek\u00e4 k\u00e4ytt\u00e4ytymisest\u00e4si Sivustossa ja sen ulkopuolella. Lis\u00e4tietoja saat ACR Electronics , Inc:n yleisist\u00e4 k\u00e4ytt\u00f6ehdoista, jotka on liitetty t\u00e4h\u00e4n viitteen\u00e4.   <\/p>\n\n<h2 class=\"wp-block-heading\">TIETOSUOJAK\u00c4YT\u00c4NT\u00d6 \u2013 MUUTOKSET T\u00c4H\u00c4N LAUSUNTOON<\/h2>\n\n<p>ACR Electronics , Inc. voi harkintansa mukaan tehd\u00e4 muutoksia t\u00e4h\u00e4n lausuntoon. Kun ACR Electronics , Inc. tekee muutoksia lausuntoon, se ilmoittaa sinulle julkaisemalla tarkistetun lausunnon sivustolla. ACR Electronics , Inc. kehottaa sinua tarkistamaan t\u00e4m\u00e4n lausunnon s\u00e4\u00e4nn\u00f6llisesti saadaksesi tietoa siit\u00e4, kuinka ACR Electronics , Inc. suojaa tietojasi.  <\/p>\n\n<h2 class=\"wp-block-heading\">TIETOSUOJAK\u00c4YTT\u00d6 &#8211; YHTEYSTIEDOT<\/h2>\n\n<p>ACR Electronics , Inc. ottaa mielell\u00e4\u00e4n t\u00e4h\u00e4n lausuntoon liittyv\u00e4t kommentit. Jos uskot, ett\u00e4 emme ole noudattaneet t\u00e4t\u00e4 lausuntoa, l\u00e4het\u00e4 meille s\u00e4hk\u00f6postia sivustolla olevan yhteydenottolomakkeen kautta. <\/p>\n\n<p>\u00a9 Copyright 2020 ACR Electronics , Inc.<br\/> Kaikki oikeudet pid\u00e4tet\u00e4\u00e4n maailmanlaajuisesti.<\/p>\n\n<h2 class=\"wp-block-heading\">TIETOSUOJAK\u00c4YTT\u00d6 &#8211; HENKIL\u00d6TIETOJEN KER\u00c4\u00c4MINEN<\/h2>\n\n<p>ACR Electronics , Inc. ker\u00e4\u00e4 henkil\u00f6kohtaisesti tunnistettavia tietoja, kuten s\u00e4hk\u00f6postiosoitteesi, nimesi, koti- tai ty\u00f6osoitteesi tai puhelinnumerosi. ACR Electronics , Inc. ker\u00e4\u00e4 my\u00f6s nimett\u00f6mi\u00e4 demografisia tietoja, jotka eiv\u00e4t ole ainutlaatuisia sinulle, kuten postinumerosi, ik\u00e4si, sukupuoli, mieltymyksesi, kiinnostuksen kohteet ja suosikit. <\/p>\n\n<p>ACR Electronics , Inc. ker\u00e4\u00e4 automaattisesti tietoja my\u00f6s tietokonelaitteistostasi ja ohjelmistostasi. N\u00e4it\u00e4 tietoja voivat olla: IP-osoitteesi, selaimesi tyyppi, verkkotunnuksesi, k\u00e4ytt\u00f6ajat ja viittaavien web-sivustojen osoitteet. ACR Electronics , Inc. k\u00e4ytt\u00e4\u00e4 n\u00e4it\u00e4 tietoja yleens\u00e4 tarjoamiensa palvelujen toimintaan, t\u00e4llaisten palvelujen laadun yll\u00e4pit\u00e4miseen ja yleisten tilastojen laatimiseen Sivuston k\u00e4yt\u00f6st\u00e4.  <\/p>\n\n<p>Muista, ett\u00e4 jos paljastat henkil\u00f6kohtaisia \u200b\u200btunnistetietoja tai henkil\u00f6kohtaisesti arkaluonteisia tietoja sivustolla olevien julkisten viestikeskustelujen kautta, muut voivat ker\u00e4t\u00e4 ja k\u00e4ytt\u00e4\u00e4 n\u00e4it\u00e4 tietoja.<\/p>\n\n<p>ACR Electronics , Inc. kannustaa sinua tutustumaan niiden Web-sivustojen tietosuojalausekkeisiin, joihin p\u00e4\u00e4t\u00e4t linkitt\u00e4\u00e4 sivustolta, jotta ymm\u00e4rr\u00e4t, kuinka kyseiset sivustot ker\u00e4\u00e4v\u00e4t, k\u00e4ytt\u00e4v\u00e4t ja jakavat tietojasi. Cobham Beacon Solutions ei ole vastuussa tietosuojalausunnoista tai muusta t\u00e4llaisten verkkosivustojen sis\u00e4ll\u00f6st\u00e4. <\/p>\n\n<p>K\u00e4yt\u00e4mme SessionCamia verkkosivustollamme auttaaksemme meit\u00e4 ymm\u00e4rt\u00e4m\u00e4\u00e4n verkkosivustomme vierailijoiden k\u00e4ytt\u00e4ytymist\u00e4. SessionCam ker\u00e4\u00e4 tietoja, kuten yksitt\u00e4isten vierailijoiden hiiren liikkeit\u00e4, sivun vierityst\u00e4 ja napsautustoimintaa koskevia tietoja. SessionCam voi my\u00f6s tallentaa verkkosivustolomakkeillemme sy\u00f6tettyj\u00e4 tietoja. K\u00e4yt\u00e4mme SessionCamin ker\u00e4\u00e4mi\u00e4 tietoja tunnistaaksemme, miss\u00e4 k\u00e4vij\u00e4t kamppailevat eniten, jotta voimme parantaa n\u00e4it\u00e4 verkkosivustomme alueita.   <\/p>\n","protected":false},"excerpt":{"rendered":"<p>K\u00c4YTT\u00d6EHDOT &#8211; OIKEUDELLINEN ILMOITUS ACR \/ Artex ( ACR Electronics , Inc.) on ryhtynyt kaikkiin kohtuullisiin huolenaiheisiin varmistaakseen, ett\u00e4 t\u00e4m\u00e4n verkkosivuston tiedot olivat oikein niiden alkuper\u00e4isen sis\u00e4llytt\u00e4misen ajankohtana. Mit\u00e4\u00e4n nimenomaista tai oletettua takuuta, ehtoa tai esityst\u00e4 ei kuitenkaan anneta tai anneta, ett\u00e4 tiedoissa ei ole virheit\u00e4, ep\u00e4tarkkuuksia tai puutteita. Lis\u00e4ksi tietoja voidaan muuttaa tai p\u00e4ivitt\u00e4\u00e4 [&hellip;]<\/p>\n","protected":false},"author":2,"featured_media":0,"parent":0,"menu_order":0,"comment_status":"closed","ping_status":"closed","template":"","meta":{"_acf_changed":false,"om_disable_all_campaigns":false,"footnotes":""},"class_list":["post-39652","page","type-page","status-publish","hentry"],"acf":[],"_links":{"self":[{"href":"https:\/\/acrartex-intl.dev.enterwell.space\/fi\/wp-json\/wp\/v2\/pages\/39652","targetHints":{"allow":["GET"]}}],"collection":[{"href":"https:\/\/acrartex-intl.dev.enterwell.space\/fi\/wp-json\/wp\/v2\/pages"}],"about":[{"href":"https:\/\/acrartex-intl.dev.enterwell.space\/fi\/wp-json\/wp\/v2\/types\/page"}],"author":[{"embeddable":true,"href":"https:\/\/acrartex-intl.dev.enterwell.space\/fi\/wp-json\/wp\/v2\/users\/2"}],"replies":[{"embeddable":true,"href":"https:\/\/acrartex-intl.dev.enterwell.space\/fi\/wp-json\/wp\/v2\/comments?post=39652"}],"version-history":[{"count":1,"href":"https:\/\/acrartex-intl.dev.enterwell.space\/fi\/wp-json\/wp\/v2\/pages\/39652\/revisions"}],"predecessor-version":[{"id":39656,"href":"https:\/\/acrartex-intl.dev.enterwell.space\/fi\/wp-json\/wp\/v2\/pages\/39652\/revisions\/39656"}],"wp:attachment":[{"href":"https:\/\/acrartex-intl.dev.enterwell.space\/fi\/wp-json\/wp\/v2\/media?parent=39652"}],"curies":[{"name":"wp","href":"https:\/\/api.w.org\/{rel}","templated":true}]}}