{"id":39751,"date":"2021-02-12T16:04:28","date_gmt":"2021-02-12T21:04:28","guid":{"rendered":"https:\/\/acrartex-intl.dev.enterwell.space\/yritys\/"},"modified":"2025-04-04T08:32:15","modified_gmt":"2025-04-04T13:32:15","slug":"yritys","status":"publish","type":"page","link":"https:\/\/acrartex-intl.dev.enterwell.space\/fi\/yritys\/","title":{"rendered":"Yritys"},"content":{"rendered":"\n<div class=\"wp-block-group about-us-block\"><div class=\"wp-block-group__inner-container is-layout-flow wp-block-group-is-layout-flow\">\n<h2 class=\"wp-block-heading\"><span style=\"color:#1a1818\" class=\"has-inline-color\">ABOUT US<\/span><\/h2>\n\n\n\n<p><span style=\"color:#1a1818\" class=\"has-inline-color\">ACR Electronics, Inc. is the leading development center for emergency beacons that are designed with one purpose: to save lives. Through our combined technology expertise in the marine, aviation, outdoor and military markets, we design and manufacture cutting edge rescue beacons and survival gear for boaters, pilots, hunters, hikers, climbers, cyclists, and combat troops, not to mention many of the leading boat builders and aircraft manufacturers in the industry.<\/span><\/p>\n\n\n\n<p><span style=\"color:#1a1818\" class=\"has-inline-color\">Since 1956, ACR\u2019s wide range of survival products have been the choice of NASA, the U.S. Military, the U.S. Coast Guard, and everyday explorers and adventurers across the globe. With everything from emergency locator transmitters and rescue beacons, to the special flashlights used on Apollo 13 after their on-board explosion, ACR builds products that are made to perform during expeditions of all sizes.<\/span><\/p>\n<\/div><\/div>\n\n<div class=\"wp-block-group links-block\"><div class=\"wp-block-group__inner-container is-layout-flow wp-block-group-is-layout-flow\">\n<div class=\"wp-block-buttons is-layout-flex wp-block-buttons-is-layout-flex\">\n<div class=\"wp-block-button\"><a class=\"wp-block-button__link\" href=\"http:\/\/acrartex-intl.dev.enterwell.space\/capabilities\/\">Meid\u00e4n kykymme<\/a><\/div>\n\n\n\n<div class=\"wp-block-button\"><a class=\"wp-block-button__link\" href=\"http:\/\/acrartex-intl.dev.enterwell.space\/quality\/\">Laadunhallintaj\u00e4rjestelm\u00e4<\/a><\/div>\n\n\n\n<div class=\"wp-block-button\"><a class=\"wp-block-button__link\" href=\"http:\/\/acrartex-intl.dev.enterwell.space\/use-of-conflict-minerals\/\">Konfliktimateriaalien k\u00e4ytt\u00f6<\/a><\/div>\n\n\n\n<div class=\"wp-block-button\"><a class=\"wp-block-button__link\" href=\"http:\/\/acrartex-intl.dev.enterwell.space\/reach-rohs-compliance\/\">Saavuta ROHS-vaatimustenmukaisuus<\/a><\/div>\n<\/div>\n<\/div><\/div>\n\n<h2 class=\"wp-block-heading\" id=\"h-our-brands\">Meid\u00e4n tuotemerkit<\/h2>\n\n<div class=\"wp-block-group brands-block\"><div class=\"wp-block-group__inner-container is-layout-flow wp-block-group-is-layout-flow\">\n<div class=\"wp-block-group brand-item-block\"><div class=\"wp-block-group__inner-container is-layout-flow wp-block-group-is-layout-flow\">\n<div class=\"wp-block-image is-style-default\"><figure class=\"aligncenter size-large is-resized\"><a href=\"www.artex.com\" target=\"_blank\" rel=\"noopener noreferrer\"><img loading=\"lazy\" decoding=\"async\" src=\"http:\/\/acrartex-intl.dev.enterwell.space\/wp-content\/uploads\/2021\/02\/artex_logo_gray-1-1024x297.png\" alt=\"\" class=\"wp-image-356\" width=\"512\" height=\"149\" srcset=\"https:\/\/acrartex-intl.dev.enterwell.space\/wp-content\/uploads\/2021\/02\/artex_logo_gray-1-1024x297.png 1024w, https:\/\/acrartex-intl.dev.enterwell.space\/wp-content\/uploads\/2021\/02\/artex_logo_gray-1-300x87.png 300w, https:\/\/acrartex-intl.dev.enterwell.space\/wp-content\/uploads\/2021\/02\/artex_logo_gray-1-768x223.png 768w, https:\/\/acrartex-intl.dev.enterwell.space\/wp-content\/uploads\/2021\/02\/artex_logo_gray-1-1536x446.png 1536w, https:\/\/acrartex-intl.dev.enterwell.space\/wp-content\/uploads\/2021\/02\/artex_logo_gray-1-2048x595.png 2048w, https:\/\/acrartex-intl.dev.enterwell.space\/wp-content\/uploads\/2021\/02\/artex_logo_gray-1-600x174.png 600w\" sizes=\"auto, (max-width: 512px) 100vw, 512px\" \/><\/a><\/figure><\/div>\n\n\n\n<p>ARTEX suunnittelee ja valmistaa laajan valikoiman h\u00e4t\u00e4paikannusl\u00e4hettimi\u00e4 (ELT) yleisiin, liike-, kaupallisiin ja sotilasilmailusovelluksiin sek\u00e4 akkupakkauksia ja ELT tarvikkeita. ARTEX on globaali yritys, jonka asiakkaita on yksityisist\u00e4 lent\u00e4jist\u00e4 maailman suurimpiin lentokoneen valmistajiin, lentoyhti\u00f6ihin ja valtioihin. <\/p>\n\n\n\n<p>Lis\u00e4tietoja on osoitteessa <a href=\"http:\/\/www.ARTEX.com\" data-type=\"URL\" data-id=\"http:\/\/www.ARTEX.com\" target=\"_blank\" rel=\"noreferrer noopener\">www. ARTEX .com<\/a><\/p>\n<\/div><\/div>\n\n\n\n<div class=\"wp-block-group brand-item-block\"><div class=\"wp-block-group__inner-container is-layout-flow wp-block-group-is-layout-flow\">\n<div class=\"wp-block-image is-style-default\"><figure class=\"aligncenter size-large is-resized\"><a href=\"https:\/\/flightdata.aero\/\" target=\"_blank\" rel=\"noopener noreferrer\"><img loading=\"lazy\" decoding=\"async\" src=\"http:\/\/acrartex-intl.dev.enterwell.space\/wp-content\/uploads\/2021\/02\/FDS_Logo_Gray-1024x251.png\" alt=\"\" class=\"wp-image-350\" width=\"512\" height=\"126\" srcset=\"https:\/\/acrartex-intl.dev.enterwell.space\/wp-content\/uploads\/2021\/02\/FDS_Logo_Gray-1024x251.png 1024w, https:\/\/acrartex-intl.dev.enterwell.space\/wp-content\/uploads\/2021\/02\/FDS_Logo_Gray-300x74.png 300w, https:\/\/acrartex-intl.dev.enterwell.space\/wp-content\/uploads\/2021\/02\/FDS_Logo_Gray-768x188.png 768w, https:\/\/acrartex-intl.dev.enterwell.space\/wp-content\/uploads\/2021\/02\/FDS_Logo_Gray-1536x377.png 1536w, https:\/\/acrartex-intl.dev.enterwell.space\/wp-content\/uploads\/2021\/02\/FDS_Logo_Gray-2048x502.png 2048w, https:\/\/acrartex-intl.dev.enterwell.space\/wp-content\/uploads\/2021\/02\/FDS_Logo_Gray-600x147.png 600w\" sizes=\"auto, (max-width: 512px) 100vw, 512px\" \/><\/a><\/figure><\/div>\n\n\n\n<p>Flight Data Systems suunnittelee ja valmistaa ilmassa ja maassa olevia tukilaitteita, mukaan lukien \u00e4skett\u00e4in lanseerattu Sentry-ohjaamo\u00e4\u00e4nen ja lentotietojen tallennin (CVFDR). Se tarjoaa my\u00f6s ilmailupalveluita, kuten lentotietojen seurantaa ja lentotoiminnan laadunvarmistuspalveluita sek\u00e4 lennonrekister\u00f6intipalveluja ja lukemia. <\/p>\n\n\n\n<p>Lis\u00e4tietoja on osoitteessa <a href=\"https:\/\/flightdata.aero\/\" target=\"_blank\" rel=\"noreferrer noopener\">www.flightdata.aero<\/a><\/p>\n<\/div><\/div>\n\n\n\n<div class=\"wp-block-group brand-item-block\"><div class=\"wp-block-group__inner-container is-layout-flow wp-block-group-is-layout-flow\">\n<div class=\"wp-block-image is-style-default\"><figure class=\"aligncenter size-large is-resized\"><a href=\"https:\/\/www.latitudetech.com\/\" target=\"_blank\" rel=\"noopener noreferrer\"><img loading=\"lazy\" decoding=\"async\" src=\"http:\/\/acrartex-intl.dev.enterwell.space\/wp-content\/uploads\/2021\/02\/Latitude_logo_gray-1024x448.png\" alt=\"\" class=\"wp-image-351\" width=\"512\" height=\"224\" srcset=\"https:\/\/acrartex-intl.dev.enterwell.space\/wp-content\/uploads\/2021\/02\/Latitude_logo_gray-1024x448.png 1024w, https:\/\/acrartex-intl.dev.enterwell.space\/wp-content\/uploads\/2021\/02\/Latitude_logo_gray-300x131.png 300w, https:\/\/acrartex-intl.dev.enterwell.space\/wp-content\/uploads\/2021\/02\/Latitude_logo_gray-768x336.png 768w, https:\/\/acrartex-intl.dev.enterwell.space\/wp-content\/uploads\/2021\/02\/Latitude_logo_gray-1536x672.png 1536w, https:\/\/acrartex-intl.dev.enterwell.space\/wp-content\/uploads\/2021\/02\/Latitude_logo_gray-2048x896.png 2048w, https:\/\/acrartex-intl.dev.enterwell.space\/wp-content\/uploads\/2021\/02\/Latitude_logo_gray-600x263.png 600w\" sizes=\"auto, (max-width: 512px) 100vw, 512px\" \/><\/a><\/figure><\/div>\n\n\n\n<p>Latitude Technologies on ilmailutekniikan suunnittelu- ja valmistusyritys, joka tarjoaa lentotietojen seurantaa, lennonseurantaa, satelliittidatayhteyksi\u00e4 ja puheviestint\u00e4laitteita ja -palveluita. Tarjoaa t\u00e4ydellisi\u00e4 lentokoneiden viestint\u00e4j\u00e4rjestelmi\u00e4, joissa on ilma-aika- ja palveluvaihtoehtoja, jotka tukevat lentoturvallisuutta, laivaston logistiikkaa, toimintaa ja huoltotietoja data-analytiikkaalustojen kautta. <\/p>\n\n\n\n<p>Lis\u00e4tietoja on osoitteessa <a href=\"https:\/\/www.latitudetech.com\/\" target=\"_blank\" rel=\"noreferrer noopener\">www.latitudetech.com<\/a><\/p>\n<\/div><\/div>\n\n\n\n<div class=\"wp-block-group brand-item-block\"><div class=\"wp-block-group__inner-container is-layout-flow wp-block-group-is-layout-flow\">\n<div class=\"wp-block-image is-style-default\"><figure class=\"aligncenter size-large is-resized\"><a href=\"https:\/\/www.nalresearch.com\/\" target=\"_blank\" rel=\"noopener noreferrer\"><img loading=\"lazy\" decoding=\"async\" src=\"http:\/\/acrartex-intl.dev.enterwell.space\/wp-content\/uploads\/2021\/02\/NAL_logo_gray-1024x295.png\" alt=\"\" class=\"wp-image-352\" width=\"512\" height=\"148\" srcset=\"https:\/\/acrartex-intl.dev.enterwell.space\/wp-content\/uploads\/2021\/02\/NAL_logo_gray-1024x295.png 1024w, https:\/\/acrartex-intl.dev.enterwell.space\/wp-content\/uploads\/2021\/02\/NAL_logo_gray-300x86.png 300w, https:\/\/acrartex-intl.dev.enterwell.space\/wp-content\/uploads\/2021\/02\/NAL_logo_gray-768x221.png 768w, https:\/\/acrartex-intl.dev.enterwell.space\/wp-content\/uploads\/2021\/02\/NAL_logo_gray-1536x443.png 1536w, https:\/\/acrartex-intl.dev.enterwell.space\/wp-content\/uploads\/2021\/02\/NAL_logo_gray-2048x590.png 2048w, https:\/\/acrartex-intl.dev.enterwell.space\/wp-content\/uploads\/2021\/02\/NAL_logo_gray-600x173.png 600w\" sizes=\"auto, (max-width: 512px) 100vw, 512px\" \/><\/a><\/figure><\/div>\n\n\n\n<p>NAL Research suunnittelee ja valmistaa laajan valikoiman kehittyneit\u00e4 Iridium-pohjaisia \u200b\u200bviestint\u00e4j\u00e4rjestelmi\u00e4, joita k\u00e4ytet\u00e4\u00e4n ensisijaisesti puolustus-, tutkimus- ja kaupallisilla aloilla. NAL Researchin tuotteet ovat todella maailmanlaajuisia, ja ne ovat erikoistuneet omaisuuden seurantaan, etsint\u00e4\u00e4n ja pelastukseen sek\u00e4 maa- ja ilmaalustojen kaukokartoituksiin ja komentoon\/hallintaan. <\/p>\n\n\n\n<p>Lis\u00e4tietoja on osoitteessa <a href=\"http:\/\/www.NALResearch.com\" data-type=\"URL\" data-id=\"www.NALResearch.com\" target=\"_blank\" rel=\"noreferrer noopener\">www.NALResearch.com<\/a><\/p>\n<\/div><\/div>\n\n\n\n<div class=\"wp-block-group brand-item-block\"><div class=\"wp-block-group__inner-container is-layout-flow wp-block-group-is-layout-flow\">\n<div class=\"wp-block-image is-style-default\"><figure class=\"aligncenter size-full is-resized\"><a href=\"https:\/\/acrartex-intl.dev.enterwell.space\/wp-content\/uploads\/2022\/01\/TRX-Systems-Logo-ACR-web.png\" target=\"_blank\" rel=\"noopener noreferrer\"><img loading=\"lazy\" decoding=\"async\" src=\"https:\/\/acrartex-intl.dev.enterwell.space\/wp-content\/uploads\/2022\/01\/TRX-Systems-Logo-ACR-web.png\" alt=\"\" class=\"wp-image-26290\" width=\"190\" height=\"141\"\/><\/a><\/figure><\/div>\n\n\n\n<p>TRX perustettiin toimittamaan tuotteita, jotka tarjoavat vakaan sijainnin, kun GPS ei ole saatavilla tai se on ep\u00e4luotettava, mik\u00e4 parantaa tilannetietoisuutta, turvallisuutta ja komentojen tehokkuutta. Monisensoristen fuusiotarjontamme ja pienikokoisten, painoisten ja tehoisten PNT-tuotteiden avulla TRX tarjoaa kriittisi\u00e4 ratkaisuja teollisuuden, yleisen turvallisuuden ja puolustusalan markkinoille. <\/p>\n\n\n\n<p>Lis\u00e4tietoja on osoitteessa <a href=\"https:\/\/www.trxsystems.com\/\" target=\"_blank\" rel=\"noreferrer noopener\">www.trxsystems.com\/<\/a><\/p>\n<\/div><\/div>\n\n\n\n<div class=\"wp-block-group brand-item-block\"><div class=\"wp-block-group__inner-container is-layout-flow wp-block-group-is-layout-flow\">\n<div class=\"wp-block-image is-style-default\"><figure class=\"aligncenter size-large is-resized\"><a href=\"https:\/\/www.oceansignal.com\" target=\"_blank\" rel=\"noopener noreferrer\"><img loading=\"lazy\" decoding=\"async\" src=\"http:\/\/acrartex-intl.dev.enterwell.space\/wp-content\/uploads\/2021\/02\/OSL_logo-gray-1024x610.png\" alt=\"\" class=\"wp-image-353\" width=\"256\" height=\"153\" srcset=\"https:\/\/acrartex-intl.dev.enterwell.space\/wp-content\/uploads\/2021\/02\/OSL_logo-gray-1024x610.png 1024w, https:\/\/acrartex-intl.dev.enterwell.space\/wp-content\/uploads\/2021\/02\/OSL_logo-gray-300x179.png 300w, https:\/\/acrartex-intl.dev.enterwell.space\/wp-content\/uploads\/2021\/02\/OSL_logo-gray-768x457.png 768w, https:\/\/acrartex-intl.dev.enterwell.space\/wp-content\/uploads\/2021\/02\/OSL_logo-gray-1536x914.png 1536w, https:\/\/acrartex-intl.dev.enterwell.space\/wp-content\/uploads\/2021\/02\/OSL_logo-gray-2048x1219.png 2048w, https:\/\/acrartex-intl.dev.enterwell.space\/wp-content\/uploads\/2021\/02\/OSL_logo-gray-600x357.png 600w\" sizes=\"auto, (max-width: 256px) 100vw, 256px\" \/><\/a><\/figure><\/div>\n\n\n\n<p>Ocean Signal suunnittelee ja valmistaa poikkeuksellisia turvallisuus- ja viestint\u00e4tuotteita, jotka jatkuvasti t\u00e4ytt\u00e4v\u00e4t tai ylitt\u00e4v\u00e4t kansainv\u00e4liset tekniset ja turvallisuusstandardit. Kaikki Ocean Signal -tuotteet on kehitetty huolellisen suunnittelun ja innovaation avulla, mik\u00e4 varmistaa kaikille k\u00e4ytt\u00e4jille, ett\u00e4 heid\u00e4n laitteet ovat aina k\u00e4ytt\u00f6valmiita riippumatta siit\u00e4, millaista tilannetta he kohtaavat. <\/p>\n\n\n\n<p>Lis\u00e4tietoja on osoitteessa <a href=\"http:\/\/www.oceansignal.com\" data-type=\"URL\" data-id=\"www.oceansignal.com\">www.oceansignal.com<\/a><\/p>\n<\/div><\/div>\n\n\n\n<div class=\"wp-block-group brand-item-block\"><div class=\"wp-block-group__inner-container is-layout-flow wp-block-group-is-layout-flow\">\n<div class=\"wp-block-image is-style-default\"><figure class=\"aligncenter size-large is-resized\"><img loading=\"lazy\" decoding=\"async\" src=\"http:\/\/acrartex-intl.dev.enterwell.space\/wp-content\/uploads\/2021\/02\/Skytrac_Logo_Gray-1024x248.png\" alt=\"\" class=\"wp-image-354\" width=\"512\" height=\"124\" srcset=\"https:\/\/acrartex-intl.dev.enterwell.space\/wp-content\/uploads\/2021\/02\/Skytrac_Logo_Gray-1024x248.png 1024w, https:\/\/acrartex-intl.dev.enterwell.space\/wp-content\/uploads\/2021\/02\/Skytrac_Logo_Gray-300x73.png 300w, https:\/\/acrartex-intl.dev.enterwell.space\/wp-content\/uploads\/2021\/02\/Skytrac_Logo_Gray-768x186.png 768w, https:\/\/acrartex-intl.dev.enterwell.space\/wp-content\/uploads\/2021\/02\/Skytrac_Logo_Gray-1536x372.png 1536w, https:\/\/acrartex-intl.dev.enterwell.space\/wp-content\/uploads\/2021\/02\/Skytrac_Logo_Gray-2048x496.png 2048w, https:\/\/acrartex-intl.dev.enterwell.space\/wp-content\/uploads\/2021\/02\/Skytrac_Logo_Gray-600x145.png 600w\" sizes=\"auto, (max-width: 512px) 100vw, 512px\" \/><\/figure><\/div>\n\n\n\n<p>SKYTRAC on nykyp\u00e4iv\u00e4n kumppani dataohjatun liiketoiminnan oivalluksille, jotka lis\u00e4\u00e4v\u00e4t tehokkuutta, parempaa turvallisuutta ja paljon muuta. SKYTRAC Systemsin juuret ulottuvat vuoteen 1986, kun se kehitti ensimm\u00e4isen sukupolven ilmailuviestint\u00e4- ja seurantaratkaisuja kaukaisissa, kartoittamattomissa tai vaarallisissa ymp\u00e4rist\u00f6iss\u00e4 ty\u00f6skenteleville laivastoille. Vuonna 2017 tiedonkeruulaitteistomme asentavat kiinte\u00e4t ja py\u00f6riv\u00e4t siipiset asiakkaat ymp\u00e4ri maailmaa, ja SkyWeb-tiedonhallintaj\u00e4rjestelm\u00e4mme on yli 6 500 k\u00e4ytt\u00e4j\u00e4n ty\u00f6kalu.  <\/p>\n\n\n\n<p>Lis\u00e4tietoja on osoitteessa <a href=\"http:\/\/www.skytrac.ca\" data-type=\"URL\" data-id=\"www.skytrac.ca\">www.skytrac.ca<\/a><\/p>\n<\/div><\/div>\n\n\n\n<div class=\"wp-block-group brand-item-block\"><div class=\"wp-block-group__inner-container is-layout-flow wp-block-group-is-layout-flow\">\n<div class=\"wp-block-image is-style-default\"><figure class=\"aligncenter size-large is-resized\"><a href=\"https:\/\/www.uml.co.uk\/\" target=\"_blank\" rel=\"noopener noreferrer\"><img loading=\"lazy\" decoding=\"async\" src=\"http:\/\/acrartex-intl.dev.enterwell.space\/wp-content\/uploads\/2021\/02\/UML_logo_gray-1024x1024.png\" alt=\"\" class=\"wp-image-355\" width=\"256\" height=\"256\" srcset=\"https:\/\/acrartex-intl.dev.enterwell.space\/wp-content\/uploads\/2021\/02\/UML_logo_gray-1024x1024.png 1024w, https:\/\/acrartex-intl.dev.enterwell.space\/wp-content\/uploads\/2021\/02\/UML_logo_gray-300x300.png 300w, https:\/\/acrartex-intl.dev.enterwell.space\/wp-content\/uploads\/2021\/02\/UML_logo_gray-150x150.png 150w, https:\/\/acrartex-intl.dev.enterwell.space\/wp-content\/uploads\/2021\/02\/UML_logo_gray-768x768.png 768w, https:\/\/acrartex-intl.dev.enterwell.space\/wp-content\/uploads\/2021\/02\/UML_logo_gray-1536x1536.png 1536w, https:\/\/acrartex-intl.dev.enterwell.space\/wp-content\/uploads\/2021\/02\/UML_logo_gray-2048x2048.png 2048w, https:\/\/acrartex-intl.dev.enterwell.space\/wp-content\/uploads\/2021\/02\/UML_logo_gray-600x600.png 600w, https:\/\/acrartex-intl.dev.enterwell.space\/wp-content\/uploads\/2021\/02\/UML_logo_gray-100x100.png 100w\" sizes=\"auto, (max-width: 256px) 100vw, 256px\" \/><\/a><\/figure><\/div>\n\n\n\n<p>United Moulders Ltd (UML) suunnittelee ja valmistaa t\u00e4yden valikoiman ISO 12402-7 -hyv\u00e4ksyttyj\u00e4 pelastusliivien t\u00e4ytt\u00f6j\u00e4rjestelmi\u00e4, joita k\u00e4ytet\u00e4\u00e4n laajasti vapaa-ajan, kaupallisilla ja sotilaallisilla aloilla.  <\/p>\n\n\n\n<p>Lis\u00e4tietoja on osoitteessa <a href=\"http:\/\/www.UML.co.uk.\" data-type=\"URL\" data-id=\"www.UML.co.uk.\">www.UML.co.uk.<\/a><\/p>\n<\/div><\/div>\n\n\n\n<div class=\"wp-block-group brand-item-block\"><div class=\"wp-block-group__inner-container is-layout-flow wp-block-group-is-layout-flow\">\n<div class=\"wp-block-image is-style-default\"><figure class=\"aligncenter size-large is-resized\"><a href=\"https:\/\/acrartex-intl.dev.enterwell.space\/wp-content\/uploads\/2021\/08\/freeflight_logo_gray.png\" target=\"_blank\" rel=\"noopener noreferrer\"><img decoding=\"async\" src=\"https:\/\/acrartex-intl.dev.enterwell.space\/wp-content\/uploads\/2021\/08\/freeflight_logo_gray-1024x349.png\" alt=\"FreeFlight-logo\" class=\"wp-image-22621\" width=\"-131\" height=\"-44\" srcset=\"https:\/\/acrartex-intl.dev.enterwell.space\/wp-content\/uploads\/2021\/08\/freeflight_logo_gray-1024x349.png 1024w, https:\/\/acrartex-intl.dev.enterwell.space\/wp-content\/uploads\/2021\/08\/freeflight_logo_gray-300x102.png 300w, https:\/\/acrartex-intl.dev.enterwell.space\/wp-content\/uploads\/2021\/08\/freeflight_logo_gray-768x262.png 768w, https:\/\/acrartex-intl.dev.enterwell.space\/wp-content\/uploads\/2021\/08\/freeflight_logo_gray-1536x524.png 1536w, https:\/\/acrartex-intl.dev.enterwell.space\/wp-content\/uploads\/2021\/08\/freeflight_logo_gray-2048x698.png 2048w, https:\/\/acrartex-intl.dev.enterwell.space\/wp-content\/uploads\/2021\/08\/freeflight_logo_gray-600x205.png 600w\" sizes=\"(max-width: 1024px) 100vw, 1024px\" \/><\/a><\/figure><\/div>\n\n\n\n<p><meta charset=\"utf-8\"\/>huomattavia turvallisuus-, kustannus-, ymp\u00e4rist\u00f6- ja muita etuja NextGen-ilmatilan muutoksesta. Vuonna 2001 perustettu ja Texasissa sijaitseva yritys loi ensimm\u00e4isen sertifioidun ilmailun WAAS\/ GPS vastaanottimen ja ensimm\u00e4isen s\u00e4\u00e4nt\u00f6jen mukaisen UAT ADS-B -j\u00e4rjestelm\u00e4n. FreeFlight Systems tuottaa valikoiman korkealaatuisia, amerikkalaisvalmisteisia, kilpailukykyisesti hinnoiteltuja j\u00e4rjestelmi\u00e4 asennettavaksi kaikkiin lentokonetyyppeihin.  <\/p>\n\n\n\n<p><meta charset=\"utf-8\"\/>Lis\u00e4tietoja on osoitteessa<a data-type=\"URL\" data-id=\"www.UML.co.uk.\" href=\"http:\/\/www.UML.co.uk.\"><\/a> <a href=\"http:\/\/www.freeflightsystems.com\/\">www.FreeFlightSystems.com<\/a> .<\/p>\n<\/div><\/div>\n<\/div><\/div>\n","protected":false},"excerpt":{"rendered":"<p>Meid\u00e4n tuotemerkit ARTEX suunnittelee ja valmistaa laajan valikoiman h\u00e4t\u00e4paikannusl\u00e4hettimi\u00e4 (ELT) yleisiin, liike-, kaupallisiin ja sotilasilmailusovelluksiin sek\u00e4 akkupakkauksia ja ELT tarvikkeita. ARTEX on globaali yritys, jonka asiakkaita on yksityisist\u00e4 lent\u00e4jist\u00e4 maailman suurimpiin lentokoneen valmistajiin, lentoyhti\u00f6ihin ja valtioihin. Lis\u00e4tietoja on osoitteessa www. ARTEX .com Flight Data Systems suunnittelee ja valmistaa ilmassa ja maassa olevia tukilaitteita, mukaan lukien [&hellip;]<\/p>\n","protected":false},"author":1,"featured_media":0,"parent":0,"menu_order":0,"comment_status":"closed","ping_status":"closed","template":"pagetemplate-company.php","meta":{"_acf_changed":false,"om_disable_all_campaigns":false,"footnotes":""},"class_list":["post-39751","page","type-page","status-publish","hentry"],"acf":[],"_links":{"self":[{"href":"https:\/\/acrartex-intl.dev.enterwell.space\/fi\/wp-json\/wp\/v2\/pages\/39751","targetHints":{"allow":["GET"]}}],"collection":[{"href":"https:\/\/acrartex-intl.dev.enterwell.space\/fi\/wp-json\/wp\/v2\/pages"}],"about":[{"href":"https:\/\/acrartex-intl.dev.enterwell.space\/fi\/wp-json\/wp\/v2\/types\/page"}],"author":[{"embeddable":true,"href":"https:\/\/acrartex-intl.dev.enterwell.space\/fi\/wp-json\/wp\/v2\/users\/1"}],"replies":[{"embeddable":true,"href":"https:\/\/acrartex-intl.dev.enterwell.space\/fi\/wp-json\/wp\/v2\/comments?post=39751"}],"version-history":[{"count":1,"href":"https:\/\/acrartex-intl.dev.enterwell.space\/fi\/wp-json\/wp\/v2\/pages\/39751\/revisions"}],"predecessor-version":[{"id":39752,"href":"https:\/\/acrartex-intl.dev.enterwell.space\/fi\/wp-json\/wp\/v2\/pages\/39751\/revisions\/39752"}],"wp:attachment":[{"href":"https:\/\/acrartex-intl.dev.enterwell.space\/fi\/wp-json\/wp\/v2\/media?parent=39751"}],"curies":[{"name":"wp","href":"https:\/\/api.w.org\/{rel}","templated":true}]}}