{"id":37544,"date":"2021-03-16T08:14:14","date_gmt":"2021-03-16T13:14:14","guid":{"rendered":"https:\/\/acrartex-intl.dev.enterwell.space\/products\/kaukosaadin-cessna\/"},"modified":"2021-03-16T08:14:14","modified_gmt":"2021-03-16T13:14:14","slug":"kaukosaadin-cessna","status":"publish","type":"product","link":"https:\/\/acrartex-intl.dev.enterwell.space\/fi\/products\/kaukosaadin-cessna\/","title":{"rendered":"Kaukos\u00e4\u00e4din &#8211; Cessna"},"content":{"rendered":"","protected":false},"excerpt":{"rendered":"<p>T\u00e4m\u00e4 kaukokytkin on suunniteltu vastaamaan Cessnan vaatimuksia kytkimen kannen v\u00e4rin sovittamisesta kojelaudan v\u00e4riin.<\/p>\n<p>&nbsp;<\/p>\n","protected":false},"featured_media":12232,"template":"","meta":{"_acf_changed":false,"om_disable_all_campaigns":false},"product_brand":[],"product_cat":[2353],"product_tag":[2706,2693,2703,2702,2707,2709,2692,2689,2687,2696,2698,2685,2699],"class_list":{"0":"post-37544","1":"product","2":"type-product","3":"status-publish","4":"has-post-thumbnail","6":"product_cat-uncategorized","7":"product_tag-boeing-elt-kytkin","8":"product_tag-boeing-elt-paneeli","9":"product_tag-cessna-elt-kytkin","10":"product_tag-elt-kaukokytkin","11":"product_tag-kauko","12":"product_tag-kaukokytkin","13":"product_tag-kaukokytkin-lear","14":"product_tag-kaukosaadin-cessna","15":"product_tag-kaukosaadin-oem","16":"product_tag-lear-elt-kytkin","17":"product_tag-lear-kytkin-elt","18":"product_tag-oem-elt-kaukokytkin","19":"product_tag-oem-elt-kytkin","21":"first","22":"instock","23":"taxable","24":"shipping-taxable","25":"purchasable","26":"product-type-simple"},"acf":[],"_links":{"self":[{"href":"https:\/\/acrartex-intl.dev.enterwell.space\/fi\/wp-json\/wp\/v2\/product\/37544","targetHints":{"allow":["GET"]}}],"collection":[{"href":"https:\/\/acrartex-intl.dev.enterwell.space\/fi\/wp-json\/wp\/v2\/product"}],"about":[{"href":"https:\/\/acrartex-intl.dev.enterwell.space\/fi\/wp-json\/wp\/v2\/types\/product"}],"wp:featuredmedia":[{"embeddable":true,"href":"https:\/\/acrartex-intl.dev.enterwell.space\/fi\/wp-json\/wp\/v2\/media\/12232"}],"wp:attachment":[{"href":"https:\/\/acrartex-intl.dev.enterwell.space\/fi\/wp-json\/wp\/v2\/media?parent=37544"}],"wp:term":[{"taxonomy":"product_brand","embeddable":true,"href":"https:\/\/acrartex-intl.dev.enterwell.space\/fi\/wp-json\/wp\/v2\/product_brand?post=37544"},{"taxonomy":"product_cat","embeddable":true,"href":"https:\/\/acrartex-intl.dev.enterwell.space\/fi\/wp-json\/wp\/v2\/product_cat?post=37544"},{"taxonomy":"product_tag","embeddable":true,"href":"https:\/\/acrartex-intl.dev.enterwell.space\/fi\/wp-json\/wp\/v2\/product_tag?post=37544"}],"curies":[{"name":"wp","href":"https:\/\/api.w.org\/{rel}","templated":true}]}}