{"id":37587,"date":"2021-03-16T08:14:02","date_gmt":"2021-03-16T13:14:02","guid":{"rendered":"https:\/\/acrartex-intl.dev.enterwell.space\/products\/kaukosaadin-raytheon\/"},"modified":"2021-03-16T08:14:02","modified_gmt":"2021-03-16T13:14:02","slug":"kaukosaadin-raytheon","status":"publish","type":"product","link":"https:\/\/acrartex-intl.dev.enterwell.space\/fi\/products\/kaukosaadin-raytheon\/","title":{"rendered":"Kaukos\u00e4\u00e4din &#8211; Raytheon"},"content":{"rendered":"","protected":false},"excerpt":{"rendered":"<p>T\u00e4m\u00e4 kauko-ohjain on suunniteltu t\u00e4ytt\u00e4m\u00e4\u00e4n Raytheon-yrityssuihkukoneiden vaatimukset.<\/p>\n<p>&nbsp;<\/p>\n","protected":false},"featured_media":12229,"template":"","meta":{"_acf_changed":false,"om_disable_all_campaigns":false},"product_brand":[],"product_cat":[2353],"product_tag":[2872,2692,2689,2687,2883,2881,2685,2797,2879,2874,2878,2876],"class_list":{"0":"post-37587","1":"product","2":"type-product","3":"status-publish","4":"has-post-thumbnail","6":"product_cat-uncategorized","7":"product_tag-elt-kaukosaatimet","8":"product_tag-kaukokytkin-lear","9":"product_tag-kaukosaadin-cessna","10":"product_tag-kaukosaadin-oem","11":"product_tag-likinako-kaukosaadin","12":"product_tag-nvg-kaukosaadin","13":"product_tag-oem-elt-kaukokytkin","14":"product_tag-sotilaallinen-elt-kytkin","15":"product_tag-sotilaallinen-kauko-testikytkin","16":"product_tag-sotilaallinen-kaukokytkin","17":"product_tag-sotilaallinen-testi-elt-kytkin","18":"product_tag-sotilaskytkin-eltlle","20":"first","21":"instock","22":"taxable","23":"shipping-taxable","24":"purchasable","25":"product-type-simple"},"acf":[],"_links":{"self":[{"href":"https:\/\/acrartex-intl.dev.enterwell.space\/fi\/wp-json\/wp\/v2\/product\/37587","targetHints":{"allow":["GET"]}}],"collection":[{"href":"https:\/\/acrartex-intl.dev.enterwell.space\/fi\/wp-json\/wp\/v2\/product"}],"about":[{"href":"https:\/\/acrartex-intl.dev.enterwell.space\/fi\/wp-json\/wp\/v2\/types\/product"}],"wp:featuredmedia":[{"embeddable":true,"href":"https:\/\/acrartex-intl.dev.enterwell.space\/fi\/wp-json\/wp\/v2\/media\/12229"}],"wp:attachment":[{"href":"https:\/\/acrartex-intl.dev.enterwell.space\/fi\/wp-json\/wp\/v2\/media?parent=37587"}],"wp:term":[{"taxonomy":"product_brand","embeddable":true,"href":"https:\/\/acrartex-intl.dev.enterwell.space\/fi\/wp-json\/wp\/v2\/product_brand?post=37587"},{"taxonomy":"product_cat","embeddable":true,"href":"https:\/\/acrartex-intl.dev.enterwell.space\/fi\/wp-json\/wp\/v2\/product_cat?post=37587"},{"taxonomy":"product_tag","embeddable":true,"href":"https:\/\/acrartex-intl.dev.enterwell.space\/fi\/wp-json\/wp\/v2\/product_tag?post=37587"}],"curies":[{"name":"wp","href":"https:\/\/api.w.org\/{rel}","templated":true}]}}