{"id":37590,"date":"2021-03-16T08:13:58","date_gmt":"2021-03-16T13:13:58","guid":{"rendered":"https:\/\/acrartex-intl.dev.enterwell.space\/products\/kaukosaadinpaneeli-b737\/"},"modified":"2021-03-16T08:13:58","modified_gmt":"2021-03-16T13:13:58","slug":"kaukosaadinpaneeli-b737","status":"publish","type":"product","link":"https:\/\/acrartex-intl.dev.enterwell.space\/fi\/products\/kaukosaadinpaneeli-b737\/","title":{"rendered":"Kaukos\u00e4\u00e4dinpaneeli &#8211; B737"},"content":{"rendered":"","protected":false},"excerpt":{"rendered":"<p>Kaukos\u00e4\u00e4dinpaneeli Kaukos\u00e4\u00e4din B406 ELT<\/p>\n","protected":false},"featured_media":12228,"template":"","meta":{"_acf_changed":false,"om_disable_all_campaigns":false},"product_brand":[],"product_cat":[2353],"product_tag":[2907,2905,2904,2908,2906,2910,2707,2909,2911,2903],"class_list":{"0":"post-37590","1":"product","2":"type-product","3":"status-publish","4":"has-post-thumbnail","6":"product_cat-uncategorized","7":"product_tag-artex-c406-fi","8":"product_tag-artex-c406-1-fi","9":"product_tag-artex-me-406-fi","10":"product_tag-artex-me-406-elt-fi","11":"product_tag-artex-me406-fi","12":"product_tag-b737-fi","13":"product_tag-kauko","14":"product_tag-kaukosaadinpaneeli","15":"product_tag-kytkimet","16":"product_tag-mina-406-elt","18":"first","19":"instock","20":"taxable","21":"shipping-taxable","22":"purchasable","23":"product-type-simple"},"acf":[],"_links":{"self":[{"href":"https:\/\/acrartex-intl.dev.enterwell.space\/fi\/wp-json\/wp\/v2\/product\/37590","targetHints":{"allow":["GET"]}}],"collection":[{"href":"https:\/\/acrartex-intl.dev.enterwell.space\/fi\/wp-json\/wp\/v2\/product"}],"about":[{"href":"https:\/\/acrartex-intl.dev.enterwell.space\/fi\/wp-json\/wp\/v2\/types\/product"}],"wp:featuredmedia":[{"embeddable":true,"href":"https:\/\/acrartex-intl.dev.enterwell.space\/fi\/wp-json\/wp\/v2\/media\/12228"}],"wp:attachment":[{"href":"https:\/\/acrartex-intl.dev.enterwell.space\/fi\/wp-json\/wp\/v2\/media?parent=37590"}],"wp:term":[{"taxonomy":"product_brand","embeddable":true,"href":"https:\/\/acrartex-intl.dev.enterwell.space\/fi\/wp-json\/wp\/v2\/product_brand?post=37590"},{"taxonomy":"product_cat","embeddable":true,"href":"https:\/\/acrartex-intl.dev.enterwell.space\/fi\/wp-json\/wp\/v2\/product_cat?post=37590"},{"taxonomy":"product_tag","embeddable":true,"href":"https:\/\/acrartex-intl.dev.enterwell.space\/fi\/wp-json\/wp\/v2\/product_tag?post=37590"}],"curies":[{"name":"wp","href":"https:\/\/api.w.org\/{rel}","templated":true}]}}