{"id":37600,"date":"2021-03-16T08:13:54","date_gmt":"2021-03-16T13:13:54","guid":{"rendered":"https:\/\/acrartex-intl.dev.enterwell.space\/products\/kaukosaadin-vakio-8304\/"},"modified":"2021-03-16T08:13:54","modified_gmt":"2021-03-16T13:13:54","slug":"kaukosaadin-vakio-8304","status":"publish","type":"product","link":"https:\/\/acrartex-intl.dev.enterwell.space\/fi\/products\/kaukosaadin-vakio-8304\/","title":{"rendered":"Kaukos\u00e4\u00e4din, vakio 8304"},"content":{"rendered":"","protected":false},"excerpt":{"rendered":"<p>T\u00e4m\u00e4 kaukokytkin on suunniteltu alentamaan asennuskustannuksia ja mukautumaan vanhentuneissa 121,5 MHz ELT:iss\u00e4 k\u00e4ytettyihin 2 johdinasennukseen. Vaikka 3-asentoinen kytkin on aina asetettu oletusarvoiseen ARMED-tilaan, voit muuttaa asetuksia joko testataksesi ELT tai aktivoimalla sen ohjaamosta. <\/p>\n","protected":false},"featured_media":12227,"template":"","meta":{"_acf_changed":false,"om_disable_all_campaigns":false},"product_brand":[],"product_cat":[2353],"product_tag":[2978,2973,2872,2707,2911,2975,2980,2979],"class_list":{"0":"post-37600","1":"product","2":"type-product","3":"status-publish","4":"has-post-thumbnail","6":"product_cat-uncategorized","7":"product_tag-8304-fi","8":"product_tag-elt-1000-kaukokytkin","9":"product_tag-elt-kaukosaatimet","10":"product_tag-kauko","11":"product_tag-kytkimet","12":"product_tag-osanumero-8304","13":"product_tag-p-n-8304-fi","14":"product_tag-pn-345-6196-fi","16":"first","17":"instock","18":"taxable","19":"shipping-taxable","20":"purchasable","21":"product-type-simple"},"acf":[],"_links":{"self":[{"href":"https:\/\/acrartex-intl.dev.enterwell.space\/fi\/wp-json\/wp\/v2\/product\/37600","targetHints":{"allow":["GET"]}}],"collection":[{"href":"https:\/\/acrartex-intl.dev.enterwell.space\/fi\/wp-json\/wp\/v2\/product"}],"about":[{"href":"https:\/\/acrartex-intl.dev.enterwell.space\/fi\/wp-json\/wp\/v2\/types\/product"}],"wp:featuredmedia":[{"embeddable":true,"href":"https:\/\/acrartex-intl.dev.enterwell.space\/fi\/wp-json\/wp\/v2\/media\/12227"}],"wp:attachment":[{"href":"https:\/\/acrartex-intl.dev.enterwell.space\/fi\/wp-json\/wp\/v2\/media?parent=37600"}],"wp:term":[{"taxonomy":"product_brand","embeddable":true,"href":"https:\/\/acrartex-intl.dev.enterwell.space\/fi\/wp-json\/wp\/v2\/product_brand?post=37600"},{"taxonomy":"product_cat","embeddable":true,"href":"https:\/\/acrartex-intl.dev.enterwell.space\/fi\/wp-json\/wp\/v2\/product_cat?post=37600"},{"taxonomy":"product_tag","embeddable":true,"href":"https:\/\/acrartex-intl.dev.enterwell.space\/fi\/wp-json\/wp\/v2\/product_tag?post=37600"}],"curies":[{"name":"wp","href":"https:\/\/api.w.org\/{rel}","templated":true}]}}