{"id":37643,"date":"2021-03-16T08:13:16","date_gmt":"2021-03-16T13:13:16","guid":{"rendered":"https:\/\/acrartex-intl.dev.enterwell.space\/products\/globalfix-v4-manuaalinen-vapautuspidike\/"},"modified":"2021-03-16T08:13:16","modified_gmt":"2021-03-16T13:13:16","slug":"globalfix-v4-manuaalinen-vapautuspidike","status":"publish","type":"product","link":"https:\/\/acrartex-intl.dev.enterwell.space\/fi\/products\/globalfix-v4-manuaalinen-vapautuspidike\/","title":{"rendered":"GlobalFix V4 Manuaalinen vapautuspidike"},"content":{"rendered":"<ul>\n<li>Yksisuuntainen asennus poistaa mahdollisuuden asentaa EPIRB taaksep\u00e4in<\/li>\n<li>Integroitu deaktivointimagneetti est\u00e4\u00e4 EPIRB l\u00e4hett\u00e4m\u00e4st\u00e4, kunnes se laukeaa<\/li>\n<li>Toimii ACR GlobalFix \u2122 V4 (RLB-41) kanssa<\/li>\n<\/ul>\n","protected":false},"excerpt":{"rendered":"<p>Varmista lis\u00e4turvallisuus merell\u00e4 GlobalFix V4 Manual Fix -kiinnikkeen avulla. T\u00e4m\u00e4 EPIRB kiinnike s\u00e4ilytt\u00e4\u00e4 EPIRB turvallisesti riippumatta siit\u00e4, minne seikkailut sinut viev\u00e4t. Jos kohtaat veneen h\u00e4t\u00e4tilan, GlobalFix V4 -kiinnike tarjoaa nopean vapautuksen, joten voit l\u00e4hett\u00e4\u00e4 nopeasti ja helposti signaalin etsint\u00e4- ja pelastussatelliiteille. T\u00e4m\u00e4 kiinnike sopii vain GlobalFix \u2122 V4 EPIRB:ihin.   <\/p>\n<p>&nbsp;<\/p>\n<p><span style=\"color:#e74c3c\">KOODI: <strong>SHIPFREE20<\/strong> Ilmainen maatoimitus yli 30 dollarin tilauksille. Ei sis\u00e4ll\u00e4 HI:t\u00e4 ja AK:ta <\/span><\/p>\n<p>&nbsp;<\/p>\n<p>&nbsp;<\/p>\n","protected":false},"featured_media":12212,"template":"","meta":{"_acf_changed":false,"om_disable_all_campaigns":false},"product_brand":[],"product_cat":[3632,3624,3122,3626,3621],"product_tag":[3857,3869,3877,3853,3863,3866,3873],"class_list":{"0":"post-37643","1":"product","2":"type-product","3":"status-publish","4":"has-post-thumbnail","6":"product_cat-kaupallinen","7":"product_cat-lahella-rantaa","8":"product_cat-meren","9":"product_cat-off-shore-fi","10":"product_cat-sisamaan","11":"product_tag-kiinnike","12":"product_tag-luokka-2","13":"product_tag-rlb-fi","14":"product_tag-rlb-41-fi","15":"product_tag-rlb-41-kategoria-ii-manuaalivapautuskiinnike","16":"product_tag-rlb-41-luokka-ii","17":"product_tag-vapautuspidike","18":"pa_boat-size-0-20-fi","19":"pa_boat-size-21-40-fi","20":"pa_boat-size-40-80-fi","21":"pa_boat-size-80-fi","22":"pa_boat-type-charter-jahti","23":"pa_boat-type-hinaaja","24":"pa_boat-type-jahti","25":"pa_boat-type-kaupallinen-kalastus","26":"pa_boat-type-moottorivene","27":"pa_boat-type-purjevene","28":"pa_boat-type-rahtilaiva","29":"pa_boat-type-sportcraft-fi","30":"pa_product-rescue-beacons-fi","31":"pa_product-rescue-pecons-vhf-sart","32":"pa_product-turvavarusteet","34":"first","35":"instock","36":"taxable","37":"shipping-taxable","38":"purchasable","39":"product-type-simple"},"acf":[],"_links":{"self":[{"href":"https:\/\/acrartex-intl.dev.enterwell.space\/fi\/wp-json\/wp\/v2\/product\/37643","targetHints":{"allow":["GET"]}}],"collection":[{"href":"https:\/\/acrartex-intl.dev.enterwell.space\/fi\/wp-json\/wp\/v2\/product"}],"about":[{"href":"https:\/\/acrartex-intl.dev.enterwell.space\/fi\/wp-json\/wp\/v2\/types\/product"}],"wp:featuredmedia":[{"embeddable":true,"href":"https:\/\/acrartex-intl.dev.enterwell.space\/fi\/wp-json\/wp\/v2\/media\/12212"}],"wp:attachment":[{"href":"https:\/\/acrartex-intl.dev.enterwell.space\/fi\/wp-json\/wp\/v2\/media?parent=37643"}],"wp:term":[{"taxonomy":"product_brand","embeddable":true,"href":"https:\/\/acrartex-intl.dev.enterwell.space\/fi\/wp-json\/wp\/v2\/product_brand?post=37643"},{"taxonomy":"product_cat","embeddable":true,"href":"https:\/\/acrartex-intl.dev.enterwell.space\/fi\/wp-json\/wp\/v2\/product_cat?post=37643"},{"taxonomy":"product_tag","embeddable":true,"href":"https:\/\/acrartex-intl.dev.enterwell.space\/fi\/wp-json\/wp\/v2\/product_tag?post=37643"}],"curies":[{"name":"wp","href":"https:\/\/api.w.org\/{rel}","templated":true}]}}