{"id":37714,"date":"2021-03-16T08:16:22","date_gmt":"2021-03-16T13:16:22","guid":{"rendered":"https:\/\/acrartex-intl.dev.enterwell.space\/products\/ms-2000m2-waterbug\/"},"modified":"2021-03-16T08:16:22","modified_gmt":"2021-03-16T13:16:22","slug":"ms-2000m2-waterbug","status":"publish","type":"product","link":"https:\/\/acrartex-intl.dev.enterwell.space\/fi\/products\/ms-2000m2-waterbug\/","title":{"rendered":"MS-2000(M2) Waterbug"},"content":{"rendered":"<p>Kuten arvostetut, luotettavat SDU-5E ja MS-2000(M), MS-2000(M2) on suunniteltu t\u00e4ytt\u00e4m\u00e4\u00e4n tai ylitt\u00e4m\u00e4\u00e4n sotilaalliset vaatimukset, mukaan lukien MIL-L-38217D ja CID AA-59176, ja siin\u00e4 on monia parannettuja hengenpelastusominaisuuksia, jotka vastaavat useisiin teht\u00e4viin.<\/p>\n<ul>\n<li>Uusi v\u00e4rin\u00e4ominaisuus varoittaa aktivoinnista ja tilan muutoksista piilossa, kun k\u00e4yt\u00e4t IR-suojaa<\/li>\n<li>Vesiaktivointianturit aktivoivat valon automaattisesti, kun ne on viritetty<\/li>\n<li>Valittavana on 4 aktivointitilaa: Armed, Strobe, SOS tai Steady-On<\/li>\n<li>T\u00e4ytt\u00e4\u00e4 armeijan uusimmat vaatimukset ja sopii l\u00e4hes kaikkiin sovelluksiin<\/li>\n<li>Uusi punottu ter\u00e4spidike pit\u00e4\u00e4 akun kannen kiinni<\/li>\n<li>Elektroniikkakomponenttien muotoinen silikonipinnoite suojaa kosteudelta<\/li>\n<li>Suunnattu sininen suodatin varoittaa yst\u00e4v\u00e4llisist\u00e4 voimista, erottaa v\u00e4l\u00e4hdyksen maapalosta<\/li>\n<li>Jopa 56 tuntia k\u00e4ytt\u00f6aikaa kahdella tavallisella AA-alkaliparistolla (k\u00e4yt\u00e4 litiumparistoja \u00e4\u00e4rimm\u00e4isen kylmiss\u00e4 olosuhteissa tai pitk\u00e4aikaiseen varastointiin)<\/li>\n<li>Kiinnitetty infrapuna (IR) suodatin Night Vision Goggle (NVG) -katseluun huopavuorauksella est\u00e4m\u00e4\u00e4n n\u00e4kyv\u00e4n valovuodon<\/li>\n<li>Uusinta LED-tekniikkaa<\/li>\n<li>Korotetut napaisuuden ilmaisimet mahdollistavat paristojen oikean sijoittamisen<\/li>\n<\/ul>\n","protected":false},"excerpt":{"rendered":"<p>Kun on kyse ihmishenkien pelastamisesta, mik\u00e4\u00e4n v\u00e4hemm\u00e4n kuin paras ei ole vaihtoehto. Alkuper\u00e4isen MS-2000:n esittelyn j\u00e4lkeen siit\u00e4 on tullut t\u00e4rkein Combat Search and Rescue (C-SAR) -valo, jota eliittiarmeijat kuljettavat ymp\u00e4ri maailmaa. T\u00e4m\u00e4 vilkkuva merkkivalo sis\u00e4lt\u00e4\u00e4 uusimman LED-tekniikan ja t\u00e4ytt\u00e4\u00e4 armeijan uusimmat vaatimukset. Sen v\u00e4rin\u00e4ominaisuus varoittaa aktivoinnista ja tilan muutoksista infrapunasuojaa k\u00e4ytett\u00e4ess\u00e4, ja sen vesiaktivointianturit syttyv\u00e4t automaattisesti, kun se joutuu kosketuksiin makean tai suolaisen veden kanssa. Valittavana on 4 aktivointitilaa: Armed, Strobe, SOS tai Steady-On, joten olet valmis loistamaan valoasi melkein miss\u00e4 tahansa tilanteessa.    <\/p>\n","protected":false},"featured_media":12272,"template":"","meta":{"_acf_changed":false,"om_disable_all_campaigns":false},"product_brand":[],"product_cat":[3619],"product_tag":[5070,5077,5054,5044,5048,5041,5063,5050],"class_list":{"0":"post-37714","1":"product","2":"type-product","3":"status-publish","4":"has-post-thumbnail","6":"product_cat-sotilaallinen","7":"product_tag-3991-fi","8":"product_tag-3991-2-fi","9":"product_tag-markkinavalo","10":"product_tag-ms2000-fi","11":"product_tag-valahdys","12":"product_tag-valoa","13":"product_tag-vesibugi","14":"product_tag-waterbug-strobe-marker-light-fi","16":"first","17":"instock","18":"taxable","19":"shipping-taxable","20":"product-type-simple"},"acf":[],"_links":{"self":[{"href":"https:\/\/acrartex-intl.dev.enterwell.space\/fi\/wp-json\/wp\/v2\/product\/37714","targetHints":{"allow":["GET"]}}],"collection":[{"href":"https:\/\/acrartex-intl.dev.enterwell.space\/fi\/wp-json\/wp\/v2\/product"}],"about":[{"href":"https:\/\/acrartex-intl.dev.enterwell.space\/fi\/wp-json\/wp\/v2\/types\/product"}],"wp:featuredmedia":[{"embeddable":true,"href":"https:\/\/acrartex-intl.dev.enterwell.space\/fi\/wp-json\/wp\/v2\/media\/12272"}],"wp:attachment":[{"href":"https:\/\/acrartex-intl.dev.enterwell.space\/fi\/wp-json\/wp\/v2\/media?parent=37714"}],"wp:term":[{"taxonomy":"product_brand","embeddable":true,"href":"https:\/\/acrartex-intl.dev.enterwell.space\/fi\/wp-json\/wp\/v2\/product_brand?post=37714"},{"taxonomy":"product_cat","embeddable":true,"href":"https:\/\/acrartex-intl.dev.enterwell.space\/fi\/wp-json\/wp\/v2\/product_cat?post=37714"},{"taxonomy":"product_tag","embeddable":true,"href":"https:\/\/acrartex-intl.dev.enterwell.space\/fi\/wp-json\/wp\/v2\/product_tag?post=37714"}],"curies":[{"name":"wp","href":"https:\/\/api.w.org\/{rel}","templated":true}]}}