{"id":37775,"date":"2021-03-16T08:16:59","date_gmt":"2021-03-16T13:16:59","guid":{"rendered":"https:\/\/acrartex-intl.dev.enterwell.space\/products\/c-strobe\/"},"modified":"2021-03-16T08:16:59","modified_gmt":"2021-03-16T13:16:59","slug":"c-strobe","status":"publish","type":"product","link":"https:\/\/acrartex-intl.dev.enterwell.space\/fi\/products\/c-strobe\/","title":{"rendered":"C-Strobe\u2122"},"content":{"rendered":"<p>Ohut, kevyt ja monipuolinen muotoilu mahtuu helposti taskuun tai roikkuu huomaamattomasti pelastusliiviin tai reppuun. Tuotteen sivussa olevat joustavat kiinnityslenkit mahdollistavat useita kiinnitysvaihtoehtoja, mukaan lukien repun hihnat tai pelastusliivisi hihnat. Velcro <sup>\u00ae<\/sup> -hihna voidaan kiinnitt\u00e4\u00e4 kiinnityssilmukoiden ymp\u00e4rille ja se luo lukemattomia lis\u00e4kiinnitysmahdollisuuksia. Valaisimen mukana tulee my\u00f6s pidike, joka on suunniteltu k\u00e4tev\u00e4sti liukumaan puhallettavan pelastusliivisi oraalisen t\u00e4ytt\u00f6putken yli, jotta valo s\u00e4ilyy pelastusliivisi sis\u00e4ll\u00e4.<\/p>\n<p>&nbsp;<\/p>\n<p>Saatavana my\u00f6s vesik\u00e4ytt\u00f6isen\u00e4 mallina<\/p>\n<p>&nbsp;<\/p>\n<p><strong>Ominaisuudet:<\/strong><\/p>\n<ul>\n<li>Sijaintiapua h\u00e4m\u00e4r\u00e4ss\u00e4 h\u00e4m\u00e4r\u00e4ss\u00e4<\/li>\n<li>Eritt\u00e4in kirkas 45 lumenin valkoinen LED<\/li>\n<li>Laaja jatkuva k\u00e4ytt\u00f6ik\u00e4 yli 120 tuntia<\/li>\n<li>Vedenpit\u00e4v\u00e4 \u2013 Testattu 24 tuntia 3,3 jalan (1 m) korkeudessa<\/li>\n<li>Helppo twist On\/Off aktivointi<\/li>\n<li>Iskunkest\u00e4v\u00e4 kotelo<\/li>\n<li>K\u00e4ytt\u00e4\u00e4 kahta &#8220;AA&#8221; 1,5 V paristoa (ei sis\u00e4lly)<\/li>\n<li>USCG\/SOLAS-hyv\u00e4ksytty<\/li>\n<li>Ihanteellinen pelastusliiveihin, retkeilyyn, py\u00f6r\u00e4ilyyn, autoon jne.<\/li>\n<li>Mukana Velcro\u00ae-hihna (karstatulla versiolla), jota k\u00e4ytet\u00e4\u00e4n yhdess\u00e4 integroitujen kiinnityssilmukoiden kanssa asennuksen joustavuuden lis\u00e4\u00e4miseksi<\/li>\n<li>Mukana PFD-klipsi (karstatulla versiolla) helppoa kiinnityst\u00e4 varten suulliseen t\u00e4ytt\u00f6putkeen<\/li>\n<\/ul>\n","protected":false},"excerpt":{"rendered":"<p>LED C-Strobe on manuaalisesti aktivoitava henkil\u00f6kohtainen h\u00e4t\u00e4vilkkuvalo, jonka k\u00e4ytt\u00f6ik\u00e4 on huomattavasti pidempi. T\u00e4m\u00e4 vedenpit\u00e4v\u00e4 valo on pieni mutta kest\u00e4v\u00e4, ja siin\u00e4 on 45 lumenin LED, joka toimii tyypillisesti 120 tuntia yht\u00e4jaksoisesti. C-Strobe on USCG\/SOLAS-hyv\u00e4ksytty, ja se aktivoidaan manuaalisesti helposti kierrett\u00e4v\u00e4ll\u00e4 p\u00e4\u00e4lle\/pois-aktivoinnilla, joten se on ihanteellinen valaisin kaikille ulkoilun yst\u00e4ville.  <\/p>\n<p>&nbsp;<\/p>\n<p><a href=\"https:\/\/www.dropbox.com\/s\/8343nj28z0d7bxa\/Prop%2065%20-%20BPA.pdf?dl=0\">VAROITUS: PROP 65<\/a><\/p>\n<p>&nbsp;<\/p>\n<p><span style=\"color:#e74c3c\">KOODI: <strong>SHIPFREE20<\/strong> Ilmainen maatoimitus yli 30 U$ tilauksille. Ei sis\u00e4ll\u00e4 HI:t\u00e4 ja AK:ta <\/span><\/p>\n<p>&nbsp;<\/p>\n","protected":false},"featured_media":12282,"template":"","meta":{"_acf_changed":false,"om_disable_all_campaigns":false},"product_brand":[],"product_cat":[3632,3624,3640,3642,3122,3626,3621,3637,3124,3634],"product_tag":[5746,5743,5740,5595,5616,5742,5751,5039,5588,5613,5606],"class_list":{"0":"post-37775","1":"product","2":"type-product","3":"status-publish","4":"has-post-thumbnail","6":"product_cat-kaupallinen","7":"product_cat-lahella-rantaa","8":"product_cat-matkavarusteet","9":"product_cat-melontaurheilu-kalastus","10":"product_cat-meren","11":"product_cat-off-shore-fi","12":"product_cat-sisamaan","13":"product_cat-toimintaurheilu-offroad","14":"product_cat-ulkona","15":"product_cat-vaellus-kiipeily-leiri","16":"product_tag-acr-c-strobe-fi","17":"product_tag-acr-strobo","18":"product_tag-acr-strobo-valo","19":"product_tag-hatavilkku","20":"product_tag-hatavilkkuvalo","21":"product_tag-meren-strobovalo","22":"product_tag-pelastusvalot","23":"product_tag-pfd-valo","24":"product_tag-strobe-valot","25":"product_tag-turvavilkkuvalot","26":"product_tag-vilkkuvat-turvavalot","27":"pa_activity-cross-country-fi","28":"pa_activity-hiihto-lumilautailu","29":"pa_activity-kalastus","30":"pa_activity-kiipeily","31":"pa_activity-melontaurheilua","32":"pa_activity-moottorikelkka","33":"pa_activity-off-road-4x4-fi","34":"pa_activity-patikointi","35":"pa_activity-pyora","36":"pa_activity-telttailu","37":"pa_boat-size-0-20-fi","38":"pa_boat-size-21-40-fi","39":"pa_boat-size-40-80-fi","40":"pa_boat-size-80-fi","41":"pa_boat-type-charter-jahti","42":"pa_boat-type-hinaaja","43":"pa_boat-type-jahti","44":"pa_boat-type-kaupallinen-kalastus","45":"pa_boat-type-moottorivene","46":"pa_boat-type-purjevene","47":"pa_boat-type-rahtilaiva","48":"pa_boat-type-sportcraft-fi","49":"pa_product-pelastusvalot","50":"pa_product-signalointituotteet","51":"pa_product-turvavarusteet","52":"pa_terrain-hill-vuori","53":"pa_terrain-joet-kosteikot-jarvet","54":"pa_terrain-metsa-viidakko","55":"pa_terrain-tundra-fi","57":"first","58":"instock","59":"taxable","60":"shipping-taxable","61":"purchasable","62":"product-type-simple"},"acf":[],"_links":{"self":[{"href":"https:\/\/acrartex-intl.dev.enterwell.space\/fi\/wp-json\/wp\/v2\/product\/37775","targetHints":{"allow":["GET"]}}],"collection":[{"href":"https:\/\/acrartex-intl.dev.enterwell.space\/fi\/wp-json\/wp\/v2\/product"}],"about":[{"href":"https:\/\/acrartex-intl.dev.enterwell.space\/fi\/wp-json\/wp\/v2\/types\/product"}],"wp:featuredmedia":[{"embeddable":true,"href":"https:\/\/acrartex-intl.dev.enterwell.space\/fi\/wp-json\/wp\/v2\/media\/12282"}],"wp:attachment":[{"href":"https:\/\/acrartex-intl.dev.enterwell.space\/fi\/wp-json\/wp\/v2\/media?parent=37775"}],"wp:term":[{"taxonomy":"product_brand","embeddable":true,"href":"https:\/\/acrartex-intl.dev.enterwell.space\/fi\/wp-json\/wp\/v2\/product_brand?post=37775"},{"taxonomy":"product_cat","embeddable":true,"href":"https:\/\/acrartex-intl.dev.enterwell.space\/fi\/wp-json\/wp\/v2\/product_cat?post=37775"},{"taxonomy":"product_tag","embeddable":true,"href":"https:\/\/acrartex-intl.dev.enterwell.space\/fi\/wp-json\/wp\/v2\/product_tag?post=37775"}],"curies":[{"name":"wp","href":"https:\/\/api.w.org\/{rel}","templated":true}]}}