{"id":37800,"date":"2021-03-16T08:16:48","date_gmt":"2021-03-16T13:16:48","guid":{"rendered":"https:\/\/acrartex-intl.dev.enterwell.space\/products\/c-light-h20\/"},"modified":"2025-08-08T14:40:11","modified_gmt":"2025-08-08T19:40:11","slug":"c-light-h20","status":"publish","type":"product","link":"https:\/\/acrartex-intl.dev.enterwell.space\/fi\/products\/c-light-h20\/","title":{"rendered":"C-Light \u2122 H20"},"content":{"rendered":"<p>T\u00e4ss\u00e4 vedenpit\u00e4v\u00e4ss\u00e4 jatkuvasti palavassa valossa on 20 lumenin LED, joka toimii tyypillisesti 30 tuntia yht\u00e4jaksoisesti. C-Light H2O -malli sis\u00e4lt\u00e4\u00e4 kaksi aktivointimenetelm\u00e4\u00e4; Valo voidaan helposti aktivoida yksinkertaisella On\/Off-painikkeen painalluksella tai viritettyn\u00e4, se voidaan aktivoida automaattisesti, kun se upotetaan veteen, joten t\u00e4m\u00e4 valaisin on ihanteellinen kaikille ulkoilun yst\u00e4ville. <\/p>\n<p>&nbsp;<\/p>\n<p>Ohut, kevyt ja monipuolinen muotoilu mahtuu helposti taskuun tai roikkuu huomaamattomasti pelastusliiviin tai reppuun. Tuotteen sivussa olevat joustavat kiinnityslenkit mahdollistavat useita kiinnitysvaihtoehtoja, mukaan lukien repun hihnat tai pelastusliivisi hihnat. Velcro <sup>\u00ae<\/sup> -hihna voidaan kiinnitt\u00e4\u00e4 kiinnityssilmukoiden ymp\u00e4rille ja se luo lukemattomia lis\u00e4kiinnitysmahdollisuuksia. Valaisimen mukana tulee my\u00f6s pidike, joka on suunniteltu k\u00e4tev\u00e4sti liukumaan puhallettavan pelastusliivisi oraalisen t\u00e4ytt\u00f6putken yli, jotta valo s\u00e4ilyy pelastusliivisi sis\u00e4ll\u00e4.   <\/p>\n<p>&nbsp;<\/p>\n<p>Saatavana my\u00f6s manuaalisena aktivointimallina<\/p>\n<p>&nbsp;<\/p>\n<p><strong>Ominaisuudet:<\/strong><\/p>\n<ul>\n<li>Sijaintiapua h\u00e4m\u00e4r\u00e4ss\u00e4 h\u00e4m\u00e4r\u00e4ss\u00e4<\/li>\n<li>Eritt\u00e4in kirkas 20 lumenin valkoinen LED<\/li>\n<li>Pitk\u00e4 jatkuva k\u00e4ytt\u00f6ik\u00e4 yli 30 tuntia<\/li>\n<li>Vedenpit\u00e4v\u00e4 \u2013 Testattu 24 tuntia 3,3 jalan (1 m) korkeudessa<\/li>\n<\/ul>\n<ul>\n<li>Vesiaktivointianturit \u2013 Automaattinen aktivointi, kun joutuu kosketuksiin veden kanssa<\/li>\n<\/ul>\n<ul>\n<li>Iskunkest\u00e4v\u00e4 kotelo<\/li>\n<li>K\u00e4ytt\u00e4\u00e4 kahta &#8220;AA&#8221; 1,5 V paristoa (ei sis\u00e4lly)<\/li>\n<li>USCG\/SOLAS-hyv\u00e4ksytty<\/li>\n<li>Ihanteellinen pelastusliiveihin, retkeilyyn, py\u00f6r\u00e4ilyyn, autoon jne.<\/li>\n<li>Mukana Velcro\u00ae-hihna (karstatulla versiolla), jota k\u00e4ytet\u00e4\u00e4n yhdess\u00e4 integroitujen kiinnityssilmukoiden kanssa asennuksen joustavuuden lis\u00e4\u00e4miseksi<\/li>\n<li>Mukana PFD-klipsi (karstatulla versiolla) helppoa kiinnityst\u00e4 varten suulliseen t\u00e4ytt\u00f6putkeen<\/li>\n<\/ul>\n","protected":false},"excerpt":{"rendered":"<p>Vesiaktivoitu C-Light on monipuolinen henkil\u00f6kohtainen h\u00e4t\u00e4valo, jossa yhdistyv\u00e4t intensiivinen LED-tekniikka pidentyneeseen k\u00e4ytt\u00f6ik\u00e4\u00e4n tarjotakseen sinulle t\u00e4ydellisen jatkuvasti palavan h\u00e4t\u00e4valon. C-Light on USCG\/SOLAS-hyv\u00e4ksytty, ja siin\u00e4 on iskunkest\u00e4v\u00e4 kotelo, joten se on luotettava, monik\u00e4ytt\u00f6inen valaisin, joka on valmiina aina, kun sit\u00e4 tarvitset. <\/p>\n<p>&nbsp;<\/p>\n<p><a href=\"https:\/\/www.dropbox.com\/s\/8343nj28z0d7bxa\/Prop%2065%20-%20BPA.pdf?dl=0\">VAROITUS: PROP 65<\/a><\/p>\n<p>&nbsp;<\/p>\n<p><span style=\"color: #e74c3c;\">KOODI: <strong>SHIPFREE20<\/strong> Ilmainen maatoimitus yli 30 U$ tilauksille. Ei sis\u00e4ll\u00e4 HI:t\u00e4 ja AK:ta <\/span><\/p>\n<p>&nbsp;<\/p>\n","protected":false},"featured_media":12278,"template":"","meta":{"_acf_changed":false,"om_disable_all_campaigns":false},"product_brand":[],"product_cat":[3632,3624,3640,3642,3122,3626,3621,3637,3124,3634],"product_tag":[5961,5964,5967,4102,5935,5939,5028,5944,5949,5957,5952,5954],"class_list":{"0":"post-37800","1":"product","2":"type-product","3":"status-publish","4":"has-post-thumbnail","6":"product_cat-kaupallinen","7":"product_cat-lahella-rantaa","8":"product_cat-matkavarusteet","9":"product_cat-melontaurheilu-kalastus","10":"product_cat-meren","11":"product_cat-off-shore-fi","12":"product_cat-sisamaan","13":"product_cat-toimintaurheilu-offroad","14":"product_cat-ulkona","15":"product_cat-vaellus-kiipeily-leiri","16":"product_tag-acr-c-light-fi","17":"product_tag-acr-hatavalot","18":"product_tag-acr-valot","19":"product_tag-akr-fi","20":"product_tag-c-light-h20-fi","21":"product_tag-c-light-h2o-fi","22":"product_tag-c-valo","23":"product_tag-h20-fi","24":"product_tag-h2o-fi","25":"product_tag-hatavalo","26":"product_tag-valot","27":"product_tag-vesi-aktivoitu","29":"first","30":"outofstock","31":"taxable","32":"shipping-taxable","33":"product-type-variable"},"acf":[],"_links":{"self":[{"href":"https:\/\/acrartex-intl.dev.enterwell.space\/fi\/wp-json\/wp\/v2\/product\/37800","targetHints":{"allow":["GET"]}}],"collection":[{"href":"https:\/\/acrartex-intl.dev.enterwell.space\/fi\/wp-json\/wp\/v2\/product"}],"about":[{"href":"https:\/\/acrartex-intl.dev.enterwell.space\/fi\/wp-json\/wp\/v2\/types\/product"}],"wp:featuredmedia":[{"embeddable":true,"href":"https:\/\/acrartex-intl.dev.enterwell.space\/fi\/wp-json\/wp\/v2\/media\/12278"}],"wp:attachment":[{"href":"https:\/\/acrartex-intl.dev.enterwell.space\/fi\/wp-json\/wp\/v2\/media?parent=37800"}],"wp:term":[{"taxonomy":"product_brand","embeddable":true,"href":"https:\/\/acrartex-intl.dev.enterwell.space\/fi\/wp-json\/wp\/v2\/product_brand?post=37800"},{"taxonomy":"product_cat","embeddable":true,"href":"https:\/\/acrartex-intl.dev.enterwell.space\/fi\/wp-json\/wp\/v2\/product_cat?post=37800"},{"taxonomy":"product_tag","embeddable":true,"href":"https:\/\/acrartex-intl.dev.enterwell.space\/fi\/wp-json\/wp\/v2\/product_tag?post=37800"}],"curies":[{"name":"wp","href":"https:\/\/api.w.org\/{rel}","templated":true}]}}