{"id":37931,"date":"2021-03-16T08:14:56","date_gmt":"2021-03-16T13:14:56","guid":{"rendered":"https:\/\/acrartex-intl.dev.enterwell.space\/products\/rcl-600a-valonheitin\/"},"modified":"2021-03-16T08:14:56","modified_gmt":"2021-03-16T13:14:56","slug":"rcl-600a-valonheitin","status":"publish","type":"product","link":"https:\/\/acrartex-intl.dev.enterwell.space\/fi\/products\/rcl-600a-valonheitin\/","title":{"rendered":"RCL -600A Valonheitin"},"content":{"rendered":"<p>Kest\u00e4v\u00e4 jauhemaalattu alumiininen valonheitin, jossa on kaikki sis\u00e4iset\/suojatut moottorit ja nostomekanismit, kest\u00e4\u00e4 kovassa meriymp\u00e4rist\u00f6ss\u00e4 vuosien hy\u00f6dyllisen palvelun<\/p>\n<ul>\n<li>Automaattinen palautus tuo valon takaisin esiasetettuun asentoon<\/li>\n<li>Ksenonlamppu ja parabolinen heijastin tarjoavat eritt\u00e4in voimakkaan 6 000 000 kandela valokeilan<\/li>\n<li>Kotelo py\u00f6rii t\u00e4ydet 360\u00b0 mahdollistaen monipuolisen valaistuksen<\/li>\n<li>Pohjassa olevat nailoniset olkalevyt poistavat galvaanisen reaktion<\/li>\n<li>Merik\u00e4ytt\u00f6inen alumiinikotelo vuosien luotettavaan, s\u00e4\u00e4nkest\u00e4v\u00e4\u00e4n palveluun<\/li>\n<li>Esteettisesti suunniteltu t\u00e4ytt\u00e4m\u00e4\u00e4n suurten huviveneiden suorituskykyvaatimukset<\/li>\n<li>Sis\u00e4inen korkeusmekanismi s\u00e4\u00e4telee valokeilaa samalla kun se suojaa korkeusmekanismia s\u00e4\u00e4lt\u00e4<\/li>\n<\/ul>\n<p>Tunnisteet: hakuvalot, valonheitin, RCL valonheitin, RCL 600, veneen valonheitin, meren valonheitin, meren valonheitin, ACR valonheitin, 1941, P\/N 1941<\/p>\n","protected":false},"excerpt":{"rendered":"<p><span style=\"color:#e74c3c\"><strong>Arvioitu toimitusp\u00e4iv\u00e4 10.1.2020<\/strong><\/span><\/p>\n<p>T\u00e4m\u00e4 6 miljoonan kandelan huippuluokan valonheitin l\u00e4vist\u00e4\u00e4 pimeimm\u00e4nkin y\u00f6n. Sen voimakas 150 watin Xenon-polttimo ja parabolinen heijastin tarjoavat kovaa tehoa kaupallisiin aluksiin, kun taas sen esteettinen muotoilu t\u00e4ytt\u00e4\u00e4 kaikki suurten huviveneiden tarpeet. Vaihda helposti valonheittimest\u00e4 kohdevalaisimeen ja t\u00e4ht\u00e4\u00e4 tarkasti erillisell\u00e4 kaukos\u00e4\u00e4timell\u00e4.  &nbsp;<\/p>\n","protected":false},"featured_media":12243,"template":"","meta":{"_acf_changed":false,"om_disable_all_campaigns":false},"product_brand":[],"product_cat":[3632,3624,3122,3626],"product_tag":[5974,6309,6413,6414,5968,5971,5962,6412,6029,6034,6303,6031,5965,6381,6304],"class_list":{"0":"post-37931","1":"product","2":"type-product","3":"status-publish","4":"has-post-thumbnail","6":"product_cat-kaupallinen","7":"product_cat-lahella-rantaa","8":"product_cat-meren","9":"product_cat-off-shore-fi","10":"product_tag-acr-valonheitin","11":"product_tag-acr-valonheittimet","12":"product_tag-jabsco-valonheitin","13":"product_tag-kaukosaatimen-valonheitin","14":"product_tag-meren-valonheitin","15":"product_tag-meren-valonheittimet","16":"product_tag-rcl-fi","17":"product_tag-rcl-hakuvalo","18":"product_tag-valonheitin","19":"product_tag-valonheitinyhtio","20":"product_tag-valonheittimet","21":"product_tag-valonheittimet-myytavana","22":"product_tag-veneen-valonheitin","23":"product_tag-xenon-valonheitin","24":"product_tag-xenon-valonheittimet","25":"pa_boat-type-charter-jahti","26":"pa_boat-type-jahti","27":"pa_boat-type-kaupallinen-kalastus","28":"pa_boat-type-rahtilaiva","29":"pa_product-etsi-valot","31":"first","32":"instock","33":"taxable","34":"shipping-taxable","35":"purchasable","36":"product-type-simple"},"acf":[],"_links":{"self":[{"href":"https:\/\/acrartex-intl.dev.enterwell.space\/fi\/wp-json\/wp\/v2\/product\/37931","targetHints":{"allow":["GET"]}}],"collection":[{"href":"https:\/\/acrartex-intl.dev.enterwell.space\/fi\/wp-json\/wp\/v2\/product"}],"about":[{"href":"https:\/\/acrartex-intl.dev.enterwell.space\/fi\/wp-json\/wp\/v2\/types\/product"}],"wp:featuredmedia":[{"embeddable":true,"href":"https:\/\/acrartex-intl.dev.enterwell.space\/fi\/wp-json\/wp\/v2\/media\/12243"}],"wp:attachment":[{"href":"https:\/\/acrartex-intl.dev.enterwell.space\/fi\/wp-json\/wp\/v2\/media?parent=37931"}],"wp:term":[{"taxonomy":"product_brand","embeddable":true,"href":"https:\/\/acrartex-intl.dev.enterwell.space\/fi\/wp-json\/wp\/v2\/product_brand?post=37931"},{"taxonomy":"product_cat","embeddable":true,"href":"https:\/\/acrartex-intl.dev.enterwell.space\/fi\/wp-json\/wp\/v2\/product_cat?post=37931"},{"taxonomy":"product_tag","embeddable":true,"href":"https:\/\/acrartex-intl.dev.enterwell.space\/fi\/wp-json\/wp\/v2\/product_tag?post=37931"}],"curies":[{"name":"wp","href":"https:\/\/api.w.org\/{rel}","templated":true}]}}