{"id":37942,"date":"2021-03-16T08:14:44","date_gmt":"2021-03-16T13:14:44","guid":{"rendered":"https:\/\/acrartex-intl.dev.enterwell.space\/products\/hemilight-3\/"},"modified":"2021-03-16T08:14:44","modified_gmt":"2021-03-16T13:14:44","slug":"hemilight-3","status":"publish","type":"product","link":"https:\/\/acrartex-intl.dev.enterwell.space\/fi\/products\/hemilight-3\/","title":{"rendered":"HemiLight \u21223"},"content":{"rendered":"<p>Muita hyv\u00e4ksyttyj\u00e4 valoja pienemm\u00e4ss\u00e4 HemiLight \u2122\u025c-valossa on py\u00f6ristetyt reunat, jotka s\u00e4ilytt\u00e4v\u00e4t puhallettavien pelastusliivien eheyden. Kiinnityslenkkeihin mahtuu jopa 5 cm (2 tuumaa) leve\u00e4 nauha, ja merellinen kest\u00e4v\u00e4 muotoilu takaa vuosien hy\u00f6dyllisen palvelun. <\/p>\n<p>Voimakkaasti vilkkuva LED-valo syttyy automaattisesti yli 20 tunniksi, kun se joutuu kosketuksiin suolaisen tai makean veden kanssa, ja se voidaan sammuttaa yksinkertaisesti painamalla punaista painiketta. Asennus on nopeaa ja helppoa ( HemiLight \u2122 3 voidaan j\u00e4lkiasentaa melkein mihin tahansa pelastusliiviin muutamassa sekunnissa). <\/p>\n<p>Saatavana kahdessa kokoonpanossa: HemiLight \u21223 tarjoaa perusvilkkutilan, joka voidaan aktivoida joko manuaalisesti tai automaattisesti.<\/p>\n","protected":false},"excerpt":{"rendered":"<p>Vilkkuva ACR Auto HemiLight \u21223 -pelastusvalo kiinnittyy l\u00e4hes mihin tahansa pelastusliiviin nopealla ja helpolla asennuksella. Muita hyv\u00e4ksyttyj\u00e4 valoja pienemm\u00e4ss\u00e4 HemiLight \u2122\u025c-valossa on py\u00f6ristetyt reunat, jotka s\u00e4ilytt\u00e4v\u00e4t puhallettavien pelastusliivien eheyden ja t\u00e4ytt\u00e4\u00e4 USCG-, MED- ja SOLAS-vaatimukset. Voimakkaasti vilkkuva LED-valo syttyy automaattisesti yli 20 tunniksi, kun se joutuu kosketuksiin suolaisen tai makean veden kanssa, ja se voidaan sammuttaa yksinkertaisesti painamalla punaista painiketta. Kiinnityslenkkeihin mahtuu jopa 5 cm (2 tuumaa) leve\u00e4 nauha, ja merenkulun kest\u00e4v\u00e4 muotoilu takaa vuosien hy\u00f6dyllisen palvelun.   <\/p>\n<p>&nbsp;<\/p>\n<p><span style=\"font-size: 11.0pt;\"><a style=\"color: blue; text-decoration: underline;\" href=\"https:\/\/www.dropbox.com\/s\/0ezw0kexbm120vv\/Prop%2065%20-%20Lead%20and%20Lead%20Compounds.pdf?dl=0\">VAROITUS: PROP 65<\/a><\/span><\/p>\n<p>&nbsp;<\/p>\n<p><span style=\"color: #e74c3c;\">KOODI: <strong>SHIPFREE20<\/strong> Ilmainen maatoimitus yli 30 U$ tilauksille. Ei sis\u00e4ll\u00e4 HI:t\u00e4 ja AK:ta <\/span><\/p>\n<p>&nbsp;<\/p>\n","protected":false},"featured_media":12237,"template":"","meta":{"_acf_changed":false,"om_disable_all_campaigns":false},"product_brand":[],"product_cat":[3632,3624,3640,3642,3122,3626,3621,3637,3124,3634],"product_tag":[6472,6473,6474,6468,6470,6466,5588],"class_list":{"0":"post-37942","1":"product","2":"type-product","3":"status-publish","4":"has-post-thumbnail","6":"product_cat-kaupallinen","7":"product_cat-lahella-rantaa","8":"product_cat-matkavarusteet","9":"product_cat-melontaurheilu-kalastus","10":"product_cat-meren","11":"product_cat-off-shore-fi","12":"product_cat-sisamaan","13":"product_cat-toimintaurheilu-offroad","14":"product_cat-ulkona","15":"product_cat-vaellus-kiipeily-leiri","16":"product_tag-helma","17":"product_tag-hemi-fi","18":"product_tag-hemilight-fi","19":"product_tag-led-valo-pelastusliiveille","20":"product_tag-pelastusliivin-valo","21":"product_tag-selviytymisvalo","22":"product_tag-strobe-valot","23":"pa_product-pelastusvalot","24":"pa_product-turvavarusteet","26":"first","27":"instock","28":"taxable","29":"shipping-taxable","30":"purchasable","31":"product-type-simple"},"acf":[],"_links":{"self":[{"href":"https:\/\/acrartex-intl.dev.enterwell.space\/fi\/wp-json\/wp\/v2\/product\/37942","targetHints":{"allow":["GET"]}}],"collection":[{"href":"https:\/\/acrartex-intl.dev.enterwell.space\/fi\/wp-json\/wp\/v2\/product"}],"about":[{"href":"https:\/\/acrartex-intl.dev.enterwell.space\/fi\/wp-json\/wp\/v2\/types\/product"}],"wp:featuredmedia":[{"embeddable":true,"href":"https:\/\/acrartex-intl.dev.enterwell.space\/fi\/wp-json\/wp\/v2\/media\/12237"}],"wp:attachment":[{"href":"https:\/\/acrartex-intl.dev.enterwell.space\/fi\/wp-json\/wp\/v2\/media?parent=37942"}],"wp:term":[{"taxonomy":"product_brand","embeddable":true,"href":"https:\/\/acrartex-intl.dev.enterwell.space\/fi\/wp-json\/wp\/v2\/product_brand?post=37942"},{"taxonomy":"product_cat","embeddable":true,"href":"https:\/\/acrartex-intl.dev.enterwell.space\/fi\/wp-json\/wp\/v2\/product_cat?post=37942"},{"taxonomy":"product_tag","embeddable":true,"href":"https:\/\/acrartex-intl.dev.enterwell.space\/fi\/wp-json\/wp\/v2\/product_tag?post=37942"}],"curies":[{"name":"wp","href":"https:\/\/api.w.org\/{rel}","templated":true}]}}