{"id":37963,"date":"2021-03-16T08:14:27","date_gmt":"2021-03-16T13:14:27","guid":{"rendered":"https:\/\/acrartex-intl.dev.enterwell.space\/products\/kaukosaadin-455-9700-455-9701\/"},"modified":"2021-03-16T08:14:27","modified_gmt":"2021-03-16T13:14:27","slug":"kaukosaadin-455-9700-455-9701","status":"publish","type":"product","link":"https:\/\/acrartex-intl.dev.enterwell.space\/fi\/products\/kaukosaadin-455-9700-455-9701\/","title":{"rendered":"Kaukos\u00e4\u00e4din 455-9700\/455-9701"},"content":{"rendered":"","protected":false},"excerpt":{"rendered":"<p>Kaukos\u00e4\u00e4din ilman y\u00f6n\u00e4k\u00f6lasien yhteensopivuutta. Saatavilla kaksi mallia: &#8211; 455-9700 (musta) &#8211; 455-9701 (harmaa) <\/p>\n<p>&nbsp;<\/p>\n","protected":false},"featured_media":12235,"template":"","meta":{"_acf_changed":false,"om_disable_all_campaigns":false},"product_brand":[],"product_cat":[2353],"product_tag":[6535,2872,2707,2709,2692,2883,2881,6534,6537,6536,2797,2879,2874,2878,2876],"class_list":{"0":"post-37963","1":"product","2":"type-product","3":"status-publish","4":"has-post-thumbnail","6":"product_cat-uncategorized","7":"product_tag-455-9700-fi","8":"product_tag-elt-kaukosaatimet","9":"product_tag-kauko","10":"product_tag-kaukokytkin","11":"product_tag-kaukokytkin-lear","12":"product_tag-likinako-kaukosaadin","13":"product_tag-nvg-kaukosaadin","14":"product_tag-osanumero-455-9700","15":"product_tag-p-n-455-9700-fi","16":"product_tag-pn-455-9700-fi","17":"product_tag-sotilaallinen-elt-kytkin","18":"product_tag-sotilaallinen-kauko-testikytkin","19":"product_tag-sotilaallinen-kaukokytkin","20":"product_tag-sotilaallinen-testi-elt-kytkin","21":"product_tag-sotilaskytkin-eltlle","23":"first","24":"instock","25":"taxable","26":"shipping-taxable","27":"purchasable","28":"product-type-simple"},"acf":[],"_links":{"self":[{"href":"https:\/\/acrartex-intl.dev.enterwell.space\/fi\/wp-json\/wp\/v2\/product\/37963","targetHints":{"allow":["GET"]}}],"collection":[{"href":"https:\/\/acrartex-intl.dev.enterwell.space\/fi\/wp-json\/wp\/v2\/product"}],"about":[{"href":"https:\/\/acrartex-intl.dev.enterwell.space\/fi\/wp-json\/wp\/v2\/types\/product"}],"wp:featuredmedia":[{"embeddable":true,"href":"https:\/\/acrartex-intl.dev.enterwell.space\/fi\/wp-json\/wp\/v2\/media\/12235"}],"wp:attachment":[{"href":"https:\/\/acrartex-intl.dev.enterwell.space\/fi\/wp-json\/wp\/v2\/media?parent=37963"}],"wp:term":[{"taxonomy":"product_brand","embeddable":true,"href":"https:\/\/acrartex-intl.dev.enterwell.space\/fi\/wp-json\/wp\/v2\/product_brand?post=37963"},{"taxonomy":"product_cat","embeddable":true,"href":"https:\/\/acrartex-intl.dev.enterwell.space\/fi\/wp-json\/wp\/v2\/product_cat?post=37963"},{"taxonomy":"product_tag","embeddable":true,"href":"https:\/\/acrartex-intl.dev.enterwell.space\/fi\/wp-json\/wp\/v2\/product_tag?post=37963"}],"curies":[{"name":"wp","href":"https:\/\/api.w.org\/{rel}","templated":true}]}}