{"id":39972,"date":"2021-03-16T08:22:30","date_gmt":"2021-03-16T13:22:30","guid":{"rendered":"https:\/\/acrartex-intl.dev.enterwell.space\/products\/rescueme-epirb1\/"},"modified":"2025-08-08T14:39:07","modified_gmt":"2025-08-08T19:39:07","slug":"rescueme-epirb1","status":"publish","type":"product","link":"https:\/\/acrartex-intl.dev.enterwell.space\/fi\/products\/rescueme-epirb1\/","title":{"rendered":"rescueME EPIRB1"},"content":{"rendered":"<p>Yksinkertainen suojal\u00e4pp\u00e4 k\u00e4ytt\u00f6n\u00e4pp\u00e4inten p\u00e4\u00e4ll\u00e4 est\u00e4\u00e4 tahattoman aktivoinnin, mutta mahdollistaa helpon k\u00e4yt\u00f6n tarvittaessa. RescueME EPIRB1:ss\u00e4 on my\u00f6s kaksi eritt\u00e4in kirkasta strobia, jotka maksimoivat n\u00e4kyvyyden h\u00e4m\u00e4r\u00e4ss\u00e4. Sis\u00e4\u00e4nvedett\u00e4v\u00e4 antenni tarjoaa maksimaalisen suojan ja pienemm\u00e4n koon s\u00e4ilytyst\u00e4 varten. Tarvittaessa antenni on helppo ottaa k\u00e4ytt\u00f6\u00f6n kevyell\u00e4 vedolla. Pidemmille avomeri- tai valtamerimatkoille Ocean Signal E100G EPIRB tarjoaa poikkeuksellisen 96 tunnin k\u00e4ytt\u00f6ajan ja mahdollisuuden automaattiseen vapautuskoteloon (pakollinen SOLAS-s\u00e4\u00e4nn\u00f6sten mukaan hyv\u00e4ksytyille aluksille).    <\/p>\n<ul>\n<li>30% (tyypillisesti) pienempi<\/li>\n<li>10 vuoden akun kesto<\/li>\n<li>Yli 48 tunnin k\u00e4ytt\u00f6aika<\/li>\n<li>5 vuoden takuu<\/li>\n<li>Nopea ja tarkka paikannus 66-kanavaisen GPS:n avulla<\/li>\n<li>Sis\u00e4\u00e4nvedett\u00e4v\u00e4 antenni<\/li>\n<li>Pikakiinnitysteline<\/li>\n<li>Turvallinen kaulahihna<\/li>\n<\/ul>\n","protected":false},"excerpt":{"rendered":"<p>RescueME EPIRB1 tarjoaa mielenrauhaa vaikuttavalla 10 vuoden akun kestollaan. Maailman kompaktein EPIRB voi aina olla k\u00e4sill\u00e4, sill\u00e4 sen pieni koko mahdollistaa sen s\u00e4ilytt\u00e4misen helposti pikavapautustelineess\u00e4 tai h\u00e4t\u00e4pakkauksessa tai pelastuslautassa. <\/p>\n<p>&nbsp;<\/p>\n<p><a href=\"http:\/\/acrartex-intl.dev.enterwell.space\/survival-products\/406link\"><img decoding=\"async\" style=\"width: 300px; height: 41px;\" src=\"\/\/dk2ztu5ooimmu.cloudfront.net\/ckeditor_assets\/pictures\/143\/406Link_with_desc_-_Tag.gif\" alt=\"\"><\/a><\/p>\n<p>&nbsp;<\/p>\n<p><span style=\"color: #e74c3c;\">KOODI: <strong>SHIPFREE20<\/strong> Ilmainen maatoimitus yli 30 U$ tilauksille. Ei sis\u00e4ll\u00e4 HI:t\u00e4 ja AK:ta <\/span><\/p>\n<p>&nbsp;<\/p>\n<p>&nbsp;<\/p>\n<p>&nbsp;<\/p>\n<p>&nbsp;<\/p>\n","protected":false},"featured_media":12390,"template":"","meta":{"_acf_changed":false,"om_disable_all_campaigns":false},"product_brand":[],"product_cat":[3632,3624,3122,3626],"product_tag":[6873,4102,4098,6870,6874,6866,3657,6867,6871,6872,6868,6869],"class_list":{"0":"post-39972","1":"product","2":"type-product","3":"status-publish","4":"has-post-thumbnail","6":"product_cat-kaupallinen","7":"product_cat-lahella-rantaa","8":"product_cat-meren","9":"product_cat-off-shore-fi","10":"product_tag-acr-epirb1-fi","11":"product_tag-akr-fi","12":"product_tag-epirb-fi","13":"product_tag-epirb1-fi","14":"product_tag-hatamajakka","15":"product_tag-hatapaikannus-radiomajakka","16":"product_tag-majakka","17":"product_tag-ocean-signal-fi","18":"product_tag-ocean-signal-epirb1-fi","19":"product_tag-oceansignal-epirb1-fi","20":"product_tag-rescueme-fi","21":"product_tag-rescueme-epirb1-fi","23":"first","24":"instock","25":"taxable","26":"shipping-taxable","27":"purchasable","28":"product-type-simple"},"acf":[],"_links":{"self":[{"href":"https:\/\/acrartex-intl.dev.enterwell.space\/fi\/wp-json\/wp\/v2\/product\/39972","targetHints":{"allow":["GET"]}}],"collection":[{"href":"https:\/\/acrartex-intl.dev.enterwell.space\/fi\/wp-json\/wp\/v2\/product"}],"about":[{"href":"https:\/\/acrartex-intl.dev.enterwell.space\/fi\/wp-json\/wp\/v2\/types\/product"}],"wp:featuredmedia":[{"embeddable":true,"href":"https:\/\/acrartex-intl.dev.enterwell.space\/fi\/wp-json\/wp\/v2\/media\/12390"}],"wp:attachment":[{"href":"https:\/\/acrartex-intl.dev.enterwell.space\/fi\/wp-json\/wp\/v2\/media?parent=39972"}],"wp:term":[{"taxonomy":"product_brand","embeddable":true,"href":"https:\/\/acrartex-intl.dev.enterwell.space\/fi\/wp-json\/wp\/v2\/product_brand?post=39972"},{"taxonomy":"product_cat","embeddable":true,"href":"https:\/\/acrartex-intl.dev.enterwell.space\/fi\/wp-json\/wp\/v2\/product_cat?post=39972"},{"taxonomy":"product_tag","embeddable":true,"href":"https:\/\/acrartex-intl.dev.enterwell.space\/fi\/wp-json\/wp\/v2\/product_tag?post=39972"}],"curies":[{"name":"wp","href":"https:\/\/api.w.org\/{rel}","templated":true}]}}