{"id":39981,"date":"2021-11-12T16:18:34","date_gmt":"2021-11-12T21:18:34","guid":{"rendered":"https:\/\/acrartex-intl.dev.enterwell.space\/products\/bivy-tikku-aurinkopaneeli-selviytymispakkaus\/"},"modified":"2025-08-08T14:38:05","modified_gmt":"2025-08-08T19:38:05","slug":"bivy-tikku-aurinkopaneeli-selviytymispakkaus","status":"publish","type":"product","link":"https:\/\/acrartex-intl.dev.enterwell.space\/fi\/products\/bivy-tikku-aurinkopaneeli-selviytymispakkaus\/","title":{"rendered":"Bivy tikku  aurinkopaneeli selviytymispakkaus"},"content":{"rendered":"<p>Aktivoi yksinkertaisesti Bivy Stick SOS -toiminto laitteen painikkeella tai puhelimesi sovelluksen kautta. Bivy Stick -tilaus sis\u00e4lt\u00e4\u00e4 Global Rescuen 24\/7 valvonnan. SOS:n aktivointi mahdollistaa viestinn\u00e4n Global Rescuen kanssa tekstiviestill\u00e4, tai jos et pysty viestim\u00e4\u00e4n tekstill\u00e4, Etsint\u00e4- ja pelastuspalvelu ohjataan GPS sijaintiisi.  <\/p>\n<p>Kun etsint\u00e4- ja pelastuspalvelu saapuu paikalle, kirkas LED C-Strobe H2O -vilkkuvalo kiinnitt\u00e4\u00e4 pelastajien huomion y\u00f6ll\u00e4, tai p\u00e4iv\u00e4ll\u00e4 k\u00e4yt\u00e4 signaalipeili\u00e4 saadaksesi heid\u00e4n huomionsa. S\u00e4ilyt\u00e4 kaikki h\u00e4t\u00e4varusteesi RapidDitch kuivapussissa, jotta selviytymispakkaus pysyy k\u00e4tev\u00e4sti yhdess\u00e4. <\/p>\n<p>Bivy 15W aurinkopaneeli pit\u00e4\u00e4 puhelimesi ja Bivy Stickin ladattuna seikkailujesi ajan. Aurinkopaneeli muuntaa tehokkaasti jopa 20 % auringonvalosta energiaksi, ja sen eritt\u00e4in ohut ja taitettava muotoilu tekee siit\u00e4 helpon kantaa. <\/p>\n<p>&nbsp;<\/p>\n<p>T\u00e4m\u00e4 pakkaus sis\u00e4lt\u00e4\u00e4 seuraavat olennaiset selviytymistuotteet:<\/p>\n<ul>\n<li>Bivy kaksisuuntainen satelliittiviestint\u00e4laite, jossa on 24\/7 SOS Global Rescuen kautta (tilaus vaaditaan)<\/li>\n<li>Bivy 15W aurinkopaneeli<\/li>\n<li>C-Strobe H2O -pelastusvalo<\/li>\n<li>Merkinantopeli<\/li>\n<li>Res-q\u2122 -pilli<\/li>\n<li>RapidDitch kuivapussi<\/li>\n<\/ul>\n<p><strong>Aurinkopaneeli: <\/strong><\/p>\n<p>\u00c4LYK\u00c4S LATAUSTEKNIIKKA: USB-portti tunnistaa laitteesi automaattisesti tarjotakseen optimaalisen latausvirran ja nopeuttaakseen latausprosessia minimoiden latausajan.<\/p>\n<p>KORKEA MUUNNOSASTE: ETFE-pinnoitettu paneeli imee auringonvaloa tehokkaasti ja muuntaa jopa 20 % auringonvalosta energiaksi; lataa sujuvasti iOS-, Android-, Bivy Stick-, akkupaketit, GoPro ja muut elektroniikkalaitteet.<\/p>\n<p>KANNETTAVA  KEVYT: eritt\u00e4in ohut ja taitettava muotoilu tekee siit\u00e4 helpon kantaa;<\/p>\n<p>LIKAA  ROISKEITA KEST\u00c4V\u00c4: IPX4 vedenkest\u00e4vyysluokitus, joka kest\u00e4\u00e4 vesisuihkut ja p\u00f6lyn, riippumatta suunnasta; tekee siit\u00e4 t\u00e4ydellisen ulkok\u00e4ytt\u00f6\u00f6n.<\/p>\n<p>Teho: 15WBovy<\/p>\n<dl>\n<dt>L\u00e4ht\u00f6: 5V\/3A<\/dt>\n<\/dl>\n<dl>\n<dt>Sertifikaatti: CE FCC ROHS<\/dt>\n<\/dl>\n<dl>\n<dt>Paino: 450g<\/dt>\n<dt><\/dt>\n<dt>Koko: (taitettuna) 10in x 6.5in x .75in<\/dt>\n<dt> (Avaamattomana) 10in x 19.5in<\/dt>\n<\/dl>\n","protected":false},"excerpt":{"rendered":"<p>Iridium-satelliittiverkon kautta saatavilla olevan maailmanlaajuisen satelliittikattavuuden ansiosta voit kommunikoida Bivy Stickin kautta miss\u00e4 tahansa, miss\u00e4 sinulla on n\u00e4kym\u00e4 taivaalle. Vaikka se on k\u00e4tev\u00e4sti kompakti, Bivy Stick tarjoaa silti kattavan ominaisuusvalikoiman, mukaan lukien kaksisuuntainen tekstiviestint\u00e4, SOS, sijainnin jakaminen, yhdell\u00e4 painalluksella sis\u00e4\u00e4nkirjautuminen ja yksityiskohtaiset s\u00e4\u00e4tiedotukset, jotka l\u00e4hetet\u00e4\u00e4n suoraan matkapuhelimeesi satelliitin kautta. Nyt saatavilla t\u00e4ysin uudessa Bivy Stick  aurinkopaneeli selviytymispakkauksessa.  <\/p>\n<p><a href=\"http:\/\/acrartex-intl.dev.enterwell.space\/survival-products-end-of-year\/\"><img loading=\"lazy\" decoding=\"async\" class=\"alignnone size-medium wp-image-25976\" src=\"http:\/\/acrartex-intl.dev.enterwell.space\/wp-content\/uploads\/2021\/03\/End-of-Year-EVENT-Button-W-BG-300x38.gif\" alt=\"\" width=\"300\" height=\"38\"><\/a><\/p>\n<p><a href=\"https:\/\/www.dropbox.com\/s\/fk04stqsp2hgk5f\/Prop%2065%20-%20DEHP.pdf?dl=0\" data-cke-saved-href=\"https:\/\/www.dropbox.com\/s\/fk04stqsp2hgk5f\/Prop%2065%20-%20DEHP.pdf?dl=0\">VAROITUS: PROP 65<\/a><\/p>\n","protected":false},"featured_media":26003,"template":"","meta":{"_acf_changed":false,"om_disable_all_campaigns":false},"product_brand":[],"product_cat":[3616,3122,3124],"product_tag":[7005,6992,6962,6935,7008,7017,6997,6999,6964,6939,7014,6943,6990,6972,6968,3139,6947,6955,6975,7020,6979,6985,6931,6954],"class_list":{"0":"post-39981","1":"product","2":"type-product","3":"status-publish","4":"has-post-thumbnail","6":"product_cat-ilmailu","7":"product_cat-meren","8":"product_cat-ulkona","9":"product_tag-2364-fi","10":"product_tag-4601-fi","11":"product_tag-acr-bivy-fi","12":"product_tag-bivy-fi","13":"product_tag-bivy-aurinkopaneeli","14":"product_tag-bivy-ja-aurinkopaneelipakkaus","15":"product_tag-bivy-selviytyminen","16":"product_tag-bivy-selviytymispakkaus","17":"product_tag-bivy-sovellus","18":"product_tag-bivy-tikku","19":"product_tag-bivy-tikku-aurinkopaneeli-selviytymispakkaus","20":"product_tag-bivy-tikku-sininen","21":"product_tag-bivy-vs-plb-fi","22":"product_tag-bluetooth-fi","23":"product_tag-global-rescue-fi","24":"product_tag-gps-fi","25":"product_tag-iridium-fi","26":"product_tag-kaksisuuntainen-viestinta","27":"product_tag-mini-fi","28":"product_tag-mini-gps-fi","29":"product_tag-pienin-satelliittiviestintalaite","30":"product_tag-satelliitti-gps-seuranta","31":"product_tag-selviytymispakkaus","32":"product_tag-seuranta","34":"first","35":"outofstock","36":"taxable","37":"shipping-taxable","38":"purchasable","39":"product-type-simple"},"acf":[],"_links":{"self":[{"href":"https:\/\/acrartex-intl.dev.enterwell.space\/fi\/wp-json\/wp\/v2\/product\/39981","targetHints":{"allow":["GET"]}}],"collection":[{"href":"https:\/\/acrartex-intl.dev.enterwell.space\/fi\/wp-json\/wp\/v2\/product"}],"about":[{"href":"https:\/\/acrartex-intl.dev.enterwell.space\/fi\/wp-json\/wp\/v2\/types\/product"}],"wp:featuredmedia":[{"embeddable":true,"href":"https:\/\/acrartex-intl.dev.enterwell.space\/fi\/wp-json\/wp\/v2\/media\/26003"}],"wp:attachment":[{"href":"https:\/\/acrartex-intl.dev.enterwell.space\/fi\/wp-json\/wp\/v2\/media?parent=39981"}],"wp:term":[{"taxonomy":"product_brand","embeddable":true,"href":"https:\/\/acrartex-intl.dev.enterwell.space\/fi\/wp-json\/wp\/v2\/product_brand?post=39981"},{"taxonomy":"product_cat","embeddable":true,"href":"https:\/\/acrartex-intl.dev.enterwell.space\/fi\/wp-json\/wp\/v2\/product_cat?post=39981"},{"taxonomy":"product_tag","embeddable":true,"href":"https:\/\/acrartex-intl.dev.enterwell.space\/fi\/wp-json\/wp\/v2\/product_tag?post=39981"}],"curies":[{"name":"wp","href":"https:\/\/api.w.org\/{rel}","templated":true}]}}