{"id":39647,"date":"2021-02-26T10:02:44","date_gmt":"2021-02-26T15:02:44","guid":{"rendered":"https:\/\/acrartex-intl.dev.enterwell.space\/conditions-generales-et-politique-de-confidentialite\/"},"modified":"2025-04-04T08:23:58","modified_gmt":"2025-04-04T13:23:58","slug":"conditions-generales-et-politique-de-confidentialite","status":"publish","type":"page","link":"https:\/\/acrartex-intl.dev.enterwell.space\/fr\/conditions-generales-et-politique-de-confidentialite\/","title":{"rendered":"Conditions g\u00e9n\u00e9rales et politique de confidentialit\u00e9"},"content":{"rendered":"\n<h2 class=\"wp-block-heading\">CONDITIONS G\u00c9N\u00c9RALES &#8211; AVIS JURIDIQUE<\/h2>\n\n<p>ACR \/ Artex (ACR Electronics, Inc.) a pris toutes les pr\u00e9cautions raisonnables pour s&#8217;assurer que les informations figurant sur ce site Internet \u00e9taient exactes au moment de leur inclusion initiale. N\u00e9anmoins, aucune garantie, condition ou repr\u00e9sentation, expresse ou implicite, n&#8217;est donn\u00e9e quant \u00e0 l&#8217;absence d&#8217;erreurs, d&#8217;inexactitudes ou d&#8217;omissions dans ces informations. En outre, les informations peuvent faire l&#8217;objet de modifications ou de mises \u00e0 jour sans pr\u00e9avis et ne doivent pas \u00eatre consid\u00e9r\u00e9es comme \u00e9tablissant un engagement contractuel ou autre liant ACR Electronics, Inc. ou l&#8217;une de ses filiales ou soci\u00e9t\u00e9s associ\u00e9es.  <\/p>\n\n<p>Ce site peut fournir des liens vers des sites tiers pour votre commodit\u00e9 et votre information. Si vous acc\u00e9dez \u00e0 ces liens, vous quitterez le site ACR \/ Artex. ACR Electronics, Inc. et ses filiales ou soci\u00e9t\u00e9s associ\u00e9es ne contr\u00f4lent pas ces sites et n&#8217;approuvent pas directement ou indirectement toute information ou ne font aucune repr\u00e9sentation concernant les sites tiers ou leurs propri\u00e9taires. ACR Electronics, Inc. n&#8217;est pas responsable de l&#8217;exactitude ou de la fiabilit\u00e9 de toute opinion, conseil ou d\u00e9claration faite par l&#8217;interm\u00e9diaire du site par toute partie autre que ACR Electronics, Inc. ou de tout contenu fourni sur les sites li\u00e9s ou des capacit\u00e9s ou de la fiabilit\u00e9 de tout produit ou service obtenu \u00e0 partir d&#8217;un site li\u00e9.  <\/p>\n\n<p>Aucune information contenue dans ce site ne constitue une invitation \u00e0 traiter ou \u00e0 investir dans les actions de ACR Electronics, Inc. En cas de divergence entre toute version des r\u00e9sultats annuels ou semestriels apparaissant sur ce site Internet et la copie papier envoy\u00e9e aux actionnaires, la copie papier doit \u00eatre consid\u00e9r\u00e9e comme la version correcte.<\/p>\n\n<p>Tous les commentaires, critiques, histoires, m\u00e9dias ou mat\u00e9riels envoy\u00e9s \u00e0 ACR Electronics, Inc. ou \u00e0 l&#8217;une de ses filiales ou soci\u00e9t\u00e9s associ\u00e9es par l&#8217;interm\u00e9diaire de ce site, y compris les suggestions et les r\u00e9ponses aux questions, seront consid\u00e9r\u00e9s comme non confidentiels. ACR disposera de tous les droits sur ces commentaires et mat\u00e9riels et pourra les utiliser comme bon lui semble. <\/p>\n\n<h2 class=\"wp-block-heading\">CONDITIONS G\u00c9N\u00c9RALES &#8211; DROITS D&#8217;AUTEUR<\/h2>\n\n<p>Les droits d&#8217;auteur, marques d\u00e9pos\u00e9es, logos et marques de service (&#8220;Marques&#8221;) affich\u00e9s sur le site Internet ACR \/ Artex sont la propri\u00e9t\u00e9 de ACR Electronics, Inc. et d&#8217;autres parties. Il est interdit aux utilisateurs d&#8217;utiliser les Marques \u00e0 des fins autres que celles de ce site sans l&#8217;autorisation \u00e9crite de ACR Electronics, Inc. ou du tiers propri\u00e9taire des Marques. Toutes les informations et tous les contenus disponibles sur ou par l&#8217;interm\u00e9diaire du site Internet de ACR Electronics, Inc. (&#8220;Contenu&#8221;) sont prot\u00e9g\u00e9s par des droits d&#8217;auteur. Il est interdit aux utilisateurs de modifier, copier, distribuer, transmettre, afficher, publier, vendre, conc\u00e9der une licence, cr\u00e9er des \u0153uvres d\u00e9riv\u00e9es ou utiliser tout Contenu disponible sur ou par l&#8217;interm\u00e9diaire du site de ACR Electronics, Inc. \u00e0 des fins commerciales ou publiques.   <\/p>\n\n<h2 class=\"wp-block-heading\">CONDITIONS G\u00c9N\u00c9RALES &#8211; CLAUSE DE NON-RESPONSABILIT\u00c9<\/h2>\n\n<p>Bien que toutes les pr\u00e9cautions raisonnables aient \u00e9t\u00e9 prises dans la pr\u00e9paration de ce site, ACR Electronics, Inc. et ses filiales ou soci\u00e9t\u00e9s associ\u00e9es d\u00e9clinent toute responsabilit\u00e9, en toutes circonstances, pour toute perte encourue \u00e0 la suite de la confiance accord\u00e9e \u00e0 toute d\u00e9claration, erreur ou omission contenue dans le pr\u00e9sent document, y compris, sans s&#8217;y limiter, les dommages directs, indirects ou cons\u00e9cutifs r\u00e9sultant de votre utilisation du site Internet de ACR ou de tout site Internet auquel ce site est li\u00e9.<\/p>\n\n<p>Tout le contenu du site de ACR Electronics, Inc. vous est fourni &#8220;tel quel&#8221; sans aucune garantie d&#8217;aucune sorte, expresse ou implicite, y compris, mais sans s&#8217;y limiter, les garanties implicites de qualit\u00e9 marchande et d&#8217;ad\u00e9quation \u00e0 un usage particulier, de titre, de non-violation, de s\u00e9curit\u00e9 ou d&#8217;exactitude.<\/p>\n\n<p>Les d\u00e9clarations contenues dans ce site refl\u00e8tent notre compr\u00e9hension de la l\u00e9gislation actuelle et propos\u00e9e, qui peut changer sans pr\u00e9avis.<\/p>\n\n<p>Le contenu de ce site ne doit pas \u00eatre consid\u00e9r\u00e9 comme un conseil sp\u00e9cifique relatif aux questions abord\u00e9es.<\/p>\n\n<p>Rien dans ces conditions g\u00e9n\u00e9rales ne limite notre responsabilit\u00e9 en cas de d\u00e9c\u00e8s ou de blessure corporelle r\u00e9sultant de notre n\u00e9gligence.<\/p>\n\n<p>Ces conditions g\u00e9n\u00e9rales et tout litige seront r\u00e9gis par et conform\u00e9ment \u00e0 la loi et soumis \u00e0 la juridiction exclusive des tribunaux des \u00c9tats-Unis d&#8217;Am\u00e9rique.<\/p>\n\n<h2 class=\"wp-block-heading\">POLITIQUE DE CONFIDENTIALIT\u00c9 &#8211; D\u00c9CLARATION DE CONFIDENTIALIT\u00c9 &#8211; PRODUITS ACR \/ ARTEX<\/h2>\n\n<p>ACR Electronics, Inc. (&#8220;ACR&#8221;) faisant affaire sous le nom de ACR \/ Artex s&#8217;engage \u00e0 prot\u00e9ger votre vie priv\u00e9e et \u00e0 d\u00e9velopper une technologie qui vous offre l&#8217;exp\u00e9rience en ligne la plus puissante et la plus s\u00fbre. Cette d\u00e9claration de confidentialit\u00e9 s&#8217;applique au site Internet que vous consultez actuellement (&#8220;le Site&#8221;) et r\u00e9git la collecte et l&#8217;utilisation des donn\u00e9es. En acc\u00e9dant, en naviguant et\/ou en utilisant le Site, vous consentez aux pratiques en mati\u00e8re de donn\u00e9es d\u00e9crites dans la pr\u00e9sente d\u00e9claration et acceptez de vous conformer \u00e0 toutes les lois et r\u00e9glementations applicables.  <\/p>\n\n<h2 class=\"wp-block-heading\">POLITIQUE DE CONFIDENTIALIT\u00c9 &#8211; UTILISATION DE VOS INFORMATIONS PERSONNELLES<\/h2>\n\n<p>ACR Electronics, Inc. collecte et utilise vos informations personnelles pour exploiter le Site et fournir les services que vous avez demand\u00e9s. ACR Electronics, Inc. utilise \u00e9galement vos informations personnelles identifiables pour vous informer d&#8217;autres produits ou services disponibles aupr\u00e8s de ACR Electronics, Inc. et\/ou de ses affili\u00e9s. ACR Electronics, Inc. peut \u00e9galement vous contacter par le biais d&#8217;enqu\u00eates afin de mener des recherches sur votre opinion concernant les services actuels ou les nouveaux services potentiels qui pourraient \u00eatre propos\u00e9s.  <\/p>\n\n<p>Les informations que vous divulguez peuvent \u00e9galement \u00eatre communiqu\u00e9es sans votre consentement \u00e0 des entreprises et des individus employ\u00e9s pour fournir des services au nom de ACR Electronics, Inc., tels que des repr\u00e9sentants du service client\u00e8le, des entreprises de marketing et de traitement des cartes de cr\u00e9dit. Enfin, les informations personnelles que ACR Electronics, Inc. a collect\u00e9es peuvent \u00eatre transmises \u00e0 un tiers sans votre consentement en cas de transfert de propri\u00e9t\u00e9 ou d&#8217;actifs ou de faillite de ACR Electronics, Inc. <\/p>\n\n<p>ACR Electronics, Inc. ne vend, ne loue ni ne c\u00e8de ses listes de clients \u00e0 des tiers. ACR Electronics, Inc. peut, de temps \u00e0 autre, vous contacter au nom de partenaires commerciaux externes concernant une offre particuli\u00e8re susceptible de vous int\u00e9resser. Dans ces cas, vos informations personnelles identifiables uniques (e-mail, nom, adresse, num\u00e9ro de t\u00e9l\u00e9phone) ne sont pas transf\u00e9r\u00e9es au tiers. En outre, ACR Electronics, Inc. peut partager des donn\u00e9es avec des partenaires de confiance pour nous aider \u00e0 effectuer des analyses statistiques, vous envoyer des e-mails ou du courrier postal, ou organiser des livraisons.   <\/p>\n\n<p>ACR Electronics, Inc. n&#8217;utilise ni ne divulgue d&#8217;informations personnelles sensibles, telles que la race, la religion ou les affiliations politiques, sans votre consentement explicite.<\/p>\n\n<p>ACR Electronics, Inc. divulguera vos informations personnelles, sans pr\u00e9avis, si la loi l&#8217;exige ou si elle croit de bonne foi qu&#8217;une telle action est n\u00e9cessaire pour : (a) se conformer aux \u00e9dits de la loi ou respecter une proc\u00e9dure judiciaire signifi\u00e9e \u00e0 ACR Electronics, Inc. ou au Site ; (b) prot\u00e9ger et d\u00e9fendre les droits ou la propri\u00e9t\u00e9 de ACR Electronics, Inc. ; et (c) agir dans des circonstances urgentes pour prot\u00e9ger la s\u00e9curit\u00e9 personnelle des utilisateurs de ACR Electronics, Inc., ou du public.     <\/p>\n\n<h2 class=\"wp-block-heading\">POLITIQUE DE CONFIDENTIALIT\u00c9 &#8211; UTILISATION DES COOKIES<\/h2>\n\n<p>Le Site utilise des &#8220;cookies&#8221; pour vous aider \u00e0 personnaliser votre exp\u00e9rience en ligne. Un cookie est un fichier texte plac\u00e9 sur votre disque dur par un serveur de pages Web. Les cookies ne peuvent pas \u00eatre utilis\u00e9s pour ex\u00e9cuter des programmes ou transmettre des virus \u00e0 votre ordinateur. Les cookies vous sont attribu\u00e9s de mani\u00e8re unique et ne peuvent \u00eatre lus que par un serveur Web du domaine qui vous a \u00e9mis le cookie.   <\/p>\n\n<p>L&#8217;un des principaux objectifs des cookies est de fournir une fonctionnalit\u00e9 pratique pour vous faire gagner du temps. Le but d&#8217;un cookie est d&#8217;indiquer au serveur Web que vous \u00eates revenu sur une page sp\u00e9cifique. Cela simplifie le processus d&#8217;enregistrement de vos informations personnelles, telles que les adresses de facturation, les adresses de livraison, etc. Lorsque vous revenez sur le m\u00eame Site, les informations que vous avez pr\u00e9c\u00e9demment fournies peuvent \u00eatre r\u00e9cup\u00e9r\u00e9es, afin que vous puissiez facilement utiliser les fonctionnalit\u00e9s de ACR Electronics, Inc. que vous avez personnalis\u00e9es.   <\/p>\n\n<p>Vous avez la possibilit\u00e9 d&#8217;accepter ou de refuser les cookies. La plupart des navigateurs Web acceptent automatiquement les cookies, mais vous pouvez g\u00e9n\u00e9ralement modifier les param\u00e8tres de votre navigateur pour refuser les cookies si vous le pr\u00e9f\u00e9rez. Si vous choisissez de refuser les cookies, il est possible que vous ne puissiez pas profiter pleinement des fonctionnalit\u00e9s interactives du Site.  <\/p>\n\n<h2 class=\"wp-block-heading\">POLITIQUE DE CONFIDENTIALIT\u00c9 &#8211; CLAUSE DE NON-RESPONSABILIT\u00c9<\/h2>\n\n<p>ACR Electronics, Inc. ne peut garantir que toutes vos communications priv\u00e9es et autres informations personnelles ne seront jamais divulgu\u00e9es d&#8217;une mani\u00e8re non d\u00e9crite dans la pr\u00e9sente D\u00e9claration. En tant qu&#8217;utilisateur de ce Site, vous comprenez et acceptez que vous assumez toute responsabilit\u00e9 et tout risque li\u00e9s \u00e0 votre utilisation du Site, d&#8217;Internet en g\u00e9n\u00e9ral, et des documents que vous publiez ou consultez, ainsi qu&#8217;\u00e0 votre conduite sur et en dehors du Site. Pour plus d&#8217;informations, veuillez consulter les Conditions g\u00e9n\u00e9rales d&#8217;utilisation de ACR Electronics, Inc., qui sont incorpor\u00e9es ici par r\u00e9f\u00e9rence.   <\/p>\n\n<h2 class=\"wp-block-heading\">POLITIQUE DE CONFIDENTIALIT\u00c9 &#8211; MODIFICATIONS DE CETTE D\u00c9CLARATION<\/h2>\n\n<p>ACR Electronics, Inc. peut, \u00e0 sa discr\u00e9tion, apporter des modifications \u00e0 cette D\u00e9claration. Lorsque ACR Electronics, Inc. apporte des modifications \u00e0 la D\u00e9claration, elle vous en informera en publiant la D\u00e9claration r\u00e9vis\u00e9e sur le Site. ACR Electronics, Inc. vous encourage \u00e0 examiner p\u00e9riodiquement cette D\u00e9claration pour \u00eatre inform\u00e9 de la mani\u00e8re dont ACR Electronics, Inc. prot\u00e8ge vos informations.  <\/p>\n\n<h2 class=\"wp-block-heading\">POLITIQUE DE CONFIDENTIALIT\u00c9 &#8211; INFORMATIONS DE CONTACT<\/h2>\n\n<p>ACR Electronics, Inc. accueille favorablement vos commentaires concernant cette D\u00e9claration. Si vous pensez que nous n&#8217;avons pas respect\u00e9 cette D\u00e9claration, veuillez nous contacter par e-mail via le formulaire de contact du Site. <\/p>\n\n<p>\u00a9 Copyright 2020 ACR Electronics, Inc.<br\/>Tous droits r\u00e9serv\u00e9s dans le monde entier.<\/p>\n\n<h2 class=\"wp-block-heading\">POLITIQUE DE CONFIDENTIALIT\u00c9 &#8211; COLLECTE DE VOS INFORMATIONS PERSONNELLES<\/h2>\n\n<p>ACR Electronics, Inc. recueille des informations personnellement identifiables, telles que votre adresse \u00e9lectronique, votre nom, votre adresse personnelle ou professionnelle, ou votre num\u00e9ro de t\u00e9l\u00e9phone. ACR Electronics, Inc. collecte \u00e9galement des informations d\u00e9mographiques anonymes, qui ne vous sont pas propres, comme votre code postal, votre \u00e2ge, votre sexe, vos pr\u00e9f\u00e9rences, vos int\u00e9r\u00eats et vos favoris. <\/p>\n\n<p>Il existe \u00e9galement des informations concernant votre mat\u00e9riel informatique et vos logiciels qui sont automatiquement recueillies par ACR Electronics, Inc. Ces informations peuvent inclure : votre adresse IP, le type de navigateur, les noms de domaine, les heures d&#8217;acc\u00e8s et les adresses des sites web de r\u00e9f\u00e9rence. Ces informations sont g\u00e9n\u00e9ralement utilis\u00e9es par ACR Electronics, Inc. pour le fonctionnement des services qu&#8217;elle fournit, pour maintenir la qualit\u00e9 de ces services et pour compiler des statistiques g\u00e9n\u00e9rales concernant l&#8217;utilisation du Site.  <\/p>\n\n<p>Veuillez garder \u00e0 l&#8217;esprit que si vous divulguez des informations personnellement identifiables ou des donn\u00e9es personnelles sensibles par le biais de forums de messages publics disponibles sur le Site, ces informations peuvent \u00eatre collect\u00e9es et utilis\u00e9es par d&#8217;autres.<\/p>\n\n<p>ACR Electronics, Inc. vous encourage \u00e0 examiner les d\u00e9clarations de confidentialit\u00e9 des sites web auxquels vous choisissez de vous connecter \u00e0 partir du Site afin de comprendre comment ces sites web collectent, utilisent et partagent vos informations. Cobham Beacon Solutions n&#8217;est pas responsable des d\u00e9clarations de confidentialit\u00e9 ou d&#8217;autres contenus sur ces sites web. <\/p>\n\n<p>Nous utilisons SessionCam sur notre site web pour nous aider \u00e0 comprendre le comportement de nos visiteurs. SessionCam collectera des informations telles que les d\u00e9tails des mouvements de la souris, le d\u00e9filement des pages et l&#8217;activit\u00e9 de clic des visiteurs individuels. SessionCam peut \u00e9galement enregistrer les donn\u00e9es saisies dans les formulaires de notre site web. Nous utilisons les donn\u00e9es collect\u00e9es par SessionCam pour identifier les zones o\u00f9 les visiteurs rencontrent le plus de difficult\u00e9s afin d&#8217;am\u00e9liorer ces aspects de notre site web.   <\/p>\n","protected":false},"excerpt":{"rendered":"<p>CONDITIONS G\u00c9N\u00c9RALES &#8211; AVIS JURIDIQUE ACR \/ Artex (ACR Electronics, Inc.) a pris toutes les pr\u00e9cautions raisonnables pour s&#8217;assurer que les informations figurant sur ce site Internet \u00e9taient exactes au moment de leur inclusion initiale. N\u00e9anmoins, aucune garantie, condition ou repr\u00e9sentation, expresse ou implicite, n&#8217;est donn\u00e9e quant \u00e0 l&#8217;absence d&#8217;erreurs, d&#8217;inexactitudes ou d&#8217;omissions dans ces [&hellip;]<\/p>\n","protected":false},"author":2,"featured_media":0,"parent":0,"menu_order":0,"comment_status":"closed","ping_status":"closed","template":"","meta":{"_acf_changed":false,"om_disable_all_campaigns":false,"footnotes":""},"class_list":["post-39647","page","type-page","status-publish","hentry"],"acf":[],"_links":{"self":[{"href":"https:\/\/acrartex-intl.dev.enterwell.space\/fr\/wp-json\/wp\/v2\/pages\/39647","targetHints":{"allow":["GET"]}}],"collection":[{"href":"https:\/\/acrartex-intl.dev.enterwell.space\/fr\/wp-json\/wp\/v2\/pages"}],"about":[{"href":"https:\/\/acrartex-intl.dev.enterwell.space\/fr\/wp-json\/wp\/v2\/types\/page"}],"author":[{"embeddable":true,"href":"https:\/\/acrartex-intl.dev.enterwell.space\/fr\/wp-json\/wp\/v2\/users\/2"}],"replies":[{"embeddable":true,"href":"https:\/\/acrartex-intl.dev.enterwell.space\/fr\/wp-json\/wp\/v2\/comments?post=39647"}],"version-history":[{"count":1,"href":"https:\/\/acrartex-intl.dev.enterwell.space\/fr\/wp-json\/wp\/v2\/pages\/39647\/revisions"}],"predecessor-version":[{"id":39650,"href":"https:\/\/acrartex-intl.dev.enterwell.space\/fr\/wp-json\/wp\/v2\/pages\/39647\/revisions\/39650"}],"wp:attachment":[{"href":"https:\/\/acrartex-intl.dev.enterwell.space\/fr\/wp-json\/wp\/v2\/media?parent=39647"}],"curies":[{"name":"wp","href":"https:\/\/api.w.org\/{rel}","templated":true}]}}