{"id":37570,"date":"2021-03-16T08:14:06","date_gmt":"2021-03-16T13:14:06","guid":{"rendered":"https:\/\/acrartex-intl.dev.enterwell.space\/products\/interrupteur-a-distance-lear\/"},"modified":"2021-03-16T08:14:06","modified_gmt":"2021-03-16T13:14:06","slug":"interrupteur-a-distance-lear","status":"publish","type":"product","link":"https:\/\/acrartex-intl.dev.enterwell.space\/fr\/products\/interrupteur-a-distance-lear\/","title":{"rendered":"Interrupteur \u00e0 distance &#8211; Lear"},"content":{"rendered":"","protected":false},"excerpt":{"rendered":"<p>Cet interrupteur \u00e0 distance a \u00e9t\u00e9 con\u00e7u pour r\u00e9pondre aux exigences des jets d&#8217;affaires Lear.<\/p>\n<p>&nbsp;<\/p>\n","protected":false},"featured_media":12230,"template":"","meta":{"_acf_changed":false,"om_disable_all_campaigns":false},"product_brand":[],"product_cat":[2353],"product_tag":[2671,2669,2666,2664,2662,2660,2795,2674,2667],"class_list":{"0":"post-37570","1":"product","2":"type-product","3":"status-publish","4":"has-post-thumbnail","6":"product_cat-uncategorized","7":"product_tag-apprendre-a-changer-delt","8":"product_tag-apprendre-linterrupteur-elt","9":"product_tag-interrupteur-a-distance-apprendre","10":"product_tag-interrupteur-a-distance-cessna","11":"product_tag-interrupteur-a-distance-oem","12":"product_tag-interrupteur-a-distance-oem-elt","13":"product_tag-interrupteur-elt-militaire","14":"product_tag-interrupteur-elt-oem","15":"product_tag-panneau-boeing-elt","17":"first","18":"instock","19":"taxable","20":"shipping-taxable","21":"purchasable","22":"product-type-simple"},"acf":[],"_links":{"self":[{"href":"https:\/\/acrartex-intl.dev.enterwell.space\/fr\/wp-json\/wp\/v2\/product\/37570","targetHints":{"allow":["GET"]}}],"collection":[{"href":"https:\/\/acrartex-intl.dev.enterwell.space\/fr\/wp-json\/wp\/v2\/product"}],"about":[{"href":"https:\/\/acrartex-intl.dev.enterwell.space\/fr\/wp-json\/wp\/v2\/types\/product"}],"wp:featuredmedia":[{"embeddable":true,"href":"https:\/\/acrartex-intl.dev.enterwell.space\/fr\/wp-json\/wp\/v2\/media\/12230"}],"wp:attachment":[{"href":"https:\/\/acrartex-intl.dev.enterwell.space\/fr\/wp-json\/wp\/v2\/media?parent=37570"}],"wp:term":[{"taxonomy":"product_brand","embeddable":true,"href":"https:\/\/acrartex-intl.dev.enterwell.space\/fr\/wp-json\/wp\/v2\/product_brand?post=37570"},{"taxonomy":"product_cat","embeddable":true,"href":"https:\/\/acrartex-intl.dev.enterwell.space\/fr\/wp-json\/wp\/v2\/product_cat?post=37570"},{"taxonomy":"product_tag","embeddable":true,"href":"https:\/\/acrartex-intl.dev.enterwell.space\/fr\/wp-json\/wp\/v2\/product_tag?post=37570"}],"curies":[{"name":"wp","href":"https:\/\/api.w.org\/{rel}","templated":true}]}}