{"id":37585,"date":"2021-03-16T08:14:02","date_gmt":"2021-03-16T13:14:02","guid":{"rendered":"https:\/\/acrartex-intl.dev.enterwell.space\/products\/interrupteur-a-distance-raytheon\/"},"modified":"2021-03-16T08:14:02","modified_gmt":"2021-03-16T13:14:02","slug":"interrupteur-a-distance-raytheon","status":"publish","type":"product","link":"https:\/\/acrartex-intl.dev.enterwell.space\/fr\/products\/interrupteur-a-distance-raytheon\/","title":{"rendered":"Interrupteur \u00e0 distance &#8211; Raytheon"},"content":{"rendered":"","protected":false},"excerpt":{"rendered":"<p>Cet interrupteur \u00e0 distance a \u00e9t\u00e9 con\u00e7u pour r\u00e9pondre aux exigences des jets d&#8217;affaires Raytheon.<\/p>\n<p>&nbsp;<\/p>\n","protected":false},"featured_media":12229,"template":"","meta":{"_acf_changed":false,"om_disable_all_campaigns":false},"product_brand":[],"product_cat":[2353],"product_tag":[2862,2666,2664,2870,2860,2868,2662,2660,2866,2864,2795,2858],"class_list":{"0":"post-37585","1":"product","2":"type-product","3":"status-publish","4":"has-post-thumbnail","6":"product_cat-uncategorized","7":"product_tag-commutateur-militaire-pour-elt","8":"product_tag-interrupteur-a-distance-apprendre","9":"product_tag-interrupteur-a-distance-cessna","10":"product_tag-interrupteur-a-distance-de-vision-nocturne","11":"product_tag-interrupteur-a-distance-militaire","12":"product_tag-interrupteur-a-distance-nvg","13":"product_tag-interrupteur-a-distance-oem","14":"product_tag-interrupteur-a-distance-oem-elt","15":"product_tag-interrupteur-de-test-a-distance-militaire","16":"product_tag-interrupteur-elt-de-test-militaire","17":"product_tag-interrupteur-elt-militaire","18":"product_tag-interrupteurs-a-distance-elt","20":"first","21":"instock","22":"taxable","23":"shipping-taxable","24":"purchasable","25":"product-type-simple"},"acf":[],"_links":{"self":[{"href":"https:\/\/acrartex-intl.dev.enterwell.space\/fr\/wp-json\/wp\/v2\/product\/37585","targetHints":{"allow":["GET"]}}],"collection":[{"href":"https:\/\/acrartex-intl.dev.enterwell.space\/fr\/wp-json\/wp\/v2\/product"}],"about":[{"href":"https:\/\/acrartex-intl.dev.enterwell.space\/fr\/wp-json\/wp\/v2\/types\/product"}],"wp:featuredmedia":[{"embeddable":true,"href":"https:\/\/acrartex-intl.dev.enterwell.space\/fr\/wp-json\/wp\/v2\/media\/12229"}],"wp:attachment":[{"href":"https:\/\/acrartex-intl.dev.enterwell.space\/fr\/wp-json\/wp\/v2\/media?parent=37585"}],"wp:term":[{"taxonomy":"product_brand","embeddable":true,"href":"https:\/\/acrartex-intl.dev.enterwell.space\/fr\/wp-json\/wp\/v2\/product_brand?post=37585"},{"taxonomy":"product_cat","embeddable":true,"href":"https:\/\/acrartex-intl.dev.enterwell.space\/fr\/wp-json\/wp\/v2\/product_cat?post=37585"},{"taxonomy":"product_tag","embeddable":true,"href":"https:\/\/acrartex-intl.dev.enterwell.space\/fr\/wp-json\/wp\/v2\/product_tag?post=37585"}],"curies":[{"name":"wp","href":"https:\/\/api.w.org\/{rel}","templated":true}]}}