{"id":37987,"date":"2021-03-16T08:13:58","date_gmt":"2021-03-16T13:13:58","guid":{"rendered":"https:\/\/acrartex-intl.dev.enterwell.space\/products\/panneau-de-commande-a-distance-b737\/"},"modified":"2021-03-16T08:13:58","modified_gmt":"2021-03-16T13:13:58","slug":"panneau-de-commande-a-distance-b737","status":"publish","type":"product","link":"https:\/\/acrartex-intl.dev.enterwell.space\/fr\/products\/panneau-de-commande-a-distance-b737\/","title":{"rendered":"Panneau de commande \u00e0 distance &#8211; B737"},"content":{"rendered":"","protected":false},"excerpt":{"rendered":"<p>Panneau de commande \u00e0 distance Interrupteur \u00e0 distance pour l&#8217; ELT B406<\/p>\n","protected":false},"featured_media":12228,"template":"","meta":{"_acf_changed":false,"om_disable_all_campaigns":false},"product_brand":[],"product_cat":[2353],"product_tag":[6657,6655,6653,6659,4749,6662,2969,6651,6660,2682],"class_list":{"0":"post-37987","1":"product","2":"type-product","3":"status-publish","4":"has-post-thumbnail","6":"product_cat-uncategorized","7":"product_tag-artex-c406-fr","8":"product_tag-artex-c406-1-fr","9":"product_tag-artex-me-406-fr","10":"product_tag-artex-me-406-elt-fr","11":"product_tag-artex-me406-fr","12":"product_tag-b737-fr","13":"product_tag-commutateurs","14":"product_tag-moi-406-elt","15":"product_tag-panneau-de-commande-a-distance","16":"product_tag-telecommande","18":"first","19":"instock","20":"taxable","21":"shipping-taxable","22":"purchasable","23":"product-type-simple"},"acf":[],"_links":{"self":[{"href":"https:\/\/acrartex-intl.dev.enterwell.space\/fr\/wp-json\/wp\/v2\/product\/37987","targetHints":{"allow":["GET"]}}],"collection":[{"href":"https:\/\/acrartex-intl.dev.enterwell.space\/fr\/wp-json\/wp\/v2\/product"}],"about":[{"href":"https:\/\/acrartex-intl.dev.enterwell.space\/fr\/wp-json\/wp\/v2\/types\/product"}],"wp:featuredmedia":[{"embeddable":true,"href":"https:\/\/acrartex-intl.dev.enterwell.space\/fr\/wp-json\/wp\/v2\/media\/12228"}],"wp:attachment":[{"href":"https:\/\/acrartex-intl.dev.enterwell.space\/fr\/wp-json\/wp\/v2\/media?parent=37987"}],"wp:term":[{"taxonomy":"product_brand","embeddable":true,"href":"https:\/\/acrartex-intl.dev.enterwell.space\/fr\/wp-json\/wp\/v2\/product_brand?post=37987"},{"taxonomy":"product_cat","embeddable":true,"href":"https:\/\/acrartex-intl.dev.enterwell.space\/fr\/wp-json\/wp\/v2\/product_cat?post=37987"},{"taxonomy":"product_tag","embeddable":true,"href":"https:\/\/acrartex-intl.dev.enterwell.space\/fr\/wp-json\/wp\/v2\/product_tag?post=37987"}],"curies":[{"name":"wp","href":"https:\/\/api.w.org\/{rel}","templated":true}]}}