{"id":39974,"date":"2021-03-16T08:22:30","date_gmt":"2021-03-16T13:22:30","guid":{"rendered":"https:\/\/acrartex-intl.dev.enterwell.space\/products\/rescueme-epirb1\/"},"modified":"2025-08-08T14:38:57","modified_gmt":"2025-08-08T19:38:57","slug":"rescueme-epirb1","status":"publish","type":"product","link":"https:\/\/acrartex-intl.dev.enterwell.space\/fr\/products\/rescueme-epirb1\/","title":{"rendered":"rescueME EPIRB1"},"content":{"rendered":"<p>Une simple languette de protection sur les touches de commande emp\u00eache toute activation involontaire, tout en permettant une utilisation facile en cas de besoin. Le rescueME EPIRB1 est \u00e9galement dot\u00e9 de deux flashs \u00e0 haute luminosit\u00e9 pour maximiser la visibilit\u00e9 dans des conditions de faible luminosit\u00e9. L\u2019antenne r\u00e9tractable offre une protection maximale et un contour r\u00e9duit pour le rangement. Lorsque cela est n\u00e9cessaire, l\u2019antenne se d\u00e9ploie facilement en tirant doucement. Pour les travers\u00e9es hauturi\u00e8res ou oc\u00e9aniques plus longues, le Ocean Signal E100G EPIRB offre une dur\u00e9e de vie op\u00e9rationnelle exceptionnelle de 96 heures avec l\u2019option d\u2019un bo\u00eetier de lib\u00e9ration automatique (obligatoire pour les navires approuv\u00e9s en vertu des r\u00e9glementations SOLAS).    <\/p>\n<ul>\n<li>30 % (typ.) plus petit<\/li>\n<li>Autonomie de la batterie de 10 ans<\/li>\n<li>Plus de 48 heures d\u2019autonomie<\/li>\n<li>Garantie de 5 ans<\/li>\n<li>Positionnement rapide et pr\u00e9cis avec GPS \u00e0 66 canaux<\/li>\n<li>Antenne r\u00e9tractable<\/li>\n<li>Support \u00e0 d\u00e9gagement rapide<\/li>\n<li>Cordon de s\u00e9curit\u00e9<\/li>\n<\/ul>\n","protected":false},"excerpt":{"rendered":"<p>Le rescueME EPIRB1 offre une tranquillit\u00e9 d\u2019esprit gr\u00e2ce \u00e0 son impressionnante autonomie de 10 ans. Le EPIRB le plus compact au monde peut toujours \u00eatre \u00e0 port\u00e9e de main, car sa petite taille lui permet d\u2019\u00eatre facilement conserv\u00e9 dans son support \u00e0 d\u00e9gagement rapide ou plac\u00e9 dans un sac de secours ou un radeau de sauvetage. <\/p>\n<p>&nbsp;<\/p>\n<p><a href=\"http:\/\/acrartex-intl.dev.enterwell.space\/survival-products\/406link\"><img decoding=\"async\" style=\"width: 300px; height: 41px;\" src=\"\/\/dk2ztu5ooimmu.cloudfront.net\/ckeditor_assets\/pictures\/143\/406Link_with_desc_-_Tag.gif\" alt=\"\"><\/a><\/p>\n<p>&nbsp;<\/p>\n<p><span style=\"color: #e74c3c;\">CODE&nbsp;: <strong>SHIPFREE20<\/strong> Livraison terrestre offerte pour toute commande sup\u00e9rieure \u00e0 30&nbsp;$&nbsp;US. Hors Hawa\u00ef et Alaska. <\/span><\/p>\n<p>&nbsp;<\/p>\n<p>&nbsp;<\/p>\n<p>&nbsp;<\/p>\n<p>&nbsp;<\/p>\n","protected":false},"featured_media":12390,"template":"","meta":{"_acf_changed":false,"om_disable_all_campaigns":false},"product_brand":[],"product_cat":[3420,3104,3418,3416],"product_tag":[4054,6891,3448,6892,6888,6885,6889,6890,6884,6886,6887,4053],"class_list":{"0":"post-39974","1":"product","2":"type-product","3":"status-publish","4":"has-post-thumbnail","6":"product_cat-commercial-fr","7":"product_cat-marin-fr","8":"product_cat-offshore","9":"product_cat-pres-du-rivage","10":"product_tag-acr-fr","11":"product_tag-acr-epirb1-fr","12":"product_tag-balise","13":"product_tag-balise-de-detresse","14":"product_tag-epirb1-fr","15":"product_tag-ocean-signal-fr","16":"product_tag-ocean-signal-epirb1-fr","17":"product_tag-oceansignal-epirb1-fr","18":"product_tag-radiobalise-de-localisation-des-sinistres","19":"product_tag-rescueme-fr","20":"product_tag-rescueme-epirb1-fr","21":"product_tag-rls-fr","23":"first","24":"instock","25":"taxable","26":"shipping-taxable","27":"purchasable","28":"product-type-simple"},"acf":[],"_links":{"self":[{"href":"https:\/\/acrartex-intl.dev.enterwell.space\/fr\/wp-json\/wp\/v2\/product\/39974","targetHints":{"allow":["GET"]}}],"collection":[{"href":"https:\/\/acrartex-intl.dev.enterwell.space\/fr\/wp-json\/wp\/v2\/product"}],"about":[{"href":"https:\/\/acrartex-intl.dev.enterwell.space\/fr\/wp-json\/wp\/v2\/types\/product"}],"wp:featuredmedia":[{"embeddable":true,"href":"https:\/\/acrartex-intl.dev.enterwell.space\/fr\/wp-json\/wp\/v2\/media\/12390"}],"wp:attachment":[{"href":"https:\/\/acrartex-intl.dev.enterwell.space\/fr\/wp-json\/wp\/v2\/media?parent=39974"}],"wp:term":[{"taxonomy":"product_brand","embeddable":true,"href":"https:\/\/acrartex-intl.dev.enterwell.space\/fr\/wp-json\/wp\/v2\/product_brand?post=39974"},{"taxonomy":"product_cat","embeddable":true,"href":"https:\/\/acrartex-intl.dev.enterwell.space\/fr\/wp-json\/wp\/v2\/product_cat?post=39974"},{"taxonomy":"product_tag","embeddable":true,"href":"https:\/\/acrartex-intl.dev.enterwell.space\/fr\/wp-json\/wp\/v2\/product_tag?post=39974"}],"curies":[{"name":"wp","href":"https:\/\/api.w.org\/{rel}","templated":true}]}}