{"id":39988,"date":"2021-11-12T16:18:34","date_gmt":"2021-11-12T21:18:34","guid":{"rendered":"https:\/\/acrartex-intl.dev.enterwell.space\/products\/kit-de-survie-bivy-stick-et-panneau-solaire\/"},"modified":"2025-08-08T14:37:54","modified_gmt":"2025-08-08T19:37:54","slug":"kit-de-survie-bivy-stick-et-panneau-solaire","status":"publish","type":"product","link":"https:\/\/acrartex-intl.dev.enterwell.space\/fr\/products\/kit-de-survie-bivy-stick-et-panneau-solaire\/","title":{"rendered":"Kit de survie Bivy stick et panneau solaire"},"content":{"rendered":"<p>Activez simplement le SOS du Bivy Stick via le bouton sur l&#8217;appareil ou via l&#8217;application sur votre t\u00e9l\u00e9phone. L&#8217;abonnement Bivy Stick inclut une surveillance 24\/7 par Global Rescue. L&#8217;activation du SOS vous permettra de communiquer avec Global Rescue par message texte, ou si vous ne pouvez pas communiquer par message, les services de recherche et sauvetage seront guid\u00e9s vers votre position GPS.  <\/p>\n<p>Lorsque les secours arrivent sur place, la puissante lumi\u00e8re stroboscopique LED C-Strobe H2O attirera leur attention la nuit, ou utilisez le miroir de signalisation pour attirer leur attention pendant la journ\u00e9e. Rangez tout votre \u00e9quipement d&#8217;urgence dans le sac \u00e9tanche RapidDitch pour garder votre kit de survie organis\u00e9. <\/p>\n<p>Le panneau solaire Bivy 15W maintiendra votre t\u00e9l\u00e9phone et votre Bivy Stick charg\u00e9s pendant toute la dur\u00e9e de vos aventures. Le panneau solaire convertit efficacement jusqu&#8217;\u00e0 20 % de l&#8217;\u00e9nergie solaire en \u00e9lectricit\u00e9, et sa conception ultra-fine et pliable le rend facile \u00e0 transporter. <\/p>\n<p>&nbsp;<\/p>\n<p>Ce kit comprend les produits de survie essentiels suivants :<\/p>\n<ul>\n<li>Communicateur satellite bidirectionnel Bivy avec SOS 24\/7 g\u00e9r\u00e9 par Global Rescue (Abonnement requis)<\/li>\n<li>Panneau solaire Bivy 15W<\/li>\n<li>Lampe de sauvetage C-Strobe H2O<\/li>\n<li>Miroir de signalisation<\/li>\n<li>Sifflet Res-q\u2122<\/li>\n<li>Sac \u00e9tanche RapidDitch<\/li>\n<\/ul>\n<p><strong>Panneau solaire : <\/strong><\/p>\n<p>TECHNOLOGIE DE CHARGE INTELLIGENTE : Le port USB reconna\u00eet automatiquement vos appareils pour fournir une intensit\u00e9 de charge optimale et acc\u00e9l\u00e9rer le processus de charge afin de minimiser le temps de charge.<\/p>\n<p>TAUX DE CONVERSION \u00c9LEV\u00c9 : le panneau rev\u00eatu d&#8217;ETFE absorbe efficacement la lumi\u00e8re solaire et convertit jusqu&#8217;\u00e0 20 % de l&#8217;\u00e9nergie solaire en \u00e9lectricit\u00e9 ; charge facilement les appareils iOS, Android, Bivy Stick, les batteries externes, GoPro et autres appareils \u00e9lectroniques.<\/p>\n<p>PORTABLE ET L\u00c9GER : conception ultra-fine et pliable facilitant le transport ;<\/p>\n<p>R\u00c9SISTANT \u00c0 LA POUSSI\u00c8RE ET AUX \u00c9CLABOUSSURES : indice d&#8217;\u00e9tanch\u00e9it\u00e9 IPX4, r\u00e9sistant aux projections d&#8217;eau et \u00e0 la poussi\u00e8re, quelle que soit la direction ; parfait pour une utilisation en ext\u00e9rieur.<\/p>\n<p>Puissance : 15WBovy<\/p>\n<dl>\n<dt>Sortie : 5V\/3A<\/dt>\n<\/dl>\n<dl>\n<dt>Certificats : CE FCC ROHS<\/dt>\n<\/dl>\n<dl>\n<dt>Poids : 450 g<\/dt>\n<dt><\/dt>\n<dt>Dimensions : (pli\u00e9) 25,4 cm x 16,5 cm x 1,9 cm<\/dt>\n<dt> (D\u00e9pli\u00e9) 25,4 cm x 49,5 cm<\/dt>\n<\/dl>\n","protected":false},"excerpt":{"rendered":"<p>Avec une couverture satellite mondiale via le r\u00e9seau satellite Iridium, partout o\u00f9 vous avez une vue du ciel, vous pouvez communiquer avec le Bivy Stick. Bien que compact, le Bivy Stick offre un ensemble complet de fonctionnalit\u00e9s, notamment la messagerie bidirectionnelle, le SOS, le partage de position, l&#8217;enregistrement en un clic et des bulletins m\u00e9t\u00e9orologiques d\u00e9taill\u00e9s envoy\u00e9s directement sur votre t\u00e9l\u00e9phone portable par satellite. Maintenant disponible avec le tout nouveau kit de survie Bivy Stick  panneau solaire.  <\/p>\n<p><a href=\"http:\/\/acrartex-intl.dev.enterwell.space\/survival-products-end-of-year\/\"><img loading=\"lazy\" decoding=\"async\" class=\"alignnone size-medium wp-image-25976\" src=\"http:\/\/acrartex-intl.dev.enterwell.space\/wp-content\/uploads\/2021\/03\/End-of-Year-EVENT-Button-W-BG-300x38.gif\" alt=\"\" width=\"300\" height=\"38\"><\/a><\/p>\n<p><a href=\"https:\/\/www.dropbox.com\/s\/fk04stqsp2hgk5f\/Prop%2065%20-%20DEHP.pdf?dl=0\" data-cke-saved-href=\"https:\/\/www.dropbox.com\/s\/fk04stqsp2hgk5f\/Prop%2065%20-%20DEHP.pdf?dl=0\">AVERTISSEMENT : PROPOSITION 65<\/a><\/p>\n","protected":false},"featured_media":26003,"template":"","meta":{"_acf_changed":false,"om_disable_all_campaigns":false},"product_brand":[],"product_cat":[3410,3105,3104],"product_tag":[7152,7147,7130,7132,7118,7121,7122,7144,7137,7129,7135,3108,7124,7157,7116,7151,7156,7138,7158,7154,7141,7126,7143,7149],"class_list":{"0":"post-39988","1":"product","2":"type-product","3":"status-publish","4":"has-post-thumbnail","6":"product_cat-aviation-fr","7":"product_cat-de-plein-air","8":"product_cat-marin-fr","9":"product_tag-2364-fr","10":"product_tag-4601-fr","11":"product_tag-acr-bivy-fr","12":"product_tag-application-bivy","13":"product_tag-bivy-fr","14":"product_tag-bivy-stick-fr","15":"product_tag-bivy-stick-bleu","16":"product_tag-bivy-vs-plb-fr","17":"product_tag-bluetooth-fr","18":"product_tag-communication-bidirectionnelle","19":"product_tag-global-rescue-fr","20":"product_tag-gps-fr","21":"product_tag-iridium-fr","22":"product_tag-kit-bivy-et-panneau-solaire","23":"product_tag-kit-de-survie","24":"product_tag-kit-de-survie-bivy","25":"product_tag-kit-de-survie-bivy-stick-et-panneau-solaire","26":"product_tag-mini-fr","27":"product_tag-mini-gps-fr","28":"product_tag-panneau-solaire-bivy","29":"product_tag-plus-petit-communicateur-satellite","30":"product_tag-suivi","31":"product_tag-suivi-satellite-gps","32":"product_tag-survie-bivy","34":"first","35":"outofstock","36":"taxable","37":"shipping-taxable","38":"purchasable","39":"product-type-simple"},"acf":[],"_links":{"self":[{"href":"https:\/\/acrartex-intl.dev.enterwell.space\/fr\/wp-json\/wp\/v2\/product\/39988","targetHints":{"allow":["GET"]}}],"collection":[{"href":"https:\/\/acrartex-intl.dev.enterwell.space\/fr\/wp-json\/wp\/v2\/product"}],"about":[{"href":"https:\/\/acrartex-intl.dev.enterwell.space\/fr\/wp-json\/wp\/v2\/types\/product"}],"wp:featuredmedia":[{"embeddable":true,"href":"https:\/\/acrartex-intl.dev.enterwell.space\/fr\/wp-json\/wp\/v2\/media\/26003"}],"wp:attachment":[{"href":"https:\/\/acrartex-intl.dev.enterwell.space\/fr\/wp-json\/wp\/v2\/media?parent=39988"}],"wp:term":[{"taxonomy":"product_brand","embeddable":true,"href":"https:\/\/acrartex-intl.dev.enterwell.space\/fr\/wp-json\/wp\/v2\/product_brand?post=39988"},{"taxonomy":"product_cat","embeddable":true,"href":"https:\/\/acrartex-intl.dev.enterwell.space\/fr\/wp-json\/wp\/v2\/product_cat?post=39988"},{"taxonomy":"product_tag","embeddable":true,"href":"https:\/\/acrartex-intl.dev.enterwell.space\/fr\/wp-json\/wp\/v2\/product_tag?post=39988"}],"curies":[{"name":"wp","href":"https:\/\/api.w.org\/{rel}","templated":true}]}}