{"id":39993,"date":"2021-04-29T22:29:03","date_gmt":"2021-04-30T03:29:03","guid":{"rendered":"https:\/\/acrartex-intl.dev.enterwell.space\/products\/kit-de-survie-resqlink-view-et-resqflare\/"},"modified":"2025-08-08T14:36:22","modified_gmt":"2025-08-08T19:36:22","slug":"kit-de-survie-resqlink-view-et-resqflare","status":"publish","type":"product","link":"https:\/\/acrartex-intl.dev.enterwell.space\/fr\/products\/kit-de-survie-resqlink-view-et-resqflare\/","title":{"rendered":"Kit de survie ResQLink View et ResQFlare"},"content":{"rendered":"<p>Le ResQFlare est livr\u00e9 avec un pavillon de d\u00e9tresse inclus et lorsqu&#8217;ils sont transport\u00e9s ensemble, ils sont certifi\u00e9s pour r\u00e9pondre aux exigences applicables de la Garde c\u00f4ti\u00e8re am\u00e9ricaine, permettant de les transporter \u00e0 la place des fus\u00e9es pyrotechniques traditionnelles (\u00c9tats-Unis uniquement) sur les embarcations de plaisance.<\/p>\n<p>Le kit de survie ResQLink View et ResQFlare sont tous deux l\u00e9gers et compacts, mais tr\u00e8s pratiques. Le transport de ce kit met le sauvetage dans la paume de votre main avec le ResQLink View, fournit tous vos \u00e9l\u00e9ments de s\u00e9curit\u00e9 essentiels et vous permet d&#8217;\u00e9liminer les inconv\u00e9nients inh\u00e9rents associ\u00e9s \u00e0 l&#8217;achat et \u00e0 l&#8217;\u00e9limination des fus\u00e9es pyrotechniques traditionnelles. <\/p>\n<p>Ce kit comprend les produits de survie essentiels suivants :<\/p>\n<ul>\n<li>ResQLink View Personal Locator Beacon<\/li>\n<li>Fus\u00e9e de d\u00e9tresse \u00e9lectronique ResQFlare<\/li>\n<li>Lampe de sauvetage C-Strobe H2O<\/li>\n<li>Miroir de signalisation<\/li>\n<li>Sifflet Res-q\u2122<\/li>\n<li>Sac \u00e9tanche RapidDitch<\/li>\n<\/ul>\n","protected":false},"excerpt":{"rendered":"<p>Emportez le kit de survie ResQLink View et ResQFlare pour votre prochaine aventure et d\u00e9couvrez la s\u00e9curit\u00e9 in\u00e9gal\u00e9e du transport d&#8217;une balise de d\u00e9tresse d&#8217;urgence 406 MHz en conjonction avec la commodit\u00e9 exceptionnelle du ResQFlare.<\/p>\n<p><a href=\"https:\/\/www.dropbox.com\/s\/0ezw0kexbm120vv\/Prop%2065%20-%20Lead%20and%20Lead%20Compounds.pdf?dl=0\">AVERTISSEMENT : PROP 65<\/a><\/p>\n<p>&nbsp;<\/p>\n","protected":false},"featured_media":26155,"template":"","meta":{"_acf_changed":false,"om_disable_all_campaigns":false},"product_brand":[],"product_cat":[3420,3413,3104,3418,3416,3429],"product_tag":[7172,7173,4743,3106,7171],"class_list":{"0":"post-39993","1":"product","2":"type-product","3":"status-publish","4":"has-post-thumbnail","6":"product_cat-commercial-fr","7":"product_cat-interieur","8":"product_cat-marin-fr","9":"product_cat-offshore","10":"product_cat-pres-du-rivage","11":"product_cat-sports-de-pagaie-peche","12":"product_tag-balise-durgence","13":"product_tag-balise-de-localisation-personnelle-acr","14":"product_tag-emetteur-de-localisation-durgence","15":"product_tag-plb-fr","16":"product_tag-resq-fr","18":"first","19":"onbackorder","20":"taxable","21":"shipping-taxable","22":"purchasable","23":"product-type-simple"},"acf":[],"_links":{"self":[{"href":"https:\/\/acrartex-intl.dev.enterwell.space\/fr\/wp-json\/wp\/v2\/product\/39993","targetHints":{"allow":["GET"]}}],"collection":[{"href":"https:\/\/acrartex-intl.dev.enterwell.space\/fr\/wp-json\/wp\/v2\/product"}],"about":[{"href":"https:\/\/acrartex-intl.dev.enterwell.space\/fr\/wp-json\/wp\/v2\/types\/product"}],"wp:featuredmedia":[{"embeddable":true,"href":"https:\/\/acrartex-intl.dev.enterwell.space\/fr\/wp-json\/wp\/v2\/media\/26155"}],"wp:attachment":[{"href":"https:\/\/acrartex-intl.dev.enterwell.space\/fr\/wp-json\/wp\/v2\/media?parent=39993"}],"wp:term":[{"taxonomy":"product_brand","embeddable":true,"href":"https:\/\/acrartex-intl.dev.enterwell.space\/fr\/wp-json\/wp\/v2\/product_brand?post=39993"},{"taxonomy":"product_cat","embeddable":true,"href":"https:\/\/acrartex-intl.dev.enterwell.space\/fr\/wp-json\/wp\/v2\/product_cat?post=39993"},{"taxonomy":"product_tag","embeddable":true,"href":"https:\/\/acrartex-intl.dev.enterwell.space\/fr\/wp-json\/wp\/v2\/product_tag?post=39993"}],"curies":[{"name":"wp","href":"https:\/\/api.w.org\/{rel}","templated":true}]}}