{"id":40104,"date":"2023-06-12T06:55:38","date_gmt":"2023-06-12T11:55:38","guid":{"rendered":"https:\/\/acrartex-intl.dev.enterwell.space\/products\/bivy-stick-avec-abonnement\/"},"modified":"2023-06-12T06:55:38","modified_gmt":"2023-06-12T11:55:38","slug":"bivy-stick-avec-abonnement","status":"publish","type":"product","link":"https:\/\/acrartex-intl.dev.enterwell.space\/fr\/products\/bivy-stick-avec-abonnement\/","title":{"rendered":"Bivy Stick (avec abonnement)"},"content":{"rendered":"<p>Utilisez le Bivy Stick pour transformer votre t\u00e9l\u00e9phone portable en dispositif de communication par satellite. Avec une couverture satellite mondiale via le r\u00e9seau satellite Iridium, vous pouvez communiquer via le Bivy Stick partout o\u00f9 vous avez une vue sur le ciel. Bien que compact, le Bivy Stick offre un ensemble complet de fonctionnalit\u00e9s, notamment la messagerie bidirectionnelle, le SOS, le partage de position, l&#8217;enregistrement en un clic et des bulletins m\u00e9t\u00e9orologiques d\u00e9taill\u00e9s envoy\u00e9s directement sur votre t\u00e9l\u00e9phone portable par satellite. De plus, offrant une fonctionnalit\u00e9 non disponible sur de nombreux autres communicateurs satellites, le Bivy Stick fournit aux utilisateurs un num\u00e9ro de t\u00e9l\u00e9phone et un e-mail d\u00e9di\u00e9s. Cette caract\u00e9ristique importante permet de recevoir des messages non sollicit\u00e9s, ce qui signifie que vos proches peuvent vous joindre \u00e0 tout moment, sans que vous ayez besoin d&#8217;initier le contact.    <\/p>\n<p>La valeur du Bivy Stick est encore am\u00e9lior\u00e9e gr\u00e2ce \u00e0 des accessoires cl\u00e9s tels que la grande vari\u00e9t\u00e9 d&#8217;options de montage disponibles. Les nombreux supports disponibles permettent aux utilisateurs de fixer le Bivy Stick \u00e0 n&#8217;importe quel v\u00e9hicule, sac \u00e0 dos ou structure, ce qui en fait un appareil id\u00e9al pour les aventuriers qui passent d&#8217;une activit\u00e9 \u00e0 l&#8217;autre. Le panneau solaire portable et l\u00e9ger disponible offre \u00e9galement une plus grande flexibilit\u00e9 d&#8217;utilisation. Dot\u00e9 d&#8217;une technologie de charge intelligente, le panneau solaire permet aux utilisateurs d&#8217;exploiter efficacement l&#8217;\u00e9nergie solaire et de prolonger facilement la dur\u00e9e de vie de la batterie du Bivy Stick en mode hors r\u00e9seau.   <\/p>\n<p><b>R\u00f4le de l&#8217;application Bivy<\/b><\/p>\n<p>L&#8217;application Bivy propose plus de 50 000 aventures \u00e0 explorer. Peu importe ce que vous aimez faire en plein air, vous pouvez trouver un endroit pour le faire avec l&#8217;application Bivy. Avec vingt types d&#8217;aventures diff\u00e9rents \u00e0 port\u00e9e de main, l&#8217;application Bivy est un outil polyvalent qui peut r\u00e9pondre \u00e0 tous vos besoins d&#8217;aventure. L&#8217;application Bivy vous permet \u00e9galement de suivre toutes vos aventures. Suivez votre rythme, votre kilom\u00e9trage, votre altitude et plus encore. Acc\u00e9dez \u00e9galement \u00e0 des cartes d\u00e9taill\u00e9es hors ligne partout dans le monde. Sachez toujours o\u00f9 vous \u00eates, m\u00eame sans service cellulaire.      <\/p>\n<p>En tant que leader des produits de sauvetage \u00e0 usage professionnel et r\u00e9cr\u00e9atif, le Bivy Stick d&#8217;ACR apporte la s\u00e9curit\u00e9 et la tranquillit\u00e9 d&#8217;esprit d&#8217;une communication par satellite abordable et fiable pour tous.<\/p>\n<p><b>Caract\u00e9ristiques et avantages :<\/b><\/p>\n<ul>\n<li>Pas de frais d&#8217;activation (<a href=\"https:\/\/www.bivy.com\/data-plans\" data-cke-saved-href=\"https:\/\/www.bivy.com\/data-plans\">abonnement mensuel requis<\/a>), 4 mois cons\u00e9cutifs de forfaits Plus ou Illimit\u00e9 requis lors de l&#8217;activation<\/li>\n<li>Couverture satellite mondiale (Iridium)<\/li>\n<li>Envoi et r\u00e9ception de messages par satellite<\/li>\n<li>Pr\u00e9visions m\u00e9t\u00e9orologiques par satellite<\/li>\n<li><span lang=\"ES\">Surveillance SOS par satellite (<a href=\"https:\/\/partner.globalrescue.com\/bivy\/\">Global Rescue<\/a>)<\/span><\/li>\n<li>Suivi et partage de position par satellite<\/li>\n<li>Affichage de carte et navigation<\/li>\n<li>Cartes hors ligne<\/li>\n<li>Enregistrement en un clic (disponible directement depuis l&#8217;appareil et via l&#8217;application)<\/li>\n<li>Des milliers d&#8217;itin\u00e9raires cartographi\u00e9s pour l&#8217;escalade, la randonn\u00e9e, le v\u00e9lo, le kayak et le ski<\/li>\n<li>Envoyer\/recevoir des messages et \u00e9changer des positions avec d&#8217;autres utilisateurs de Bivy Stick<\/li>\n<li>Messages entrants non sollicit\u00e9s<\/li>\n<li>Num\u00e9ro de t\u00e9l\u00e9phone et e-mail d\u00e9di\u00e9s<\/li>\n<li>Profil personnel avec suivis et statistiques<\/li>\n<li>Des centaines de supports sont disponibles<\/li>\n<li>Petit et l\u00e9ger<\/li>\n<\/ul>\n","protected":false},"excerpt":{"rendered":"<p>Compos\u00e9e du Bivy Stick et de l&#8217;application Bivy, la plateforme Bivy associe un mat\u00e9riel et un logiciel riches en fonctionnalit\u00e9s pour cr\u00e9er le m\u00e9lange parfait de s\u00e9curit\u00e9 et de commodit\u00e9. Id\u00e9ale pour les aventures et les activit\u00e9s hors r\u00e9seau de toutes formes et tailles, utilisez la plateforme Bivy pour planifier votre exp\u00e9rience, rester sur la bonne voie pendant toute sa dur\u00e9e et rester en contact avec tous vos proches, tout en sachant que l&#8217;aide est toujours disponible d&#8217;une simple pression sur un bouton. <\/p>\n<p>Il suffit d&#8217;acheter le Bivy Stick, puis de choisir un forfait de donn\u00e9es Plus ou Illimit\u00e9 pendant trois mois cons\u00e9cutifs.<\/p>\n<p>Profitez de tous les avantages de la communication satellite bidirectionnelle \u00e0 un nouveau prix bas et sans frais d&#8217;activation.<\/p>\n<p>Fabriqu\u00e9 aux \u00c9tats-Unis !<\/p>\n<p>&nbsp;<\/p>\n<p><a href=\"https:\/\/www.dropbox.com\/s\/0ezw0kexbm120vv\/Prop%2065%20-%20Lead%20and%20Lead%20Compounds.pdf?dl=0\">AVERTISSEMENT : PROPOSITION 65<\/a><\/p>\n","protected":false},"featured_media":22602,"template":"","meta":{"_acf_changed":false,"om_disable_all_campaigns":false},"product_brand":[],"product_cat":[3105,3104],"product_tag":[],"class_list":{"0":"post-40104","1":"product","2":"type-product","3":"status-publish","4":"has-post-thumbnail","6":"product_cat-de-plein-air","7":"product_cat-marin-fr","8":"pa_activity-camping-fr","9":"pa_activity-escalade","10":"pa_activity-velo","12":"first","13":"instock","14":"taxable","15":"shipping-taxable","16":"purchasable","17":"product-type-subscription"},"acf":[],"_links":{"self":[{"href":"https:\/\/acrartex-intl.dev.enterwell.space\/fr\/wp-json\/wp\/v2\/product\/40104","targetHints":{"allow":["GET"]}}],"collection":[{"href":"https:\/\/acrartex-intl.dev.enterwell.space\/fr\/wp-json\/wp\/v2\/product"}],"about":[{"href":"https:\/\/acrartex-intl.dev.enterwell.space\/fr\/wp-json\/wp\/v2\/types\/product"}],"wp:featuredmedia":[{"embeddable":true,"href":"https:\/\/acrartex-intl.dev.enterwell.space\/fr\/wp-json\/wp\/v2\/media\/22602"}],"wp:attachment":[{"href":"https:\/\/acrartex-intl.dev.enterwell.space\/fr\/wp-json\/wp\/v2\/media?parent=40104"}],"wp:term":[{"taxonomy":"product_brand","embeddable":true,"href":"https:\/\/acrartex-intl.dev.enterwell.space\/fr\/wp-json\/wp\/v2\/product_brand?post=40104"},{"taxonomy":"product_cat","embeddable":true,"href":"https:\/\/acrartex-intl.dev.enterwell.space\/fr\/wp-json\/wp\/v2\/product_cat?post=40104"},{"taxonomy":"product_tag","embeddable":true,"href":"https:\/\/acrartex-intl.dev.enterwell.space\/fr\/wp-json\/wp\/v2\/product_tag?post=40104"}],"curies":[{"name":"wp","href":"https:\/\/api.w.org\/{rel}","templated":true}]}}